{"id":2311,"date":"2025-08-28T17:56:13","date_gmt":"2025-08-28T15:56:13","guid":{"rendered":"https:\/\/vozolpuff.de\/?post_type=product&#038;p=2311"},"modified":"2025-08-28T17:57:30","modified_gmt":"2025-08-28T15:57:30","slug":"randm-tornado-15000-blueberry-bubblegum","status":"publish","type":"product","link":"https:\/\/vozolpuff.de\/hu\/termek\/randm-tornado-15000-blueberry-bubblegum\/","title":{"rendered":"RandM Tornado 15000 \u00e1fonya r\u00e1g\u00f3gumi"},"content":{"rendered":"<h2 class=\"text-xl font-bold text-text-100 mt-1 -mb-0.5\">RandM Tornado 15000 Blueberry Bubblegum eldobhat\u00f3 vape<\/h2>\n<p class=\"whitespace-normal break-words\">\u00c9lje \u00e1t a nosztalgikus gyermekkori \u00f6r\u00f6m\u00f6ket a RandM Tornado 15000 Blueberry Bubblegummal - a l\u00e9d\u00fas \u00e1fonya \u00e9s a klasszikus r\u00e1g\u00f3gumi \u00edz j\u00e1t\u00e9kos kever\u00e9ke. Ez az egyed\u00fcl\u00e1ll\u00f3 kombin\u00e1ci\u00f3 \u00e9des eml\u00e9keket id\u00e9z \u00e9s \u00f6sszet\u00e9veszthetetlen g\u0151z\u00f6l\u00e9si \u00e9lm\u00e9nyt ny\u00fajt. 15 000 sz\u00edv\u00e1s \u00e9s 25 ml-es tank t\u00e9rfogat 0%, 2%, 3% \u00e9s 5% nikotin er\u0151ss\u00e9gben.<\/p>\n<h3 class=\"text-lg font-bold text-text-100 mt-1 -mb-1.5\">Blueberry Bubblegum speci\u00e1lis felszerel\u00e9s:<\/h3>\n<p class=\"whitespace-normal break-words\"><strong>Nosztalgikus 850mAh r\u00e1g\u00f3gumi akkumul\u00e1tor:<\/strong> A megb\u00edzhat\u00f3 t\u00e1pegys\u00e9g meg\u0151rzi a jellegzetes r\u00e1g\u00f3gumi b\u00e1jt, \u00e9s egyenletes teljes\u00edtm\u00e9nyt biztos\u00edt a teljes nosztalgikus \u00e9lm\u00e9nyhez.<\/p>\n<p class=\"whitespace-normal break-words\"><strong>J\u00e1t\u00e9kos 25 ML r\u00e1g\u00f3gumitart\u00e1ly:<\/strong> A nagym\u00e9ret\u0171 tart\u00e1ly elegend\u0151 kapacit\u00e1st k\u00edn\u00e1l a hosszabb r\u00e1g\u00f3gumi g\u0151zf\u00e1zisokhoz, an\u00e9lk\u00fcl, hogy zavar\u00f3 megszak\u00edt\u00e1sok lenn\u00e9nek az \u00e9des \u00e9lvezetben.<\/p>\n<p class=\"whitespace-normal break-words\"><strong>Bubblegum-optimaliz\u00e1lt 0,90\u03a9-os h\u00e1l\u00f3s tekercs:<\/strong> A speci\u00e1lisan kialak\u00edtott f\u0171t\u00e9si technol\u00f3gia fokozza a r\u00e1g\u00f3gumi jellegzetes tulajdons\u00e1gait, \u00e9s t\u00f6k\u00e9letesen kiemeli az \u00e1fonya frissess\u00e9g\u00e9t.<\/p>\n<p class=\"whitespace-normal break-words\"><strong>Sz\u00f3rakoztat\u00f3 C t\u00edpus\u00fa nosztalgia port:<\/strong> A modern gyorst\u00f6lt\u00e9si technol\u00f3gia jelent\u0151sen ler\u00f6vid\u00edti a j\u00e1t\u00e9kos p\u00e1rapillanatok k\u00f6z\u00f6tti v\u00e1rakoz\u00e1si id\u0151t.<\/p>\n<p class=\"whitespace-normal break-words\"><strong>Egy gigantikus, 15.000 f\u00faj\u00e1snyi r\u00e1g\u00f3gumi-er\u0151:<\/strong> Kiv\u00e9teles kapacit\u00e1s hetekig tart\u00f3 nosztalgikus utaz\u00e1sokhoz an\u00e9lk\u00fcl, hogy elvesz\u00edten\u00e9 a jellegzetes r\u00e1g\u00f3gumi b\u00e1j\u00e1t.<\/p>\n<p class=\"whitespace-normal break-words\"><strong>Sz\u00ednes RGB r\u00e1g\u00f3gumi show:<\/strong> A vid\u00e1m sz\u00ednv\u00e1lt\u00e1sok a sz\u00ednes r\u00e1g\u00f3gumigoly\u00f3kra eml\u00e9keztetnek, \u00e9s b\u00e1jos funkci\u00f3jelz\u0151k\u00e9nt szolg\u00e1lnak.<\/p>\n<h3 class=\"text-lg font-bold text-text-100 mt-1 -mb-1.5\">Fedezzen fel m\u00e9g t\u00f6bb FUMOT VAPE-t a vozolpuff-on<\/h3>\n<p class=\"whitespace-normal break-words\">Fedezzen fel t\u00f6bb els\u0151 oszt\u00e1ly\u00fa g\u0151z\u00f6lg\u0151 term\u00e9ket a <strong><a class=\"underline\" href=\"https:\/\/vozolpuff.de\/hu\/\">F\u0151 v\u00e1laszt\u00e9k<\/a><\/strong>, fedezze fel a teljes <strong><a class=\"underline\" href=\"https:\/\/vozolpuff.de\/hu\/product-category\/fumot-vape\/\">FUMOT VAPE kollekci\u00f3<\/a><\/strong> vagy b\u00f6ng\u00e9szhet az \u00f6sszes el\u00e9rhet\u0151 <strong><a class=\"underline\" href=\"https:\/\/vozolpuff.de\/hu\/product-category\/fumot-vape\/randm-tornado-15000\/\">RandM Tornado 15000 \u00edzek<\/a><\/strong> a t\u00f6k\u00e9letes g\u0151z\u00f6l\u00e9si \u00e9lm\u00e9ny\u00e9rt.<\/p>","protected":false},"excerpt":{"rendered":"<div>\n<div class=\"grid-cols-1 grid gap-2.5 [&amp;_&gt;_*]:min-w-0 !gap-3.5\">\n<p class=\"whitespace-normal break-words\">Die RandM Tornado 15000 Blueberry Bubblegum Einweg-Vape kombiniert saftige Blaubeeren mit klassischem Kaugummi-Geschmack f\u00fcr nostalgische Kindheitsfreuden. Mit 15.000 Z\u00fcgen, 25ml Tank, 850mAh Akku und RGB-Beleuchtung. Erh\u00e4ltlich in 0%, 2%, 3% und 5% Nikotin.<\/p>\n<\/div>\n<\/div>\n<div class=\"h-8\"><\/div>\n","protected":false},"featured_media":2314,"comment_status":"open","ping_status":"closed","template":"","meta":{"_acf_changed":false},"product_brand":[],"product_cat":[44],"product_tag":[],"class_list":{"0":"post-2311","1":"product","2":"type-product","3":"status-publish","4":"has-post-thumbnail","6":"product_cat-randm-tornado-15000","8":"first","9":"instock","10":"shipping-taxable","11":"purchasable","12":"product-type-variable"},"acf":[],"_links":{"self":[{"href":"https:\/\/vozolpuff.de\/hu\/wp-json\/wp\/v2\/product\/2311","targetHints":{"allow":["GET"]}}],"collection":[{"href":"https:\/\/vozolpuff.de\/hu\/wp-json\/wp\/v2\/product"}],"about":[{"href":"https:\/\/vozolpuff.de\/hu\/wp-json\/wp\/v2\/types\/product"}],"replies":[{"embeddable":true,"href":"https:\/\/vozolpuff.de\/hu\/wp-json\/wp\/v2\/comments?post=2311"}],"wp:featuredmedia":[{"embeddable":true,"href":"https:\/\/vozolpuff.de\/hu\/wp-json\/wp\/v2\/media\/2314"}],"wp:attachment":[{"href":"https:\/\/vozolpuff.de\/hu\/wp-json\/wp\/v2\/media?parent=2311"}],"wp:term":[{"taxonomy":"product_brand","embeddable":true,"href":"https:\/\/vozolpuff.de\/hu\/wp-json\/wp\/v2\/product_brand?post=2311"},{"taxonomy":"product_cat","embeddable":true,"href":"https:\/\/vozolpuff.de\/hu\/wp-json\/wp\/v2\/product_cat?post=2311"},{"taxonomy":"product_tag","embeddable":true,"href":"https:\/\/vozolpuff.de\/hu\/wp-json\/wp\/v2\/product_tag?post=2311"}],"curies":[{"name":"wp","href":"https:\/\/api.w.org\/{rel}","templated":true}]}}