{"id":2683,"date":"2025-09-03T11:06:59","date_gmt":"2025-09-03T09:06:59","guid":{"rendered":"https:\/\/vozolpuff.de\/?post_type=product&#038;p=2683"},"modified":"2025-09-03T11:06:59","modified_gmt":"2025-09-03T09:06:59","slug":"fumot-tornado-25000-cherry-bomb","status":"publish","type":"product","link":"https:\/\/vozolpuff.de\/hu\/termek\/fumot-tornado-25000-cherry-bomb\/","title":{"rendered":"Fumot Tornado 25000 Cherry Bomba"},"content":{"rendered":"<h2 class=\"text-xl font-bold text-text-100 mt-1 -mb-0.5\">Fumot Tornado 25000 Cherry Bomb eldobhat\u00f3 e-cigaretta<\/h2>\n<p class=\"whitespace-normal break-words\">Tapasztalja meg a robban\u00e1sszer\u0171 cseresznye \u00edzeket a Fumot Tornado 25000 Cherry Bombbal. Ez a pr\u00e9mium eldobhat\u00f3 e-cigaretta intenz\u00edv cseresznye \u00edzeket biztos\u00edt ak\u00e1r 25 000 slukkban. Nagyvonal\u00fa, 20 ml-es e-folyad\u00e9k kapacit\u00e1ssal \u00e9s 0%, 2%, 3% vagy 5% nikotiner\u0151ss\u00e9g v\u00e1laszt\u00e1s\u00e1val hosszan tart\u00f3 \u00e9lvezetet k\u00edn\u00e1l.<\/p>\n<p class=\"whitespace-normal break-words\">A nagy teljes\u00edtm\u00e9ny\u0171 700mAh akkumul\u00e1tor C-t\u00edpus\u00fa gyorst\u00f6lt\u00e9si funkci\u00f3val eg\u00e9sz nap megb\u00edzhat\u00f3 teljes\u00edtm\u00e9nyt biztos\u00edt. Az innovat\u00edv kett\u0151s h\u00e1l\u00f3s tekercstechnol\u00f3gia fokozza az \u00e9des-keserny\u00e9s cseresznye \u00edzeket \u00e9s biztos\u00edtja a folyamatos g\u0151ztermel\u00e9st. A kompakt, 120 grammos kialak\u00edt\u00e1s t\u00f6k\u00e9letesen elf\u00e9r b\u00e1rmelyik zsebben.<\/p>\n<p class=\"whitespace-normal break-words\">Az intuit\u00edv 1,77 h\u00fcvelykes TFT \u00e9rint\u0151k\u00e9perny\u0151s kijelz\u0151 pontos vez\u00e9rl\u00e9st biztos\u00edt a p\u00e1rologtat\u00e1si \u00e9lm\u00e9ny felett. A Cherry Bomb \u00f6tv\u00f6zi a klasszikus gy\u00fcm\u00f6lcs\u00edzeket a modern p\u00e1rologtat\u00e1si technol\u00f3gi\u00e1val a p\u00e1ratlan \u00e9lm\u00e9ny \u00e9rdek\u00e9ben.<\/p>\n<h3 class=\"text-lg font-bold text-text-100 mt-1 -mb-1.5\">M\u0171szaki specifik\u00e1ci\u00f3k<\/h3>\n<p class=\"whitespace-normal break-words\"><strong>Vonatok:<\/strong> Legfeljebb 25,000<br \/>\n<strong>Megjelen\u00edt\u00e9s:<\/strong> Megjelen\u00edti az e-folyad\u00e9k \u00e9s az akkumul\u00e1tor \u00e1llapot\u00e1t<br \/>\n<strong>Kapacit\u00e1s:<\/strong> 20ml<br \/>\n<strong>Tekercs t\u00edpusa:<\/strong> H\u00e1rom h\u00e1l\u00f3s tekercs<br \/>\n<strong>S\u00faly:<\/strong> 120g<br \/>\n<strong>\u00c9rint\u0151k\u00e9perny\u0151:<\/strong> 1,77 h\u00fcvelykes TFT kijelz\u0151<br \/>\n<strong>Akkumul\u00e1tor:<\/strong> 700mAh \u00fajrat\u00f6lthet\u0151 C t\u00edpus\u00fa gyorst\u00f6lt\u00e9ssel<\/p>\n<h3 class=\"text-lg font-bold text-text-100 mt-1 -mb-1.5\">Fedezzen fel m\u00e9g t\u00f6bb FUMOT VAPE-t a vozolpuff-on<\/h3>\n<p class=\"whitespace-normal break-words\">Fedezzen fel t\u00f6bb pr\u00e9mium g\u0151z\u00f6lg\u0151 term\u00e9ket a <strong><a class=\"underline\" href=\"https:\/\/vozolpuff.de\/hu\/\">F\u0151 v\u00e1laszt\u00e9k<\/a><\/strong>b\u00f6ng\u00e9sszen a teljes k\u00edn\u00e1latunkban <strong><a class=\"underline\" href=\"https:\/\/vozolpuff.de\/hu\/product-category\/fumot-vape\/\">FUMOT VAPE kollekci\u00f3<\/a><\/strong> vagy fedezze fel az \u00f6sszes \u00edz\u00e9t a <strong><a class=\"underline\" href=\"https:\/\/vozolpuff.de\/hu\/product-category\/fumot-vape\/fumot-tornado-25000\/\">Fumot Tornado 25000 sorozat<\/a><\/strong>.<\/p>","protected":false},"excerpt":{"rendered":"<p class=\"whitespace-normal break-words\">Fumot Tornado 25000 Cherry Bomb: Pr\u00e9mium eldobhat\u00f3 e-cigaretta robban\u00e9kony cseresznye \u00edzzel. 25.000 slukk, 20ml kapacit\u00e1s, 700mAh akkumul\u00e1tor Type-C t\u00f6lt\u00e9ssel. Kett\u0151s h\u00e1l\u00f3s tekercs technol\u00f3gia, 1,77\u2033 TFT \u00e9rint\u0151k\u00e9perny\u0151. Kaphat\u00f3 0%, 2%, 3% vagy 5% nikotinban. Kompakt 120g-os kialak\u00edt\u00e1s.<\/p>\n<h2 class=\"text-xl font-bold text-text-100 mt-1 -mb-0.5\"><\/h2>","protected":false},"featured_media":2688,"comment_status":"open","ping_status":"closed","template":"","meta":{"_acf_changed":false},"product_brand":[],"product_cat":[46],"product_tag":[],"class_list":{"0":"post-2683","1":"product","2":"type-product","3":"status-publish","4":"has-post-thumbnail","6":"product_cat-fumot-tornado-25000","8":"first","9":"instock","10":"shipping-taxable","11":"purchasable","12":"product-type-variable"},"acf":[],"_links":{"self":[{"href":"https:\/\/vozolpuff.de\/hu\/wp-json\/wp\/v2\/product\/2683","targetHints":{"allow":["GET"]}}],"collection":[{"href":"https:\/\/vozolpuff.de\/hu\/wp-json\/wp\/v2\/product"}],"about":[{"href":"https:\/\/vozolpuff.de\/hu\/wp-json\/wp\/v2\/types\/product"}],"replies":[{"embeddable":true,"href":"https:\/\/vozolpuff.de\/hu\/wp-json\/wp\/v2\/comments?post=2683"}],"wp:featuredmedia":[{"embeddable":true,"href":"https:\/\/vozolpuff.de\/hu\/wp-json\/wp\/v2\/media\/2688"}],"wp:attachment":[{"href":"https:\/\/vozolpuff.de\/hu\/wp-json\/wp\/v2\/media?parent=2683"}],"wp:term":[{"taxonomy":"product_brand","embeddable":true,"href":"https:\/\/vozolpuff.de\/hu\/wp-json\/wp\/v2\/product_brand?post=2683"},{"taxonomy":"product_cat","embeddable":true,"href":"https:\/\/vozolpuff.de\/hu\/wp-json\/wp\/v2\/product_cat?post=2683"},{"taxonomy":"product_tag","embeddable":true,"href":"https:\/\/vozolpuff.de\/hu\/wp-json\/wp\/v2\/product_tag?post=2683"}],"curies":[{"name":"wp","href":"https:\/\/api.w.org\/{rel}","templated":true}]}}