{"id":2693,"date":"2025-09-03T11:10:08","date_gmt":"2025-09-03T09:10:08","guid":{"rendered":"https:\/\/vozolpuff.de\/?post_type=product&#038;p=2693"},"modified":"2025-09-03T11:10:08","modified_gmt":"2025-09-03T09:10:08","slug":"fumot-tornado-25000-strawberry-mint-candy","status":"publish","type":"product","link":"https:\/\/vozolpuff.de\/hu\/termek\/fumot-tornado-25000-strawberry-mint-candy\/","title":{"rendered":"Fumot Tornado 25000 Eper menta cukorka"},"content":{"rendered":"<h2 class=\"text-xl font-bold text-text-100 mt-1 -mb-0.5\">Fumot Tornado 25000 Strawberry Mint Candy eldobhat\u00f3 e-cigaretta<\/h2>\n<p class=\"whitespace-normal break-words\">\u00c9lvezze a t\u00f6k\u00e9letes egyens\u00falyt az \u00e9des eper \u00e9s a friss\u00edt\u0151 menta k\u00f6z\u00f6tt a Fumot Tornado 25000 Strawberry Mint Candy-val. Ez a rendk\u00edv\u00fcli eldobhat\u00f3 e-cigaretta \u00f6tv\u00f6zi a gy\u00fcm\u00f6lcs\u00f6s eper \u00edz\u00e9t a h\u0171s\u00edt\u0151 menta frissess\u00e9g\u00e9vel, ak\u00e1r 25 000 \u00e9lvezetes slukkra.<\/p>\n<p class=\"whitespace-normal break-words\">A 20 ml-es e-liquid kapacit\u00e1s k\u00fcl\u00f6nb\u00f6z\u0151 nikotintartalommal (0%, 2%, 3%, 5%) az \u00d6n ig\u00e9nyeinek megfelel\u0151en \u00e1ll\u00edthat\u00f3 be. A nagy teljes\u00edtm\u00e9ny\u0171 700 mAh-s akkumul\u00e1tor Type-C gyorst\u00f6lt\u00e9ssel garant\u00e1lja a zavartalan g\u0151z\u00f6l\u00e9st. A fejlett h\u00e1romr\u00e9teg\u0171 h\u00e1l\u00f3s tekercs technol\u00f3gia biztos\u00edtja a \u00e9des-mentolos kombin\u00e1ci\u00f3 optim\u00e1lis \u00edz\u00e9lm\u00e9ny\u00e9t.<\/p>\n<p class=\"whitespace-normal break-words\">A mind\u00f6ssze 120 gramm s\u00faly\u00fa k\u00e9sz\u00fcl\u00e9k ide\u00e1lis utaz\u00e1shoz. A nagy felbont\u00e1s\u00fa, 1,77 h\u00fcvelykes TFT-kijelz\u0151 egyszer\u0171 kezelhet\u0151s\u00e9get \u00e9s teljes ellen\u0151rz\u00e9st biztos\u00edt a g\u0151z\u00f6l\u00e9s \u00e9lm\u00e9nye felett.<\/p>\n<h3 class=\"text-lg font-bold text-text-100 mt-1 -mb-1.5\">M\u0171szaki specifik\u00e1ci\u00f3k<\/h3>\n<p class=\"whitespace-normal break-words\"><strong>Vonatok:<\/strong> Legfeljebb 25,000<br \/>\n<strong>Megjelen\u00edt\u00e9s:<\/strong> Megjelen\u00edti az e-folyad\u00e9k \u00e9s az akkumul\u00e1tor \u00e1llapot\u00e1t<br \/>\n<strong>Kapacit\u00e1s:<\/strong> 20ml<br \/>\n<strong>Tekercs t\u00edpusa:<\/strong> H\u00e1rom h\u00e1l\u00f3s tekercs<br \/>\n<strong>S\u00faly:<\/strong> 120g<br \/>\n<strong>\u00c9rint\u0151k\u00e9perny\u0151:<\/strong> 1,77 h\u00fcvelykes TFT kijelz\u0151<br \/>\n<strong>Akkumul\u00e1tor:<\/strong> 700mAh \u00fajrat\u00f6lthet\u0151 C t\u00edpus\u00fa gyorst\u00f6lt\u00e9ssel<\/p>\n<h3 class=\"text-lg font-bold text-text-100 mt-1 -mb-1.5\">Fedezzen fel m\u00e9g t\u00f6bb FUMOT VAPE-t a vozolpuff-on<\/h3>\n<p class=\"whitespace-normal break-words\">L\u00e1togasson el a <strong><a class=\"underline\" href=\"https:\/\/vozolpuff.de\/hu\/\">Online v\u00e1laszt\u00e9k<\/a><\/strong> Tov\u00e1bbi g\u0151zterm\u00e9kek\u00e9rt b\u00f6ng\u00e9sszen a <strong><a class=\"underline\" href=\"https:\/\/vozolpuff.de\/hu\/product-category\/fumot-vape\/\">FUMOT VAPE term\u00e9kcsal\u00e1d<\/a><\/strong> vagy fedezze fel a <strong><a class=\"underline\" href=\"https:\/\/vozolpuff.de\/hu\/product-category\/fumot-vape\/fumot-tornado-25000\/\">Fumot Tornado 25000 \u00edzkollekci\u00f3<\/a><\/strong>.<\/p>","protected":false},"excerpt":{"rendered":"<p class=\"whitespace-normal break-words\">Fumot Tornado 25000 Strawberry Mint Candy: pr\u00e9mium eldobhat\u00f3 e-cigaretta \u00e9des-friss\u00edt\u0151 eper-menta kombin\u00e1ci\u00f3val. 25 000 slukk, 20 ml kapacit\u00e1s, 700 mAh akkumul\u00e1tor Type-C t\u00f6lt\u00e9ssel. H\u00e1romszemcs\u00e9s tekercs technol\u00f3gia, 1,77\u2033 TFT kijelz\u0151. 0%, 2%, 3% vagy 5% nikotintartalommal kaphat\u00f3. Csak 120 g.<\/p>\n<h2 class=\"text-xl font-bold text-text-100 mt-1 -mb-0.5\"><\/h2>","protected":false},"featured_media":2698,"comment_status":"open","ping_status":"closed","template":"","meta":{"_acf_changed":false},"product_brand":[],"product_cat":[46],"product_tag":[],"class_list":{"0":"post-2693","1":"product","2":"type-product","3":"status-publish","4":"has-post-thumbnail","6":"product_cat-fumot-tornado-25000","8":"first","9":"instock","10":"shipping-taxable","11":"purchasable","12":"product-type-variable"},"acf":[],"_links":{"self":[{"href":"https:\/\/vozolpuff.de\/hu\/wp-json\/wp\/v2\/product\/2693","targetHints":{"allow":["GET"]}}],"collection":[{"href":"https:\/\/vozolpuff.de\/hu\/wp-json\/wp\/v2\/product"}],"about":[{"href":"https:\/\/vozolpuff.de\/hu\/wp-json\/wp\/v2\/types\/product"}],"replies":[{"embeddable":true,"href":"https:\/\/vozolpuff.de\/hu\/wp-json\/wp\/v2\/comments?post=2693"}],"wp:featuredmedia":[{"embeddable":true,"href":"https:\/\/vozolpuff.de\/hu\/wp-json\/wp\/v2\/media\/2698"}],"wp:attachment":[{"href":"https:\/\/vozolpuff.de\/hu\/wp-json\/wp\/v2\/media?parent=2693"}],"wp:term":[{"taxonomy":"product_brand","embeddable":true,"href":"https:\/\/vozolpuff.de\/hu\/wp-json\/wp\/v2\/product_brand?post=2693"},{"taxonomy":"product_cat","embeddable":true,"href":"https:\/\/vozolpuff.de\/hu\/wp-json\/wp\/v2\/product_cat?post=2693"},{"taxonomy":"product_tag","embeddable":true,"href":"https:\/\/vozolpuff.de\/hu\/wp-json\/wp\/v2\/product_tag?post=2693"}],"curies":[{"name":"wp","href":"https:\/\/api.w.org\/{rel}","templated":true}]}}