{"id":2703,"date":"2025-09-03T11:14:03","date_gmt":"2025-09-03T09:14:03","guid":{"rendered":"https:\/\/vozolpuff.de\/?post_type=product&#038;p=2703"},"modified":"2025-09-03T11:14:03","modified_gmt":"2025-09-03T09:14:03","slug":"fumot-tornado-25000-double-apple","status":"publish","type":"product","link":"https:\/\/vozolpuff.de\/hu\/termek\/fumot-tornado-25000-double-apple\/","title":{"rendered":"Fumot Tornado 25000 Dupla alma"},"content":{"rendered":"<h2 class=\"text-xl font-bold text-text-100 mt-1 -mb-0.5\">Fumot Tornado 25000 Double Apple eldobhat\u00f3 e-cigaretta<\/h2>\n<p class=\"whitespace-normal break-words\">Mer\u00fclj\u00f6n el a Double Apple autentikus \u00edz\u00e9ben a Fumot Tornado 25000. Ez a kiv\u00e1l\u00f3 min\u0151s\u00e9g\u0171 eldobhat\u00f3 e-cigaretta a piros \u00e9s z\u00f6ld alma klasszikus kombin\u00e1ci\u00f3j\u00e1t k\u00edn\u00e1lja ak\u00e1r 25 000 arom\u00e1s sz\u00edv\u00e1sra. A hagyom\u00e1nyos shisha \u00edz\u00e9t a legmodernebb vaping technol\u00f3gia teszi t\u00f6k\u00e9letess\u00e9.<\/p>\n<p class=\"whitespace-normal break-words\">A nagyvonal\u00fa 20 ml-es e-folyad\u00e9k tart\u00e1ly hosszan tart\u00f3 \u00e9lvezetet ny\u00fajt kedvenc nikotin er\u0151ss\u00e9g\u0171 cigarett\u00e1iban 0%-t\u0151l 5%-ig. A robusztus 700mAh-s akkumul\u00e1tor C t\u00edpus\u00fa gyorst\u00f6lt\u00e9si funkci\u00f3val megb\u00edzhat\u00f3 teljes\u00edtm\u00e9nyt biztos\u00edt minden alkalomra. A h\u00e1rom h\u00e1l\u00f3s tekercs technol\u00f3gia feler\u0151s\u00edti az \u00f6sszetett alma \u00edzeket \u00e9s egyenletes g\u0151zfejl\u0151d\u00e9st biztos\u00edt.<\/p>\n<p class=\"whitespace-normal break-words\">A felhaszn\u00e1l\u00f3bar\u00e1t 1,77 h\u00fcvelykes TFT-\u00e9rint\u0151k\u00e9perny\u0151 intuit\u00edv kezel\u00e9st \u00e9s pontos testreszab\u00e1st tesz lehet\u0151v\u00e9. K\u00f6nny\u0171, 120 g-os kialak\u00edt\u00e1s\u00e1val a Double Apple t\u00f6k\u00e9letes a hagyom\u00e1nyos \u00edzek \u00e9s a modern k\u00e9nyelem szerelmeseinek.<\/p>\n<h3 class=\"text-lg font-bold text-text-100 mt-1 -mb-1.5\">M\u0171szaki specifik\u00e1ci\u00f3k<\/h3>\n<p class=\"whitespace-normal break-words\"><strong>Vonatok:<\/strong> Legfeljebb 25,000<br \/>\n<strong>Megjelen\u00edt\u00e9s:<\/strong> Megjelen\u00edti az e-folyad\u00e9k \u00e9s az akkumul\u00e1tor \u00e1llapot\u00e1t<br \/>\n<strong>Kapacit\u00e1s:<\/strong> 20ml<br \/>\n<strong>Tekercs t\u00edpusa:<\/strong> H\u00e1rom h\u00e1l\u00f3s tekercs<br \/>\n<strong>S\u00faly:<\/strong> 120g<br \/>\n<strong>\u00c9rint\u0151k\u00e9perny\u0151:<\/strong> 1,77 h\u00fcvelykes TFT kijelz\u0151<br \/>\n<strong>Akkumul\u00e1tor:<\/strong> 700mAh \u00fajrat\u00f6lthet\u0151 C t\u00edpus\u00fa gyorst\u00f6lt\u00e9ssel<\/p>\n<h3 class=\"text-lg font-bold text-text-100 mt-1 -mb-1.5\">Fedezzen fel m\u00e9g t\u00f6bb FUMOT VAPE-t a vozolpuff-on<\/h3>\n<p class=\"whitespace-normal break-words\">B\u0151v\u00edtse g\u0151z\u00f6l\u00e9si \u00e9lm\u00e9ny\u00e9t a <strong><a class=\"underline\" href=\"https:\/\/vozolpuff.de\/hu\/\">Pr\u00e9mium term\u00e9kcsal\u00e1d<\/a><\/strong>fedezze fel az eg\u00e9sz <strong><a class=\"underline\" href=\"https:\/\/vozolpuff.de\/hu\/product-category\/fumot-vape\/\">FUMOT VAPE tartom\u00e1ny<\/a><\/strong> vagy v\u00e1lasszon az \u00f6sszes <strong><a class=\"underline\" href=\"https:\/\/vozolpuff.de\/hu\/product-category\/fumot-vape\/fumot-tornado-25000\/\">Fumot Tornado 25000 \u00edzek<\/a><\/strong>.<\/p>","protected":false},"excerpt":{"rendered":"<p class=\"whitespace-normal break-words\">Fumot Tornado 25000 Double Apple: Pr\u00e9mium eldobhat\u00f3 e-cigaretta autentikus piros-z\u00f6ld alma \u00edzzel. 25.000 slukk, 20ml kapacit\u00e1s, 700mAh akkumul\u00e1tor Type-C t\u00f6lt\u00e9ssel. H\u00e1rom h\u00e1l\u00f3s tekercs technol\u00f3gia, 1,77\u2033 TFT kijelz\u0151. El\u00e9rhet\u0151 0%, 2%, 3% vagy 5% nikotinnal. Klasszikus shisha \u00edzvil\u00e1g.<\/p>\n<h2 class=\"text-xl font-bold text-text-100 mt-1 -mb-0.5\"><\/h2>","protected":false},"featured_media":2708,"comment_status":"open","ping_status":"closed","template":"","meta":{"_acf_changed":false},"product_brand":[],"product_cat":[46],"product_tag":[],"class_list":{"0":"post-2703","1":"product","2":"type-product","3":"status-publish","4":"has-post-thumbnail","6":"product_cat-fumot-tornado-25000","8":"first","9":"instock","10":"shipping-taxable","11":"purchasable","12":"product-type-variable"},"acf":[],"_links":{"self":[{"href":"https:\/\/vozolpuff.de\/hu\/wp-json\/wp\/v2\/product\/2703","targetHints":{"allow":["GET"]}}],"collection":[{"href":"https:\/\/vozolpuff.de\/hu\/wp-json\/wp\/v2\/product"}],"about":[{"href":"https:\/\/vozolpuff.de\/hu\/wp-json\/wp\/v2\/types\/product"}],"replies":[{"embeddable":true,"href":"https:\/\/vozolpuff.de\/hu\/wp-json\/wp\/v2\/comments?post=2703"}],"wp:featuredmedia":[{"embeddable":true,"href":"https:\/\/vozolpuff.de\/hu\/wp-json\/wp\/v2\/media\/2708"}],"wp:attachment":[{"href":"https:\/\/vozolpuff.de\/hu\/wp-json\/wp\/v2\/media?parent=2703"}],"wp:term":[{"taxonomy":"product_brand","embeddable":true,"href":"https:\/\/vozolpuff.de\/hu\/wp-json\/wp\/v2\/product_brand?post=2703"},{"taxonomy":"product_cat","embeddable":true,"href":"https:\/\/vozolpuff.de\/hu\/wp-json\/wp\/v2\/product_cat?post=2703"},{"taxonomy":"product_tag","embeddable":true,"href":"https:\/\/vozolpuff.de\/hu\/wp-json\/wp\/v2\/product_tag?post=2703"}],"curies":[{"name":"wp","href":"https:\/\/api.w.org\/{rel}","templated":true}]}}