{"id":2713,"date":"2025-09-03T11:23:01","date_gmt":"2025-09-03T09:23:01","guid":{"rendered":"https:\/\/vozolpuff.de\/?post_type=product&#038;p=2713"},"modified":"2025-09-03T11:23:01","modified_gmt":"2025-09-03T09:23:01","slug":"fumot-tornado-25000-blueberry-on-ice","status":"publish","type":"product","link":"https:\/\/vozolpuff.de\/hu\/termek\/fumot-tornado-25000-blueberry-on-ice\/","title":{"rendered":"Fumot Torn\u00e1d\u00f3 25000 \u00c1fonya j\u00e9gen"},"content":{"rendered":"<h2 class=\"text-xl font-bold text-text-100 mt-1 -mb-0.5\">Fumot Tornado 25000 Blueberry On Ice eldobhat\u00f3 e-cigaretta<\/h2>\n<p class=\"whitespace-normal break-words\">Tapasztalja meg a Blueberry On Ice j\u00e9ghideg frissess\u00e9g\u00e9t a Fumot Tornado 25000. Ez a friss\u00edt\u0151 eldobhat\u00f3 e-cigaretta az \u00e9des \u00e1fony\u00e1t \u00f6tv\u00f6zi a h\u0171v\u00f6s mentolos r\u00fag\u00e1ssal, ak\u00e1r 25 000 \u00e9l\u00e9nk\u00edt\u0151 sz\u00edv\u00e1s erej\u00e9ig. T\u00f6k\u00e9letes v\u00e1laszt\u00e1s forr\u00f3 ny\u00e1ri napokra \u00e9s friss\u00edt\u0151 g\u0151zpillanatokra.<\/p>\n<p class=\"whitespace-normal break-words\">A kiv\u00e1l\u00f3 min\u0151s\u00e9g\u0171 20 ml-es e-folyad\u00e9k rendszer optim\u00e1lis \u00edzt k\u00edn\u00e1l az \u00f6sszes el\u00e9rhet\u0151 nikotin er\u0151ss\u00e9gben (0%, 2%, 3%, 5%). A hossz\u00fa \u00e9lettartam\u00fa 700mAh akkumul\u00e1tor C t\u00edpus\u00fa gyorst\u00f6lt\u00e9ssel biztos\u00edtja az \u00e1lland\u00f3 teljes\u00edtm\u00e9nyt. Az innovat\u00edv kett\u0151s h\u00e1l\u00f3s tekercs technol\u00f3gia kiemeli a term\u00e9szetes \u00e1fonya \u00edzeket \u00e9s fokozza a h\u0171t\u0151hat\u00e1st.<\/p>\n<p class=\"whitespace-normal break-words\">Az eleg\u00e1ns, 120 g-os kialak\u00edt\u00e1s t\u00f6k\u00e9letesen illeszkedik a k\u00e9zbe, m\u00edg az \u00e9rz\u00e9keny 1,77 h\u00fcvelykes TFT-kijelz\u0151 teljes k\u00f6r\u0171 ellen\u0151rz\u00e9st biztos\u00edt a g\u0151z\u00f6l\u00e9s felett. A Blueberry On Ice ide\u00e1lis a p\u00e1rol\u00f3k sz\u00e1m\u00e1ra, akik \u00e9rt\u00e9kelik a gy\u00fcm\u00f6lcs\u00f6s \u00edzeket friss\u00edt\u0151 h\u0171v\u00f6ss\u00e9ggel.<\/p>\n<h3 class=\"text-lg font-bold text-text-100 mt-1 -mb-1.5\">M\u0171szaki specifik\u00e1ci\u00f3k<\/h3>\n<p class=\"whitespace-normal break-words\"><strong>Vonatok:<\/strong> Legfeljebb 25,000<br \/>\n<strong>Megjelen\u00edt\u00e9s:<\/strong> Megjelen\u00edti az e-folyad\u00e9k \u00e9s az akkumul\u00e1tor \u00e1llapot\u00e1t<br \/>\n<strong>Kapacit\u00e1s:<\/strong> 20ml<br \/>\n<strong>Tekercs t\u00edpusa:<\/strong> H\u00e1rom h\u00e1l\u00f3s tekercs<br \/>\n<strong>S\u00faly:<\/strong> 120g<br \/>\n<strong>\u00c9rint\u0151k\u00e9perny\u0151:<\/strong> 1,77 h\u00fcvelykes TFT kijelz\u0151<br \/>\n<strong>Akkumul\u00e1tor:<\/strong> 700mAh \u00fajrat\u00f6lthet\u0151 C t\u00edpus\u00fa gyorst\u00f6lt\u00e9ssel<\/p>\n<h3 class=\"text-lg font-bold text-text-100 mt-1 -mb-1.5\">Fedezzen fel m\u00e9g t\u00f6bb FUMOT VAPE-t a vozolpuff-on<\/h3>\n<p class=\"whitespace-normal break-words\">Tov\u00e1bbi min\u0151s\u00e9gi g\u0151z\u00f6lg\u0151 term\u00e9keket tal\u00e1l a <strong><a class=\"underline\" href=\"https:\/\/vozolpuff.de\/hu\/\">F\u0151 \u00fczlet<\/a><\/strong>, fedezze fel a teljes <strong><a class=\"underline\" href=\"https:\/\/vozolpuff.de\/hu\/product-category\/fumot-vape\/\">FUMOT VAPE kiv\u00e1laszt\u00e1sa<\/a><\/strong> vagy b\u00f6ng\u00e9szhet az \u00f6sszes <strong><a class=\"underline\" href=\"https:\/\/vozolpuff.de\/hu\/product-category\/fumot-vape\/fumot-tornado-25000\/\">Fumot Tornado 25000 v\u00e1ltozatok<\/a><\/strong>.<\/p>","protected":false},"excerpt":{"rendered":"<p class=\"whitespace-normal break-words\">Fumot Tornado 25000 Blueberry On Ice: Pr\u00e9mium eldobhat\u00f3 e-cigaretta \u00e9des \u00e1fony\u00e1val \u00e9s h\u0171v\u00f6s mentolos r\u00fag\u00e1ssal. 25.000 slukk, 20ml kapacit\u00e1s, 700mAh akkumul\u00e1tor Type-C t\u00f6lt\u00e9ssel. H\u00e1rom h\u00e1l\u00f3s tekercs technol\u00f3gia, 1,77\u2033 TFT kijelz\u0151. El\u00e9rhet\u0151 0%, 2%, 3% vagy 5% nikotinnal. \u00dcd\u00edt\u0151en h\u0171v\u00f6s.<\/p>\n<h2 class=\"text-xl font-bold text-text-100 mt-1 -mb-0.5\"><\/h2>","protected":false},"featured_media":2718,"comment_status":"open","ping_status":"closed","template":"","meta":{"_acf_changed":false},"product_brand":[],"product_cat":[46],"product_tag":[],"class_list":{"0":"post-2713","1":"product","2":"type-product","3":"status-publish","4":"has-post-thumbnail","6":"product_cat-fumot-tornado-25000","8":"first","9":"instock","10":"shipping-taxable","11":"purchasable","12":"product-type-variable"},"acf":[],"_links":{"self":[{"href":"https:\/\/vozolpuff.de\/hu\/wp-json\/wp\/v2\/product\/2713","targetHints":{"allow":["GET"]}}],"collection":[{"href":"https:\/\/vozolpuff.de\/hu\/wp-json\/wp\/v2\/product"}],"about":[{"href":"https:\/\/vozolpuff.de\/hu\/wp-json\/wp\/v2\/types\/product"}],"replies":[{"embeddable":true,"href":"https:\/\/vozolpuff.de\/hu\/wp-json\/wp\/v2\/comments?post=2713"}],"wp:featuredmedia":[{"embeddable":true,"href":"https:\/\/vozolpuff.de\/hu\/wp-json\/wp\/v2\/media\/2718"}],"wp:attachment":[{"href":"https:\/\/vozolpuff.de\/hu\/wp-json\/wp\/v2\/media?parent=2713"}],"wp:term":[{"taxonomy":"product_brand","embeddable":true,"href":"https:\/\/vozolpuff.de\/hu\/wp-json\/wp\/v2\/product_brand?post=2713"},{"taxonomy":"product_cat","embeddable":true,"href":"https:\/\/vozolpuff.de\/hu\/wp-json\/wp\/v2\/product_cat?post=2713"},{"taxonomy":"product_tag","embeddable":true,"href":"https:\/\/vozolpuff.de\/hu\/wp-json\/wp\/v2\/product_tag?post=2713"}],"curies":[{"name":"wp","href":"https:\/\/api.w.org\/{rel}","templated":true}]}}