{"id":2723,"date":"2025-09-03T11:26:14","date_gmt":"2025-09-03T09:26:14","guid":{"rendered":"https:\/\/vozolpuff.de\/?post_type=product&#038;p=2723"},"modified":"2025-09-03T11:26:14","modified_gmt":"2025-09-03T09:26:14","slug":"fumot-tornado-25000-strawberry-ice","status":"publish","type":"product","link":"https:\/\/vozolpuff.de\/hu\/termek\/fumot-tornado-25000-strawberry-ice\/","title":{"rendered":"Fumot Tornado 25000 eper j\u00e9g"},"content":{"rendered":"<h2 class=\"text-xl font-bold text-text-100 mt-1 -mb-0.5\">Fumot Tornado 25000 Strawberry Ice eldobhat\u00f3 e-cigaretta<\/h2>\n<p class=\"whitespace-normal break-words\">H\u0171tsd le magad a friss\u00edt\u0151 Fumot Tornado 25000 Strawberry Ice-val. Ez a pr\u00e9mium eldobhat\u00f3 e-cigaretta a l\u00e9d\u00fas epret kombin\u00e1lja a jeges h\u0171v\u00f6ss\u00e9ggel, ak\u00e1r 25 000 friss\u00edt\u0151 sz\u00edv\u00e1s erej\u00e9ig. A n\u00e9pszer\u0171 gy\u00fcm\u00f6lcs \u00e9s j\u00e9g kever\u00e9ke t\u00f6k\u00e9letes egyens\u00falyt k\u00edn\u00e1l az \u00e9dess\u00e9g \u00e9s a frissess\u00e9g k\u00f6z\u00f6tt.<\/p>\n<p class=\"whitespace-normal break-words\">A sz\u00e9lesk\u00f6r\u0171, 20 ml-es e-folyad\u00e9k kapacit\u00e1s rugalmas nikotinopci\u00f3kkal 0%-t\u0151l 5%-ig alkalmazkodik az \u00d6n egy\u00e9ni preferenci\u00e1ihoz. A megb\u00edzhat\u00f3 700mAh-s akkumul\u00e1tor C t\u00edpus\u00fa gyorst\u00f6lt\u00e9ssel lehet\u0151v\u00e9 teszi az eg\u00e9sz napos megszak\u00edt\u00e1s n\u00e9lk\u00fcli p\u00e1rologtat\u00e1st. A fejlett h\u00e1rom h\u00e1l\u00f3s tekercs technol\u00f3gia maximaliz\u00e1lja mind az eper \u00edz\u00e9t, mind a h\u0171t\u0151hat\u00e1st.<\/p>\n<p class=\"whitespace-normal break-words\">A kompakt, 120 g-os h\u00e1z hordozhat\u00f3 k\u00e9nyelmet biztos\u00edt, m\u00edg az \u00e1ttekinthet\u0151 1,77 h\u00fcvelykes TFT-kijelz\u0151 egyszer\u0171 kezel\u00e9st \u00e9s fel\u00fcgyeletet tesz lehet\u0151v\u00e9. A Strawberry Ice a gy\u00fcm\u00f6lcs\u00f6s h\u0171v\u00f6ss\u00e9g kedvel\u0151inek els\u0151 sz\u00e1m\u00fa v\u00e1laszt\u00e1sa.<\/p>\n<h3 class=\"text-lg font-bold text-text-100 mt-1 -mb-1.5\">M\u0171szaki specifik\u00e1ci\u00f3k<\/h3>\n<p class=\"whitespace-normal break-words\"><strong>Vonatok:<\/strong> Legfeljebb 25,000<br \/>\n<strong>Megjelen\u00edt\u00e9s:<\/strong> Megjelen\u00edti az e-folyad\u00e9k \u00e9s az akkumul\u00e1tor \u00e1llapot\u00e1t<br \/>\n<strong>Kapacit\u00e1s:<\/strong> 20ml<br \/>\n<strong>Tekercs t\u00edpusa:<\/strong> H\u00e1rom h\u00e1l\u00f3s tekercs<br \/>\n<strong>S\u00faly:<\/strong> 120g<br \/>\n<strong>\u00c9rint\u0151k\u00e9perny\u0151:<\/strong> 1,77 h\u00fcvelykes TFT kijelz\u0151<br \/>\n<strong>Akkumul\u00e1tor:<\/strong> 700mAh \u00fajrat\u00f6lthet\u0151 C t\u00edpus\u00fa gyorst\u00f6lt\u00e9ssel<\/p>\n<h3 class=\"text-lg font-bold text-text-100 mt-1 -mb-1.5\">Fedezzen fel m\u00e9g t\u00f6bb FUMOT VAPE-t a vozolpuff-on<\/h3>\n<p class=\"whitespace-normal break-words\">B\u00f6ng\u00e9sszen a <strong><a class=\"underline\" href=\"https:\/\/vozolpuff.de\/hu\/\">Teljes v\u00e1laszt\u00e9k<\/a><\/strong> tov\u00e1bbi g\u0151z term\u00e9kek\u00e9rt, fedezze fel a <strong><a class=\"underline\" href=\"https:\/\/vozolpuff.de\/hu\/product-category\/fumot-vape\/\">FUMOT VAPE term\u00e9kcsal\u00e1d<\/a><\/strong> vagy fedezze fel az \u00f6sszes <strong><a class=\"underline\" href=\"https:\/\/vozolpuff.de\/hu\/product-category\/fumot-vape\/fumot-tornado-25000\/\">Fumot Tornado 25000 \u00edzek<\/a><\/strong>.<\/p>","protected":false},"excerpt":{"rendered":"<p class=\"whitespace-normal break-words\">Fumot Tornado 25000 Strawberry Ice: Pr\u00e9mium eldobhat\u00f3 e-cigaretta l\u00e9d\u00fas eperrel \u00e9s jeges h\u0171v\u00f6ss\u00e9ggel. 25.000 slukk, 20ml kapacit\u00e1s, 700mAh akkumul\u00e1tor Type-C t\u00f6lt\u00e9ssel. H\u00e1rom h\u00e1l\u00f3s tekercs technol\u00f3gia, 1,77\u2033 TFT kijelz\u0151. El\u00e9rhet\u0151 0%, 2%, 3% vagy 5% nikotinnal. T\u00f6k\u00e9letesen \u00e9des \u00e9s friss\u00edt\u0151.<\/p>\n<h2 class=\"text-xl font-bold text-text-100 mt-1 -mb-0.5\"><\/h2>","protected":false},"featured_media":2728,"comment_status":"open","ping_status":"closed","template":"","meta":{"_acf_changed":false},"product_brand":[],"product_cat":[46],"product_tag":[],"class_list":{"0":"post-2723","1":"product","2":"type-product","3":"status-publish","4":"has-post-thumbnail","6":"product_cat-fumot-tornado-25000","8":"first","9":"instock","10":"shipping-taxable","11":"purchasable","12":"product-type-variable"},"acf":[],"_links":{"self":[{"href":"https:\/\/vozolpuff.de\/hu\/wp-json\/wp\/v2\/product\/2723","targetHints":{"allow":["GET"]}}],"collection":[{"href":"https:\/\/vozolpuff.de\/hu\/wp-json\/wp\/v2\/product"}],"about":[{"href":"https:\/\/vozolpuff.de\/hu\/wp-json\/wp\/v2\/types\/product"}],"replies":[{"embeddable":true,"href":"https:\/\/vozolpuff.de\/hu\/wp-json\/wp\/v2\/comments?post=2723"}],"wp:featuredmedia":[{"embeddable":true,"href":"https:\/\/vozolpuff.de\/hu\/wp-json\/wp\/v2\/media\/2728"}],"wp:attachment":[{"href":"https:\/\/vozolpuff.de\/hu\/wp-json\/wp\/v2\/media?parent=2723"}],"wp:term":[{"taxonomy":"product_brand","embeddable":true,"href":"https:\/\/vozolpuff.de\/hu\/wp-json\/wp\/v2\/product_brand?post=2723"},{"taxonomy":"product_cat","embeddable":true,"href":"https:\/\/vozolpuff.de\/hu\/wp-json\/wp\/v2\/product_cat?post=2723"},{"taxonomy":"product_tag","embeddable":true,"href":"https:\/\/vozolpuff.de\/hu\/wp-json\/wp\/v2\/product_tag?post=2723"}],"curies":[{"name":"wp","href":"https:\/\/api.w.org\/{rel}","templated":true}]}}