{"id":2733,"date":"2025-09-03T11:29:35","date_gmt":"2025-09-03T09:29:35","guid":{"rendered":"https:\/\/vozolpuff.de\/?post_type=product&#038;p=2733"},"modified":"2025-09-03T11:29:35","modified_gmt":"2025-09-03T09:29:35","slug":"fumot-tornado-25000-lush-ice","status":"publish","type":"product","link":"https:\/\/vozolpuff.de\/hu\/termek\/fumot-tornado-25000-lush-ice\/","title":{"rendered":"Fumot Tornado 25000 Lush Ice"},"content":{"rendered":"<h2 class=\"text-xl font-bold text-text-100 mt-1 -mb-0.5\">Fumot Tornado 25000 Lush Ice eldobhat\u00f3 e-cigaretta<\/h2>\n<p class=\"whitespace-normal break-words\">Friss\u00edtse fel mag\u00e1t a revitaliz\u00e1l\u00f3 Fumot Tornado 25000 Lush Ice-val. Ez a kiv\u00e1l\u00f3 eldobhat\u00f3 e-cigaretta a l\u00e9d\u00fas g\u00f6r\u00f6gdinnye klasszikus \u00edz\u00e9t k\u00edn\u00e1lja j\u00e9ghideg h\u0171t\u00e9ssel, ak\u00e1r 25 000 friss\u00edt\u0151 sz\u00edv\u00e1sig. A tr\u00f3pusi frissess\u00e9g minden slukkot ny\u00e1ri \u00e9lm\u00e9nny\u00e9 var\u00e1zsol.<\/p>\n<p class=\"whitespace-normal break-words\">A nagy t\u00e9rfogat\u00fa, 20 ml-es e-folyad\u00e9k rendszer lehet\u0151v\u00e9 teszi a hosszan tart\u00f3 \u00e9lvezetet minden nikotin er\u0151ss\u00e9gben 0%-t\u0151l 5%-ig. A hossz\u00fa \u00e9lettartam\u00fa, 700mAh kapacit\u00e1s\u00fa akkumul\u00e1tor C t\u00edpus\u00fa gyorst\u00f6lt\u00e9si technol\u00f3gi\u00e1val biztos\u00edtja a megb\u00edzhat\u00f3 teljes\u00edtm\u00e9nyt eg\u00e9sz nap. A h\u00e1rom h\u00e1l\u00f3s tekercs technol\u00f3gia fokozza a g\u00f6r\u00f6gdinnye term\u00e9szetes \u00e9dess\u00e9g\u00e9t \u00e9s a friss\u00edt\u0151 h\u0171v\u00f6ss\u00e9get.<\/p>\n<p class=\"whitespace-normal break-words\">A praktikus 120 g-os kialak\u00edt\u00e1s optim\u00e1lis visel\u00e9si k\u00e9nyelmet biztos\u00edt, m\u00edg a brili\u00e1ns 1,77 h\u00fcvelykes TFT-kijelz\u0151 lehet\u0151v\u00e9 teszi az \u00f6sszes funkci\u00f3 intuit\u00edv vez\u00e9rl\u00e9s\u00e9t. A Lush Ice t\u00f6k\u00e9letes mindenkinek, aki \u00e9rt\u00e9keli a tr\u00f3pusi frissess\u00e9get jeges h\u0171v\u00f6ss\u00e9ggel.<\/p>\n<h3 class=\"text-lg font-bold text-text-100 mt-1 -mb-1.5\">M\u0171szaki specifik\u00e1ci\u00f3k<\/h3>\n<p class=\"whitespace-normal break-words\"><strong>Vonatok:<\/strong> Legfeljebb 25,000<br \/>\n<strong>Megjelen\u00edt\u00e9s:<\/strong> Megjelen\u00edti az e-folyad\u00e9k \u00e9s az akkumul\u00e1tor \u00e1llapot\u00e1t<br \/>\n<strong>Kapacit\u00e1s:<\/strong> 20ml<br \/>\n<strong>Tekercs t\u00edpusa:<\/strong> H\u00e1rom h\u00e1l\u00f3s tekercs<br \/>\n<strong>S\u00faly:<\/strong> 120g<br \/>\n<strong>\u00c9rint\u0151k\u00e9perny\u0151:<\/strong> 1,77 h\u00fcvelykes TFT kijelz\u0151<br \/>\n<strong>Akkumul\u00e1tor:<\/strong> 700mAh \u00fajrat\u00f6lthet\u0151 C t\u00edpus\u00fa gyorst\u00f6lt\u00e9ssel<\/p>\n<h3 class=\"text-lg font-bold text-text-100 mt-1 -mb-1.5\">Fedezzen fel m\u00e9g t\u00f6bb FUMOT VAPE-t a vozolpuff-on<\/h3>\n<p class=\"whitespace-normal break-words\">Fedezze fel <strong><a class=\"underline\" href=\"https:\/\/vozolpuff.de\/hu\/\">Teljes v\u00e1laszt\u00e9k<\/a><\/strong>b\u00f6ng\u00e9sszen a <strong><a class=\"underline\" href=\"https:\/\/vozolpuff.de\/hu\/product-category\/fumot-vape\/\">FUMOT VAPE kateg\u00f3ria<\/a><\/strong> vagy v\u00e1lasszon a <strong><a class=\"underline\" href=\"https:\/\/vozolpuff.de\/hu\/product-category\/fumot-vape\/fumot-tornado-25000\/\">Fumot Tornado 25000 \u00cdzek sokas\u00e1ga<\/a><\/strong>.<\/p>","protected":false},"excerpt":{"rendered":"<p class=\"whitespace-normal break-words\">Fumot Tornado 25000 Lush Ice: Pr\u00e9mium eldobhat\u00f3 e-cigaretta l\u00e9d\u00fas g\u00f6r\u00f6gdinny\u00e9vel \u00e9s j\u00e9ghideg h\u0171v\u00f6ss\u00e9ggel. 25 000 slukk, 20ml kapacit\u00e1s, 700mAh akkumul\u00e1tor Type-C t\u00f6lt\u00e9ssel. H\u00e1rom h\u00e1l\u00f3s tekercs technol\u00f3gia, 1,77\u2033 TFT kijelz\u0151. El\u00e9rhet\u0151 0%, 2%, 3% vagy 5% nikotinnal. Tr\u00f3pusi friss\u00edt\u0151.<\/p>\n<h2 class=\"text-xl font-bold text-text-100 mt-1 -mb-0.5\"><\/h2>","protected":false},"featured_media":2738,"comment_status":"open","ping_status":"closed","template":"","meta":{"_acf_changed":false},"product_brand":[],"product_cat":[46],"product_tag":[],"class_list":{"0":"post-2733","1":"product","2":"type-product","3":"status-publish","4":"has-post-thumbnail","6":"product_cat-fumot-tornado-25000","8":"first","9":"instock","10":"shipping-taxable","11":"purchasable","12":"product-type-variable"},"acf":[],"_links":{"self":[{"href":"https:\/\/vozolpuff.de\/hu\/wp-json\/wp\/v2\/product\/2733","targetHints":{"allow":["GET"]}}],"collection":[{"href":"https:\/\/vozolpuff.de\/hu\/wp-json\/wp\/v2\/product"}],"about":[{"href":"https:\/\/vozolpuff.de\/hu\/wp-json\/wp\/v2\/types\/product"}],"replies":[{"embeddable":true,"href":"https:\/\/vozolpuff.de\/hu\/wp-json\/wp\/v2\/comments?post=2733"}],"wp:featuredmedia":[{"embeddable":true,"href":"https:\/\/vozolpuff.de\/hu\/wp-json\/wp\/v2\/media\/2738"}],"wp:attachment":[{"href":"https:\/\/vozolpuff.de\/hu\/wp-json\/wp\/v2\/media?parent=2733"}],"wp:term":[{"taxonomy":"product_brand","embeddable":true,"href":"https:\/\/vozolpuff.de\/hu\/wp-json\/wp\/v2\/product_brand?post=2733"},{"taxonomy":"product_cat","embeddable":true,"href":"https:\/\/vozolpuff.de\/hu\/wp-json\/wp\/v2\/product_cat?post=2733"},{"taxonomy":"product_tag","embeddable":true,"href":"https:\/\/vozolpuff.de\/hu\/wp-json\/wp\/v2\/product_tag?post=2733"}],"curies":[{"name":"wp","href":"https:\/\/api.w.org\/{rel}","templated":true}]}}