{"id":2743,"date":"2025-09-03T11:33:38","date_gmt":"2025-09-03T09:33:38","guid":{"rendered":"https:\/\/vozolpuff.de\/?post_type=product&#038;p=2743"},"modified":"2025-09-03T11:33:39","modified_gmt":"2025-09-03T09:33:39","slug":"fumot-tornado-25000-pineapple-ice","status":"publish","type":"product","link":"https:\/\/vozolpuff.de\/hu\/termek\/fumot-tornado-25000-pineapple-ice\/","title":{"rendered":"Fumot Tornado 25000 Anan\u00e1sz j\u00e9g"},"content":{"rendered":"<h2 class=\"text-xl font-bold text-text-100 mt-1 -mb-0.5\">Fumot Tornado 25000 Pineapple Ice eldobhat\u00f3 e-cigaretta<\/h2>\n<p class=\"whitespace-normal break-words\">\u00c9lvezze a tr\u00f3pusi h\u0171v\u00f6ss\u00e9get a Fumot Tornado 25000 Pineapple Ice-szal. Ez a pr\u00e9mium min\u0151s\u00e9g\u0171, eldobhat\u00f3 e-cigaretta egzotikus anan\u00e1sz \u00edzt kombin\u00e1l j\u00e9ghideg frissess\u00e9ggel, ak\u00e1r 25 000 tr\u00f3pusi slukkra. A t\u00f6k\u00e9letes t\u00e1rs a naps\u00fct\u00e9ses napokra \u00e9s a pihentet\u0151 pillanatokra.<\/p>\n<p class=\"whitespace-normal break-words\">A b\u0151s\u00e9ges 20 ml-es e-liquid kapacit\u00e1s \u00e9s a testreszabhat\u00f3 nikotintartalom (0%, 2%, 3%, 5%) szem\u00e9lyre szabott g\u0151z\u00f6l\u00e9si \u00e9lm\u00e9nyt biztos\u00edt. Az er\u0151teljes 700 mAh-s akkumul\u00e1tor Type-C gyorst\u00f6lt\u00e9ssel folyamatos teljes\u00edtm\u00e9nyt garant\u00e1l. Az innovat\u00edv Dual-Mesh-Coil technol\u00f3gia kiemeli az \u00e9des-savanyk\u00e1s anan\u00e1sz \u00edzeket \u00e9s fokozza a h\u0171s\u00edt\u0151 hat\u00e1st.<\/p>\n<p class=\"whitespace-normal break-words\">Az ergon\u00f3mikus, 120 grammos kialak\u00edt\u00e1s k\u00e9nyelmes g\u0151z\u00f6l\u00e9st tesz lehet\u0151v\u00e9 b\u00e1rhol, m\u00edg a reag\u00e1l\u00f3 1,77 h\u00fcvelykes TFT-kijelz\u0151 teljes ellen\u0151rz\u00e9st biztos\u00edt. A Pineapple Ice minden jeges slukkj\u00e1val tr\u00f3pusi t\u00e1jakra rep\u00edt.<\/p>\n<h3 class=\"text-lg font-bold text-text-100 mt-1 -mb-1.5\">M\u0171szaki specifik\u00e1ci\u00f3k<\/h3>\n<p class=\"whitespace-normal break-words\"><strong>Vonatok:<\/strong> Legfeljebb 25,000<br \/>\n<strong>Megjelen\u00edt\u00e9s:<\/strong> Megjelen\u00edti az e-folyad\u00e9k \u00e9s az akkumul\u00e1tor \u00e1llapot\u00e1t<br \/>\n<strong>Kapacit\u00e1s:<\/strong> 20ml<br \/>\n<strong>Tekercs t\u00edpusa:<\/strong> H\u00e1rom h\u00e1l\u00f3s tekercs<br \/>\n<strong>S\u00faly:<\/strong> 120g<br \/>\n<strong>\u00c9rint\u0151k\u00e9perny\u0151:<\/strong> 1,77 h\u00fcvelykes TFT kijelz\u0151<br \/>\n<strong>Akkumul\u00e1tor:<\/strong> 700mAh \u00fajrat\u00f6lthet\u0151 C t\u00edpus\u00fa gyorst\u00f6lt\u00e9ssel<\/p>\n<h3 class=\"text-lg font-bold text-text-100 mt-1 -mb-1.5\">Fedezzen fel m\u00e9g t\u00f6bb FUMOT VAPE-t a vozolpuff-on<\/h3>\n<p class=\"whitespace-normal break-words\">Fedezzen fel t\u00f6bb kiemelked\u0151 esem\u00e9nyt a <strong><a class=\"underline\" href=\"https:\/\/vozolpuff.de\/hu\/\">Online bolt<\/a><\/strong>fedezze fel a <strong><a class=\"underline\" href=\"https:\/\/vozolpuff.de\/hu\/product-category\/fumot-vape\/\">FUMOT VAPE gy\u0171jtem\u00e9ny<\/a><\/strong> vagy b\u00f6ng\u00e9szhet az \u00f6sszes <strong><a class=\"underline\" href=\"https:\/\/vozolpuff.de\/hu\/product-category\/fumot-vape\/fumot-tornado-25000\/\">Fumot Tornado 25000 \u00edzek<\/a><\/strong>.<\/p>","protected":false},"excerpt":{"rendered":"<p class=\"whitespace-normal break-words\">A Fumot Tornado 25000 Pineapple Ice eldobhat\u00f3 e-cigaretta egzotikus anan\u00e1sz \u00edzzel \u00e9s j\u00e9ghideg frissess\u00e9ggel v\u00e1rja a felhaszn\u00e1l\u00f3kat. 25 000 sz\u00edv\u00e1s, 20 ml e-liquid, 700 mAh akkumul\u00e1tor Type-C t\u00f6lt\u00e9ssel. A legmodernebb h\u00e1romsz\u00f6ges tekercs technol\u00f3gia \u00e9s 1,77\u2033 TFT \u00e9rint\u0151k\u00e9perny\u0151. Kaphat\u00f3 0%, 2%, 3%, 5% nikotinnal. Tr\u00f3pusi nyaral\u00e1s \u00e9rz\u00e9se garant\u00e1lt.<\/p>\n<h2 class=\"text-xl font-bold text-text-100 mt-1 -mb-0.5\"><\/h2>","protected":false},"featured_media":2748,"comment_status":"open","ping_status":"closed","template":"","meta":{"_acf_changed":false},"product_brand":[],"product_cat":[46],"product_tag":[],"class_list":{"0":"post-2743","1":"product","2":"type-product","3":"status-publish","4":"has-post-thumbnail","6":"product_cat-fumot-tornado-25000","8":"first","9":"instock","10":"shipping-taxable","11":"purchasable","12":"product-type-variable"},"acf":[],"_links":{"self":[{"href":"https:\/\/vozolpuff.de\/hu\/wp-json\/wp\/v2\/product\/2743","targetHints":{"allow":["GET"]}}],"collection":[{"href":"https:\/\/vozolpuff.de\/hu\/wp-json\/wp\/v2\/product"}],"about":[{"href":"https:\/\/vozolpuff.de\/hu\/wp-json\/wp\/v2\/types\/product"}],"replies":[{"embeddable":true,"href":"https:\/\/vozolpuff.de\/hu\/wp-json\/wp\/v2\/comments?post=2743"}],"wp:featuredmedia":[{"embeddable":true,"href":"https:\/\/vozolpuff.de\/hu\/wp-json\/wp\/v2\/media\/2748"}],"wp:attachment":[{"href":"https:\/\/vozolpuff.de\/hu\/wp-json\/wp\/v2\/media?parent=2743"}],"wp:term":[{"taxonomy":"product_brand","embeddable":true,"href":"https:\/\/vozolpuff.de\/hu\/wp-json\/wp\/v2\/product_brand?post=2743"},{"taxonomy":"product_cat","embeddable":true,"href":"https:\/\/vozolpuff.de\/hu\/wp-json\/wp\/v2\/product_cat?post=2743"},{"taxonomy":"product_tag","embeddable":true,"href":"https:\/\/vozolpuff.de\/hu\/wp-json\/wp\/v2\/product_tag?post=2743"}],"curies":[{"name":"wp","href":"https:\/\/api.w.org\/{rel}","templated":true}]}}