{"id":2753,"date":"2025-09-03T11:36:28","date_gmt":"2025-09-03T09:36:28","guid":{"rendered":"https:\/\/vozolpuff.de\/?post_type=product&#038;p=2753"},"modified":"2025-09-03T11:36:28","modified_gmt":"2025-09-03T09:36:28","slug":"fumot-tornado-25000-grape-ice","status":"publish","type":"product","link":"https:\/\/vozolpuff.de\/hu\/termek\/fumot-tornado-25000-grape-ice\/","title":{"rendered":"Fumot Tornado 25000 sz\u0151l\u0151 j\u00e9g"},"content":{"rendered":"<h2 class=\"text-xl font-bold text-text-100 mt-1 -mb-0.5\">Fumot Tornado 25000 Grape Ice eldobhat\u00f3 e-cigaretta<\/h2>\n<p class=\"whitespace-normal break-words\">Tapasztald meg az \u00e9des sz\u0151l\u0151 \u00e9s a jeges h\u0171v\u00f6ss\u00e9g t\u00f6k\u00e9letes f\u00fazi\u00f3j\u00e1t a Fumot Tornado 25000 Grape Ice-val. Ez a pr\u00e9mium eldobhat\u00f3 e-cigaretta az \u00e9rett sz\u0151l\u0151 autentikus \u00edz\u00e9t ny\u00fajtja friss\u00edt\u0151 h\u0171v\u00f6ss\u00e9ggel, ak\u00e1r 25 000 finom sz\u00edv\u00e1sig.<\/p>\n<p class=\"whitespace-normal break-words\">Az \u00e1tfog\u00f3 20 ml-es e-folyad\u00e9ktart\u00e1ly k\u00fcl\u00f6nb\u00f6z\u0151 nikotiner\u0151ss\u00e9gekkel 0%-t\u0151l 5%-ig lehet\u0151v\u00e9 teszi az egy\u00e9ni testreszab\u00e1st. A nagy teljes\u00edtm\u00e9ny\u0171 700mAh akkumul\u00e1tor C t\u00edpus\u00fa gyorst\u00f6lt\u00e9si funkci\u00f3val garant\u00e1lja a folyamatos m\u0171k\u00f6d\u00e9st. A fejlett h\u00e1rom h\u00e1l\u00f3s tekercs technol\u00f3gia fokozza a term\u00e9szetes sz\u0151l\u0151 \u00e9dess\u00e9get \u00e9s az \u00e9l\u00e9nk\u00edt\u0151 h\u0171t\u00e9st.<\/p>\n<p class=\"whitespace-normal break-words\">A kompakt, 120 g-os s\u00faly\u00e1val a k\u00e9sz\u00fcl\u00e9k ide\u00e1lis mobil haszn\u00e1latra, a nagy felbont\u00e1s\u00fa, 1,77 h\u00fcvelykes TFT-kijelz\u0151 pedig megk\u00f6nny\u00edti a kezel\u00e9st. A Grape Ice gy\u00fcm\u00f6lcs\u00f6s \u00e9lvezetet k\u00edn\u00e1l friss\u00edt\u0151 hideggel.<\/p>\n<h3 class=\"text-lg font-bold text-text-100 mt-1 -mb-1.5\">M\u0171szaki specifik\u00e1ci\u00f3k<\/h3>\n<p class=\"whitespace-normal break-words\"><strong>Vonatok:<\/strong> Legfeljebb 25,000<br \/>\n<strong>Megjelen\u00edt\u00e9s:<\/strong> Megjelen\u00edti az e-folyad\u00e9k \u00e9s az akkumul\u00e1tor \u00e1llapot\u00e1t<br \/>\n<strong>Kapacit\u00e1s:<\/strong> 20ml<br \/>\n<strong>Tekercs t\u00edpusa:<\/strong> H\u00e1rom h\u00e1l\u00f3s tekercs<br \/>\n<strong>S\u00faly:<\/strong> 120g<br \/>\n<strong>\u00c9rint\u0151k\u00e9perny\u0151:<\/strong> 1,77 h\u00fcvelykes TFT kijelz\u0151<br \/>\n<strong>Akkumul\u00e1tor:<\/strong> 700mAh \u00fajrat\u00f6lthet\u0151 C t\u00edpus\u00fa gyorst\u00f6lt\u00e9ssel<\/p>\n<h3 class=\"text-lg font-bold text-text-100 mt-1 -mb-1.5\">Fedezzen fel m\u00e9g t\u00f6bb FUMOT VAPE-t a vozolpuff-on<\/h3>\n<p class=\"whitespace-normal break-words\">L\u00e1togasson el a <strong><a class=\"underline\" href=\"https:\/\/vozolpuff.de\/hu\/\">F\u0151 v\u00e1laszt\u00e9k<\/a><\/strong> tov\u00e1bbi pr\u00e9mium term\u00e9kek\u00e9rt b\u00f6ng\u00e9sszen a <strong><a class=\"underline\" href=\"https:\/\/vozolpuff.de\/hu\/product-category\/fumot-vape\/\">FUMOT VAPE kiv\u00e1laszt\u00e1sa<\/a><\/strong> vagy fedezze fel a teljes <strong><a class=\"underline\" href=\"https:\/\/vozolpuff.de\/hu\/product-category\/fumot-vape\/fumot-tornado-25000\/\">Fumot Tornado 25000 tartom\u00e1ny<\/a><\/strong>.<\/p>","protected":false},"excerpt":{"rendered":"<p class=\"whitespace-normal break-words\">A Fumot Tornado 25000 Grape Ice eldobhat\u00f3 vape autentikus sz\u0151l\u0151 \u00edzt k\u00edn\u00e1l jeges h\u0171v\u00f6ss\u00e9ggel. 25.000 puff, 20ml e-folyad\u00e9k, 700mAh akkumul\u00e1tor Type-C t\u00f6lt\u00e9ssel. A legmodernebb h\u00e1rom h\u00e1l\u00f3s tekercs technol\u00f3gia \u00e9s 1,77\u2033 TFT \u00e9rint\u0151k\u00e9perny\u0151. Kaphat\u00f3 0%, 2%, 3%, 5% nikotinban. Tiszta \u00e9des \u00e9s friss\u00edt\u0151 \u00e9lvezet.<\/p>\n<h2 class=\"text-xl font-bold text-text-100 mt-1 -mb-0.5\"><\/h2>","protected":false},"featured_media":2758,"comment_status":"open","ping_status":"closed","template":"","meta":{"_acf_changed":false},"product_brand":[],"product_cat":[46],"product_tag":[],"class_list":{"0":"post-2753","1":"product","2":"type-product","3":"status-publish","4":"has-post-thumbnail","6":"product_cat-fumot-tornado-25000","8":"first","9":"instock","10":"shipping-taxable","11":"purchasable","12":"product-type-variable"},"acf":[],"_links":{"self":[{"href":"https:\/\/vozolpuff.de\/hu\/wp-json\/wp\/v2\/product\/2753","targetHints":{"allow":["GET"]}}],"collection":[{"href":"https:\/\/vozolpuff.de\/hu\/wp-json\/wp\/v2\/product"}],"about":[{"href":"https:\/\/vozolpuff.de\/hu\/wp-json\/wp\/v2\/types\/product"}],"replies":[{"embeddable":true,"href":"https:\/\/vozolpuff.de\/hu\/wp-json\/wp\/v2\/comments?post=2753"}],"wp:featuredmedia":[{"embeddable":true,"href":"https:\/\/vozolpuff.de\/hu\/wp-json\/wp\/v2\/media\/2758"}],"wp:attachment":[{"href":"https:\/\/vozolpuff.de\/hu\/wp-json\/wp\/v2\/media?parent=2753"}],"wp:term":[{"taxonomy":"product_brand","embeddable":true,"href":"https:\/\/vozolpuff.de\/hu\/wp-json\/wp\/v2\/product_brand?post=2753"},{"taxonomy":"product_cat","embeddable":true,"href":"https:\/\/vozolpuff.de\/hu\/wp-json\/wp\/v2\/product_cat?post=2753"},{"taxonomy":"product_tag","embeddable":true,"href":"https:\/\/vozolpuff.de\/hu\/wp-json\/wp\/v2\/product_tag?post=2753"}],"curies":[{"name":"wp","href":"https:\/\/api.w.org\/{rel}","templated":true}]}}