{"id":2763,"date":"2025-09-03T11:39:36","date_gmt":"2025-09-03T09:39:36","guid":{"rendered":"https:\/\/vozolpuff.de\/?post_type=product&#038;p=2763"},"modified":"2025-09-03T11:39:36","modified_gmt":"2025-09-03T09:39:36","slug":"fumot-tornado-25000-dr-blue","status":"publish","type":"product","link":"https:\/\/vozolpuff.de\/hu\/termek\/fumot-tornado-25000-dr-blue\/","title":{"rendered":"Fumot Tornado 25000 Dr. K\u00e9k"},"content":{"rendered":"<h2 class=\"text-xl font-bold text-text-100 mt-1 -mb-0.5\">Fumot Tornado 25000 Dr Blue eldobhat\u00f3 e-cigaretta<\/h2>\n<p class=\"whitespace-normal break-words\">Mer\u00fclj\u00f6n el a Fumot Tornado 25000 Dr Blue egyed\u00fcl\u00e1ll\u00f3 \u00edz\u00e9lm\u00e9ny\u00e9ben. Ez a rendk\u00edv\u00fcli eldobhat\u00f3 e-cigaretta a bogy\u00f3s gy\u00fcm\u00f6lcs\u00f6k \u00e9s \u00e9des jegyek titokzatos kever\u00e9k\u00e9t k\u00edn\u00e1lja ak\u00e1r 25 000 leny\u0171g\u00f6z\u0151 sz\u00edv\u00e1sig. Egy titokzatos \u00edz, amely k\u00edv\u00e1ncsis\u00e1got \u00e9breszt \u00e9s izgalomba hoz.<\/p>\n<p class=\"whitespace-normal break-words\">A nagyvonal\u00fa, 20 ml-es e-folyad\u00e9k kapacit\u00e1s rugalmas nikotinv\u00e1laszt\u00e9kkal (0%, 2%, 3%, 5%) hosszan tart\u00f3 \u00e9lvezetet biztos\u00edt. A robusztus 700mAh-s akkumul\u00e1tor C t\u00edpus\u00fa gyorst\u00f6lt\u00e9ssel megb\u00edzhat\u00f3 teljes\u00edtm\u00e9nyt biztos\u00edt \u00e9jjel-nappal. A kett\u0151s h\u00e1l\u00f3s tekercs technol\u00f3gia optim\u00e1lisan bontja ki az \u00f6sszetett \u00edzr\u00e9tegeket \u00e9s biztos\u00edtja a s\u0171r\u0171 g\u0151ztermel\u00e9st.<\/p>\n<p class=\"whitespace-normal break-words\">A felhaszn\u00e1l\u00f3bar\u00e1t, 120 g-os kialak\u00edt\u00e1s t\u00f6k\u00e9letesen illeszkedik a k\u00e9zbe, m\u00edg az intuit\u00edv 1,77 h\u00fcvelykes TFT-kijelz\u0151 pontos vez\u00e9rl\u00e9st tesz lehet\u0151v\u00e9. A Dr Blue ide\u00e1lis a kiv\u00e9teles \u00edz\u00e9lm\u00e9nyeket keres\u0151, k\u00eds\u00e9rletez\u0151 kedv\u0171 vaperek sz\u00e1m\u00e1ra.<\/p>\n<h3 class=\"text-lg font-bold text-text-100 mt-1 -mb-1.5\">M\u0171szaki specifik\u00e1ci\u00f3k<\/h3>\n<p class=\"whitespace-normal break-words\"><strong>Vonatok:<\/strong> Legfeljebb 25,000<br \/>\n<strong>Megjelen\u00edt\u00e9s:<\/strong> Megjelen\u00edti az e-folyad\u00e9k \u00e9s az akkumul\u00e1tor \u00e1llapot\u00e1t<br \/>\n<strong>Kapacit\u00e1s:<\/strong> 20ml<br \/>\n<strong>Tekercs t\u00edpusa:<\/strong> H\u00e1rom h\u00e1l\u00f3s tekercs<br \/>\n<strong>S\u00faly:<\/strong> 120g<br \/>\n<strong>\u00c9rint\u0151k\u00e9perny\u0151:<\/strong> 1,77 h\u00fcvelykes TFT kijelz\u0151<br \/>\n<strong>Akkumul\u00e1tor:<\/strong> 700mAh \u00fajrat\u00f6lthet\u0151 C t\u00edpus\u00fa gyorst\u00f6lt\u00e9ssel<\/p>\n<h3 class=\"text-lg font-bold text-text-100 mt-1 -mb-1.5\">Fedezzen fel m\u00e9g t\u00f6bb FUMOT VAPE-t a vozolpuff-on<\/h3>\n<p class=\"whitespace-normal break-words\">Fedezze fel <strong><a class=\"underline\" href=\"https:\/\/vozolpuff.de\/hu\/\">Pr\u00e9mium aj\u00e1nlat<\/a><\/strong>b\u00f6ng\u00e9sszen a <strong><a class=\"underline\" href=\"https:\/\/vozolpuff.de\/hu\/product-category\/fumot-vape\/\">FUMOT VAPE kollekci\u00f3<\/a><\/strong> vagy v\u00e1lasszon az \u00f6sszes <strong><a class=\"underline\" href=\"https:\/\/vozolpuff.de\/hu\/product-category\/fumot-vape\/fumot-tornado-25000\/\">Fumot Tornado 25000 opci\u00f3k<\/a><\/strong>.<\/p>","protected":false},"excerpt":{"rendered":"<p class=\"whitespace-normal break-words\">A Fumot Tornado 25000 Dr Blue eldobhat\u00f3 vape egy titokzatos bogy\u00f3s-\u00e9des \u00edzkever\u00e9ket k\u00edn\u00e1l. 25.000 puff, 20ml e-folyad\u00e9k, 700mAh akkumul\u00e1tor Type-C t\u00f6lt\u00e9ssel. A legmodernebb h\u00e1rom h\u00e1l\u00f3s tekercs technol\u00f3gia \u00e9s 1,77\u2033 TFT \u00e9rint\u0151k\u00e9perny\u0151. Kaphat\u00f3 0%, 2%, 3%, 5% nikotinban. Titokzatos \u00e9lvezet felfedez\u0151knek.<\/p>\n<h2 class=\"text-xl font-bold text-text-100 mt-1 -mb-0.5\"><\/h2>","protected":false},"featured_media":2768,"comment_status":"open","ping_status":"closed","template":"","meta":{"_acf_changed":false},"product_brand":[],"product_cat":[46],"product_tag":[],"class_list":{"0":"post-2763","1":"product","2":"type-product","3":"status-publish","4":"has-post-thumbnail","6":"product_cat-fumot-tornado-25000","8":"first","9":"instock","10":"shipping-taxable","11":"purchasable","12":"product-type-variable"},"acf":[],"_links":{"self":[{"href":"https:\/\/vozolpuff.de\/hu\/wp-json\/wp\/v2\/product\/2763","targetHints":{"allow":["GET"]}}],"collection":[{"href":"https:\/\/vozolpuff.de\/hu\/wp-json\/wp\/v2\/product"}],"about":[{"href":"https:\/\/vozolpuff.de\/hu\/wp-json\/wp\/v2\/types\/product"}],"replies":[{"embeddable":true,"href":"https:\/\/vozolpuff.de\/hu\/wp-json\/wp\/v2\/comments?post=2763"}],"wp:featuredmedia":[{"embeddable":true,"href":"https:\/\/vozolpuff.de\/hu\/wp-json\/wp\/v2\/media\/2768"}],"wp:attachment":[{"href":"https:\/\/vozolpuff.de\/hu\/wp-json\/wp\/v2\/media?parent=2763"}],"wp:term":[{"taxonomy":"product_brand","embeddable":true,"href":"https:\/\/vozolpuff.de\/hu\/wp-json\/wp\/v2\/product_brand?post=2763"},{"taxonomy":"product_cat","embeddable":true,"href":"https:\/\/vozolpuff.de\/hu\/wp-json\/wp\/v2\/product_cat?post=2763"},{"taxonomy":"product_tag","embeddable":true,"href":"https:\/\/vozolpuff.de\/hu\/wp-json\/wp\/v2\/product_tag?post=2763"}],"curies":[{"name":"wp","href":"https:\/\/api.w.org\/{rel}","templated":true}]}}