{"id":2773,"date":"2025-09-03T11:42:19","date_gmt":"2025-09-03T09:42:19","guid":{"rendered":"https:\/\/vozolpuff.de\/?post_type=product&#038;p=2773"},"modified":"2025-09-03T11:42:19","modified_gmt":"2025-09-03T09:42:19","slug":"fumot-tornado-25000-kiwi-passion-fruit-guava","status":"publish","type":"product","link":"https:\/\/vozolpuff.de\/hu\/termek\/fumot-tornado-25000-kiwi-passion-fruit-guava\/","title":{"rendered":"Fumot Tornado 25000 Kiwi Golgotavir\u00e1g Guava"},"content":{"rendered":"<h2 class=\"text-xl font-bold text-text-100 mt-1 -mb-0.5\">Fumot Tornado 25000 Kiwi Passion Fruit Guava eldobhat\u00f3 e-cigaretta<\/h2>\n<p class=\"whitespace-normal break-words\">Induljon el egy tr\u00f3pusi \u00edzvil\u00e1g\u00fa utaz\u00e1sra a Fumot Tornado 25000 Kiwi Passion Fruit Guava term\u00e9kkel. Ez az egzotikus eldobhat\u00f3 e-cigaretta h\u00e1rom tr\u00f3pusi gy\u00fcm\u00f6lcs\u00f6t egyes\u00edt, hogy harmonikus \u00edz\u00e9lm\u00e9nyt ny\u00fajtson ak\u00e1r 25 000 mennyei sz\u00edv\u00e1sig. A kiwi savass\u00e1g\u00e1nak, a maracuja \u00e9dess\u00e9g\u00e9nek \u00e9s a guava egzotikum\u00e1nak t\u00f6k\u00e9letes egyens\u00falya.<\/p>\n<p class=\"whitespace-normal break-words\">A gazdag, 20 ml-es e-folyad\u00e9k rendszer a 0%-t\u0151l 5%-ig v\u00e1laszthat\u00f3 nikotiner\u0151ss\u00e9ggel lehet\u0151v\u00e9 teszi a szem\u00e9lyre szabott p\u00e1rologtat\u00e1si pillanatokat. A hossz\u00fa \u00e9lettartam\u00fa 700mAh akkumul\u00e1tor C t\u00edpus\u00fa gyorst\u00f6lt\u00e9si technol\u00f3gi\u00e1val biztos\u00edtja a hossz\u00fa t\u00e1v\u00fa haszn\u00e1latot. Az innovat\u00edv h\u00e1rom h\u00e1l\u00f3s tekercstechnol\u00f3gia minden egyes gy\u00fcm\u00f6lcsjegyet kiemel, \u00e9s t\u00f6bbr\u00e9teg\u0171 \u00edzprofilt hoz l\u00e9tre.<\/p>\n<p class=\"whitespace-normal break-words\">A hordozhat\u00f3, 120 g-os kialak\u00edt\u00e1s ide\u00e1lis \u00fatit\u00e1rss\u00e1 teszi a k\u00e9sz\u00fcl\u00e9ket, m\u00edg az \u00e1ttekinthet\u0151 1,77 h\u00fcvelykes TFT-kijelz\u0151 \u00e1tfog\u00f3 vez\u00e9rl\u00e9st biztos\u00edt. A Kiwi Passion Fruit Guava az egzotikus gy\u00fcm\u00f6lcskombin\u00e1ci\u00f3k kedvel\u0151inek k\u00f6telez\u0151 darab.<\/p>\n<h3 class=\"text-lg font-bold text-text-100 mt-1 -mb-1.5\">M\u0171szaki specifik\u00e1ci\u00f3k<\/h3>\n<p class=\"whitespace-normal break-words\"><strong>Vonatok:<\/strong> Legfeljebb 25,000<br \/>\n<strong>Megjelen\u00edt\u00e9s:<\/strong> Megjelen\u00edti az e-folyad\u00e9k \u00e9s az akkumul\u00e1tor \u00e1llapot\u00e1t<br \/>\n<strong>Kapacit\u00e1s:<\/strong> 20ml<br \/>\n<strong>Tekercs t\u00edpusa:<\/strong> H\u00e1rom h\u00e1l\u00f3s tekercs<br \/>\n<strong>S\u00faly:<\/strong> 120g<br \/>\n<strong>\u00c9rint\u0151k\u00e9perny\u0151:<\/strong> 1,77 h\u00fcvelykes TFT kijelz\u0151<br \/>\n<strong>Akkumul\u00e1tor:<\/strong> 700mAh \u00fajrat\u00f6lthet\u0151 C t\u00edpus\u00fa gyorst\u00f6lt\u00e9ssel<\/p>\n<h3 class=\"text-lg font-bold text-text-100 mt-1 -mb-1.5\">Fedezzen fel m\u00e9g t\u00f6bb FUMOT VAPE-t a vozolpuff-on<\/h3>\n<p class=\"whitespace-normal break-words\">Fedezzen fel m\u00e9g t\u00f6bb egzotikus \u00edzt a <strong><a class=\"underline\" href=\"https:\/\/vozolpuff.de\/hu\/\">Teljes v\u00e1laszt\u00e9k<\/a><\/strong>fedezze fel a <strong><a class=\"underline\" href=\"https:\/\/vozolpuff.de\/hu\/product-category\/fumot-vape\/\">FUMOT VAPE World<\/a><\/strong> vagy b\u00f6ng\u00e9szhet az \u00f6sszes <strong><a class=\"underline\" href=\"https:\/\/vozolpuff.de\/hu\/product-category\/fumot-vape\/fumot-tornado-25000\/\">Fumot Tornado 25000 alkot\u00e1sok<\/a><\/strong>.<\/p>","protected":false},"excerpt":{"rendered":"<p class=\"whitespace-normal break-words\">A Fumot Tornado 25000 Kiwi Passion Fruit Guava eldobhat\u00f3 vape harmonikusan egyes\u00edti a h\u00e1rom tr\u00f3pusi gy\u00fcm\u00f6lcs\u00f6t. 25.000 puff, 20ml e-folyad\u00e9k, 700mAh akkumul\u00e1tor Type-C t\u00f6lt\u00e9ssel. H\u00e1rom h\u00e1l\u00f3s tekercs technol\u00f3gia \u00e9s 1,77\u2033 TFT \u00e9rint\u0151k\u00e9perny\u0151. Kaphat\u00f3 0%, 2%, 3%, 5% nikotinban. Egzotikus paradicsom zsebm\u00e9retben.<\/p>\n<h2 class=\"text-xl font-bold text-text-100 mt-1 -mb-0.5\"><\/h2>","protected":false},"featured_media":2778,"comment_status":"open","ping_status":"closed","template":"","meta":{"_acf_changed":false},"product_brand":[],"product_cat":[46],"product_tag":[],"class_list":{"0":"post-2773","1":"product","2":"type-product","3":"status-publish","4":"has-post-thumbnail","6":"product_cat-fumot-tornado-25000","8":"first","9":"instock","10":"shipping-taxable","11":"purchasable","12":"product-type-variable"},"acf":[],"_links":{"self":[{"href":"https:\/\/vozolpuff.de\/hu\/wp-json\/wp\/v2\/product\/2773","targetHints":{"allow":["GET"]}}],"collection":[{"href":"https:\/\/vozolpuff.de\/hu\/wp-json\/wp\/v2\/product"}],"about":[{"href":"https:\/\/vozolpuff.de\/hu\/wp-json\/wp\/v2\/types\/product"}],"replies":[{"embeddable":true,"href":"https:\/\/vozolpuff.de\/hu\/wp-json\/wp\/v2\/comments?post=2773"}],"wp:featuredmedia":[{"embeddable":true,"href":"https:\/\/vozolpuff.de\/hu\/wp-json\/wp\/v2\/media\/2778"}],"wp:attachment":[{"href":"https:\/\/vozolpuff.de\/hu\/wp-json\/wp\/v2\/media?parent=2773"}],"wp:term":[{"taxonomy":"product_brand","embeddable":true,"href":"https:\/\/vozolpuff.de\/hu\/wp-json\/wp\/v2\/product_brand?post=2773"},{"taxonomy":"product_cat","embeddable":true,"href":"https:\/\/vozolpuff.de\/hu\/wp-json\/wp\/v2\/product_cat?post=2773"},{"taxonomy":"product_tag","embeddable":true,"href":"https:\/\/vozolpuff.de\/hu\/wp-json\/wp\/v2\/product_tag?post=2773"}],"curies":[{"name":"wp","href":"https:\/\/api.w.org\/{rel}","templated":true}]}}