{"id":2783,"date":"2025-09-03T11:45:09","date_gmt":"2025-09-03T09:45:09","guid":{"rendered":"https:\/\/vozolpuff.de\/?post_type=product&#038;p=2783"},"modified":"2025-09-03T11:45:09","modified_gmt":"2025-09-03T09:45:09","slug":"fumot-tornado-25000-cherry-cola","status":"publish","type":"product","link":"https:\/\/vozolpuff.de\/hu\/termek\/fumot-tornado-25000-cherry-cola\/","title":{"rendered":"Fumot Tornado 25000 Cherry Cola"},"content":{"rendered":"<h2 class=\"text-xl font-bold text-text-100 mt-1 -mb-0.5\">Fumot Tornado 25000 Cherry Cola eldobhat\u00f3 e-cigaretta<\/h2>\n<p class=\"whitespace-normal break-words\">Tapasztalja meg a nosztalgikus felfriss\u00fcl\u00e9st a Fumot Tornado 25000 Cherry Cola-val. Ez az innovat\u00edv eldobhat\u00f3 e-cigaretta a klasszikus k\u00f3la \u00edz\u00e9t \u00e9des cseresznye jegyekkel \u00f6tv\u00f6zi, ak\u00e1r 25 000 bubor\u00e9kos sz\u00edv\u00e1s erej\u00e9ig. A n\u00e9pszer\u0171 italkever\u00e9k felid\u00e9zi az eml\u00e9keket \u00e9s autentikus \u00edz\u00e9lm\u00e9nyt ny\u00fajt.<\/p>\n<p class=\"whitespace-normal break-words\">A sz\u00e9lesk\u00f6r\u0171, 20 ml-es e-folyad\u00e9k-kapacit\u00e1s \u00e9s a testreszabhat\u00f3 nikotiner\u0151ss\u00e9g (0%, 2%, 3%, 5%) minden \u00edzl\u00e9snek egy\u00e9ni \u00e9lvezetet ny\u00fajt. A megb\u00edzhat\u00f3 700mAh-s akkumul\u00e1tor C t\u00edpus\u00fa gyorst\u00f6lt\u00e9ssel lehet\u0151v\u00e9 teszi az eg\u00e9sz napos megszak\u00edt\u00e1s n\u00e9lk\u00fcli p\u00e1rologtat\u00e1st. A fejlett kett\u0151s h\u00e1l\u00f3s tekercs technol\u00f3gia fokozza mind a k\u00f3la \u00edzeket, mind a gy\u00fcm\u00f6lcs\u00f6s meggyes akcentusokat.<\/p>\n<p class=\"whitespace-normal break-words\">Az ergonomikus, 120 g-os kialak\u00edt\u00e1s k\u00e9nyelmes kezelhet\u0151s\u00e9get biztos\u00edt, m\u00edg az \u00e9rz\u00e9keny 1,77 h\u00fcvelykes TFT-kijelz\u0151 egyszer\u0171 kezelhet\u0151s\u00e9get garant\u00e1l. A Cherry Cola t\u00f6k\u00e9letes mindazok sz\u00e1m\u00e1ra, akik a klasszikus ital\u00edzeket a modern vaping k\u00e9nyelemmel szeretn\u00e9k \u00f6tv\u00f6zni.<\/p>\n<h3 class=\"text-lg font-bold text-text-100 mt-1 -mb-1.5\">M\u0171szaki specifik\u00e1ci\u00f3k<\/h3>\n<p class=\"whitespace-normal break-words\"><strong>Vonatok:<\/strong> Legfeljebb 25,000<br \/>\n<strong>Megjelen\u00edt\u00e9s:<\/strong> Megjelen\u00edti az e-folyad\u00e9k \u00e9s az akkumul\u00e1tor \u00e1llapot\u00e1t<br \/>\n<strong>Kapacit\u00e1s:<\/strong> 20ml<br \/>\n<strong>Tekercs t\u00edpusa:<\/strong> H\u00e1rom h\u00e1l\u00f3s tekercs<br \/>\n<strong>S\u00faly:<\/strong> 120g<br \/>\n<strong>\u00c9rint\u0151k\u00e9perny\u0151:<\/strong> 1,77 h\u00fcvelykes TFT kijelz\u0151<br \/>\n<strong>Akkumul\u00e1tor:<\/strong> 700mAh \u00fajrat\u00f6lthet\u0151 C t\u00edpus\u00fa gyorst\u00f6lt\u00e9ssel<\/p>\n<h3 class=\"text-lg font-bold text-text-100 mt-1 -mb-1.5\">Fedezzen fel m\u00e9g t\u00f6bb FUMOT VAPE-t a vozolpuff-on<\/h3>\n<p class=\"whitespace-normal break-words\">Tov\u00e1bbi klasszikus \u00edzeket tal\u00e1l a <strong><a class=\"underline\" href=\"https:\/\/vozolpuff.de\/hu\/\">Online v\u00e1laszt\u00e9k<\/a><\/strong>, fedezze fel a <strong><a class=\"underline\" href=\"https:\/\/vozolpuff.de\/hu\/product-category\/fumot-vape\/\">FUMOT VAPE term\u00e9kcsal\u00e1d<\/a><\/strong> vagy fedezze fel az \u00f6sszes <strong><a class=\"underline\" href=\"https:\/\/vozolpuff.de\/hu\/product-category\/fumot-vape\/fumot-tornado-25000\/\">Fumot Tornado 25000 v\u00e1ltozatok<\/a><\/strong>.<\/p>","protected":false},"excerpt":{"rendered":"<p class=\"whitespace-normal break-words\">A Fumot Tornado 25000 Cherry Cola eldobhat\u00f3 vape nosztalgikus k\u00f3la \u00edzt k\u00edn\u00e1l \u00e9des csereszny\u00e9s jegyekkel. 25.000 puff, 20ml e-folyad\u00e9k, 700mAh akkumul\u00e1tor Type-C t\u00f6lt\u00e9ssel. H\u00e1rom h\u00e1l\u00f3s tekercs technol\u00f3gia \u00e9s 1,77\u2033 TFT \u00e9rint\u0151k\u00e9perny\u0151. Kaphat\u00f3 0%, 2%, 3%, 5% nikotinban. Klasszikus friss\u00edt\u0151 \u00fajra feltal\u00e1lva.<\/p>\n<h2 class=\"text-xl font-bold text-text-100 mt-1 -mb-0.5\"><\/h2>","protected":false},"featured_media":2788,"comment_status":"open","ping_status":"closed","template":"","meta":{"_acf_changed":false},"product_brand":[],"product_cat":[46],"product_tag":[],"class_list":{"0":"post-2783","1":"product","2":"type-product","3":"status-publish","4":"has-post-thumbnail","6":"product_cat-fumot-tornado-25000","8":"first","9":"instock","10":"shipping-taxable","11":"purchasable","12":"product-type-variable"},"acf":[],"_links":{"self":[{"href":"https:\/\/vozolpuff.de\/hu\/wp-json\/wp\/v2\/product\/2783","targetHints":{"allow":["GET"]}}],"collection":[{"href":"https:\/\/vozolpuff.de\/hu\/wp-json\/wp\/v2\/product"}],"about":[{"href":"https:\/\/vozolpuff.de\/hu\/wp-json\/wp\/v2\/types\/product"}],"replies":[{"embeddable":true,"href":"https:\/\/vozolpuff.de\/hu\/wp-json\/wp\/v2\/comments?post=2783"}],"wp:featuredmedia":[{"embeddable":true,"href":"https:\/\/vozolpuff.de\/hu\/wp-json\/wp\/v2\/media\/2788"}],"wp:attachment":[{"href":"https:\/\/vozolpuff.de\/hu\/wp-json\/wp\/v2\/media?parent=2783"}],"wp:term":[{"taxonomy":"product_brand","embeddable":true,"href":"https:\/\/vozolpuff.de\/hu\/wp-json\/wp\/v2\/product_brand?post=2783"},{"taxonomy":"product_cat","embeddable":true,"href":"https:\/\/vozolpuff.de\/hu\/wp-json\/wp\/v2\/product_cat?post=2783"},{"taxonomy":"product_tag","embeddable":true,"href":"https:\/\/vozolpuff.de\/hu\/wp-json\/wp\/v2\/product_tag?post=2783"}],"curies":[{"name":"wp","href":"https:\/\/api.w.org\/{rel}","templated":true}]}}