{"id":2793,"date":"2025-09-03T11:49:39","date_gmt":"2025-09-03T09:49:39","guid":{"rendered":"https:\/\/vozolpuff.de\/?post_type=product&#038;p=2793"},"modified":"2025-09-03T11:49:39","modified_gmt":"2025-09-03T09:49:39","slug":"fumot-tornado-25000-cool-mint","status":"publish","type":"product","link":"https:\/\/vozolpuff.de\/hu\/termek\/fumot-tornado-25000-cool-mint\/","title":{"rendered":"Fumot Tornado 25000 Cool Menta"},"content":{"rendered":"<h2 class=\"text-xl font-bold text-text-100 mt-1 -mb-0.5\">Fumot Tornado 25000 Cool Mint eldobhat\u00f3 e-cigaretta<\/h2>\n<p class=\"whitespace-normal break-words\">Friss\u00edtse fel mag\u00e1t a revitaliz\u00e1l\u00f3 Fumot Tornado 25000 Cool Ment\u00e1val. Ez a tiszta eldobhat\u00f3 e-cigaretta intenz\u00edv menta \u00edzt k\u00edn\u00e1l h\u0171s\u00edt\u0151 hat\u00e1ssal ak\u00e1r 25 000 friss\u00edt\u0151 sz\u00edv\u00e1sig. A klasszikus menta \u00edz hosszan tart\u00f3 frissess\u00e9get biztos\u00edt, \u00e9s ide\u00e1lis az eg\u00e9sz napos p\u00e1rologtat\u00e1shoz.<\/p>\n<p class=\"whitespace-normal break-words\">A nagy t\u00e9rfogat\u00fa, 20 ml-es e-folyad\u00e9k rendszer a 0%-t\u0151l 5%-ig terjed\u0151 rugalmas nikotiner\u0151ss\u00e9ggel lehet\u0151v\u00e9 teszi a szem\u00e9lyre szabott p\u00e1rologtat\u00e1si \u00e9lm\u00e9nyt. A nagy teljes\u00edtm\u00e9ny\u0171 700mAh akkumul\u00e1tor C t\u00edpus\u00fa gyorst\u00f6lt\u00e9si funkci\u00f3val biztos\u00edtja az \u00e1lland\u00f3 teljes\u00edtm\u00e9nyt. A h\u00e1rom h\u00e1l\u00f3s tekercs technol\u00f3gia maximaliz\u00e1lja a mentolos intenzit\u00e1st \u00e9s egyenletes, h\u0171v\u00f6s g\u0151zfejl\u0151d\u00e9st biztos\u00edt.<\/p>\n<p class=\"whitespace-normal break-words\">A kompakt, 120 g-os kialak\u00edt\u00e1s b\u00e1rmilyen alkalomra hordozhat\u00f3 k\u00e9nyelmet biztos\u00edt, m\u00edg a brili\u00e1ns 1,77 h\u00fcvelykes TFT-kijelz\u0151 intuit\u00edv vez\u00e9rl\u00e9st tesz lehet\u0151v\u00e9. A Cool Mint az els\u0151 v\u00e1laszt\u00e1s a purist\u00e1k sz\u00e1m\u00e1ra, akik \u00e9rt\u00e9kelik a tiszta menta \u00edzt adal\u00e9kanyagok n\u00e9lk\u00fcl.<\/p>\n<h3 class=\"text-lg font-bold text-text-100 mt-1 -mb-1.5\">M\u0171szaki specifik\u00e1ci\u00f3k<\/h3>\n<p class=\"whitespace-normal break-words\"><strong>Vonatok:<\/strong> Legfeljebb 25,000<br \/>\n<strong>Megjelen\u00edt\u00e9s:<\/strong> Megjelen\u00edti az e-folyad\u00e9k \u00e9s az akkumul\u00e1tor \u00e1llapot\u00e1t<br \/>\n<strong>Kapacit\u00e1s:<\/strong> 20ml<br \/>\n<strong>Tekercs t\u00edpusa:<\/strong> H\u00e1rom h\u00e1l\u00f3s tekercs<br \/>\n<strong>S\u00faly:<\/strong> 120g<br \/>\n<strong>\u00c9rint\u0151k\u00e9perny\u0151:<\/strong> 1,77 h\u00fcvelykes TFT kijelz\u0151<br \/>\n<strong>Akkumul\u00e1tor:<\/strong> 700mAh \u00fajrat\u00f6lthet\u0151 C t\u00edpus\u00fa gyorst\u00f6lt\u00e9ssel<\/p>\n<h3 class=\"text-lg font-bold text-text-100 mt-1 -mb-1.5\">Fedezzen fel m\u00e9g t\u00f6bb FUMOT VAPE-t a vozolpuff-on<\/h3>\n<p class=\"whitespace-normal break-words\">B\u00f6ng\u00e9sszen a <strong><a class=\"underline\" href=\"https:\/\/vozolpuff.de\/hu\/\">F\u0151 v\u00e1laszt\u00e9k<\/a><\/strong> tov\u00e1bbi Mint v\u00e1ltozatok\u00e9rt, fedezze fel a teljes v\u00e1laszt\u00e9kot a <strong><a class=\"underline\" href=\"https:\/\/vozolpuff.de\/hu\/product-category\/fumot-vape\/\">FUMOT VAPE kiv\u00e1laszt\u00e1sa<\/a><\/strong> vagy v\u00e1lasszon az \u00f6sszes <strong><a class=\"underline\" href=\"https:\/\/vozolpuff.de\/hu\/product-category\/fumot-vape\/fumot-tornado-25000\/\">Fumot Tornado 25000 \u00edzek<\/a><\/strong>.<\/p>","protected":false},"excerpt":{"rendered":"<p class=\"whitespace-normal break-words\">A Fumot Tornado 25000 Cool Mint intenz\u00edv menta \u00edzt k\u00edn\u00e1l ak\u00e1r 25 000 slukkig. 20ml e-folyad\u00e9kkal, 700mAh akkumul\u00e1torral, Type-C gyorst\u00f6lt\u00e9ssel \u00e9s 1,77\u2033 TFT kijelz\u0151vel. H\u00e1rom h\u00e1l\u00f3s tekercs technol\u00f3gia a maxim\u00e1lis frissess\u00e9g \u00e9s egyenletes g\u0151zfejl\u0151d\u00e9s \u00e9rdek\u00e9ben. T\u00f6k\u00e9letes eg\u00e9sz napra.<\/p>\n<p class=\"whitespace-normal break-words\">","protected":false},"featured_media":2795,"comment_status":"open","ping_status":"closed","template":"","meta":{"_acf_changed":false},"product_brand":[],"product_cat":[46],"product_tag":[],"class_list":{"0":"post-2793","1":"product","2":"type-product","3":"status-publish","4":"has-post-thumbnail","6":"product_cat-fumot-tornado-25000","8":"first","9":"instock","10":"shipping-taxable","11":"purchasable","12":"product-type-variable"},"acf":[],"_links":{"self":[{"href":"https:\/\/vozolpuff.de\/hu\/wp-json\/wp\/v2\/product\/2793","targetHints":{"allow":["GET"]}}],"collection":[{"href":"https:\/\/vozolpuff.de\/hu\/wp-json\/wp\/v2\/product"}],"about":[{"href":"https:\/\/vozolpuff.de\/hu\/wp-json\/wp\/v2\/types\/product"}],"replies":[{"embeddable":true,"href":"https:\/\/vozolpuff.de\/hu\/wp-json\/wp\/v2\/comments?post=2793"}],"wp:featuredmedia":[{"embeddable":true,"href":"https:\/\/vozolpuff.de\/hu\/wp-json\/wp\/v2\/media\/2795"}],"wp:attachment":[{"href":"https:\/\/vozolpuff.de\/hu\/wp-json\/wp\/v2\/media?parent=2793"}],"wp:term":[{"taxonomy":"product_brand","embeddable":true,"href":"https:\/\/vozolpuff.de\/hu\/wp-json\/wp\/v2\/product_brand?post=2793"},{"taxonomy":"product_cat","embeddable":true,"href":"https:\/\/vozolpuff.de\/hu\/wp-json\/wp\/v2\/product_cat?post=2793"},{"taxonomy":"product_tag","embeddable":true,"href":"https:\/\/vozolpuff.de\/hu\/wp-json\/wp\/v2\/product_tag?post=2793"}],"curies":[{"name":"wp","href":"https:\/\/api.w.org\/{rel}","templated":true}]}}