{"id":3019,"date":"2025-09-05T06:16:30","date_gmt":"2025-09-05T04:16:30","guid":{"rendered":"https:\/\/vozolpuff.de\/?post_type=product&#038;p=3019"},"modified":"2026-03-02T10:34:54","modified_gmt":"2026-03-02T09:34:54","slug":"fumot-leopard-40k-dr-blue","status":"publish","type":"product","link":"https:\/\/vozolpuff.de\/hu\/termek\/fumot-leopard-40k-dr-blue\/","title":{"rendered":"Fumot Leopard 40K Dr k\u00e9k"},"content":{"rendered":"<h2 class=\"text-xl font-bold text-text-100 mt-1 -mb-0.5\">Fumot Leopard 40K Dr Blue - Pr\u00e9mium rejt\u00e9lyes arom\u00e1j\u00fa vape<\/h2>\n<p class=\"whitespace-normal break-words\">A Fumot Leopard 40K Dr Blue 40.000 puffot k\u00edn\u00e1l titokzatos k\u00e9k gy\u00fcm\u00f6lcskompoz\u00edci\u00f3val. Az eleg\u00e1ns leop\u00e1rdmint\u00e1s test a fejlett kett\u0151s h\u00e1l\u00f3s tekercs technol\u00f3gi\u00e1val egyed\u00fcl\u00e1ll\u00f3 k\u00e9kes gy\u00fcm\u00f6lcskever\u00e9ket biztos\u00edt intenz\u00edv \u00edz\u00e9lm\u00e9nnyel \u00e9s intelligens LED-es \u00e1llapotjelz\u0151vel.<\/p>\n<h3 class=\"text-lg font-bold text-text-100 mt-1 -mb-1.5\">Dr. Blue Mystery \u00edz &amp; Advanced Leopard 40K technol\u00f3gia<\/h3>\n<p class=\"whitespace-normal break-words\"><strong>Titokzatos k\u00e9k gy\u00fcm\u00f6lcs teremt\u00e9s:<\/strong> A Dr Blue k\u00fcl\u00f6nb\u00f6z\u0151 k\u00e9k gy\u00fcm\u00f6lcs\u00f6k titokzatos kombin\u00e1ci\u00f3ja, \u00f6sszetett \u00edzprofillal. Ez az egyed\u00fcl\u00e1ll\u00f3 recept egyes\u00edti az \u00e9des \u00e9s savany\u00fa jegyeket, hogy olyan k\u00fcl\u00f6nleges \u00edz\u00e9lm\u00e9nyt hozzon l\u00e9tre, amely felkelti a k\u00edv\u00e1ncsis\u00e1got \u00e9s meglepi az \u00edzlel\u0151bimb\u00f3kat.<\/p>\n<p class=\"whitespace-normal break-words\"><strong>Nagy pontoss\u00e1g\u00fa h\u00e1l\u00f3rendszer:<\/strong> A forradalmian \u00faj, kett\u0151s h\u00e1l\u00f3s tekercsszerkezet a megn\u00f6velt p\u00e1rolg\u00e1si z\u00f3n\u00e1kkal optimaliz\u00e1lja az \u00f6sszetett \u00edzkomponensek felszabadul\u00e1s\u00e1t. A szinkroniz\u00e1lt f\u0171t\u00e9si technol\u00f3gia egyenletes h\u0151m\u00e9rs\u00e9klet-eloszl\u00e1st biztos\u00edt az egyenletes \u00edzintenzit\u00e1s \u00e9rdek\u00e9ben, a titkos \u00edzkever\u00e9k vesz\u00e9lyeztet\u00e9se n\u00e9lk\u00fcl.<\/p>\n<p class=\"whitespace-normal break-words\"><strong>Exkluz\u00edv kijelz\u0151 innov\u00e1ci\u00f3:<\/strong> A jellegzetes leop\u00e1rd f\u00e9nyhat\u00e1sokkal ell\u00e1tott LED-es vez\u00e9rl\u0151 kijelz\u0151k folyamatosan figyelik az e-folyad\u00e9k \u00e1llapot\u00e1t (t\u00f6lt\u00f6tts\u00e9gi szintjelz\u0151) \u00e9s az akkumul\u00e1tor energi\u00e1j\u00e1t (t\u00f6lt\u00f6tts\u00e9gjelz\u0151). A speci\u00e1lis vil\u00e1g\u00edt\u00e1si algoritmusok leny\u0171g\u00f6z\u0151 f\u00e9nyhat\u00e1sokat hoznak l\u00e9tre, amelyek kiemelik a titokzatos Dr Blue t\u00e9m\u00e1t.<\/p>\n<p class=\"whitespace-normal break-words\"><strong>Professzion\u00e1lis energiagazd\u00e1lkod\u00e1si megold\u00e1s:<\/strong> Az USB-C gyorst\u00f6lt\u00e9si technol\u00f3gia a nagy teljes\u00edtm\u00e9ny\u0171 700mAh l\u00edtium-polimer akkumul\u00e1torral optim\u00e1lis energiafelhaszn\u00e1l\u00e1st tesz lehet\u0151v\u00e9. Az intelligens t\u00f6lt\u00e9si funkci\u00f3k t\u00f6bb t\u00f6lt\u00e9si cikluson kereszt\u00fcl t\u00e1mogatj\u00e1k az e-folyad\u00e9k teljes k\u00f6r\u0171 felhaszn\u00e1l\u00e1s\u00e1t.<\/p>\n<h3 class=\"text-lg font-bold text-text-100 mt-1 -mb-1.5\">Dr Blue term\u00e9kle\u00edr\u00e1sok<\/h3>\n<p class=\"whitespace-normal break-words\">\u2611 Nikotin opci\u00f3k: 0% 2% 3% 5%<br \/>\n\u2611 Akkumul\u00e1tor teljes\u00edtm\u00e9nye: 700 mAh<br \/>\n\u2611 Kett\u0151s h\u00e1l\u00f3s p\u00e1rologtat\u00f3 rendszer<br \/>\nVonatforgalom: 40 000<br \/>\nType-C t\u00f6lt\u00e9si funkci\u00f3<br \/>\n\u2611 Digit\u00e1lis cs\u00f6ves kijelz\u0151 technol\u00f3gia<\/p>\n<h3 class=\"text-lg font-bold text-text-100 mt-1 -mb-1.5\">Fedezzen fel m\u00e9g t\u00f6bb FUMOT VAPE-t a vozolpuff-on<\/h3>\n<p class=\"whitespace-normal break-words\"><strong><a class=\"underline\" href=\"https:\/\/vozolpuff.de\/hu\/\">Vozol Puff<\/a><\/strong> pr\u00e9mium e-cigaretta \u00e9lm\u00e9nyt k\u00edn\u00e1l. Fedezzen fel t\u00f6bb term\u00e9ket a <strong><a class=\"underline\" href=\"https:\/\/vozolpuff.de\/hu\/product-category\/fumot-vape\/\">FUMOT VAPE kateg\u00f3ria<\/a><\/strong> vagy fedezze fel az \u00f6sszes \u00edz\u00e9t a <strong><a class=\"underline\" href=\"https:\/\/vozolpuff.de\/hu\/product-category\/fumot-vape\/fumot-leopard-40k\/\">Fumot Leop\u00e1rd 40K gy\u0171jtem\u00e9ny<\/a><\/strong>.<\/p>","protected":false},"excerpt":{"rendered":"<p>A Fumot Leopard 40K Dr Blue eldobhat\u00f3 vape 40.000 slukkot k\u00edn\u00e1l titokzatos k\u00e9k gy\u00fcm\u00f6lcskompoz\u00edci\u00f3val. Kett\u0151s h\u00e1l\u00f3s technol\u00f3gia, exkluz\u00edv LED kijelz\u0151s innov\u00e1ci\u00f3 \u00e9s 700mAh akkumul\u00e1tor USB-C t\u00f6lt\u00e9ssel, eleg\u00e1ns leop\u00e1rd mint\u00e1s h\u00e1zban az egyed\u00fcl\u00e1ll\u00f3 titokzatos \u00edz\u00e9rt.ism\u00e9tl\u00e9s<\/p>","protected":false},"featured_media":3021,"comment_status":"open","ping_status":"closed","template":"","meta":{"_acf_changed":false},"product_brand":[],"product_cat":[48],"product_tag":[],"class_list":{"0":"post-3019","1":"product","2":"type-product","3":"status-publish","4":"has-post-thumbnail","6":"product_cat-fumot-leopard-40k","8":"first","9":"instock","10":"shipping-taxable","11":"purchasable","12":"product-type-variable"},"acf":[],"_links":{"self":[{"href":"https:\/\/vozolpuff.de\/hu\/wp-json\/wp\/v2\/product\/3019","targetHints":{"allow":["GET"]}}],"collection":[{"href":"https:\/\/vozolpuff.de\/hu\/wp-json\/wp\/v2\/product"}],"about":[{"href":"https:\/\/vozolpuff.de\/hu\/wp-json\/wp\/v2\/types\/product"}],"replies":[{"embeddable":true,"href":"https:\/\/vozolpuff.de\/hu\/wp-json\/wp\/v2\/comments?post=3019"}],"wp:featuredmedia":[{"embeddable":true,"href":"https:\/\/vozolpuff.de\/hu\/wp-json\/wp\/v2\/media\/3021"}],"wp:attachment":[{"href":"https:\/\/vozolpuff.de\/hu\/wp-json\/wp\/v2\/media?parent=3019"}],"wp:term":[{"taxonomy":"product_brand","embeddable":true,"href":"https:\/\/vozolpuff.de\/hu\/wp-json\/wp\/v2\/product_brand?post=3019"},{"taxonomy":"product_cat","embeddable":true,"href":"https:\/\/vozolpuff.de\/hu\/wp-json\/wp\/v2\/product_cat?post=3019"},{"taxonomy":"product_tag","embeddable":true,"href":"https:\/\/vozolpuff.de\/hu\/wp-json\/wp\/v2\/product_tag?post=3019"}],"curies":[{"name":"wp","href":"https:\/\/api.w.org\/{rel}","templated":true}]}}