{"id":3705,"date":"2025-09-09T10:13:58","date_gmt":"2025-09-09T08:13:58","guid":{"rendered":"https:\/\/vozolpuff.de\/?post_type=product&#038;p=3705"},"modified":"2025-09-09T10:13:59","modified_gmt":"2025-09-09T08:13:59","slug":"randm-tornado-7000-pineapple-ice","status":"publish","type":"product","link":"https:\/\/vozolpuff.de\/hu\/termek\/randm-tornado-7000-pineapple-ice\/","title":{"rendered":"RandM Tornado 7000 anan\u00e1sz j\u00e9g"},"content":{"rendered":"<h2 class=\"text-xl font-bold text-text-100 mt-1 -mb-0.5\">RandM Tornado 7000 Pineapple Ice eldobhat\u00f3 e-cigaretta<\/h2>\n<p class=\"whitespace-normal break-words\">A RandM Tornado 7000 Pineapple Ice e-cigaretta leny\u0171g\u00f6z\u0151 7000 sz\u00edv\u00e1st biztos\u00edt k\u00e9sz\u00fcl\u00e9kenk\u00e9nt, 14 ml e-liquid kapacit\u00e1ssal \u00e9s 0%, 2%, 3% \u00e9s 5% nikotinkoncentr\u00e1ci\u00f3val. A k\u00e9sz\u00fcl\u00e9k 850 mAh-s \u00fajrat\u00f6lthet\u0151 akkumul\u00e1torral, l\u00e9g\u00e1ram-szab\u00e1lyoz\u00f3val \u00e9s cs\u00facstechnol\u00f3gi\u00e1s h\u00e1l\u00f3s tekercsel\u00e9ssel rendelkezik. A Tornado R&amp;M 7000 Pineapple Ice els\u0151 haszn\u00e1lata el\u0151tt a felt\u00f6lt\u00e9s ut\u00e1n k\u00f6r\u00fclbel\u00fcl 2 percet kell v\u00e1rni. Ez a v\u00e1rakoz\u00e1si id\u0151 biztos\u00edtja az e-liquid teljes felsz\u00edv\u00f3d\u00e1s\u00e1t \u00e9s optimaliz\u00e1lja a tr\u00f3pusi g\u0151z\u00f6lg\u00e9si \u00e9lm\u00e9nyt.<\/p>\n<h3 class=\"text-lg font-bold text-text-100 mt-1 -mb-1.5\">RandM Tornado 7000 Pineapple Ice tulajdons\u00e1gok:<\/h3>\n<p class=\"whitespace-normal break-words\">A RandM Tornado 7000 Pineapple Ice eldobhat\u00f3 e-cigaretta \u2013 egy nagy teljes\u00edtm\u00e9ny\u0171 g\u0151zk\u00e9sz\u00fcl\u00e9k, amely tr\u00f3pusi frissess\u00e9get \u00e9s els\u0151 oszt\u00e1ly\u00fa teljes\u00edtm\u00e9nyt \u00f6tv\u00f6z egy eleg\u00e1ns csomagban. Kiv\u00e1l\u00f3, ak\u00e1r 7000 sz\u00edv\u00e1sra alkalmas kapacit\u00e1s\u00e1val ez az eldobhat\u00f3 e-cigaretta t\u00f6k\u00e9letes azoknak a felhaszn\u00e1l\u00f3knak, akik tart\u00f3s \u00e9s \u00edzletes \u00e9lm\u00e9nyt \u00e9rt\u00e9kelnek.<\/p>\n<p class=\"whitespace-normal break-words\">A nagy teljes\u00edtm\u00e9ny\u0171 850 mAh-s akkumul\u00e1torral \u00e9s a figyelemre m\u00e9lt\u00f3 14 ml-es el\u0151re felt\u00f6lt\u00f6tt e-liquid tart\u00e1llyal a Pineapple Ice Tornado hosszabb g\u0151z\u00f6l\u00e9si f\u00e1zisokra is felk\u00e9sz\u00fclt. A testreszabhat\u00f3 l\u00e9g\u00e1ram-szab\u00e1lyoz\u00e1s egy tov\u00e1bbi szint\u0171 szem\u00e9lyre szabhat\u00f3s\u00e1got biztos\u00edt, \u00e9s lehet\u0151v\u00e9 teszi, hogy a g\u0151z\u00f6l\u00e9si \u00e9lm\u00e9nyt saj\u00e1t ig\u00e9nyeinek megfelel\u0151en alak\u00edtsa.<\/p>\n<p class=\"whitespace-normal break-words\">\u00datk\u00f6zbeni haszn\u00e1latra tervezve, a Tornado kompakt kialak\u00edt\u00e1s\u00e1val \u00e9s sz\u00edv\u00e1ssal aktiv\u00e1lt gy\u00fajt\u00f3mechanizmus\u00e1val rendk\u00edv\u00fcl felhaszn\u00e1l\u00f3bar\u00e1t. Az anan\u00e1sz j\u00e9g \u00edz \u00e9des tr\u00f3pusi anan\u00e1szt \u00f6tv\u00f6z friss\u00edt\u0151 h\u0171s\u00edt\u0151 hat\u00e1ssal, \u00edgy \u00e9l\u00e9nk\u00edt\u0151 g\u0151z\u00f6l\u00e9si \u00e9lm\u00e9nyt ny\u00fajt. A Tornado 7000 nikotins\u00f3-opci\u00f3kban kaphat\u00f3: 0%, 2%, 3% \u00e9s 5%, \u00edgy k\u00fcl\u00f6nb\u00f6z\u0151 ig\u00e9nyeket is kiel\u00e9g\u00edt.<\/p>\n<h3 class=\"text-lg font-bold text-text-100 mt-1 -mb-1.5\">M\u0171szaki specifik\u00e1ci\u00f3k<\/h3>\n<p class=\"whitespace-normal break-words\">\u2611 0% \/2%\/3%\/5% Nikotin<br \/>\n\u2611 14 ml e-liquid kapacit\u00e1s<br \/>\n\u2611 7000 mozdulat egys\u00e9genk\u00e9nt<br \/>\n\u2611 Leveg\u0151\u00e1raml\u00e1s-szab\u00e1lyoz\u00e1s<br \/>\n\u2611 C-t\u00edpus\u00fa \u00fajrat\u00f6lt\u00e9s<br \/>\n\u2611 \u00dajrat\u00f6lthet\u0151 akkumul\u00e1torcsomag<br \/>\n\u2611 Be\u00e9p\u00edtett 850 mAh akkumul\u00e1tor<\/p>\n<h3 class=\"text-lg font-bold text-text-100 mt-1 -mb-1.5\">Fedezzen fel m\u00e9g t\u00f6bb FUMOT VAPE-t a vozolpuff-on<\/h3>\n<p class=\"whitespace-normal break-words\">B\u00f6ng\u00e9sszen \u00e1t sz\u00e9les v\u00e1laszt\u00e9kunkat a <strong><a class=\"underline\" href=\"https:\/\/vozolpuff.de\/hu\/\">Kezd\u0151lap<\/a><\/strong>, fedezze fel a kiv\u00e1l\u00f3 min\u0151s\u00e9g\u0171 term\u00e9keket a <strong><a class=\"underline\" href=\"https:\/\/vozolpuff.de\/hu\/product-category\/fumot-vape\/\">FUMOT VAPE r\u00e9szleg<\/a><\/strong> vagy fedezze fel a teljes <strong><a class=\"underline\" href=\"https:\/\/vozolpuff.de\/hu\/product-category\/fumot-vape\/randm-tornado-7000\/\">RandM Tornado 7000 aromakollekci\u00f3<\/a><\/strong>.<\/p>","protected":false},"excerpt":{"rendered":"<p class=\"whitespace-normal break-words\">A RandM Tornado 7000 Pineapple Ice eldobhat\u00f3 e-cigaretta \u00e9des tr\u00f3pusi anan\u00e1szt \u00e9s friss\u00edt\u0151 h\u0171s\u00edt\u0151 hat\u00e1st kombin\u00e1l, ak\u00e1r 7000 slukkra. 14 ml-es e-liquid tart\u00e1llyal, 850 mAh-s \u00fajrat\u00f6lthet\u0151 akkumul\u00e1torral \u00e9s \u00e1ll\u00edthat\u00f3 l\u00e9g\u00e1ram-szab\u00e1lyoz\u00f3val. 0%, 2%, 3% \u00e9s 5% nikotintartalommal kaphat\u00f3. Mesh-Coil technol\u00f3gia a tr\u00f3pusi \u00e9lm\u00e9ny\u00e9rt.<\/p>\n<p class=\"whitespace-normal break-words\">","protected":false},"featured_media":3709,"comment_status":"open","ping_status":"closed","template":"","meta":{"_acf_changed":false},"product_brand":[],"product_cat":[50],"product_tag":[],"class_list":{"0":"post-3705","1":"product","2":"type-product","3":"status-publish","4":"has-post-thumbnail","6":"product_cat-randm-tornado-7000","8":"first","9":"instock","10":"shipping-taxable","11":"purchasable","12":"product-type-variable"},"acf":[],"_links":{"self":[{"href":"https:\/\/vozolpuff.de\/hu\/wp-json\/wp\/v2\/product\/3705","targetHints":{"allow":["GET"]}}],"collection":[{"href":"https:\/\/vozolpuff.de\/hu\/wp-json\/wp\/v2\/product"}],"about":[{"href":"https:\/\/vozolpuff.de\/hu\/wp-json\/wp\/v2\/types\/product"}],"replies":[{"embeddable":true,"href":"https:\/\/vozolpuff.de\/hu\/wp-json\/wp\/v2\/comments?post=3705"}],"wp:featuredmedia":[{"embeddable":true,"href":"https:\/\/vozolpuff.de\/hu\/wp-json\/wp\/v2\/media\/3709"}],"wp:attachment":[{"href":"https:\/\/vozolpuff.de\/hu\/wp-json\/wp\/v2\/media?parent=3705"}],"wp:term":[{"taxonomy":"product_brand","embeddable":true,"href":"https:\/\/vozolpuff.de\/hu\/wp-json\/wp\/v2\/product_brand?post=3705"},{"taxonomy":"product_cat","embeddable":true,"href":"https:\/\/vozolpuff.de\/hu\/wp-json\/wp\/v2\/product_cat?post=3705"},{"taxonomy":"product_tag","embeddable":true,"href":"https:\/\/vozolpuff.de\/hu\/wp-json\/wp\/v2\/product_tag?post=3705"}],"curies":[{"name":"wp","href":"https:\/\/api.w.org\/{rel}","templated":true}]}}