{"id":3714,"date":"2025-09-09T10:16:43","date_gmt":"2025-09-09T08:16:43","guid":{"rendered":"https:\/\/vozolpuff.de\/?post_type=product&#038;p=3714"},"modified":"2025-09-09T10:16:43","modified_gmt":"2025-09-09T08:16:43","slug":"randm-tornado-7000-cotton-candy","status":"publish","type":"product","link":"https:\/\/vozolpuff.de\/hu\/termek\/randm-tornado-7000-cotton-candy\/","title":{"rendered":"RandM Tornado 7000 vattacukor RandM Tornado 7000 vattacukor"},"content":{"rendered":"<h2 class=\"text-xl font-bold text-text-100 mt-1 -mb-0.5\">RandM Tornado 7000 Cotton Candy eldobhat\u00f3 e-cigaretta<\/h2>\n<p class=\"whitespace-normal break-words\">A RandM Tornado 7000 Cotton Candy Vape fantasztikus 7000 puffot biztos\u00edt k\u00e9sz\u00fcl\u00e9kenk\u00e9nt 14ml e-folyad\u00e9k t\u00f6lt\u00e9ssel \u00e9s 0%, 2%, 3% \u00e9s 5% nikotin er\u0151ss\u00e9ggel. Rendelkezik 850mAh-s \u00fajrat\u00f6lthet\u0151 akkumul\u00e1torral, h\u00faz\u00e1svez\u00e9rl\u00e9ssel \u00e9s a legmodernebb h\u00e1l\u00f3s tekercs technol\u00f3gi\u00e1val. A Tornado R&amp;M 7000 Cotton Candy els\u0151 haszn\u00e1latba v\u00e9tele el\u0151tt aj\u00e1nlatos k\u00f6r\u00fclbel\u00fcl 2 percet v\u00e1rni az e-folyad\u00e9kkal val\u00f3 felt\u00f6lt\u00e9s ut\u00e1n. Ez az \u00e1ztat\u00e1si id\u0151 biztos\u00edtja a folyad\u00e9k t\u00f6k\u00e9letes tel\u00edtetts\u00e9g\u00e9t \u00e9s maximaliz\u00e1lja az \u00e9des p\u00e1rol\u00e1si \u00e9lvezetet.<\/p>\n<h3 class=\"text-lg font-bold text-text-100 mt-1 -mb-1.5\">RandM Tornado 7000 Cotton Candy jellemz\u0151k:<\/h3>\n<p class=\"whitespace-normal break-words\">A RandM Tornado 7000 Cotton Candy eldobhat\u00f3 e-cigaretta - egy g\u0151zg\u00e9p, amely kompakt form\u00e1ban egyes\u00edti a nosztalgikus \u00e9dess\u00e9get \u00e9s a modern technol\u00f3gi\u00e1t. A kiv\u00e9teles, ak\u00e1r 7000 p\u00f6f\u00e9kel\u00e9st is lehet\u0151v\u00e9 tev\u0151 hat\u00f3t\u00e1vols\u00e1g\u00e1val ez az eldobhat\u00f3 e-cigaretta ide\u00e1lis mindenkinek, aki hosszan tart\u00f3 \u00e9s \u00e9des p\u00e1rologtat\u00e1si \u00e9lm\u00e9nyre v\u00e1gyik.<\/p>\n<p class=\"whitespace-normal break-words\">A megb\u00edzhat\u00f3 850mAh akkumul\u00e1torral \u00e9s egy 14 ml-es, el\u0151t\u00f6lt\u00f6tt e-folyad\u00e9k tart\u00e1ly\u00e1val felszerelt Cotton Candy Tornado v\u00e9gtelen g\u0151z\u00f6lg\u0151 pillanatokat garant\u00e1l. Az \u00e1ll\u00edthat\u00f3 l\u00e9g\u00e1raml\u00e1s-szab\u00e1lyoz\u00f3 tov\u00e1bbi testreszab\u00e1si lehet\u0151s\u00e9geket k\u00edn\u00e1l, \u00e9s lehet\u0151v\u00e9 teszi a p\u00e1rologtat\u00e1si \u00e9lm\u00e9ny finomhangol\u00e1s\u00e1t.<\/p>\n<p class=\"whitespace-normal break-words\">Az \u00fatk\u00f6zbeni p\u00e1rologtat\u00f3k sz\u00e1m\u00e1ra tervezett Tornado leny\u0171g\u00f6z\u0151 a praktikus form\u00e1tum\u00e1val \u00e9s a h\u00faz\u00e1ssal aktiv\u00e1lhat\u00f3 kiold\u00f3mechanizmussal, ami rendk\u00edv\u00fcl felhaszn\u00e1l\u00f3bar\u00e1tt\u00e1 teszi. A Cotton Candy \u00edz ellen\u00e1llhatatlanul \u00e9des \u00edz\u00e9vel a gyermekkori vattacukor eml\u00e9keket id\u00e9zi fel. A Tornado 7000 a 0%, 2%, 3% \u00e9s 5% nikotins\u00f3s v\u00e1ltozatban kaphat\u00f3, \u00e9s k\u00fcl\u00f6nb\u00f6z\u0151 k\u00f6vetelm\u00e9nyeknek felel meg.<\/p>\n<h3 class=\"text-lg font-bold text-text-100 mt-1 -mb-1.5\">Term\u00e9kle\u00edr\u00e1sok<\/h3>\n<p class=\"whitespace-normal break-words\">\u2611 Nikotinv\u00e1ltozatok: 0% \/2%\/3%\/5%<br \/>\n\u2611 Tart\u00e1ly t\u00e9rfogata: 14ml<br \/>\n\u2611 G\u0151zvonatok k\u00e9sz\u00fcl\u00e9kenk\u00e9nt: 7000<br \/>\n\u2611 A l\u00e9g\u00e1raml\u00e1s be\u00e1ll\u00edt\u00e1sa<br \/>\nType-C t\u00f6lt\u00e9si funkci\u00f3<br \/>\n\u00dajrat\u00f6lthet\u0151 akkumul\u00e1tor<br \/>\n\u2611 Be\u00e9p\u00edtett 850mAh teljes\u00edtm\u00e9ny\u0171 akkumul\u00e1tor<\/p>\n<h3 class=\"text-lg font-bold text-text-100 mt-1 -mb-1.5\">Fedezzen fel m\u00e9g t\u00f6bb FUMOT VAPE-t a vozolpuff-on<\/h3>\n<p class=\"whitespace-normal break-words\">L\u00e1togasson el v\u00e1ltozatos portf\u00f3li\u00f3nkba a <strong><a class=\"underline\" href=\"https:\/\/vozolpuff.de\/hu\/\">Honlap<\/a><\/strong>, fedezze fel az els\u0151 oszt\u00e1ly\u00fa g\u0151zk\u00e9sz\u00fcl\u00e9keket a <strong><a class=\"underline\" href=\"https:\/\/vozolpuff.de\/hu\/product-category\/fumot-vape\/\">FUMOT VAPE oszt\u00e1ly<\/a><\/strong> vagy keressen a teljes <strong><a class=\"underline\" href=\"https:\/\/vozolpuff.de\/hu\/product-category\/fumot-vape\/randm-tornado-7000\/\">RandM Tornado 7000 \u00edzv\u00e1laszt\u00e9k<\/a><\/strong>.<\/p>","protected":false},"excerpt":{"rendered":"<p class=\"whitespace-normal break-words\">A RandM Tornado 7000 Cotton Candy eldobhat\u00f3 vape nosztalgikus cukorka \u00e9dess\u00e9get \u00e9breszt ak\u00e1r 7000 slukkig. 14ml-es e-folyad\u00e9k tart\u00e1llyal, 850mAh-s \u00fajrat\u00f6lthet\u0151 akkumul\u00e1torral \u00e9s \u00e1ll\u00edthat\u00f3 l\u00e9g\u00e1raml\u00e1s-szab\u00e1lyoz\u00e1ssal. Kaphat\u00f3 0%, 2%, 3% \u00e9s 5% nikotinban. H\u00e1l\u00f3s tekercs technol\u00f3gia az \u00e9des gyermekkori mem\u00f3ria \u00e9lm\u00e9ny\u00e9rt.<\/p>\n<p class=\"whitespace-normal break-words\">","protected":false},"featured_media":3716,"comment_status":"open","ping_status":"closed","template":"","meta":{"_acf_changed":false},"product_brand":[],"product_cat":[50],"product_tag":[],"class_list":{"0":"post-3714","1":"product","2":"type-product","3":"status-publish","4":"has-post-thumbnail","6":"product_cat-randm-tornado-7000","8":"first","9":"instock","10":"shipping-taxable","11":"purchasable","12":"product-type-variable"},"acf":[],"_links":{"self":[{"href":"https:\/\/vozolpuff.de\/hu\/wp-json\/wp\/v2\/product\/3714","targetHints":{"allow":["GET"]}}],"collection":[{"href":"https:\/\/vozolpuff.de\/hu\/wp-json\/wp\/v2\/product"}],"about":[{"href":"https:\/\/vozolpuff.de\/hu\/wp-json\/wp\/v2\/types\/product"}],"replies":[{"embeddable":true,"href":"https:\/\/vozolpuff.de\/hu\/wp-json\/wp\/v2\/comments?post=3714"}],"wp:featuredmedia":[{"embeddable":true,"href":"https:\/\/vozolpuff.de\/hu\/wp-json\/wp\/v2\/media\/3716"}],"wp:attachment":[{"href":"https:\/\/vozolpuff.de\/hu\/wp-json\/wp\/v2\/media?parent=3714"}],"wp:term":[{"taxonomy":"product_brand","embeddable":true,"href":"https:\/\/vozolpuff.de\/hu\/wp-json\/wp\/v2\/product_brand?post=3714"},{"taxonomy":"product_cat","embeddable":true,"href":"https:\/\/vozolpuff.de\/hu\/wp-json\/wp\/v2\/product_cat?post=3714"},{"taxonomy":"product_tag","embeddable":true,"href":"https:\/\/vozolpuff.de\/hu\/wp-json\/wp\/v2\/product_tag?post=3714"}],"curies":[{"name":"wp","href":"https:\/\/api.w.org\/{rel}","templated":true}]}}