{"id":3723,"date":"2025-09-09T10:19:09","date_gmt":"2025-09-09T08:19:09","guid":{"rendered":"https:\/\/vozolpuff.de\/?post_type=product&#038;p=3723"},"modified":"2025-09-09T10:19:09","modified_gmt":"2025-09-09T08:19:09","slug":"randm-tornado-7000-strawberry-banana","status":"publish","type":"product","link":"https:\/\/vozolpuff.de\/hu\/termek\/randm-tornado-7000-strawberry-banana\/","title":{"rendered":"RandM Tornado 7000 eper ban\u00e1n"},"content":{"rendered":"<h2 class=\"text-xl font-bold text-text-100 mt-1 -mb-0.5\">RandM Tornado 7000 Strawberry Banana eldobhat\u00f3 e-cigaretta<\/h2>\n<p class=\"whitespace-normal break-words\">A RandM Tornado 7000 Strawberry Banana Vape kiemelked\u0151 7000 puffot k\u00edn\u00e1l k\u00e9sz\u00fcl\u00e9kenk\u00e9nt 14 ml e-folyad\u00e9k kapacit\u00e1ssal \u00e9s 0%, 2%, 3% \u00e9s 5% nikotinszintekkel. A k\u00e9sz\u00fcl\u00e9k 850mAh-s \u00fajrat\u00f6lthet\u0151 akkumul\u00e1torral, l\u00e9g\u00e1raml\u00e1s-szab\u00e1lyoz\u00e1ssal \u00e9s fejlett h\u00e1l\u00f3s tekercs technol\u00f3gi\u00e1val van felszerelve. A Tornado R&amp;M 7000 Strawberry Banana els\u0151 haszn\u00e1lata el\u0151tt aj\u00e1nlott kb. 2 perc sz\u00fcnetet tartani az e-nedv felt\u00f6lt\u00e9se ut\u00e1n. Ez a v\u00e1rakoz\u00e1si f\u00e1zis biztos\u00edtja az optim\u00e1lis tel\u00edtetts\u00e9get \u00e9s t\u00f6k\u00e9letess\u00e9 teszi a gy\u00fcm\u00f6lcs\u00f6s g\u0151z \u00e9lm\u00e9ny\u00e9t.<\/p>\n<h3 class=\"text-lg font-bold text-text-100 mt-1 -mb-1.5\">RandM Tornado 7000 Strawberry Banana Jellemz\u0151k:<\/h3>\n<p class=\"whitespace-normal break-words\">A RandM Tornado 7000 Strawberry Banana Disposable - egy g\u0151zg\u00e9p, amely a ban\u00e1n kr\u00e9mes \u00e9dess\u00e9g\u00e9t \u00e9s az eper l\u00e9d\u00fas frissess\u00e9g\u00e9t \u00f6tv\u00f6zi egy eleg\u00e1ns burkolatban. Ez az eldobhat\u00f3 e-cigaretta leny\u0171g\u00f6z\u0151, ak\u00e1r 7000 puffol\u00e1sos teljes\u00edtm\u00e9ny\u00e9vel ide\u00e1lis a hosszan tart\u00f3 \u00e9s gy\u00fcm\u00f6lcs\u00f6s \u00edzre v\u00e1gy\u00f3 \u00ednyencek sz\u00e1m\u00e1ra.<\/p>\n<p class=\"whitespace-normal break-words\">Az er\u0151teljes 850mAh akkumul\u00e1torral \u00e9s egy b\u0151s\u00e9ges 14ml-es e-folyad\u00e9ktart\u00e1llyal felszerelt Strawberry Banana Tornado hossz\u00fa \u00e9lvezetes pillanatokat biztos\u00edt. A v\u00e1ltoztathat\u00f3 l\u00e9g\u00e1raml\u00e1s-szab\u00e1lyoz\u00e1s a szem\u00e9lyre szab\u00e1s egy tov\u00e1bbi r\u00e9teg\u00e9t teszi lehet\u0151v\u00e9, \u00e9s lehet\u0151v\u00e9 teszi, hogy a p\u00e1rologtat\u00e1si \u00e9lm\u00e9nyt a saj\u00e1t preferenci\u00e1inak megfelel\u0151en konfigur\u00e1lja.<\/p>\n<p class=\"whitespace-normal break-words\">A Tornado a mobil vape szerelmeseinek k\u00e9sz\u00fclt, a Tornado hordozhat\u00f3 kialak\u00edt\u00e1s\u00e1val \u00e9s a h\u00faz\u00e1ssal aktiv\u00e1lhat\u00f3 gy\u00fajt\u00e1si rendszerrel, amely rendk\u00edv\u00fcl felhaszn\u00e1l\u00f3bar\u00e1tt\u00e1 teszi. A Strawberry Banana \u00edz az \u00e9rett epret kr\u00e9mes ban\u00e1nnal \u00f6tv\u00f6zi a harmonikus gy\u00fcm\u00f6lcs\u00edz\u00e9rt. A Tornado 7000 a 0%, 2%, 3% \u00e9s 5% nikotins\u00f3 v\u00e1ltozatokban kaphat\u00f3, \u00e9s k\u00fcl\u00f6nb\u00f6z\u0151 \u00edzeket szolg\u00e1l fel.<\/p>\n<h3 class=\"text-lg font-bold text-text-100 mt-1 -mb-1.5\">A k\u00e9sz\u00fcl\u00e9k specifik\u00e1ci\u00f3i<\/h3>\n<p class=\"whitespace-normal break-words\">\u2611 Nikotin opci\u00f3k: 0% \/2%\/3%\/5%<br \/>\n\u2611 Folyad\u00e9ktartalom: 14ml<br \/>\nPuffok k\u00e9sz\u00fcl\u00e9kenk\u00e9nt: 7000<br \/>\n\u2611 A l\u00e9g\u00e1raml\u00e1s be\u00e1ll\u00edt\u00e1sa<br \/>\n\u2611 C-t\u00edpus\u00fa t\u00f6lthet\u0151s\u00e9g<br \/>\n\u2611 \u00dajrat\u00f6lthet\u0151 energiacella<br \/>\n\u2611 Integr\u00e1lt 850mAh \u00e1ramforr\u00e1s<\/p>\n<h3 class=\"text-lg font-bold text-text-100 mt-1 -mb-1.5\">Fedezzen fel m\u00e9g t\u00f6bb FUMOT VAPE-t a vozolpuff-on<\/h3>\n<p class=\"whitespace-normal break-words\">B\u00f6ng\u00e9sszen term\u00e9keink sz\u00e9les v\u00e1laszt\u00e9k\u00e1ban a <strong><a class=\"underline\" href=\"https:\/\/vozolpuff.de\/hu\/\">Honlap<\/a><\/strong>, fedezze fel a pr\u00e9mium vape term\u00e9keket a <strong><a class=\"underline\" href=\"https:\/\/vozolpuff.de\/hu\/product-category\/fumot-vape\/\">FUMOT VAPE rovat<\/a><\/strong> vagy fedezze fel a teljes <strong><a class=\"underline\" href=\"https:\/\/vozolpuff.de\/hu\/product-category\/fumot-vape\/randm-tornado-7000\/\">RandM Tornado 7000 \u00edzvil\u00e1g<\/a><\/strong>.<\/p>","protected":false},"excerpt":{"rendered":"<p class=\"whitespace-normal break-words\">A RandM Tornado 7000 Strawberry Banana eldobhat\u00f3 vape az \u00e9rett epret kr\u00e9mes ban\u00e1nnal kombin\u00e1lja, ak\u00e1r 7000 slukk erej\u00e9ig. 14ml-es e-folyad\u00e9k tart\u00e1llyal, 850mAh-s \u00fajrat\u00f6lthet\u0151 akkumul\u00e1torral \u00e9s \u00e1ll\u00edthat\u00f3 l\u00e9g\u00e1raml\u00e1s-szab\u00e1lyoz\u00e1ssal. Kaphat\u00f3 0%, 2%, 3% \u00e9s 5% nikotinban. Mesh tekercs technol\u00f3gia a harmonikus gy\u00fcm\u00f6lcs\u00f6s \u00e9lm\u00e9ny\u00e9rt.<\/p>\n<p class=\"whitespace-normal break-words\">","protected":false},"featured_media":3727,"comment_status":"open","ping_status":"closed","template":"","meta":{"_acf_changed":false},"product_brand":[],"product_cat":[50],"product_tag":[],"class_list":{"0":"post-3723","1":"product","2":"type-product","3":"status-publish","4":"has-post-thumbnail","6":"product_cat-randm-tornado-7000","8":"first","9":"instock","10":"shipping-taxable","11":"purchasable","12":"product-type-variable"},"acf":[],"_links":{"self":[{"href":"https:\/\/vozolpuff.de\/hu\/wp-json\/wp\/v2\/product\/3723","targetHints":{"allow":["GET"]}}],"collection":[{"href":"https:\/\/vozolpuff.de\/hu\/wp-json\/wp\/v2\/product"}],"about":[{"href":"https:\/\/vozolpuff.de\/hu\/wp-json\/wp\/v2\/types\/product"}],"replies":[{"embeddable":true,"href":"https:\/\/vozolpuff.de\/hu\/wp-json\/wp\/v2\/comments?post=3723"}],"wp:featuredmedia":[{"embeddable":true,"href":"https:\/\/vozolpuff.de\/hu\/wp-json\/wp\/v2\/media\/3727"}],"wp:attachment":[{"href":"https:\/\/vozolpuff.de\/hu\/wp-json\/wp\/v2\/media?parent=3723"}],"wp:term":[{"taxonomy":"product_brand","embeddable":true,"href":"https:\/\/vozolpuff.de\/hu\/wp-json\/wp\/v2\/product_brand?post=3723"},{"taxonomy":"product_cat","embeddable":true,"href":"https:\/\/vozolpuff.de\/hu\/wp-json\/wp\/v2\/product_cat?post=3723"},{"taxonomy":"product_tag","embeddable":true,"href":"https:\/\/vozolpuff.de\/hu\/wp-json\/wp\/v2\/product_tag?post=3723"}],"curies":[{"name":"wp","href":"https:\/\/api.w.org\/{rel}","templated":true}]}}