{"id":3732,"date":"2025-09-09T10:21:42","date_gmt":"2025-09-09T08:21:42","guid":{"rendered":"https:\/\/vozolpuff.de\/?post_type=product&#038;p=3732"},"modified":"2025-09-09T10:21:42","modified_gmt":"2025-09-09T08:21:42","slug":"randm-tornado-7000-strawberry-ice","status":"publish","type":"product","link":"https:\/\/vozolpuff.de\/hu\/termek\/randm-tornado-7000-strawberry-ice\/","title":{"rendered":"RandM Tornado 7000 eper j\u00e9g"},"content":{"rendered":"<h2 class=\"text-xl font-bold text-text-100 mt-1 -mb-0.5\">RandM Tornado 7000 Strawberry Ice eldobhat\u00f3 e-cigaretta<\/h2>\n<p class=\"whitespace-normal break-words\">A RandM Tornado 7000 Strawberry Ice Vape l\u00e1tv\u00e1nyos 7000 puffot k\u00edn\u00e1l egys\u00e9genk\u00e9nt 14ml e-folyad\u00e9k t\u00f6lt\u00e9ssel \u00e9s 0%, 2%, 3% \u00e9s 5% nikotinszintekkel. Rendelkezik 850mAh-s \u00fajrat\u00f6lthet\u0151 akkumul\u00e1torral, l\u00e9g\u00e1raml\u00e1s-szab\u00e1lyoz\u00e1ssal \u00e9s innovat\u00edv h\u00e1l\u00f3s tekercs technol\u00f3gi\u00e1val. A Tornado R&amp;M 7000 Strawberry Ice els\u0151 haszn\u00e1latba v\u00e9tele el\u0151tt v\u00e1rjon k\u00f6r\u00fclbel\u00fcl 2 percet az e-folyad\u00e9kkal val\u00f3 felt\u00f6lt\u00e9s ut\u00e1n. Ez a pihen\u0151id\u0151 biztos\u00edtja a teljes tel\u00edtetts\u00e9get \u00e9s optimaliz\u00e1lja a friss\u00edt\u0151, gy\u00fcm\u00f6lcs\u00f6s g\u0151z\u00f6l\u00e9si \u00e9lm\u00e9nyt.<\/p>\n<h3 class=\"text-lg font-bold text-text-100 mt-1 -mb-1.5\">RandM Tornado 7000 eper j\u00e9g jellemz\u0151k:<\/h3>\n<p class=\"whitespace-normal break-words\">A RandM Tornado 7000 Strawberry Ice eldobhat\u00f3 vape - egy cs\u00facsmin\u0151s\u00e9g\u0171 p\u00e1rologtat\u00f3 k\u00e9sz\u00fcl\u00e9k, amely az \u00e9rett eper term\u00e9szetes \u00e9dess\u00e9g\u00e9t kombin\u00e1lja az \u00e9l\u00e9nk\u00edt\u0151 h\u0171s\u00edt\u0151 hat\u00e1ssal egy kifinomult csomagol\u00e1sban. A figyelemre m\u00e9lt\u00f3, ak\u00e1r 7000 slukkot is tartalmaz\u00f3 kapacit\u00e1ssal ez az eldobhat\u00f3 e-cigaretta t\u00f6k\u00e9letes azoknak a felhaszn\u00e1l\u00f3knak, akik hosszan tart\u00f3 \u00e9s friss\u00edt\u0151 \u00edz\u00e9lm\u00e9nyre v\u00e1gynak.<\/p>\n<p class=\"whitespace-normal break-words\">A Strawberry Ice Tornado robusztus 850mAh akkumul\u00e1torral \u00e9s nagy t\u00e9rfogat\u00fa, 14ml-es, el\u0151k\u00e9sz\u00edtett e-folyad\u00e9k tart\u00e1llyal felszerelt, hossz\u00fa ideig tart\u00f3 g\u0151zf\u00e1zisokat biztos\u00edt. A modul\u00e1lhat\u00f3 l\u00e9g\u00e1raml\u00e1s-szab\u00e1lyoz\u00f3 tov\u00e1bbi testreszab\u00e1si lehet\u0151s\u00e9geket k\u00edn\u00e1l, \u00e9s lehet\u0151v\u00e9 teszi, hogy testre szabja a p\u00e1rologtat\u00e1s \u00e9lm\u00e9ny\u00e9t.<\/p>\n<p class=\"whitespace-normal break-words\">Az \u00fatk\u00f6zbeni p\u00e1rologtat\u00f3k sz\u00e1m\u00e1ra tervezett Tornado kompakt m\u00e9ret\u00e9vel \u00e9s inhal\u00e1ci\u00f3s-akt\u00edv aktiv\u00e1l\u00e1si mechanizmus\u00e1val t\u0171nik ki, ami rendk\u00edv\u00fcl felhaszn\u00e1l\u00f3bar\u00e1tt\u00e1 teszi. A Strawberry Ice \u00edz az \u00e9des epret \u00e9s a friss\u00edt\u0151 h\u0171v\u00f6s \u00e9rint\u00e9st \u00f6tv\u00f6zi az \u00e9l\u00e9nk\u00edt\u0151 \u00edz\u00e9lm\u00e9ny \u00e9rdek\u00e9ben. A Tornado 7000 a 0%, 2%, 3% \u00e9s 5% nikotins\u00f3fokozatokban kaphat\u00f3, \u00e9s k\u00fcl\u00f6nb\u00f6z\u0151 preferenci\u00e1kat sz\u00f3l\u00edt meg.<\/p>\n<h3 class=\"text-lg font-bold text-text-100 mt-1 -mb-1.5\">Hardveres adatok<\/h3>\n<p class=\"whitespace-normal break-words\">\u2611 Nikotin tartalom: 0% \/2%\/3%\/5%<br \/>\nE-Juice t\u00e9rfogat: 14ml<br \/>\n\u2611 G\u0151zmozdonyok egys\u00e9genk\u00e9nt: 7000<br \/>\n\u2611 Leveg\u0151\u00e1raml\u00e1s-szab\u00e1lyoz\u00e1s<br \/>\nC t\u00edpus\u00fa t\u00f6lt\u0151port<br \/>\n\u00dajrat\u00f6lthet\u0151 akkumul\u00e1tor egys\u00e9g<br \/>\n\u2611 Be\u00e9p\u00edtett 850mAh energiat\u00e1rol\u00f3 egys\u00e9g<\/p>\n<h3 class=\"text-lg font-bold text-text-100 mt-1 -mb-1.5\">Fedezzen fel m\u00e9g t\u00f6bb FUMOT VAPE-t a vozolpuff-on<\/h3>\n<p class=\"whitespace-normal break-words\">Fedezze fel term\u00e9keink sz\u00e9les v\u00e1laszt\u00e9k\u00e1t a <strong><a class=\"underline\" href=\"https:\/\/vozolpuff.de\/hu\/\">F\u0151 platform<\/a><\/strong>, fedezze fel a magas sz\u00ednvonal\u00fa vaping cikkeket a <strong><a class=\"underline\" href=\"https:\/\/vozolpuff.de\/hu\/product-category\/fumot-vape\/\">FUMOT VAPE r\u00e9szleg<\/a><\/strong> vagy b\u00f6ng\u00e9szhet a teljes <strong><a class=\"underline\" href=\"https:\/\/vozolpuff.de\/hu\/product-category\/fumot-vape\/randm-tornado-7000\/\">RandM Tornado 7000 \u00cdzek sokas\u00e1ga<\/a><\/strong>.<\/p>","protected":false},"excerpt":{"rendered":"<p class=\"whitespace-normal break-words\">A RandM Tornado 7000 Strawberry Ice eldobhat\u00f3 vape az \u00e9des epret \u00e9s az \u00e9l\u00e9nk\u00edt\u0151 h\u0171v\u00f6s hat\u00e1st kombin\u00e1lja ak\u00e1r 7000 slukkig. 14ml-es e-folyad\u00e9k tart\u00e1llyal, 850mAh-s \u00fajrat\u00f6lthet\u0151 akkumul\u00e1torral \u00e9s \u00e1ll\u00edthat\u00f3 l\u00e9g\u00e1raml\u00e1s-szab\u00e1lyoz\u00e1ssal. Kaphat\u00f3 0%, 2%, 3% \u00e9s 5% nikotinban. H\u00e1l\u00f3s tekercs technol\u00f3gia a friss\u00edt\u0151en gy\u00fcm\u00f6lcs\u00f6s \u00e9lm\u00e9ny\u00e9rt.<\/p>\n<p class=\"whitespace-normal break-words\">","protected":false},"featured_media":3736,"comment_status":"open","ping_status":"closed","template":"","meta":{"_acf_changed":false},"product_brand":[],"product_cat":[50],"product_tag":[],"class_list":{"0":"post-3732","1":"product","2":"type-product","3":"status-publish","4":"has-post-thumbnail","6":"product_cat-randm-tornado-7000","8":"first","9":"instock","10":"shipping-taxable","11":"purchasable","12":"product-type-variable"},"acf":[],"_links":{"self":[{"href":"https:\/\/vozolpuff.de\/hu\/wp-json\/wp\/v2\/product\/3732","targetHints":{"allow":["GET"]}}],"collection":[{"href":"https:\/\/vozolpuff.de\/hu\/wp-json\/wp\/v2\/product"}],"about":[{"href":"https:\/\/vozolpuff.de\/hu\/wp-json\/wp\/v2\/types\/product"}],"replies":[{"embeddable":true,"href":"https:\/\/vozolpuff.de\/hu\/wp-json\/wp\/v2\/comments?post=3732"}],"wp:featuredmedia":[{"embeddable":true,"href":"https:\/\/vozolpuff.de\/hu\/wp-json\/wp\/v2\/media\/3736"}],"wp:attachment":[{"href":"https:\/\/vozolpuff.de\/hu\/wp-json\/wp\/v2\/media?parent=3732"}],"wp:term":[{"taxonomy":"product_brand","embeddable":true,"href":"https:\/\/vozolpuff.de\/hu\/wp-json\/wp\/v2\/product_brand?post=3732"},{"taxonomy":"product_cat","embeddable":true,"href":"https:\/\/vozolpuff.de\/hu\/wp-json\/wp\/v2\/product_cat?post=3732"},{"taxonomy":"product_tag","embeddable":true,"href":"https:\/\/vozolpuff.de\/hu\/wp-json\/wp\/v2\/product_tag?post=3732"}],"curies":[{"name":"wp","href":"https:\/\/api.w.org\/{rel}","templated":true}]}}