{"id":3750,"date":"2025-09-09T10:26:51","date_gmt":"2025-09-09T08:26:51","guid":{"rendered":"https:\/\/vozolpuff.de\/?post_type=product&#038;p=3750"},"modified":"2025-09-09T10:26:51","modified_gmt":"2025-09-09T08:26:51","slug":"randm-tornado-7000-red-energy-ice","status":"publish","type":"product","link":"https:\/\/vozolpuff.de\/hu\/termek\/randm-tornado-7000-red-energy-ice\/","title":{"rendered":"RandM Tornado 7000 Red Energy Ice"},"content":{"rendered":"<h2 class=\"text-xl font-bold text-text-100 mt-1 -mb-0.5\">RandM Tornado 7000 Red Energy Ice eldobhat\u00f3 e-cigaretta<\/h2>\n<p class=\"whitespace-normal break-words\">A RandM Tornado 7000 Red Energy Ice Vape kiv\u00e9teles 7000 puffot biztos\u00edt k\u00e9sz\u00fcl\u00e9kenk\u00e9nt 14ml e-folyad\u00e9k kapacit\u00e1ssal \u00e9s 0%, 2%, 3% \u00e9s 5% nikotinszintekkel. Fel van szerelve 850mAh \u00fajrat\u00f6lthet\u0151 akkumul\u00e1torral, l\u00e9g\u00e1raml\u00e1s-szab\u00e1lyoz\u00e1ssal \u00e9s progressz\u00edv h\u00e1l\u00f3s tekercs technol\u00f3gi\u00e1val. A Tornado R&amp;M 7000 Red Energy Ice els\u0151 haszn\u00e1lata el\u0151tt c\u00e9lszer\u0171 az e-folyad\u00e9kkal val\u00f3 felt\u00f6lt\u00e9s ut\u00e1n kb. 2 perc sz\u00fcnetet tartani. Ez a tel\u00edt\u00e9si id\u0151 biztos\u00edtja az optim\u00e1lis felsz\u00edv\u00f3d\u00e1st \u00e9s maximaliz\u00e1lja az energikus, h\u0171v\u00f6s g\u0151z \u00e9lm\u00e9ny\u00e9t.<\/p>\n<h3 class=\"text-lg font-bold text-text-100 mt-1 -mb-1.5\">RandM Tornado 7000 Red Energy Ice specifik\u00e1ci\u00f3k:<\/h3>\n<p class=\"whitespace-normal break-words\">A RandM Tornado 7000 Red Energy Ice Disposable - egy p\u00e1rologtat\u00f3 er\u0151m\u0171, amely az energiaital \u00e9l\u00e9nk\u00edt\u0151 erej\u00e9t \u00e9s a friss\u00edt\u0151 h\u0171v\u00f6s befejez\u00e9st \u00f6tv\u00f6zi egy modern csomagol\u00e1sban. A figyelemre m\u00e9lt\u00f3, ak\u00e1r 7000 p\u00f6f\u00e9kel\u00e9st is lehet\u0151v\u00e9 tev\u0151 teljes\u00edtm\u00e9ny\u00e9vel ez az eldobhat\u00f3 e-cigaretta t\u00f6k\u00e9letes azoknak a felhaszn\u00e1l\u00f3knak, akik a hosszan tart\u00f3 \u00e9s energiz\u00e1l\u00f3 \u00edz\u00e9lm\u00e9nyt r\u00e9szes\u00edtik el\u0151nyben.<\/p>\n<p class=\"whitespace-normal break-words\">A Red Energy Ice Tornado egy nagy teljes\u00edtm\u00e9ny\u0171 850mAh akkumul\u00e1torral \u00e9s egy jelent\u0151s, 14ml-es, el\u0151re felt\u00f6lt\u00f6tt e-folyad\u00e9ktart\u00e1llyal rendelkezik, \u00edgy a Red Energy Ice Tornado hosszabb g\u0151z\u00f6l\u00e9si peri\u00f3dusokat biztos\u00edt. Az \u00e1ll\u00edthat\u00f3 l\u00e9g\u00e1raml\u00e1s-szab\u00e1lyoz\u00f3 tov\u00e1bbi szem\u00e9lyre szabhat\u00f3s\u00e1gi szintet biztos\u00edt, \u00e9s lehet\u0151v\u00e9 teszi, hogy a g\u0151z\u00f6l\u00e9si \u00e9lm\u00e9nyt a saj\u00e1t \u00edzl\u00e9se szerint kalibr\u00e1lja.<\/p>\n<p class=\"whitespace-normal break-words\">A Tornado a mozg\u00e1sban l\u00e9v\u0151 p\u00e1rologtat\u00f3k sz\u00e1m\u00e1ra k\u00e9sz\u00fclt, hordozhat\u00f3 form\u00e1tum\u00e1val \u00e9s bel\u00e9gz\u00e9svez\u00e9relt gy\u00fajt\u00e1si mechanizmus\u00e1val ragyog, ami hihetetlen\u00fcl felhaszn\u00e1l\u00f3bar\u00e1tt\u00e1 teszi. A Red Energy Ice \u00edz az energiaitalok stimul\u00e1l\u00f3 \u00edz\u00e9t \u00f6tv\u00f6zi a h\u0171s\u00edt\u0151 hat\u00e1ssal, \u00edgy \u00e9l\u00e9nk\u00edt\u0151 g\u0151z\u00f6l\u00e9si \u00e9lm\u00e9nyt ny\u00fajt. A Tornado 7000 a 0%, 2%, 3% \u00e9s 5% nikotins\u00f3-v\u00e1ltozatokban kaphat\u00f3, \u00e9s k\u00fcl\u00f6nb\u00f6z\u0151 preferenci\u00e1kat szolg\u00e1l ki.<\/p>\n<h3 class=\"text-lg font-bold text-text-100 mt-1 -mb-1.5\">A k\u00e9sz\u00fcl\u00e9k specifik\u00e1ci\u00f3i<\/h3>\n<p class=\"whitespace-normal break-words\">\u2611 Nikotinv\u00e1ltozatok: 0% \/2%\/3%\/5%<br \/>\n\u2611 Foly\u00e9kony kapacit\u00e1s: 14ml<br \/>\nPuffok egys\u00e9genk\u00e9nt: 7000<br \/>\n\u2611 L\u00e9g\u00e1raml\u00e1s be\u00e1ll\u00edt\u00e1sa<br \/>\nC-t\u00edpus\u00fa t\u00f6lt\u00e9si lehet\u0151s\u00e9g<br \/>\n\u00dajrat\u00f6lthet\u0151 t\u00e1pegys\u00e9g<br \/>\n\u2611 Be\u00e9p\u00edtett 850mAh t\u00e1pegys\u00e9g<\/p>\n<h3 class=\"text-lg font-bold text-text-100 mt-1 -mb-1.5\">Fedezzen fel m\u00e9g t\u00f6bb FUMOT VAPE-t a vozolpuff-on<\/h3>\n<p class=\"whitespace-normal break-words\">Fedezze fel term\u00e9keink sz\u00e9les v\u00e1laszt\u00e9k\u00e1t a <strong><a class=\"underline\" href=\"https:\/\/vozolpuff.de\/hu\/\">Honlap<\/a><\/strong>fedezze fel a pr\u00e9mium vape hardvert a <strong><a class=\"underline\" href=\"https:\/\/vozolpuff.de\/hu\/product-category\/fumot-vape\/\">FUMOT VAPE r\u00e9szleg<\/a><\/strong> vagy b\u00f6ng\u00e9sszen a teljes <strong><a class=\"underline\" href=\"https:\/\/vozolpuff.de\/hu\/product-category\/fumot-vape\/randm-tornado-7000\/\">RandM Tornado 7000 \u00edzkollekci\u00f3<\/a><\/strong>.<\/p>","protected":false},"excerpt":{"rendered":"<p class=\"whitespace-normal break-words\">A RandM Tornado 7000 Red Energy Ice eldobhat\u00f3 vape a stimul\u00e1l\u00f3 energiaital \u00edz\u00e9t kombin\u00e1lja a h\u0171s\u00edt\u0151 hat\u00e1ssal, ak\u00e1r 7000 slukk erej\u00e9ig. 14 ml-es e-folyad\u00e9k tart\u00e1llyal, 850mAh-s \u00fajrat\u00f6lthet\u0151 akkumul\u00e1torral \u00e9s \u00e1ll\u00edthat\u00f3 l\u00e9g\u00e1raml\u00e1s-szab\u00e1lyoz\u00e1ssal. Kaphat\u00f3 0%, 2%, 3% \u00e9s 5% nikotinban. Mesh tekercs technol\u00f3gia az energiz\u00e1l\u00f3 \u00e9lm\u00e9ny\u00e9rt.<\/p>\n<p class=\"whitespace-normal break-words\">","protected":false},"featured_media":3753,"comment_status":"open","ping_status":"closed","template":"","meta":{"_acf_changed":false},"product_brand":[],"product_cat":[50],"product_tag":[],"class_list":{"0":"post-3750","1":"product","2":"type-product","3":"status-publish","4":"has-post-thumbnail","6":"product_cat-randm-tornado-7000","8":"first","9":"instock","10":"shipping-taxable","11":"purchasable","12":"product-type-variable"},"acf":[],"_links":{"self":[{"href":"https:\/\/vozolpuff.de\/hu\/wp-json\/wp\/v2\/product\/3750","targetHints":{"allow":["GET"]}}],"collection":[{"href":"https:\/\/vozolpuff.de\/hu\/wp-json\/wp\/v2\/product"}],"about":[{"href":"https:\/\/vozolpuff.de\/hu\/wp-json\/wp\/v2\/types\/product"}],"replies":[{"embeddable":true,"href":"https:\/\/vozolpuff.de\/hu\/wp-json\/wp\/v2\/comments?post=3750"}],"wp:featuredmedia":[{"embeddable":true,"href":"https:\/\/vozolpuff.de\/hu\/wp-json\/wp\/v2\/media\/3753"}],"wp:attachment":[{"href":"https:\/\/vozolpuff.de\/hu\/wp-json\/wp\/v2\/media?parent=3750"}],"wp:term":[{"taxonomy":"product_brand","embeddable":true,"href":"https:\/\/vozolpuff.de\/hu\/wp-json\/wp\/v2\/product_brand?post=3750"},{"taxonomy":"product_cat","embeddable":true,"href":"https:\/\/vozolpuff.de\/hu\/wp-json\/wp\/v2\/product_cat?post=3750"},{"taxonomy":"product_tag","embeddable":true,"href":"https:\/\/vozolpuff.de\/hu\/wp-json\/wp\/v2\/product_tag?post=3750"}],"curies":[{"name":"wp","href":"https:\/\/api.w.org\/{rel}","templated":true}]}}