{"id":3759,"date":"2025-09-09T10:29:17","date_gmt":"2025-09-09T08:29:17","guid":{"rendered":"https:\/\/vozolpuff.de\/?post_type=product&#038;p=3759"},"modified":"2025-09-09T10:29:17","modified_gmt":"2025-09-09T08:29:17","slug":"randm-tornado-7000-blue-razz-lemonade","status":"publish","type":"product","link":"https:\/\/vozolpuff.de\/hu\/termek\/randm-tornado-7000-blue-razz-lemonade\/","title":{"rendered":"RandM Tornado 7000 K\u00e9k Razz Lemonade"},"content":{"rendered":"<h2 class=\"text-xl font-bold text-text-100 mt-1 -mb-0.5\">RandM Tornado 7000 Blue Razz Lemonade eldobhat\u00f3 e-cigaretta<\/h2>\n<p class=\"whitespace-normal break-words\">A RandM Tornado 7000 Blue Razz Lemonade e-cigaretta figyelemre m\u00e9lt\u00f3 7000 slukkot k\u00edn\u00e1l k\u00e9sz\u00fcl\u00e9kenk\u00e9nt 14ml e-folyad\u00e9k t\u00f6lt\u00e9ssel \u00e9s 0%, 2%, 3% \u00e9s 5% nikotinszintekkel. A term\u00e9k 850mAh-s \u00fajrat\u00f6lthet\u0151 akkumul\u00e1torral, l\u00e9g\u00e1raml\u00e1s szab\u00e1lyoz\u00e1ssal \u00e9s modern h\u00e1l\u00f3s tekercs technol\u00f3gi\u00e1val rendelkezik. A Tornado R&amp;M 7000 Blue Razz Lemonade els\u0151 haszn\u00e1lata el\u0151tt, az e-nedvvel val\u00f3 felt\u00f6lt\u00e9s ut\u00e1n k\u00f6r\u00fclbel\u00fcl 2 perc sz\u00fcnetet kell tartani. Ez az \u00e1ztat\u00e1si f\u00e1zis biztos\u00edtja a t\u00f6k\u00e9letes tel\u00edtetts\u00e9get \u00e9s optimaliz\u00e1lja a gy\u00fcm\u00f6lcs\u00f6s-\u00e9des g\u0151z \u00e9lm\u00e9ny\u00e9t.<\/p>\n<h3 class=\"text-lg font-bold text-text-100 mt-1 -mb-1.5\">RandM Tornado 7000 Blue Razz Lemonade jellemz\u0151k:<\/h3>\n<p class=\"whitespace-normal break-words\">A RandM Tornado 7000 Blue Razz Lemonade eldobhat\u00f3 e-cigaretta - egy g\u0151z mesterm\u0171, amely a k\u00e9k m\u00e1lna \u00e9des \u00e9s savany\u00fa intenzit\u00e1s\u00e1t a limon\u00e1d\u00e9 fanyar frissess\u00e9g\u00e9vel \u00f6tv\u00f6zi kompakt kivitelben. A rendk\u00edv\u00fcli, ak\u00e1r 7000 slukkot is el\u00e9r\u0151 hat\u00f3t\u00e1vols\u00e1g\u00e1val ez az eldobhat\u00f3 e-cigaretta ide\u00e1lis azoknak az \u00ednyenceknek, akik \u00e9rt\u00e9kelik a hosszan tart\u00f3 \u00e9s friss\u00edt\u0151en gy\u00fcm\u00f6lcs\u00f6s \u00edzt.<\/p>\n<p class=\"whitespace-normal break-words\">A Blue Razz Lemonade Tornado megb\u00edzhat\u00f3 850mAh akkumul\u00e1torral \u00e9s egy 14ml-es, t\u00e1gas, 14ml-es, t\u00f6lt\u00f6tt e-folyad\u00e9ktart\u00e1llyal rendelkezik, \u00edgy a Blue Razz Lemonade Tornado kiterjedt g\u0151zpillanatokra ad lehet\u0151s\u00e9get. Az \u00e1ll\u00edthat\u00f3 l\u00e9g\u00e1raml\u00e1s-szab\u00e1lyoz\u00f3 tov\u00e1bbi testreszab\u00e1si lehet\u0151s\u00e9geket k\u00edn\u00e1l, \u00e9s lehet\u0151v\u00e9 teszi a p\u00e1rologtat\u00e1si \u00e9lm\u00e9ny finomhangol\u00e1s\u00e1t.<\/p>\n<p class=\"whitespace-normal break-words\">A Tornado az \u00fatk\u00f6zbeni p\u00e1rologtat\u00e1s rajong\u00f3i sz\u00e1m\u00e1ra k\u00e9sz\u00fclt, \u00e9s leny\u0171g\u00f6zi hordozhat\u00f3 form\u00e1tum\u00e1val \u00e9s h\u00faz\u00e1ssal aktiv\u00e1lhat\u00f3 kiold\u00f3 mechanizmus\u00e1val, ami kiv\u00e9telesen felhaszn\u00e1l\u00f3bar\u00e1tt\u00e1 teszi. A Blue Razz Lemonade \u00edz a k\u00e9k m\u00e1ln\u00e1t citromos limon\u00e1d\u00e9val \u00f6tv\u00f6zi a friss\u00edt\u0151en gy\u00fcm\u00f6lcs\u00f6s \u00edz\u00e9lm\u00e9ny\u00e9rt. A Tornado 7000 a 0%, 2%, 3% \u00e9s 5% nikotins\u00f3fokozatokban kaphat\u00f3, \u00e9s k\u00fcl\u00f6nb\u00f6z\u0151 \u00edzeket sz\u00f3l\u00edt meg.<\/p>\n<h3 class=\"text-lg font-bold text-text-100 mt-1 -mb-1.5\">Term\u00e9kle\u00edr\u00e1sok<\/h3>\n<p class=\"whitespace-normal break-words\">\u2611 Nikotin opci\u00f3k: 0% \/2%\/3%\/5%<br \/>\n\u2611 Tart\u00e1ly tartalma: 14ml<br \/>\n\u2611 G\u0151zmozdonyok eszk\u00f6z\u00f6nk\u00e9nt: 7000<br \/>\n\u2611 A l\u00e9g\u00e1raml\u00e1s be\u00e1ll\u00edt\u00e1sa<br \/>\n\u2611 C-t\u00edpus\u00fa t\u00f6lt\u00e9s<br \/>\n\u00dajrat\u00f6lthet\u0151 akkumul\u00e1torcella<br \/>\n\u2611 Integr\u00e1lt 850mAh t\u00e1pegys\u00e9g<\/p>\n<h3 class=\"text-lg font-bold text-text-100 mt-1 -mb-1.5\">Fedezzen fel m\u00e9g t\u00f6bb FUMOT VAPE-t a vozolpuff-on<\/h3>\n<p class=\"whitespace-normal break-words\">B\u00f6ng\u00e9sszen \u00e1tfog\u00f3 portf\u00f3li\u00f3nkban a <strong><a class=\"underline\" href=\"https:\/\/vozolpuff.de\/hu\/\">Honlap<\/a><\/strong>, fedezze fel a kiv\u00e1l\u00f3 min\u0151s\u00e9g\u0171 p\u00e1ra term\u00e9keket a <strong><a class=\"underline\" href=\"https:\/\/vozolpuff.de\/hu\/product-category\/fumot-vape\/\">FUMOT VAPE oszt\u00e1ly<\/a><\/strong> vagy fedezze fel a teljes <strong><a class=\"underline\" href=\"https:\/\/vozolpuff.de\/hu\/product-category\/fumot-vape\/randm-tornado-7000\/\">RandM Tornado 7000 \u00edzv\u00e1laszt\u00e9k<\/a><\/strong>.<\/p>","protected":false},"excerpt":{"rendered":"<p class=\"whitespace-normal break-words\">A RandM Tornado 7000 Blue Razz Lemonade eldobhat\u00f3 vape egyes\u00edti az \u00e9des \u00e9s savany\u00fa k\u00e9k m\u00e1ln\u00e1t a fanyar limon\u00e1d\u00e9val, ak\u00e1r 7000 slukk erej\u00e9ig. 14 ml-es e-folyad\u00e9k tart\u00e1llyal, 850mAh-s \u00fajrat\u00f6lthet\u0151 akkumul\u00e1torral \u00e9s \u00e1ll\u00edthat\u00f3 l\u00e9g\u00e1raml\u00e1s-szab\u00e1lyoz\u00e1ssal. Kaphat\u00f3 0%, 2%, 3% \u00e9s 5% nikotinban. H\u00e1l\u00f3s tekercs technol\u00f3gia a friss\u00edt\u0151en gy\u00fcm\u00f6lcs\u00f6s \u00e9lm\u00e9ny\u00e9rt.<\/p>\n<p class=\"whitespace-normal break-words\">","protected":false},"featured_media":3763,"comment_status":"open","ping_status":"closed","template":"","meta":{"_acf_changed":false},"product_brand":[],"product_cat":[50],"product_tag":[],"class_list":{"0":"post-3759","1":"product","2":"type-product","3":"status-publish","4":"has-post-thumbnail","6":"product_cat-randm-tornado-7000","8":"first","9":"instock","10":"shipping-taxable","11":"purchasable","12":"product-type-variable"},"acf":[],"_links":{"self":[{"href":"https:\/\/vozolpuff.de\/hu\/wp-json\/wp\/v2\/product\/3759","targetHints":{"allow":["GET"]}}],"collection":[{"href":"https:\/\/vozolpuff.de\/hu\/wp-json\/wp\/v2\/product"}],"about":[{"href":"https:\/\/vozolpuff.de\/hu\/wp-json\/wp\/v2\/types\/product"}],"replies":[{"embeddable":true,"href":"https:\/\/vozolpuff.de\/hu\/wp-json\/wp\/v2\/comments?post=3759"}],"wp:featuredmedia":[{"embeddable":true,"href":"https:\/\/vozolpuff.de\/hu\/wp-json\/wp\/v2\/media\/3763"}],"wp:attachment":[{"href":"https:\/\/vozolpuff.de\/hu\/wp-json\/wp\/v2\/media?parent=3759"}],"wp:term":[{"taxonomy":"product_brand","embeddable":true,"href":"https:\/\/vozolpuff.de\/hu\/wp-json\/wp\/v2\/product_brand?post=3759"},{"taxonomy":"product_cat","embeddable":true,"href":"https:\/\/vozolpuff.de\/hu\/wp-json\/wp\/v2\/product_cat?post=3759"},{"taxonomy":"product_tag","embeddable":true,"href":"https:\/\/vozolpuff.de\/hu\/wp-json\/wp\/v2\/product_tag?post=3759"}],"curies":[{"name":"wp","href":"https:\/\/api.w.org\/{rel}","templated":true}]}}