{"id":3768,"date":"2025-09-09T10:32:02","date_gmt":"2025-09-09T08:32:02","guid":{"rendered":"https:\/\/vozolpuff.de\/?post_type=product&#038;p=3768"},"modified":"2025-09-09T10:32:02","modified_gmt":"2025-09-09T08:32:02","slug":"randm-tornado-7000-red-apple-ice","status":"publish","type":"product","link":"https:\/\/vozolpuff.de\/hu\/termek\/randm-tornado-7000-red-apple-ice\/","title":{"rendered":"RandM Tornado 7000 Piros alma j\u00e9g"},"content":{"rendered":"<h2 class=\"text-xl font-bold text-text-100 mt-1 -mb-0.5\">RandM Tornado 7000 Red Apple Ice eldobhat\u00f3 e-cigaretta<\/h2>\n<p class=\"whitespace-normal break-words\">A RandM Tornado 7000 Red Apple Ice Vape kiemelked\u0151 7000 puffot k\u00edn\u00e1l egys\u00e9genk\u00e9nt 14ml e-folyad\u00e9k t\u00f6lt\u00e9ssel \u00e9s 0%, 2%, 3% \u00e9s 5% nikotinszintekkel. Rendelkezik 850mAh-s \u00fajrat\u00f6lthet\u0151 akkumul\u00e1torral, h\u00faz\u00e1svez\u00e9rl\u00e9ssel \u00e9s fejlett h\u00e1l\u00f3s tekercs technol\u00f3gi\u00e1val. A Tornado R&amp;M 7000 Red Apple Ice els\u0151 haszn\u00e1latba v\u00e9tele el\u0151tt aj\u00e1nlott v\u00e1rni k\u00f6r\u00fclbel\u00fcl 2 percet az e-folyad\u00e9k felt\u00f6lt\u00e9se ut\u00e1n. Ez a felsz\u00edv\u00f3d\u00e1si id\u0151 biztos\u00edtja a teljes tel\u00edtetts\u00e9get \u00e9s t\u00f6k\u00e9letess\u00e9 teszi a friss\u00edt\u0151, gy\u00fcm\u00f6lcs\u00f6s g\u0151z \u00e9lm\u00e9ny\u00e9t.<\/p>\n<h3 class=\"text-lg font-bold text-text-100 mt-1 -mb-1.5\">RandM Tornado 7000 Red Apple Ice Jellemz\u0151k:<\/h3>\n<p class=\"whitespace-normal break-words\">A RandM Tornado 7000 Red Apple Ice eldobhat\u00f3 e-cigaretta - egy pr\u00e9mium min\u0151s\u00e9g\u0171 p\u00e1rologtat\u00f3 k\u00e9sz\u00fcl\u00e9k, amely a piros alma term\u00e9szetes \u00e9dess\u00e9g\u00e9t \u00f6tv\u00f6zi az \u00e9l\u00e9nk\u00edt\u0151 h\u0171s\u00edt\u0151 hat\u00e1ssal egy eleg\u00e1ns h\u00e1zban. A leny\u0171g\u00f6z\u0151, ak\u00e1r 7000 slukkot is el\u00e9r\u0151 teljes\u00edtm\u00e9ny\u00e9vel ez az eldobhat\u00f3 e-cigaretta ide\u00e1lis azoknak a felhaszn\u00e1l\u00f3knak, akik hosszan tart\u00f3 \u00e9s \u00fcd\u00edt\u0151en \u00e9des \u00edz\u00e9lm\u00e9nyre v\u00e1gynak.<\/p>\n<p class=\"whitespace-normal break-words\">A Red Apple Ice Tornado egy nagy teljes\u00edtm\u00e9ny\u0171 850mAh akkumul\u00e1torral \u00e9s egy nagyvonal\u00fa, 14ml-es, el\u0151ret\u00f6lt\u00f6tt e-folyad\u00e9k tart\u00e1llyal rendelkezik, \u00edgy garant\u00e1lja a hosszan tart\u00f3 g\u0151z\u00f6l\u00e9st. Az \u00e1ll\u00edthat\u00f3 l\u00e9g\u00e1raml\u00e1s-szab\u00e1lyoz\u00f3 tov\u00e1bbi szem\u00e9lyre szab\u00e1si lehet\u0151s\u00e9geket tesz lehet\u0151v\u00e9, \u00e9s lehet\u0151v\u00e9 teszi, hogy a g\u0151z\u00f6l\u00e9si \u00e9lm\u00e9nyt a saj\u00e1t preferenci\u00e1inak megfelel\u0151en konfigur\u00e1lja.<\/p>\n<p class=\"whitespace-normal break-words\">A mobil vape-rajong\u00f3k sz\u00e1m\u00e1ra kifejlesztett Tornado kompakt kialak\u00edt\u00e1s\u00e1val \u00e9s inhal\u00e1ci\u00f3s vez\u00e9rl\u00e9s\u0171 aktiv\u00e1l\u00e1si rendszer\u00e9vel pontoz, \u00edgy rendk\u00edv\u00fcl felhaszn\u00e1l\u00f3bar\u00e1t. A Red Apple Ice \u00edz a l\u00e9d\u00fas piros alm\u00e1t \u00f6tv\u00f6zi a h\u0171s\u00edt\u0151 \u00e9rint\u00e9ssel a friss\u00edt\u0151en gy\u00fcm\u00f6lcs\u00f6s p\u00e1rologtat\u00e1si \u00e9lm\u00e9ny\u00e9rt. A Tornado 7000 a 0%, 2%, 3% \u00e9s 5% nikotins\u00f3-v\u00e1ltozatokban kaphat\u00f3, \u00e9s sz\u00e9les k\u00f6r\u0171 ig\u00e9nyeket el\u00e9g\u00edt ki.<\/p>\n<h3 class=\"text-lg font-bold text-text-100 mt-1 -mb-1.5\">Hardveres specifik\u00e1ci\u00f3k<\/h3>\n<p class=\"whitespace-normal break-words\">\u2611 Nikotin tartalom: 0% \/2%\/3%\/5%<br \/>\n\u2611 E-folyad\u00e9k t\u00e9rfogata: 14ml<br \/>\nInhal\u00e1ci\u00f3k eszk\u00f6z\u00f6nk\u00e9nt: 7000<br \/>\n\u2611 Leveg\u0151\u00e1raml\u00e1s-szab\u00e1lyoz\u00e1s<br \/>\n\u2611 C-t\u00edpus\u00fa \u00fajrat\u00f6lt\u00e9s<br \/>\n\u00dajrat\u00f6lthet\u0151 energiaforr\u00e1s<br \/>\n\u2611 Integr\u00e1lt 850mAh akkumul\u00e1torcsomag<\/p>\n<h3 class=\"text-lg font-bold text-text-100 mt-1 -mb-1.5\">Fedezzen fel m\u00e9g t\u00f6bb FUMOT VAPE-t a vozolpuff-on<\/h3>\n<p class=\"whitespace-normal break-words\">B\u00f6ng\u00e9sszen term\u00e9keink sz\u00e9les v\u00e1laszt\u00e9k\u00e1ban a <strong><a class=\"underline\" href=\"https:\/\/vozolpuff.de\/hu\/\">F\u0151oldal<\/a><\/strong>fedezze fel a pr\u00e9mium vaping eszk\u00f6z\u00f6ket a <strong><a class=\"underline\" href=\"https:\/\/vozolpuff.de\/hu\/product-category\/fumot-vape\/\">FUMOT VAPE kateg\u00f3ria<\/a><\/strong> vagy b\u00f6ng\u00e9szhet a teljes <strong><a class=\"underline\" href=\"https:\/\/vozolpuff.de\/hu\/product-category\/fumot-vape\/randm-tornado-7000\/\">RandM Tornado 7000 \u00edzv\u00e1laszt\u00e9k<\/a><\/strong>.<\/p>","protected":false},"excerpt":{"rendered":"<p class=\"whitespace-normal break-words\">A RandM Tornado 7000 Red Apple Ice eldobhat\u00f3 vape a l\u00e9d\u00fas piros alm\u00e1t \u00e9s az \u00e9l\u00e9nk\u00edt\u0151 h\u0171v\u00f6s hat\u00e1st kombin\u00e1lja ak\u00e1r 7000 slukkig. 14ml-es e-folyad\u00e9k tart\u00e1llyal, 850mAh-s \u00fajrat\u00f6lthet\u0151 akkumul\u00e1torral \u00e9s \u00e1ll\u00edthat\u00f3 l\u00e9g\u00e1raml\u00e1s-szab\u00e1lyoz\u00e1ssal. Kaphat\u00f3 0%, 2%, 3% \u00e9s 5% nikotinban. Mesh tekercs technol\u00f3gia a friss\u00edt\u0151en \u00e9des \u00e9lm\u00e9ny\u00e9rt.<\/p>\n<p class=\"whitespace-normal break-words\">","protected":false},"featured_media":3770,"comment_status":"open","ping_status":"closed","template":"","meta":{"_acf_changed":false},"product_brand":[],"product_cat":[50],"product_tag":[],"class_list":{"0":"post-3768","1":"product","2":"type-product","3":"status-publish","4":"has-post-thumbnail","6":"product_cat-randm-tornado-7000","8":"first","9":"instock","10":"shipping-taxable","11":"purchasable","12":"product-type-variable"},"acf":[],"_links":{"self":[{"href":"https:\/\/vozolpuff.de\/hu\/wp-json\/wp\/v2\/product\/3768","targetHints":{"allow":["GET"]}}],"collection":[{"href":"https:\/\/vozolpuff.de\/hu\/wp-json\/wp\/v2\/product"}],"about":[{"href":"https:\/\/vozolpuff.de\/hu\/wp-json\/wp\/v2\/types\/product"}],"replies":[{"embeddable":true,"href":"https:\/\/vozolpuff.de\/hu\/wp-json\/wp\/v2\/comments?post=3768"}],"wp:featuredmedia":[{"embeddable":true,"href":"https:\/\/vozolpuff.de\/hu\/wp-json\/wp\/v2\/media\/3770"}],"wp:attachment":[{"href":"https:\/\/vozolpuff.de\/hu\/wp-json\/wp\/v2\/media?parent=3768"}],"wp:term":[{"taxonomy":"product_brand","embeddable":true,"href":"https:\/\/vozolpuff.de\/hu\/wp-json\/wp\/v2\/product_brand?post=3768"},{"taxonomy":"product_cat","embeddable":true,"href":"https:\/\/vozolpuff.de\/hu\/wp-json\/wp\/v2\/product_cat?post=3768"},{"taxonomy":"product_tag","embeddable":true,"href":"https:\/\/vozolpuff.de\/hu\/wp-json\/wp\/v2\/product_tag?post=3768"}],"curies":[{"name":"wp","href":"https:\/\/api.w.org\/{rel}","templated":true}]}}