{"id":3777,"date":"2025-09-09T10:37:07","date_gmt":"2025-09-09T08:37:07","guid":{"rendered":"https:\/\/vozolpuff.de\/?post_type=product&#038;p=3777"},"modified":"2025-09-09T10:37:07","modified_gmt":"2025-09-09T08:37:07","slug":"randm-tornado-7000-berry-lemonade","status":"publish","type":"product","link":"https:\/\/vozolpuff.de\/hu\/termek\/randm-tornado-7000-berry-lemonade\/","title":{"rendered":"RandM Tornado 7000 Berry Lemonade (bogy\u00f3s limon\u00e1d\u00e9)"},"content":{"rendered":"<h2 class=\"text-xl font-bold text-text-100 mt-1 -mb-0.5\">RandM Tornado 7000 Berry Lemonade eldobhat\u00f3 e-cigaretta<\/h2>\n<p class=\"whitespace-normal break-words\">A RandM Tornado 7000 Berry Lemonade e-cigaretta l\u00e1tv\u00e1nyos 7000 slukkot tesz lehet\u0151v\u00e9 egys\u00e9genk\u00e9nt 14ml e-folyad\u00e9k kapacit\u00e1ssal \u00e9s 0%, 2%, 3% \u00e9s 5% nikotin koncentr\u00e1ci\u00f3val. A k\u00e9sz\u00fcl\u00e9k 850mAh-s \u00fajrat\u00f6lthet\u0151 akkumul\u00e1torral, l\u00e9g\u00e1raml\u00e1s-szab\u00e1lyoz\u00e1ssal \u00e9s innovat\u00edv h\u00e1l\u00f3s tekercs technol\u00f3gi\u00e1val rendelkezik. A Tornado R&amp;M 7000 Berry Lemonade els\u0151 haszn\u00e1lata el\u0151tt az e-nedv felt\u00f6lt\u00e9se ut\u00e1n k\u00f6r\u00fclbel\u00fcl 2 percet kell v\u00e1rni. Ez a pihen\u0151id\u0151 biztos\u00edtja az ide\u00e1lis penetr\u00e1ci\u00f3t \u00e9s maximaliz\u00e1lja a bogy\u00f3s gy\u00fcm\u00f6lcs\u00f6kkel friss\u00edt\u0151 g\u0151z \u00e9lm\u00e9ny\u00e9t.<\/p>\n<h3 class=\"text-lg font-bold text-text-100 mt-1 -mb-1.5\">RandM Tornado 7000 Berry Lemonade jellemz\u0151k:<\/h3>\n<p class=\"whitespace-normal break-words\">A RandM Tornado 7000 Berry Lemonade Disposable - egy olyan p\u00e1rologtat\u00f3 er\u0151m\u0171, amely a vegyes bogy\u00f3s gy\u00fcm\u00f6lcs\u00f6k \u00e9des intenzit\u00e1s\u00e1t a limon\u00e1d\u00e9 fanyar savass\u00e1g\u00e1val \u00f6tv\u00f6zi egy kifinomult csomagol\u00e1sban. A figyelemre m\u00e9lt\u00f3, ak\u00e1r 7000 f\u00faj\u00e1snyi kitart\u00e1ssal ez az eldobhat\u00f3 e-cigaretta t\u00f6k\u00e9letes azoknak a felhaszn\u00e1l\u00f3knak, akik a hosszan tart\u00f3 \u00e9s gy\u00fcm\u00f6lcs\u00f6s, friss\u00edt\u0151 \u00edzeket kedvelik.<\/p>\n<p class=\"whitespace-normal break-words\">A Berry Lemonade Tornado robusztus 850mAh akkumul\u00e1torral \u00e9s egy 14ml-es, nagym\u00e9ret\u0171, el\u0151k\u00e9sz\u00edtett e-folyad\u00e9ktart\u00e1llyal rendelkezik, \u00edgy hossz\u00fa g\u0151zf\u00e1zisokat biztos\u00edt. A modul\u00e1lhat\u00f3 l\u00e9g\u00e1raml\u00e1s-szab\u00e1lyoz\u00f3 tov\u00e1bbi be\u00e1ll\u00edt\u00e1si szinteket biztos\u00edt, \u00e9s lehet\u0151v\u00e9 teszi, hogy testre szabja a p\u00e1rologtat\u00e1s \u00e9lm\u00e9ny\u00e9t.<\/p>\n<p class=\"whitespace-normal break-words\">Az \u00fatk\u00f6zbeni p\u00e1rologtat\u00f3k sz\u00e1m\u00e1ra tervezett Tornado a praktikus form\u00e1tum\u00e1val \u00e9s a l\u00e9gz\u00e9ssel aktiv\u00e1lhat\u00f3 gy\u00fajt\u00f3szerkezettel t\u0171nik ki, ami rendk\u00edv\u00fcl felhaszn\u00e1l\u00f3bar\u00e1tt\u00e1 teszi. A Berry Lemonade \u00edz az \u00e9des bogy\u00f3s gy\u00fcm\u00f6lcs\u00f6ket citromos limon\u00e1d\u00e9val \u00f6tv\u00f6zi a harmonikus, gy\u00fcm\u00f6lcs\u00f6s \u00edz\u00e9lm\u00e9ny \u00e9rdek\u00e9ben. A Tornado 7000 a 0%, 2%, 3% \u00e9s 5% nikotins\u00f3s v\u00e1ltozatban kaphat\u00f3, \u00e9s k\u00fcl\u00f6nb\u00f6z\u0151 preferenci\u00e1kat el\u00e9g\u00edt ki.<\/p>\n<h3 class=\"text-lg font-bold text-text-100 mt-1 -mb-1.5\">K\u00e9sz\u00fcl\u00e9kadatok<\/h3>\n<p class=\"whitespace-normal break-words\">\u2611 Nikotin er\u0151ss\u00e9g: 0% \/2%\/3%\/5%<br \/>\n\u2611 Tart\u00e1ly kapacit\u00e1sa: 14ml<br \/>\nPuffok egys\u00e9genk\u00e9nt: 7000<br \/>\n\u2611 L\u00e9g\u00e1raml\u00e1s m\u00f3dos\u00edt\u00e1sa<br \/>\nC t\u00edpus\u00fa t\u00f6lt\u0151port<br \/>\n\u00dajrat\u00f6lthet\u0151 akkumul\u00e1tor egys\u00e9g<br \/>\n\u2611 Be\u00e9p\u00edtett 850mAh energiat\u00e1rol\u00f3 egys\u00e9g<\/p>\n<h3 class=\"text-lg font-bold text-text-100 mt-1 -mb-1.5\">Fedezzen fel m\u00e9g t\u00f6bb FUMOT VAPE-t a vozolpuff-on<\/h3>\n<p class=\"whitespace-normal break-words\">Fedezze fel term\u00e9keink sz\u00e9les v\u00e1laszt\u00e9k\u00e1t a <strong><a class=\"underline\" href=\"https:\/\/vozolpuff.de\/hu\/\">Online platform<\/a><\/strong>, fedezze fel a kiv\u00e1l\u00f3 min\u0151s\u00e9g\u0171 g\u0151z term\u00e9keket a <strong><a class=\"underline\" href=\"https:\/\/vozolpuff.de\/hu\/product-category\/fumot-vape\/\">FUMOT VAPE r\u00e9szleg<\/a><\/strong> vagy b\u00f6ng\u00e9szhet a teljes <strong><a class=\"underline\" href=\"https:\/\/vozolpuff.de\/hu\/product-category\/fumot-vape\/randm-tornado-7000\/\">RandM Tornado 7000 \u00cdzek sokas\u00e1ga<\/a><\/strong>.<\/p>","protected":false},"excerpt":{"rendered":"<p class=\"whitespace-normal break-words\">A RandM Tornado 7000 Berry Lemonade eldobhat\u00f3 vape az \u00e9des bogy\u00f3s gy\u00fcm\u00f6lcs\u00f6ket \u00e9s a fanyar limon\u00e1d\u00e9t \u00f6tv\u00f6zi. A 7000 puffol\u00e1ssal, 14ml e-folyad\u00e9k kapacit\u00e1ssal, 850mAh akkumul\u00e1torral \u00e9s h\u00e1l\u00f3s tekercs technol\u00f3gi\u00e1val hosszan tart\u00f3 g\u0151z\u00e9lvezetet biztos\u00edt 0%, 2%, 3% vagy 5% nikotinban.<\/p>\n<p class=\"whitespace-normal break-words\">","protected":false},"featured_media":3781,"comment_status":"open","ping_status":"closed","template":"","meta":{"_acf_changed":false},"product_brand":[],"product_cat":[50],"product_tag":[],"class_list":{"0":"post-3777","1":"product","2":"type-product","3":"status-publish","4":"has-post-thumbnail","6":"product_cat-randm-tornado-7000","8":"first","9":"instock","10":"shipping-taxable","11":"purchasable","12":"product-type-variable"},"acf":[],"_links":{"self":[{"href":"https:\/\/vozolpuff.de\/hu\/wp-json\/wp\/v2\/product\/3777","targetHints":{"allow":["GET"]}}],"collection":[{"href":"https:\/\/vozolpuff.de\/hu\/wp-json\/wp\/v2\/product"}],"about":[{"href":"https:\/\/vozolpuff.de\/hu\/wp-json\/wp\/v2\/types\/product"}],"replies":[{"embeddable":true,"href":"https:\/\/vozolpuff.de\/hu\/wp-json\/wp\/v2\/comments?post=3777"}],"wp:featuredmedia":[{"embeddable":true,"href":"https:\/\/vozolpuff.de\/hu\/wp-json\/wp\/v2\/media\/3781"}],"wp:attachment":[{"href":"https:\/\/vozolpuff.de\/hu\/wp-json\/wp\/v2\/media?parent=3777"}],"wp:term":[{"taxonomy":"product_brand","embeddable":true,"href":"https:\/\/vozolpuff.de\/hu\/wp-json\/wp\/v2\/product_brand?post=3777"},{"taxonomy":"product_cat","embeddable":true,"href":"https:\/\/vozolpuff.de\/hu\/wp-json\/wp\/v2\/product_cat?post=3777"},{"taxonomy":"product_tag","embeddable":true,"href":"https:\/\/vozolpuff.de\/hu\/wp-json\/wp\/v2\/product_tag?post=3777"}],"curies":[{"name":"wp","href":"https:\/\/api.w.org\/{rel}","templated":true}]}}