{"id":3786,"date":"2025-09-09T10:39:51","date_gmt":"2025-09-09T08:39:51","guid":{"rendered":"https:\/\/vozolpuff.de\/?post_type=product&#038;p=3786"},"modified":"2025-09-09T10:39:51","modified_gmt":"2025-09-09T08:39:51","slug":"randm-tornado-7000-blueberry-bubblegum","status":"publish","type":"product","link":"https:\/\/vozolpuff.de\/hu\/termek\/randm-tornado-7000-blueberry-bubblegum\/","title":{"rendered":"RandM Tornado 7000 \u00e1fonya r\u00e1g\u00f3gumi"},"content":{"rendered":"<h2 class=\"text-xl font-bold text-text-100 mt-1 -mb-0.5\">RandM Tornado 7000 Blueberry Bubblegum eldobhat\u00f3 e-cigaretta<\/h2>\n<p class=\"whitespace-normal break-words\">A RandM Tornado 7000 Blueberry Bubblegum Vape leny\u0171g\u00f6z\u0151 7000 sz\u00edv\u00e1st biztos\u00edt eszk\u00f6z\u00f6nk\u00e9nt, 14 ml e-liquid t\u00f6ltettel \u00e9s 0%, 2%, 3% \u00e9s 5% nikotinszinttel. 850 mAh-s \u00fajrat\u00f6lthet\u0151 akkumul\u00e1torral, huzatvez\u00e9rl\u00e9ssel \u00e9s modern h\u00e1l\u00f3s tekercs technol\u00f3gi\u00e1val van felszerelve. A Tornado R&amp;M 7000 Blueberry Bubblegum els\u0151 haszn\u00e1lata el\u0151tt az e-liquid felt\u00f6lt\u00e9se ut\u00e1n k\u00f6r\u00fclbel\u00fcl 2 perc v\u00e1rakoz\u00e1si id\u0151t javaslunk. Ez a tel\u00edt\u00e9si f\u00e1zis biztos\u00edtja az optim\u00e1lis felsz\u00edv\u00f3d\u00e1st \u00e9s t\u00f6k\u00e9letes\u00edti az \u00e9des-gy\u00fcm\u00f6lcs\u00f6s g\u0151z\u00f6lg\u00e9si \u00e9lm\u00e9nyt.<\/p>\n<h3 class=\"text-lg font-bold text-text-100 mt-1 -mb-1.5\">RandM Tornado 7000 Blueberry Bubblegum jellemz\u0151k:<\/h3>\n<p class=\"whitespace-normal break-words\">A RandM Tornado 7000 Blueberry Bubblegum eldobhat\u00f3 e-cigaretta \u2013 egy nagy teljes\u00edtm\u00e9ny\u0171 g\u0151zk\u00e9sz\u00fcl\u00e9k, amely a fekete \u00e1fonya term\u00e9szetes \u00e9dess\u00e9g\u00e9t \u00f6tv\u00f6zi a r\u00e1g\u00f3gumi nosztalgikus \u00e9dess\u00e9g\u00e9vel egy eleg\u00e1ns tokban. Kiv\u00e1l\u00f3 teljes\u00edtm\u00e9ny\u00e9vel, ak\u00e1r 7000 sz\u00edv\u00e1ssal, ez az eldobhat\u00f3 e-cigaretta ide\u00e1lis azoknak a rajong\u00f3knak, akik tart\u00f3s \u00e9s \u00e9des-gy\u00fcm\u00f6lcs\u00f6s \u00edz\u00e9lm\u00e9nyt keresnek.<\/p>\n<p class=\"whitespace-normal break-words\">A Blueberry Bubblegum Tornado egy er\u0151teljes 850 mAh-s akkumul\u00e1torral \u00e9s egy jelent\u0151s, 14 ml-es el\u0151re felt\u00f6lt\u00f6tt e-liquid tart\u00e1llyal rendelkezik, \u00edgy hossz\u00fa ideig tart\u00f3 g\u0151z\u00f6l\u00e9st biztos\u00edt. A szab\u00e1lyozhat\u00f3 l\u00e9g\u00e1raml\u00e1s-szab\u00e1lyoz\u00e1s egy \u00faj dimenzi\u00f3t ad az egy\u00e9nis\u00e9ghez, \u00e9s lehet\u0151v\u00e9 teszi, hogy a g\u0151z\u00f6l\u00e9si \u00e9lm\u00e9nyt az \u00d6n elk\u00e9pzel\u00e9sei szerint m\u00f3dos\u00edtsa.<\/p>\n<p class=\"whitespace-normal break-words\">A mobil g\u0151z\u00f6l\u0151k sz\u00e1m\u00e1ra tervezett Tornado hordozhat\u00f3 kialak\u00edt\u00e1s\u00e1val \u00e9s a sz\u00edv\u00e1ssal aktiv\u00e1l\u00f3d\u00f3 aktiv\u00e1l\u00f3 mechanizmus\u00e1val rendk\u00edv\u00fcl felhaszn\u00e1l\u00f3bar\u00e1t. A Blueberry Bubblegum \u00edz \u00e9des \u00e1fony\u00e1t \u00e9s r\u00e1g\u00f3gumi arom\u00e1t \u00f6tv\u00f6z, ami j\u00e1t\u00e9kos \u00edz\u00e9lm\u00e9nyt ny\u00fajt. A Tornado 7000 nikotins\u00f3-koncentr\u00e1ci\u00f3ban 0%, 2%, 3% \u00e9s 5% v\u00e1ltozatokban kaphat\u00f3, \u00edgy k\u00fcl\u00f6nb\u00f6z\u0151 ig\u00e9nyeknek felel meg.<\/p>\n<h3 class=\"text-lg font-bold text-text-100 mt-1 -mb-1.5\">M\u0171szaki jellemz\u0151k<\/h3>\n<p class=\"whitespace-normal break-words\">\u2611 Nikotinv\u00e1ltozatok: 0% \/2%\/3%\/5%<br \/>\n\u2611 Folyad\u00e9k kapacit\u00e1s: 14 ml<br \/>\n\u2611 G\u0151zvonatok k\u00e9sz\u00fcl\u00e9kenk\u00e9nt: 7000<br \/>\n\u2611 L\u00e9g\u00e1raml\u00e1s be\u00e1ll\u00edt\u00e1sa<br \/>\n\u2611 C t\u00edpus\u00fa t\u00e1pell\u00e1t\u00e1s<br \/>\n\u2611 \u00dajrat\u00f6lthet\u0151 \u00e1ramcell\u00e1k<br \/>\n\u2611 Be\u00e9p\u00edtett 850 mAh-s t\u00e1pegys\u00e9g<\/p>\n<h3 class=\"text-lg font-bold text-text-100 mt-1 -mb-1.5\">Fedezzen fel m\u00e9g t\u00f6bb FUMOT VAPE-t a vozolpuff-on<\/h3>\n<p class=\"whitespace-normal break-words\">B\u00f6ng\u00e9sszen sz\u00e9les v\u00e1laszt\u00e9kunkban a <strong><a class=\"underline\" href=\"https:\/\/vozolpuff.de\/hu\/\">Webes jelenl\u00e9t<\/a><\/strong>, fedezze fel az els\u0151 oszt\u00e1ly\u00fa vape term\u00e9keket a <strong><a class=\"underline\" href=\"https:\/\/vozolpuff.de\/hu\/product-category\/fumot-vape\/\">FUMOT VAPE rovat<\/a><\/strong> vagy keresse meg az eg\u00e9sz <strong><a class=\"underline\" href=\"https:\/\/vozolpuff.de\/hu\/product-category\/fumot-vape\/randm-tornado-7000\/\">RandM Tornado 7000 \u00edzvil\u00e1g<\/a><\/strong>.<\/p>","protected":false},"excerpt":{"rendered":"<p>A RandM Tornado 7000 Blueberry Bubblegum eldobhat\u00f3 vape term\u00e9szetes \u00e1fonya \u00e9dess\u00e9get \u00e9s nosztalgikus r\u00e1g\u00f3gumi arom\u00e1t \u00f6tv\u00f6z. 7000 sz\u00edv\u00e1ssal, 14 ml e-liquid kapacit\u00e1ssal, 850 mAh akkumul\u00e1torral \u00e9s Mesh Coil technol\u00f3gi\u00e1val tart\u00f3s g\u0151z\u00e9lm\u00e9nyt ny\u00fajt 0%, 2%, 3% vagy 5% nikotintartalommal. Ism\u00e9tl\u00e9s<\/p>","protected":false},"featured_media":3789,"comment_status":"open","ping_status":"closed","template":"","meta":{"_acf_changed":false},"product_brand":[],"product_cat":[50],"product_tag":[],"class_list":{"0":"post-3786","1":"product","2":"type-product","3":"status-publish","4":"has-post-thumbnail","6":"product_cat-randm-tornado-7000","8":"first","9":"instock","10":"shipping-taxable","11":"purchasable","12":"product-type-variable"},"acf":[],"_links":{"self":[{"href":"https:\/\/vozolpuff.de\/hu\/wp-json\/wp\/v2\/product\/3786","targetHints":{"allow":["GET"]}}],"collection":[{"href":"https:\/\/vozolpuff.de\/hu\/wp-json\/wp\/v2\/product"}],"about":[{"href":"https:\/\/vozolpuff.de\/hu\/wp-json\/wp\/v2\/types\/product"}],"replies":[{"embeddable":true,"href":"https:\/\/vozolpuff.de\/hu\/wp-json\/wp\/v2\/comments?post=3786"}],"wp:featuredmedia":[{"embeddable":true,"href":"https:\/\/vozolpuff.de\/hu\/wp-json\/wp\/v2\/media\/3789"}],"wp:attachment":[{"href":"https:\/\/vozolpuff.de\/hu\/wp-json\/wp\/v2\/media?parent=3786"}],"wp:term":[{"taxonomy":"product_brand","embeddable":true,"href":"https:\/\/vozolpuff.de\/hu\/wp-json\/wp\/v2\/product_brand?post=3786"},{"taxonomy":"product_cat","embeddable":true,"href":"https:\/\/vozolpuff.de\/hu\/wp-json\/wp\/v2\/product_cat?post=3786"},{"taxonomy":"product_tag","embeddable":true,"href":"https:\/\/vozolpuff.de\/hu\/wp-json\/wp\/v2\/product_tag?post=3786"}],"curies":[{"name":"wp","href":"https:\/\/api.w.org\/{rel}","templated":true}]}}