{"id":3804,"date":"2025-09-09T10:45:19","date_gmt":"2025-09-09T08:45:19","guid":{"rendered":"https:\/\/vozolpuff.de\/?post_type=product&#038;p=3804"},"modified":"2025-09-09T10:45:20","modified_gmt":"2025-09-09T08:45:20","slug":"randm-tornado-7000-mr-blue","status":"publish","type":"product","link":"https:\/\/vozolpuff.de\/hu\/termek\/randm-tornado-7000-mr-blue\/","title":{"rendered":"RandM Tornado 7000 Mr Blue"},"content":{"rendered":"<h2 class=\"text-xl font-bold text-text-100 mt-1 -mb-0.5\">RandM Tornado 7000 Mr Blue eldobhat\u00f3 e-cigaretta<\/h2>\n<p class=\"whitespace-normal break-words\">A RandM Tornado 7000 Mr Blue Vape figyelemre m\u00e9lt\u00f3 7000 puffot k\u00edn\u00e1l egys\u00e9genk\u00e9nt 14ml e-folyad\u00e9k kapacit\u00e1ssal \u00e9s 0%, 2%, 3% \u00e9s 5% nikotinszintekkel. Rendelkezik 850mAh-s \u00fajrat\u00f6lthet\u0151 akkumul\u00e1torral, h\u00faz\u00e1svez\u00e9rl\u00e9ssel \u00e9s modern h\u00e1l\u00f3s tekercs technol\u00f3gi\u00e1val. A Tornado R&amp;M 7000 Mr Blue els\u0151 haszn\u00e1lata el\u0151tt, az e-folyad\u00e9kkal val\u00f3 felt\u00f6lt\u00e9s ut\u00e1n kb. 2 perc sz\u00fcnetet kell tartani. Ez a felsz\u00edv\u00f3d\u00e1si id\u0151 biztos\u00edtja a t\u00f6k\u00e9letes tel\u00edtetts\u00e9get \u00e9s maximaliz\u00e1lja az intenz\u00edv, bogy\u00f3s gy\u00fcm\u00f6lcs\u00f6s g\u0151z \u00e9lm\u00e9ny\u00e9t.<\/p>\n<h3 class=\"text-lg font-bold text-text-100 mt-1 -mb-1.5\">RandM Tornado 7000 Mr Blue Jellemz\u0151k:<\/h3>\n<p class=\"whitespace-normal break-words\">A RandM Tornado 7000 Mr Blue Disposable - egy g\u0151z mesterm\u0171, amely a kevert k\u00e9k bogy\u00f3s gy\u00fcm\u00f6lcs\u00f6k komplex \u00e9dess\u00e9g\u00e9t \u00e9s titokzatos m\u00e9lys\u00e9g\u00e9t kompakt kivitelben \u00f6tv\u00f6zi. Rendk\u00edv\u00fcli, ak\u00e1r 7000 p\u00f6f\u00e9kel\u00e9snyi tart\u00f3ss\u00e1g\u00e1val ez az eldobhat\u00f3 e-cigaretta ide\u00e1lis a hosszan tart\u00f3 \u00e9s t\u00f6bbr\u00e9teg\u0171 \u00edz\u00e9lm\u00e9nyt kedvel\u0151 felhaszn\u00e1l\u00f3k sz\u00e1m\u00e1ra.<\/p>\n<p class=\"whitespace-normal break-words\">A Mr Blue Tornado megb\u00edzhat\u00f3 850mAh akkumul\u00e1torral \u00e9s egy nagyvonal\u00fa 14ml-es e-folyad\u00e9k tart\u00e1llyal felszerelve biztos\u00edtja a kiterjedt g\u0151z\u00f6l\u00e9si pillanatokat. Az \u00e1ll\u00edthat\u00f3 l\u00e9g\u00e1raml\u00e1s-szab\u00e1lyoz\u00f3 tov\u00e1bbi testreszab\u00e1si szinteket biztos\u00edt, \u00e9s k\u00e9pess\u00e9 teszi \u00d6nt arra, hogy finomhangolja a p\u00e1rologtat\u00e1s \u00e9lm\u00e9ny\u00e9t.<\/p>\n<p class=\"whitespace-normal break-words\">A Tornado az \u00fatk\u00f6zbeni p\u00e1rologtat\u00e1s rajong\u00f3i sz\u00e1m\u00e1ra k\u00e9sz\u00fclt, \u00e9s leny\u0171g\u00f6z\u0151 a praktikus form\u00e1tum\u00e1val \u00e9s a h\u00faz\u00e1ssal aktiv\u00e1lhat\u00f3 kiold\u00f3mechanizmus\u00e1val, ami rendk\u00edv\u00fcl felhaszn\u00e1l\u00f3bar\u00e1tt\u00e1 teszi. A Mr Blue \u00edz a k\u00e9k gy\u00fcm\u00f6lcs\u00f6k \u00f6sszetett kever\u00e9k\u00e9t k\u00edn\u00e1lja a m\u00e9ly, bogy\u00f3s \u00edz\u00e9lm\u00e9ny\u00e9rt. A Tornado 7000 a 0%, 2%, 3% \u00e9s 5% nikotins\u00f3-v\u00e1ltozatokban kaphat\u00f3, \u00e9s sz\u00e9les k\u00f6r\u0171 ig\u00e9nyeket el\u00e9g\u00edt ki.<\/p>\n<h3 class=\"text-lg font-bold text-text-100 mt-1 -mb-1.5\">A k\u00e9sz\u00fcl\u00e9k specifik\u00e1ci\u00f3i<\/h3>\n<p class=\"whitespace-normal break-words\">\u2611 Nikotin er\u0151ss\u00e9g: 0% \/2%\/3%\/5%<br \/>\n\u2611 Tart\u00e1ly tartalma: 14ml<br \/>\nPuffok egys\u00e9genk\u00e9nt: 7000<br \/>\n\u2611 Leveg\u0151\u00e1raml\u00e1s-szab\u00e1lyoz\u00e1s<br \/>\n\u2611 C-t\u00edpus\u00fa t\u00f6lt\u00e9s<br \/>\n\u00dajrat\u00f6lthet\u0151 akkumul\u00e1torcella<br \/>\n\u2611 Integr\u00e1lt 850mAh t\u00e1pegys\u00e9g<\/p>\n<h3 class=\"text-lg font-bold text-text-100 mt-1 -mb-1.5\">Fedezzen fel m\u00e9g t\u00f6bb FUMOT VAPE-t a vozolpuff-on<\/h3>\n<p class=\"whitespace-normal break-words\">B\u00f6ng\u00e9sszen \u00e1tfog\u00f3 portf\u00f3li\u00f3nkban a <strong><a class=\"underline\" href=\"https:\/\/vozolpuff.de\/hu\/\">Honlap<\/a><\/strong>, fedezze fel a kiv\u00e1l\u00f3 min\u0151s\u00e9g\u0171 p\u00e1ra term\u00e9keket a <strong><a class=\"underline\" href=\"https:\/\/vozolpuff.de\/hu\/product-category\/fumot-vape\/\">FUMOT VAPE oszt\u00e1ly<\/a><\/strong> vagy fedezze fel a teljes <strong><a class=\"underline\" href=\"https:\/\/vozolpuff.de\/hu\/product-category\/fumot-vape\/randm-tornado-7000\/\">RandM Tornado 7000 \u00edzv\u00e1laszt\u00e9k<\/a><\/strong>.<\/p>","protected":false},"excerpt":{"rendered":"<p>A RandM Tornado 7000 Mr Blue eldobhat\u00f3 vape a kevert k\u00e9k bogy\u00f3s gy\u00fcm\u00f6lcs\u00f6k komplex \u00e9dess\u00e9g\u00e9t kombin\u00e1lja titokzatos m\u00e9lys\u00e9ggel. 7000 puffol\u00e1ssal, 14ml e-folyad\u00e9k kapacit\u00e1ssal, 850mAh akkumul\u00e1torral \u00e9s h\u00e1l\u00f3s tekercs technol\u00f3gi\u00e1val, hosszan tart\u00f3 g\u0151z\u00e9lvezetet k\u00edn\u00e1l 0%, 2%, 3% vagy 5% nikotinban. ism\u00e9tl\u00e9s.<\/p>","protected":false},"featured_media":3808,"comment_status":"open","ping_status":"closed","template":"","meta":{"_acf_changed":false},"product_brand":[],"product_cat":[50],"product_tag":[],"class_list":{"0":"post-3804","1":"product","2":"type-product","3":"status-publish","4":"has-post-thumbnail","6":"product_cat-randm-tornado-7000","8":"first","9":"instock","10":"shipping-taxable","11":"purchasable","12":"product-type-variable"},"acf":[],"_links":{"self":[{"href":"https:\/\/vozolpuff.de\/hu\/wp-json\/wp\/v2\/product\/3804","targetHints":{"allow":["GET"]}}],"collection":[{"href":"https:\/\/vozolpuff.de\/hu\/wp-json\/wp\/v2\/product"}],"about":[{"href":"https:\/\/vozolpuff.de\/hu\/wp-json\/wp\/v2\/types\/product"}],"replies":[{"embeddable":true,"href":"https:\/\/vozolpuff.de\/hu\/wp-json\/wp\/v2\/comments?post=3804"}],"wp:featuredmedia":[{"embeddable":true,"href":"https:\/\/vozolpuff.de\/hu\/wp-json\/wp\/v2\/media\/3808"}],"wp:attachment":[{"href":"https:\/\/vozolpuff.de\/hu\/wp-json\/wp\/v2\/media?parent=3804"}],"wp:term":[{"taxonomy":"product_brand","embeddable":true,"href":"https:\/\/vozolpuff.de\/hu\/wp-json\/wp\/v2\/product_brand?post=3804"},{"taxonomy":"product_cat","embeddable":true,"href":"https:\/\/vozolpuff.de\/hu\/wp-json\/wp\/v2\/product_cat?post=3804"},{"taxonomy":"product_tag","embeddable":true,"href":"https:\/\/vozolpuff.de\/hu\/wp-json\/wp\/v2\/product_tag?post=3804"}],"curies":[{"name":"wp","href":"https:\/\/api.w.org\/{rel}","templated":true}]}}