{"id":3813,"date":"2025-09-09T10:47:54","date_gmt":"2025-09-09T08:47:54","guid":{"rendered":"https:\/\/vozolpuff.de\/?post_type=product&#038;p=3813"},"modified":"2025-09-09T10:47:55","modified_gmt":"2025-09-09T08:47:55","slug":"randm-tornado-7000-apple-peach-pear","status":"publish","type":"product","link":"https:\/\/vozolpuff.de\/hu\/termek\/randm-tornado-7000-apple-peach-pear\/","title":{"rendered":"RandM Tornado 7000 alma barack k\u00f6rte"},"content":{"rendered":"<h2 class=\"text-xl font-bold text-text-100 mt-1 -mb-0.5\">RandM Tornado 7000 Apple Peach Pear eldobhat\u00f3 e-cigaretta<\/h2>\n<p class=\"whitespace-normal break-words\">A RandM Tornado 7000 Apple Peach Pear e-cigaretta kiemelked\u0151 7000 slukkot tesz lehet\u0151v\u00e9 k\u00e9sz\u00fcl\u00e9kenk\u00e9nt 14ml-es e-folyad\u00e9k t\u00f6lt\u00e9ssel \u00e9s 0%, 2%, 3% \u00e9s 5% nikotin koncentr\u00e1ci\u00f3val. A k\u00e9sz\u00fcl\u00e9k 850mAh-s \u00fajrat\u00f6lthet\u0151 akkumul\u00e1torral, l\u00e9g\u00e1raml\u00e1s-szab\u00e1lyoz\u00e1ssal \u00e9s fejlett h\u00e1l\u00f3s tekercs technol\u00f3gi\u00e1val van felszerelve. A Tornado R&amp;M 7000 Apple Peach Pear els\u0151 haszn\u00e1latba v\u00e9tele el\u0151tt az e-folyad\u00e9kkal val\u00f3 felt\u00f6lt\u00e9s ut\u00e1n k\u00f6r\u00fclbel\u00fcl 2 perc v\u00e1rakoz\u00e1si f\u00e1zist aj\u00e1nlunk. Ez a pihen\u0151id\u0151 biztos\u00edtja az optim\u00e1lis felsz\u00edv\u00f3d\u00e1st \u00e9s t\u00f6k\u00e9letess\u00e9 teszi a h\u00e1romszoros gy\u00fcm\u00f6lcs\u00f6s g\u0151z \u00e9lm\u00e9ny\u00e9t.<\/p>\n<h3 class=\"text-lg font-bold text-text-100 mt-1 -mb-1.5\">RandM Tornado 7000 Apple Peach Pear Jellemz\u0151k:<\/h3>\n<p class=\"whitespace-normal break-words\">A RandM Tornado 7000 Apple Peach Pear eldobhat\u00f3 e-cigaretta - egy pr\u00e9mium min\u0151s\u00e9g\u0171 p\u00e1rologtat\u00f3 k\u00e9sz\u00fcl\u00e9k, amely az alma, az \u0151szibarack \u00e9s a k\u00f6rte harmonikus \u00e9dess\u00e9g\u00e9t hangszereli egy eleg\u00e1ns burkolatban. A leny\u0171g\u00f6z\u0151, ak\u00e1r 7000 p\u00f6f\u00e9kel\u00e9st is lehet\u0151v\u00e9 tev\u0151 teljes\u00edtm\u00e9ny\u00e9vel ez az eldobhat\u00f3 e-cigaretta ide\u00e1lis azoknak a rajong\u00f3knak, akik hosszan tart\u00f3 \u00e9s \u00f6sszetett gy\u00fcm\u00f6lcs\u00f6s \u00edzre v\u00e1gynak.<\/p>\n<p class=\"whitespace-normal break-words\">Az Apple Peach Pear Tornado egy nagy teljes\u00edtm\u00e9ny\u0171 850mAh akkumul\u00e1torral \u00e9s egy t\u00e1gas, 14ml-es, el\u0151ret\u00f6lt\u00f6tt e-folyad\u00e9k tart\u00e1llyal felszerelt, \u00edgy garant\u00e1lja a hosszan tart\u00f3 g\u0151z\u00f6l\u00e9st. A modul\u00e1lhat\u00f3 l\u00e9g\u00e1raml\u00e1s-szab\u00e1lyoz\u00f3 tov\u00e1bbi szem\u00e9lyre szab\u00e1si lehet\u0151s\u00e9geket tesz lehet\u0151v\u00e9, \u00e9s lehet\u0151v\u00e9 teszi, hogy a p\u00e1rologtat\u00e1si \u00e9lm\u00e9nyt a saj\u00e1t preferenci\u00e1inak megfelel\u0151en konfigur\u00e1lja.<\/p>\n<p class=\"whitespace-normal break-words\">A mobil vape szerelmeseinek kifejlesztett Tornado kompakt kialak\u00edt\u00e1s\u00e1val \u00e9s inhal\u00e1ci\u00f3val vez\u00e9relt aktiv\u00e1l\u00e1si rendszer\u00e9vel, amely rendk\u00edv\u00fcl felhaszn\u00e1l\u00f3bar\u00e1tt\u00e1 teszi. Az Apple Peach Pear \u00edz h\u00e1rom klasszikus gy\u00fcm\u00f6lcs\u00f6t kombin\u00e1l a kiegyens\u00falyozott, t\u00f6bbr\u00e9teg\u0171 \u00edz\u00e9lm\u00e9ny \u00e9rdek\u00e9ben. A Tornado 7000 nikotins\u00f3s v\u00e1ltozatban kaphat\u00f3 0%, 2%, 3% \u00e9s 5%, \u00e9s k\u00fcl\u00f6nb\u00f6z\u0151 ig\u00e9nyeket sz\u00f3l\u00edt meg.<\/p>\n<h3 class=\"text-lg font-bold text-text-100 mt-1 -mb-1.5\">Hardveres adatok<\/h3>\n<p class=\"whitespace-normal break-words\">\u2611 Nikotin tartalom: 0% \/2%\/3%\/5%<br \/>\n\u2611 E-liquid kapacit\u00e1s: 14ml<br \/>\n\u2611 G\u0151zmozdonyok egys\u00e9genk\u00e9nt: 7000<br \/>\n\u2611 L\u00e9g\u00e1raml\u00e1s m\u00f3dos\u00edt\u00e1sa<br \/>\n\u2611 C-t\u00edpus\u00fa \u00fajrat\u00f6lt\u00e9s<br \/>\n\u00dajrat\u00f6lthet\u0151 energiaforr\u00e1s<br \/>\n\u2611 Integr\u00e1lt 850mAh akkumul\u00e1torcsomag<\/p>\n<h3 class=\"text-lg font-bold text-text-100 mt-1 -mb-1.5\">Fedezzen fel m\u00e9g t\u00f6bb FUMOT VAPE-t a vozolpuff-on<\/h3>\n<p class=\"whitespace-normal break-words\">B\u00f6ng\u00e9sszen term\u00e9keink sz\u00e9les v\u00e1laszt\u00e9k\u00e1ban a <strong><a class=\"underline\" href=\"https:\/\/vozolpuff.de\/hu\/\">F\u0151 platform<\/a><\/strong>fedezze fel a pr\u00e9mium vaping eszk\u00f6z\u00f6ket a <strong><a class=\"underline\" href=\"https:\/\/vozolpuff.de\/hu\/product-category\/fumot-vape\/\">FUMOT VAPE kateg\u00f3ria<\/a><\/strong> vagy b\u00f6ng\u00e9szhet a teljes <strong><a class=\"underline\" href=\"https:\/\/vozolpuff.de\/hu\/product-category\/fumot-vape\/randm-tornado-7000\/\">RandM Tornado 7000 \u00edzv\u00e1laszt\u00e9k<\/a><\/strong>.<\/p>","protected":false},"excerpt":{"rendered":"<p>A RandM Tornado 7000 Apple Peach Pear eldobhat\u00f3 vape az alma, az \u0151szibarack \u00e9s a k\u00f6rte harmonikus \u00e9dess\u00e9g\u00e9t hangszereli. A 7000 puffol\u00e1ssal, 14ml e-folyad\u00e9k kapacit\u00e1ssal, 850mAh akkumul\u00e1torral \u00e9s h\u00e1l\u00f3s tekercs technol\u00f3gi\u00e1val hosszan tart\u00f3 g\u0151z\u00e9lvezetet k\u00edn\u00e1l 0%, 2%, 3% vagy 5% nikotinban.<\/p>","protected":false},"featured_media":3817,"comment_status":"open","ping_status":"closed","template":"","meta":{"_acf_changed":false},"product_brand":[],"product_cat":[50],"product_tag":[],"class_list":{"0":"post-3813","1":"product","2":"type-product","3":"status-publish","4":"has-post-thumbnail","6":"product_cat-randm-tornado-7000","8":"first","9":"instock","10":"shipping-taxable","11":"purchasable","12":"product-type-variable"},"acf":[],"_links":{"self":[{"href":"https:\/\/vozolpuff.de\/hu\/wp-json\/wp\/v2\/product\/3813","targetHints":{"allow":["GET"]}}],"collection":[{"href":"https:\/\/vozolpuff.de\/hu\/wp-json\/wp\/v2\/product"}],"about":[{"href":"https:\/\/vozolpuff.de\/hu\/wp-json\/wp\/v2\/types\/product"}],"replies":[{"embeddable":true,"href":"https:\/\/vozolpuff.de\/hu\/wp-json\/wp\/v2\/comments?post=3813"}],"wp:featuredmedia":[{"embeddable":true,"href":"https:\/\/vozolpuff.de\/hu\/wp-json\/wp\/v2\/media\/3817"}],"wp:attachment":[{"href":"https:\/\/vozolpuff.de\/hu\/wp-json\/wp\/v2\/media?parent=3813"}],"wp:term":[{"taxonomy":"product_brand","embeddable":true,"href":"https:\/\/vozolpuff.de\/hu\/wp-json\/wp\/v2\/product_brand?post=3813"},{"taxonomy":"product_cat","embeddable":true,"href":"https:\/\/vozolpuff.de\/hu\/wp-json\/wp\/v2\/product_cat?post=3813"},{"taxonomy":"product_tag","embeddable":true,"href":"https:\/\/vozolpuff.de\/hu\/wp-json\/wp\/v2\/product_tag?post=3813"}],"curies":[{"name":"wp","href":"https:\/\/api.w.org\/{rel}","templated":true}]}}