{"id":3822,"date":"2025-09-09T10:50:27","date_gmt":"2025-09-09T08:50:27","guid":{"rendered":"https:\/\/vozolpuff.de\/?post_type=product&#038;p=3822"},"modified":"2025-09-09T10:50:27","modified_gmt":"2025-09-09T08:50:27","slug":"randm-tornado-7000-blueberry-pomegranate","status":"publish","type":"product","link":"https:\/\/vozolpuff.de\/hu\/termek\/randm-tornado-7000-blueberry-pomegranate\/","title":{"rendered":"RandM Tornado 7000 \u00e1fonya gr\u00e1n\u00e1talma"},"content":{"rendered":"<h2 class=\"text-xl font-bold text-text-100 mt-1 -mb-0.5\">RandM Tornado 7000 Blueberry Gr\u00e1n\u00e1talma eldobhat\u00f3 e-cigaretta<\/h2>\n<p class=\"whitespace-normal break-words\">A RandM Tornado 7000 Blueberry Pomegranate Vape l\u00e1tv\u00e1nyos 7000 puffot k\u00edn\u00e1l egys\u00e9genk\u00e9nt 14ml e-folyad\u00e9k kapacit\u00e1ssal \u00e9s 0%, 2%, 3% \u00e9s 5% nikotinszintekkel. Rendelkezik 850mAh-s \u00fajrat\u00f6lthet\u0151 akkumul\u00e1torral, h\u00faz\u00e1svez\u00e9rl\u00e9ssel \u00e9s innovat\u00edv h\u00e1l\u00f3s tekercs technol\u00f3gi\u00e1val. A Tornado R&amp;M 7000 Blueberry Pomegranate els\u0151 haszn\u00e1lata el\u0151tt v\u00e1rjon k\u00f6r\u00fclbel\u00fcl 2 percet az e-nedvvel val\u00f3 felt\u00f6lt\u00e9s ut\u00e1n. Ez a tel\u00edt\u00e9si id\u0151 biztos\u00edtja az ide\u00e1lis penetr\u00e1ci\u00f3t \u00e9s maximaliz\u00e1lja az antioxid\u00e1nsokban gazdag vaping \u00e9lm\u00e9nyt.<\/p>\n<h3 class=\"text-lg font-bold text-text-100 mt-1 -mb-1.5\">RandM Tornado 7000 \u00c1fonya Gr\u00e1n\u00e1talma Jellemz\u0151k:<\/h3>\n<p class=\"whitespace-normal break-words\">A RandM Tornado 7000 Blueberry Pomegranate Disposable - egy p\u00e1rologtat\u00f3 er\u0151m\u0171, amely az \u00e1fonya \u00e9des intenzit\u00e1s\u00e1t a gr\u00e1n\u00e1talma fanyar-\u00e9des komplexit\u00e1s\u00e1val \u00f6tv\u00f6zi egy kifinomult csomagol\u00e1sban. Figyelemre m\u00e9lt\u00f3, ak\u00e1r 7000 sz\u00edv\u00e1sig tart\u00f3 tart\u00f3 tart\u00f3ss\u00e1g\u00e1val ez az eldobhat\u00f3 e-cigaretta t\u00f6k\u00e9letes az \u00ednyencek sz\u00e1m\u00e1ra, akik \u00e9rt\u00e9kelik a hosszan tart\u00f3 \u00e9s kifinomult \u00edz\u00e9lm\u00e9nyt.<\/p>\n<p class=\"whitespace-normal break-words\">A robusztus 850mAh akkumul\u00e1torral \u00e9s jelent\u0151s, 14 ml-es el\u0151k\u00e9sz\u00edtett e-folyad\u00e9k tart\u00e1ly\u00e1val felszerelt Blueberry Pomegranate Tornado hossz\u00fa ideig tart\u00f3 g\u0151zf\u00e1zisokat biztos\u00edt. Az \u00e1ll\u00edthat\u00f3 l\u00e9g\u00e1raml\u00e1s-szab\u00e1lyoz\u00f3 tov\u00e1bbi testreszab\u00e1si szinteket k\u00edn\u00e1l, \u00e9s lehet\u0151v\u00e9 teszi a p\u00e1rologtat\u00e1si \u00e9lm\u00e9ny egy\u00e9ni be\u00e1ll\u00edt\u00e1s\u00e1t.<\/p>\n<p class=\"whitespace-normal break-words\">Az \u00fatk\u00f6zbeni p\u00e1rologtat\u00f3k sz\u00e1m\u00e1ra tervezett Tornado a praktikus form\u00e1tum\u00e1val \u00e9s a l\u00e9gz\u00e9ssel aktiv\u00e1lhat\u00f3 gy\u00fajt\u00f3szerkezettel t\u0171nik ki, ami rendk\u00edv\u00fcl felhaszn\u00e1l\u00f3bar\u00e1tt\u00e1 teszi. Az \u00e1fonya gr\u00e1n\u00e1talma \u00edz az \u00e9des \u00e1fony\u00e1t \u00e9s a fanyar-\u00e9des gr\u00e1n\u00e1talm\u00e1t \u00f6tv\u00f6zi a kifinomult, gy\u00fcm\u00f6lcs\u00f6s p\u00e1rologtat\u00e1si \u00e9lm\u00e9ny\u00e9rt. A Tornado 7000 nikotins\u00f3 fokozatokban kaphat\u00f3: 0%, 2%, 3% \u00e9s 5%, \u00e9s k\u00fcl\u00f6nb\u00f6z\u0151 preferenci\u00e1kat szolg\u00e1l ki.<\/p>\n<h3 class=\"text-lg font-bold text-text-100 mt-1 -mb-1.5\">M\u0171szaki specifik\u00e1ci\u00f3k<\/h3>\n<p class=\"whitespace-normal break-words\">\u2611 Nikotinv\u00e1ltozatok: 0% \/2%\/3%\/5%<br \/>\n\u2611 Folyad\u00e9k t\u00e9rfogata: 14ml<br \/>\nBel\u00e9gz\u00e9sek egys\u00e9genk\u00e9nt: 7000<br \/>\n\u2611 L\u00e9g\u00e1raml\u00e1s be\u00e1ll\u00edt\u00e1sa<br \/>\nC t\u00edpus\u00fa t\u00f6lt\u0151port<br \/>\n\u00dajrat\u00f6lthet\u0151 akkumul\u00e1tor egys\u00e9g<br \/>\n\u2611 Be\u00e9p\u00edtett 850mAh energiat\u00e1rol\u00f3 egys\u00e9g<\/p>\n<h3 class=\"text-lg font-bold text-text-100 mt-1 -mb-1.5\">Fedezzen fel m\u00e9g t\u00f6bb FUMOT VAPE-t a vozolpuff-on<\/h3>\n<p class=\"whitespace-normal break-words\">Fedezze fel term\u00e9keink sz\u00e9les v\u00e1laszt\u00e9k\u00e1t a <strong><a class=\"underline\" href=\"https:\/\/vozolpuff.de\/hu\/\">Honlap<\/a><\/strong>, fedezze fel a kiv\u00e1l\u00f3 min\u0151s\u00e9g\u0171 g\u0151z term\u00e9keket a <strong><a class=\"underline\" href=\"https:\/\/vozolpuff.de\/hu\/product-category\/fumot-vape\/\">FUMOT VAPE r\u00e9szleg<\/a><\/strong> vagy b\u00f6ng\u00e9szhet a teljes <strong><a class=\"underline\" href=\"https:\/\/vozolpuff.de\/hu\/product-category\/fumot-vape\/randm-tornado-7000\/\">RandM Tornado 7000 \u00cdzek sokas\u00e1ga<\/a><\/strong>.<\/p>","protected":false},"excerpt":{"rendered":"<p>A RandM Tornado 7000 Blueberry Pomegranate eldobhat\u00f3 vape az \u00e9des \u00e1fony\u00e1t a fanyar-\u00e9des gr\u00e1n\u00e1talma komplexit\u00e1s\u00e1val \u00f6tv\u00f6zi. 7000 puffol\u00e1ssal, 14ml e-folyad\u00e9k kapacit\u00e1ssal, 850mAh akkumul\u00e1torral \u00e9s h\u00e1l\u00f3s tekercs technol\u00f3gi\u00e1val, hosszan tart\u00f3 g\u0151z\u00e9lvezetet k\u00edn\u00e1l 0%, 2%, 3% vagy 5% nikotinban. ism\u00e9tl\u00e9s.<\/p>","protected":false},"featured_media":3826,"comment_status":"open","ping_status":"closed","template":"","meta":{"_acf_changed":false},"product_brand":[],"product_cat":[50],"product_tag":[],"class_list":{"0":"post-3822","1":"product","2":"type-product","3":"status-publish","4":"has-post-thumbnail","6":"product_cat-randm-tornado-7000","8":"first","9":"instock","10":"shipping-taxable","11":"purchasable","12":"product-type-variable"},"acf":[],"_links":{"self":[{"href":"https:\/\/vozolpuff.de\/hu\/wp-json\/wp\/v2\/product\/3822","targetHints":{"allow":["GET"]}}],"collection":[{"href":"https:\/\/vozolpuff.de\/hu\/wp-json\/wp\/v2\/product"}],"about":[{"href":"https:\/\/vozolpuff.de\/hu\/wp-json\/wp\/v2\/types\/product"}],"replies":[{"embeddable":true,"href":"https:\/\/vozolpuff.de\/hu\/wp-json\/wp\/v2\/comments?post=3822"}],"wp:featuredmedia":[{"embeddable":true,"href":"https:\/\/vozolpuff.de\/hu\/wp-json\/wp\/v2\/media\/3826"}],"wp:attachment":[{"href":"https:\/\/vozolpuff.de\/hu\/wp-json\/wp\/v2\/media?parent=3822"}],"wp:term":[{"taxonomy":"product_brand","embeddable":true,"href":"https:\/\/vozolpuff.de\/hu\/wp-json\/wp\/v2\/product_brand?post=3822"},{"taxonomy":"product_cat","embeddable":true,"href":"https:\/\/vozolpuff.de\/hu\/wp-json\/wp\/v2\/product_cat?post=3822"},{"taxonomy":"product_tag","embeddable":true,"href":"https:\/\/vozolpuff.de\/hu\/wp-json\/wp\/v2\/product_tag?post=3822"}],"curies":[{"name":"wp","href":"https:\/\/api.w.org\/{rel}","templated":true}]}}