{"id":3839,"date":"2025-09-10T05:30:08","date_gmt":"2025-09-10T03:30:08","guid":{"rendered":"https:\/\/vozolpuff.de\/?post_type=product&#038;p=3839"},"modified":"2025-09-10T05:30:08","modified_gmt":"2025-09-10T03:30:08","slug":"randm-tornado-7000-vimto","status":"publish","type":"product","link":"https:\/\/vozolpuff.de\/hu\/termek\/randm-tornado-7000-vimto\/","title":{"rendered":"RandM Tornado 7000 Vimto"},"content":{"rendered":"<h2 class=\"text-xl font-bold text-text-100 mt-1 -mb-0.5\">RandM Tornado 7000 Vimto eldobhat\u00f3 e-cigaretta<\/h2>\n<p class=\"whitespace-normal break-words\">Tapasztalja meg az ikonikus Vimto \u00edzt a RandM Tornado 7000 Puffs eldobhat\u00f3 e-cigarett\u00e1val. Ez a pr\u00e9mium min\u0151s\u00e9g\u0171 p\u00e1rologtat\u00f3 k\u00e9sz\u00fcl\u00e9k a Vimto klasszikus bogy\u00f3s-sz\u0151l\u0151s \u00edz\u00e9t \u00f6tv\u00f6zi a legmodernebb vape technol\u00f3gi\u00e1val, ak\u00e1r 7000 \u00e9lvezetes sz\u00edv\u00e1s erej\u00e9ig. A be\u00e9p\u00edtett 850mAh-s \u00fajrat\u00f6lthet\u0151 akkumul\u00e1tor hossz\u00fa ideig tart\u00f3 g\u0151z\u00f6l\u00e9st biztos\u00edt, m\u00edg a nagyvonal\u00fa 14ml-es e-folyad\u00e9k tart\u00e1ly nem ig\u00e9nyel \u00fajrat\u00f6lt\u00e9st. A pontosan \u00e1ll\u00edthat\u00f3 l\u00e9g\u00e1raml\u00e1s lehet\u0151v\u00e9 teszi, hogy szem\u00e9lyre szabja a p\u00e1rologtat\u00e1s \u00e9lm\u00e9ny\u00e9t. A v\u00e9kony, hordozhat\u00f3 kialak\u00edt\u00e1snak k\u00f6sz\u00f6nhet\u0151en ez az e-cigaretta t\u00f6k\u00e9letes t\u00e1rs a mindennapokban.<\/p>\n<h3 class=\"text-lg font-bold text-text-100 mt-1 -mb-1.5\">A term\u00e9k jellemz\u0151i<\/h3>\n<p class=\"whitespace-normal break-words\"><strong>Akkumul\u00e1tor:<\/strong> 850mAh be\u00e9p\u00edtett (\u00fajrat\u00f6lthet\u0151)<br \/>\n<strong>Teljes\u00edtm\u00e9ny:<\/strong> Megb\u00edzhat\u00f3 \u00e9s egyenletes g\u0151zfejl\u0151d\u00e9s<br \/>\n<strong>E-folyad\u00e9k t\u00e9rfogata:<\/strong> 14ml el\u0151re t\u00f6lt\u00f6tt<br \/>\n<strong>Nikotinopci\u00f3k:<\/strong> 0%, 2%, 3% vagy 5% v\u00e1laszthat\u00f3<br \/>\n<strong>Vonatok:<\/strong> K\u00f6r\u00fclbel\u00fcl 7,000 f\u00faj\u00e1s k\u00e9sz\u00fcl\u00e9kenk\u00e9nt<br \/>\n<strong>L\u00e9g\u00e1raml\u00e1s:<\/strong> \u00c1ll\u00edthat\u00f3 leveg\u0151ell\u00e1t\u00e1s<br \/>\n<strong>Tervez\u00e9s:<\/strong> Integr\u00e1lt RGB vil\u00e1g\u00edt\u00e1s<\/p>\n<h3 class=\"text-lg font-bold text-text-100 mt-1 -mb-1.5\">Fedezzen fel m\u00e9g t\u00f6bb FUMOT VAPE-t a vozolpuff-on<\/h3>\n<p class=\"whitespace-normal break-words\">L\u00e1togasson el a <strong><a class=\"underline\" href=\"https:\/\/vozolpuff.de\/hu\/\">Online bolt<\/a><\/strong> tov\u00e1bbi kiv\u00e1l\u00f3 min\u0151s\u00e9g\u0171 vape term\u00e9kek\u00e9rt, b\u00f6ng\u00e9sszen a teljes <strong><a class=\"underline\" href=\"https:\/\/vozolpuff.de\/hu\/product-category\/fumot-vape\/\">FUMOT VAPE term\u00e9kcsal\u00e1d<\/a><\/strong> vagy fedezze fel az \u00f6sszes el\u00e9rhet\u0151 term\u00e9ket <strong><a class=\"underline\" href=\"https:\/\/vozolpuff.de\/hu\/product-category\/fumot-vape\/randm-tornado-7000\/\">RandM Tornado 7000 \u00edzek<\/a><\/strong> a k\u00edn\u00e1latunkban.<\/p>","protected":false},"excerpt":{"rendered":"<div>\n<div class=\"grid-cols-1 grid gap-2.5 [&amp;_&gt;_*]:min-w-0 !gap-3.5\">\n<p class=\"whitespace-normal break-words\">Die RandM Tornado 7000 Vimto Einweg-Vape bringt den kultigen Beeren-Trauben-Mix direkt zu Ihnen. Ausgestattet mit langlebigem 850mAh Akku, gro\u00dfz\u00fcgigem 14ml E-Liquid-Vorrat und fortschrittlicher Airflow-Kontrolle bietet sie konstante Qualit\u00e4t \u00fcber alle 7000 Z\u00fcge. RGB-Leuchteffekte runden das Design ab.<\/p>\n<\/div>\n<\/div>\n<div class=\"h-8\"><\/div>\n","protected":false},"featured_media":3843,"comment_status":"open","ping_status":"closed","template":"","meta":{"_acf_changed":false},"product_brand":[],"product_cat":[50],"product_tag":[],"class_list":{"0":"post-3839","1":"product","2":"type-product","3":"status-publish","4":"has-post-thumbnail","6":"product_cat-randm-tornado-7000","8":"first","9":"instock","10":"shipping-taxable","11":"purchasable","12":"product-type-variable"},"acf":[],"_links":{"self":[{"href":"https:\/\/vozolpuff.de\/hu\/wp-json\/wp\/v2\/product\/3839","targetHints":{"allow":["GET"]}}],"collection":[{"href":"https:\/\/vozolpuff.de\/hu\/wp-json\/wp\/v2\/product"}],"about":[{"href":"https:\/\/vozolpuff.de\/hu\/wp-json\/wp\/v2\/types\/product"}],"replies":[{"embeddable":true,"href":"https:\/\/vozolpuff.de\/hu\/wp-json\/wp\/v2\/comments?post=3839"}],"wp:featuredmedia":[{"embeddable":true,"href":"https:\/\/vozolpuff.de\/hu\/wp-json\/wp\/v2\/media\/3843"}],"wp:attachment":[{"href":"https:\/\/vozolpuff.de\/hu\/wp-json\/wp\/v2\/media?parent=3839"}],"wp:term":[{"taxonomy":"product_brand","embeddable":true,"href":"https:\/\/vozolpuff.de\/hu\/wp-json\/wp\/v2\/product_brand?post=3839"},{"taxonomy":"product_cat","embeddable":true,"href":"https:\/\/vozolpuff.de\/hu\/wp-json\/wp\/v2\/product_cat?post=3839"},{"taxonomy":"product_tag","embeddable":true,"href":"https:\/\/vozolpuff.de\/hu\/wp-json\/wp\/v2\/product_tag?post=3839"}],"curies":[{"name":"wp","href":"https:\/\/api.w.org\/{rel}","templated":true}]}}