{"id":3848,"date":"2025-09-10T05:33:03","date_gmt":"2025-09-10T03:33:03","guid":{"rendered":"https:\/\/vozolpuff.de\/?post_type=product&#038;p=3848"},"modified":"2025-09-10T05:33:04","modified_gmt":"2025-09-10T03:33:04","slug":"randm-tornado-7000-kiwi-passion-fruit-guava","status":"publish","type":"product","link":"https:\/\/vozolpuff.de\/hu\/termek\/randm-tornado-7000-kiwi-passion-fruit-guava\/","title":{"rendered":"RandM Tornado 7000 Kiwi Golgotavir\u00e1g Guava"},"content":{"rendered":"<h2 class=\"text-xl font-bold text-text-100 mt-1 -mb-0.5\">RandM Tornado 7000 Kiwi Passion Fruit Guava eldobhat\u00f3 e-cigaretta<\/h2>\n<p class=\"whitespace-normal break-words\">Mer\u00fclj\u00f6n el a tr\u00f3pusi paradicsomban a RandM Tornado 7000 Kiwi Passion Fruit Guava \u00edz\u0171 kiwi golgotavir\u00e1ggal. Ez az egzotikus gy\u00fcm\u00f6lcskever\u00e9k a guava \u00e9dess\u00e9g\u00e9t, a maracuja intenzit\u00e1s\u00e1t \u00e9s a kiwi friss\u00edt\u0151 savass\u00e1g\u00e1t \u00f6tv\u00f6zi, hogy ellen\u00e1llhatatlan g\u0151z\u00f6l\u00e9si \u00e9lm\u00e9nyt ny\u00fajtson. Ez az eldobhat\u00f3 p\u00e1rologtat\u00f3 k\u00e9sz\u00fcl\u00e9k leny\u0171g\u00f6z\u0151, 7000 puffol\u00e1sos kapacit\u00e1s\u00e1val hetekig tart\u00f3, karbantart\u00e1s n\u00e9lk\u00fcli \u00e9lvezetet k\u00edn\u00e1l. Az er\u0151teljes 850mAh l\u00edtium akkumul\u00e1tor biztos\u00edtja a folyamatos g\u0151ztermel\u00e9st, m\u00edg a nagy kapacit\u00e1s\u00fa 14ml-es e-folyad\u00e9k tart\u00e1ly a hosszan tart\u00f3 \u00fcl\u00e9sekr\u0151l gondoskodik. Az innovat\u00edv h\u00faz\u00e1saktiv\u00e1l\u00e1s kik\u00fcsz\u00f6b\u00f6li a bonyolult kezel\u00e9st.<\/p>\n<h3 class=\"text-lg font-bold text-text-100 mt-1 -mb-1.5\">Term\u00e9kle\u00edr\u00e1sok<\/h3>\n<p class=\"whitespace-normal break-words\"><strong>Akkumul\u00e1tor:<\/strong> 850mAh be\u00e9p\u00edtett (\u00fajrat\u00f6lthet\u0151)<br \/>\n<strong>Teljes\u00edtm\u00e9ny:<\/strong> Optimaliz\u00e1lt \u00e9s k\u00f6vetkezetes energiaeloszt\u00e1s<br \/>\n<strong>Tart\u00e1ly kapacit\u00e1sa:<\/strong> 14ml el\u0151re t\u00f6lt\u00f6tt<br \/>\n<strong>Nikotin er\u0151ss\u00e9g:<\/strong> 0%, 2%, 3% vagy 5% rendelhet\u0151<br \/>\n<strong>Puff sz\u00e1m:<\/strong> K\u00f6r\u00fclbel\u00fcl 7000 vonat<br \/>\n<strong>Leveg\u0151szab\u00e1lyoz\u00e1s:<\/strong> Testreszabhat\u00f3 leveg\u0151ell\u00e1t\u00e1s<br \/>\n<strong>Extr\u00e1k:<\/strong> Integr\u00e1lt RGB vil\u00e1g\u00edt\u00e1si effektek<\/p>\n<h3 class=\"text-lg font-bold text-text-100 mt-1 -mb-1.5\">Fedezzen fel m\u00e9g t\u00f6bb FUMOT VAPE-t a vozolpuff-on<\/h3>\n<p class=\"whitespace-normal break-words\">Tekintse meg a t\u00f6bbi els\u0151 oszt\u00e1ly\u00fa e-cigarett\u00e1t a mi <strong><a class=\"underline\" href=\"https:\/\/vozolpuff.de\/hu\/\">F\u0151oldal<\/a><\/strong> \u00e9s fedezze fel a teljes <strong><a class=\"underline\" href=\"https:\/\/vozolpuff.de\/hu\/product-category\/fumot-vape\/\">FUMOT VAPE sorozat<\/a><\/strong> vagy tal\u00e1lja meg \u00faj kedvenc \u00edz\u00e9t a <strong><a class=\"underline\" href=\"https:\/\/vozolpuff.de\/hu\/product-category\/fumot-vape\/randm-tornado-7000\/\">RandM Tornado 7000 kollekci\u00f3<\/a><\/strong>.<\/p>","protected":false},"excerpt":{"rendered":"<div>\n<div class=\"grid-cols-1 grid gap-2.5 [&amp;_&gt;_*]:min-w-0 !gap-3.5\">\n<p class=\"whitespace-normal break-words\">Erleben Sie tropischen Genuss mit der RandM Tornado 7000 Kiwi Passion Fruit Guava Einweg-Vape. Die exotische Dreifach-Fruchtmischung aus s\u00fc\u00dfer Guave, intensiver Passionsfrucht und erfrischender Kiwi sorgt f\u00fcr ein unvergleichliches Geschmackserlebnis \u00fcber alle 7000 Z\u00fcge mit RGB-Beleuchtung.<\/p>\n<\/div>\n<\/div>\n<div class=\"h-8\"><\/div>\n","protected":false},"featured_media":3852,"comment_status":"open","ping_status":"closed","template":"","meta":{"_acf_changed":false},"product_brand":[],"product_cat":[50],"product_tag":[],"class_list":{"0":"post-3848","1":"product","2":"type-product","3":"status-publish","4":"has-post-thumbnail","6":"product_cat-randm-tornado-7000","8":"first","9":"instock","10":"shipping-taxable","11":"purchasable","12":"product-type-variable"},"acf":[],"_links":{"self":[{"href":"https:\/\/vozolpuff.de\/hu\/wp-json\/wp\/v2\/product\/3848","targetHints":{"allow":["GET"]}}],"collection":[{"href":"https:\/\/vozolpuff.de\/hu\/wp-json\/wp\/v2\/product"}],"about":[{"href":"https:\/\/vozolpuff.de\/hu\/wp-json\/wp\/v2\/types\/product"}],"replies":[{"embeddable":true,"href":"https:\/\/vozolpuff.de\/hu\/wp-json\/wp\/v2\/comments?post=3848"}],"wp:featuredmedia":[{"embeddable":true,"href":"https:\/\/vozolpuff.de\/hu\/wp-json\/wp\/v2\/media\/3852"}],"wp:attachment":[{"href":"https:\/\/vozolpuff.de\/hu\/wp-json\/wp\/v2\/media?parent=3848"}],"wp:term":[{"taxonomy":"product_brand","embeddable":true,"href":"https:\/\/vozolpuff.de\/hu\/wp-json\/wp\/v2\/product_brand?post=3848"},{"taxonomy":"product_cat","embeddable":true,"href":"https:\/\/vozolpuff.de\/hu\/wp-json\/wp\/v2\/product_cat?post=3848"},{"taxonomy":"product_tag","embeddable":true,"href":"https:\/\/vozolpuff.de\/hu\/wp-json\/wp\/v2\/product_tag?post=3848"}],"curies":[{"name":"wp","href":"https:\/\/api.w.org\/{rel}","templated":true}]}}