{"id":3857,"date":"2025-09-10T05:35:40","date_gmt":"2025-09-10T03:35:40","guid":{"rendered":"https:\/\/vozolpuff.de\/?post_type=product&#038;p=3857"},"modified":"2025-09-10T05:35:40","modified_gmt":"2025-09-10T03:35:40","slug":"randm-tornado-7000-cola","status":"publish","type":"product","link":"https:\/\/vozolpuff.de\/hu\/termek\/randm-tornado-7000-cola\/","title":{"rendered":"RandM Tornado 7000 Cola"},"content":{"rendered":"<h2 class=\"text-xl font-bold text-text-100 mt-1 -mb-0.5\">RandM Tornado 7000 Cola eldobhat\u00f3 e-cigaretta<\/h2>\n<p class=\"whitespace-normal break-words\">A RandM Tornado 7000 Cola a kedvenc \u00fcd\u00edt\u0151italod nosztalgikus \u00edz\u00e9t hozza el a p\u00e1rolg\u00e1s vil\u00e1g\u00e1ba. Ez az autentikus k\u00f3la \u00edz a jellegzetes \u00e9dess\u00e9g\u00e9vel \u00e9s titkos f\u0171szereivel minden vaping sessiont friss\u00edt\u0151 \u00e9lm\u00e9nny\u00e9 tesz. A legmodernebb eldobhat\u00f3 rendszer ak\u00e1r 7000 slukk tiszta k\u00f3la \u00e9lvezetet biztos\u00edt, melyet egy megb\u00edzhat\u00f3 850mAh-s akkumul\u00e1tor t\u00e1mogat. A nagym\u00e9ret\u0171, 14 ml-es folyad\u00e9ktart\u00e1ly teljesen kik\u00fcsz\u00f6b\u00f6li az \u00fajrat\u00f6lt\u00e9ssel j\u00e1r\u00f3 gondokat. A v\u00e1ltoztathat\u00f3 l\u00e9g\u00e1raml\u00e1s be\u00e1ll\u00edt\u00e1snak k\u00f6sz\u00f6nhet\u0151en t\u00f6k\u00e9letesen be\u00e1ll\u00edthatja szem\u00e9lyes g\u0151z\u00f6l\u00e9si viselked\u00e9s\u00e9t.<\/p>\n<h3 class=\"text-lg font-bold text-text-100 mt-1 -mb-1.5\">M\u0171szaki adatok<\/h3>\n<p class=\"whitespace-normal break-words\"><strong>Az akkumul\u00e1tor teljes\u00edtm\u00e9nye:<\/strong> 850mAh \u00e1lland\u00f3an telep\u00edtett (\u00fajrat\u00f6lthet\u0151)<br \/>\n<strong>G\u0151zteljes\u00edtm\u00e9ny:<\/strong> Stabil \u00e9s folyamatos kimenet<br \/>\n<strong>Folyad\u00e9ktartalom:<\/strong> 14ml m\u00e1r t\u00f6ltve<br \/>\n<strong>Nikotinv\u00e1ltozatok:<\/strong> 0%, 2%, 3% vagy 5% v\u00e1laszthat\u00f3<br \/>\n<strong>Vonat kapacit\u00e1sa:<\/strong> Mintegy 7000 g\u0151zmozdony<br \/>\n<strong>L\u00e9g\u00e1raml\u00e1s:<\/strong> \u00c1ll\u00edthat\u00f3 l\u00e9g\u00e1tereszt\u0151 k\u00e9pess\u00e9g<br \/>\n<strong>Vil\u00e1g\u00edt\u00e1s:<\/strong> T\u00f6bbsz\u00edn\u0171 RGB kijelz\u0151<\/p>\n<h3 class=\"text-lg font-bold text-text-100 mt-1 -mb-1.5\">Fedezzen fel m\u00e9g t\u00f6bb FUMOT VAPE-t a vozolpuff-on<\/h3>\n<p class=\"whitespace-normal break-words\">Fedezze fel a tov\u00e1bbi pr\u00e9mium vaping megold\u00e1sokat a <strong><a class=\"underline\" href=\"https:\/\/vozolpuff.de\/hu\/\">Honlap<\/a><\/strong>, mer\u00fclj\u00f6n el a soksz\u00edn\u0171 <strong><a class=\"underline\" href=\"https:\/\/vozolpuff.de\/hu\/product-category\/fumot-vape\/\">FUMOT VAPE kiv\u00e1laszt\u00e1sa<\/a><\/strong> vagy v\u00e1lasszon a kiterjedt <strong><a class=\"underline\" href=\"https:\/\/vozolpuff.de\/hu\/product-category\/fumot-vape\/randm-tornado-7000\/\">RandM Tornado 7000 \u00cdzek sokas\u00e1ga<\/a><\/strong>.<\/p>","protected":false},"excerpt":{"rendered":"<div>\n<div class=\"grid-cols-1 grid gap-2.5 [&amp;_&gt;_*]:min-w-0 !gap-3.5\">\n<p class=\"whitespace-normal break-words\">Entdecken Sie den authentischen Cola-Geschmack mit der RandM Tornado 7000 Cola Einweg-Vape. Diese Premium-Vape kombiniert nostalgische S\u00fc\u00dfe mit geheimen Gew\u00fcrznoten f\u00fcr ein unverwechselbares Dampferlebnis. Mit 850mAh Akku, 14ml Liquidtank und 7000 Z\u00fcgen bietet sie langanhaltenden, erfrischenden Genuss.<\/p>\n<\/div>\n<\/div>\n<div class=\"h-8\"><\/div>\n","protected":false},"featured_media":3859,"comment_status":"open","ping_status":"closed","template":"","meta":{"_acf_changed":false},"product_brand":[],"product_cat":[50],"product_tag":[],"class_list":{"0":"post-3857","1":"product","2":"type-product","3":"status-publish","4":"has-post-thumbnail","6":"product_cat-randm-tornado-7000","8":"first","9":"instock","10":"shipping-taxable","11":"purchasable","12":"product-type-variable"},"acf":[],"_links":{"self":[{"href":"https:\/\/vozolpuff.de\/hu\/wp-json\/wp\/v2\/product\/3857","targetHints":{"allow":["GET"]}}],"collection":[{"href":"https:\/\/vozolpuff.de\/hu\/wp-json\/wp\/v2\/product"}],"about":[{"href":"https:\/\/vozolpuff.de\/hu\/wp-json\/wp\/v2\/types\/product"}],"replies":[{"embeddable":true,"href":"https:\/\/vozolpuff.de\/hu\/wp-json\/wp\/v2\/comments?post=3857"}],"wp:featuredmedia":[{"embeddable":true,"href":"https:\/\/vozolpuff.de\/hu\/wp-json\/wp\/v2\/media\/3859"}],"wp:attachment":[{"href":"https:\/\/vozolpuff.de\/hu\/wp-json\/wp\/v2\/media?parent=3857"}],"wp:term":[{"taxonomy":"product_brand","embeddable":true,"href":"https:\/\/vozolpuff.de\/hu\/wp-json\/wp\/v2\/product_brand?post=3857"},{"taxonomy":"product_cat","embeddable":true,"href":"https:\/\/vozolpuff.de\/hu\/wp-json\/wp\/v2\/product_cat?post=3857"},{"taxonomy":"product_tag","embeddable":true,"href":"https:\/\/vozolpuff.de\/hu\/wp-json\/wp\/v2\/product_tag?post=3857"}],"curies":[{"name":"wp","href":"https:\/\/api.w.org\/{rel}","templated":true}]}}