{"id":3866,"date":"2025-09-10T05:38:14","date_gmt":"2025-09-10T03:38:14","guid":{"rendered":"https:\/\/vozolpuff.de\/?post_type=product&#038;p=3866"},"modified":"2025-09-10T05:38:14","modified_gmt":"2025-09-10T03:38:14","slug":"randm-tornado-7000-sour-apple","status":"publish","type":"product","link":"https:\/\/vozolpuff.de\/hu\/termek\/randm-tornado-7000-sour-apple\/","title":{"rendered":"RandM Tornado 7000 Savany\u00fa alma"},"content":{"rendered":"<h2 class=\"text-xl font-bold text-text-100 mt-1 -mb-0.5\">RandM Tornado 7000 Sour Apple eldobhat\u00f3 e-cigaretta<\/h2>\n<p class=\"whitespace-normal break-words\">Tapasztald meg az \u00e9des \u00e9s a savany\u00fa t\u00f6k\u00e9letes kontrasztj\u00e1t a RandM Tornado 7000 Sour Apple Edition modellel. Ez a gy\u00fcm\u00f6lcs\u00f6s, intenz\u00edv \u00edz a ropog\u00f3s z\u00f6ld alma esszenci\u00e1j\u00e1t ragadja meg, egy meglep\u0151 savanyk\u00e1s \u00edzzel, amely \u00e9l\u00e9nk\u00edti az \u00edzlel\u0151bimb\u00f3kat. A k\u00e9sz\u00fcl\u00e9kenk\u00e9nti kiv\u00e9teles 7000 slukkol\u00e1ssal ez az eldobhat\u00f3 e-cigaretta \u00faj m\u00e9rc\u00e9t \u00e1ll\u00edt fel a kitart\u00e1s tekintet\u00e9ben. A robusztus 850mAh energiat\u00e1rol\u00f3 garant\u00e1lja a folyamatos teljes\u00edtm\u00e9nyt, m\u00edg a b\u0151s\u00e9ges 14ml-es folyad\u00e9ktart\u00e1ly hetekig tart\u00f3 el\u00e9gedetts\u00e9get biztos\u00edt. A felhaszn\u00e1l\u00f3bar\u00e1t draw-to-fire technol\u00f3gi\u00e1nak k\u00f6sz\u00f6nhet\u0151en minden egyes slukk k\u00f6nnyed\u00e9n kivitelezhet\u0151.<\/p>\n<h3 class=\"text-lg font-bold text-text-100 mt-1 -mb-1.5\">A k\u00e9sz\u00fcl\u00e9k specifik\u00e1ci\u00f3i<\/h3>\n<p class=\"whitespace-normal break-words\"><strong>Akkumul\u00e1tor t\u00edpusa:<\/strong> 850mAh integr\u00e1lt (\u00fajrat\u00f6lthet\u0151)<br \/>\n<strong>Energiateljes\u00edtm\u00e9ny:<\/strong> K\u00f6vetkezetes \u00e9s hat\u00e9kony teljes\u00edtm\u00e9ny<br \/>\n<strong>E-liquid mennyis\u00e9g:<\/strong> 14ml teljesen el\u0151ret\u00f6ltve<br \/>\n<strong>Nikotin tartalom:<\/strong> 0%, 2%, 3% vagy 5% k\u00f6z\u00fcl v\u00e1laszthatsz.<br \/>\n<strong>G\u0151zmozdonyok:<\/strong> K\u00f6r\u00fclbel\u00fcl 7000 egys\u00e9genk\u00e9nt<br \/>\n<strong>L\u00e9gellen\u0151rz\u00e9s:<\/strong> Egy\u00e9nileg szab\u00e1lyozhat\u00f3 \u00e1raml\u00e1si sebess\u00e9g<br \/>\n<strong>F\u00e9nyj\u00e1t\u00e9k:<\/strong> Be\u00e9p\u00edtett RGB megvil\u00e1g\u00edt\u00e1s<\/p>\n<h3 class=\"text-lg font-bold text-text-100 mt-1 -mb-1.5\">Fedezzen fel m\u00e9g t\u00f6bb FUMOT VAPE-t a vozolpuff-on<\/h3>\n<p class=\"whitespace-normal break-words\">Tekintse meg a t\u00f6bbi kiv\u00e1l\u00f3 min\u0151s\u00e9g\u0171 g\u0151zk\u00e9sz\u00fcl\u00e9ket a mi <strong><a class=\"underline\" href=\"https:\/\/vozolpuff.de\/hu\/\">Honlap<\/a><\/strong> b\u00f6ng\u00e9sszen a teljes k\u00edn\u00e1latban <strong><a class=\"underline\" href=\"https:\/\/vozolpuff.de\/hu\/product-category\/fumot-vape\/\">FUMOT VAPE term\u00e9kcsal\u00e1d<\/a><\/strong> vagy fedezze fel a <strong><a class=\"underline\" href=\"https:\/\/vozolpuff.de\/hu\/product-category\/fumot-vape\/randm-tornado-7000\/\">RandM Tornado 7000 csal\u00e1d<\/a><\/strong>.<\/p>","protected":false},"excerpt":{"rendered":"<div>\n<div class=\"grid-cols-1 grid gap-2.5 [&amp;_&gt;_*]:min-w-0 !gap-3.5\">\n<p class=\"whitespace-normal break-words\">Genie\u00dfen Sie den perfekten s\u00fc\u00df-sauren Kontrast mit der RandM Tornado 7000 Sour Apple Einweg-Vape. Der intensive gr\u00fcne Apfelgeschmack mit seiner belebenden sauren Note sorgt f\u00fcr ein erfrischendes Dampferlebnis. Mit 850mAh Akku, 14ml Liquidkapazit\u00e4t und 7000 Z\u00fcgen f\u00fcr langanhaltenden Genuss mit RGB-Effekten.<\/p>\n<\/div>\n<\/div>\n<div class=\"h-8\"><\/div>\n","protected":false},"featured_media":3870,"comment_status":"open","ping_status":"closed","template":"","meta":{"_acf_changed":false},"product_brand":[],"product_cat":[50],"product_tag":[],"class_list":{"0":"post-3866","1":"product","2":"type-product","3":"status-publish","4":"has-post-thumbnail","6":"product_cat-randm-tornado-7000","8":"first","9":"instock","10":"shipping-taxable","11":"purchasable","12":"product-type-variable"},"acf":[],"_links":{"self":[{"href":"https:\/\/vozolpuff.de\/hu\/wp-json\/wp\/v2\/product\/3866","targetHints":{"allow":["GET"]}}],"collection":[{"href":"https:\/\/vozolpuff.de\/hu\/wp-json\/wp\/v2\/product"}],"about":[{"href":"https:\/\/vozolpuff.de\/hu\/wp-json\/wp\/v2\/types\/product"}],"replies":[{"embeddable":true,"href":"https:\/\/vozolpuff.de\/hu\/wp-json\/wp\/v2\/comments?post=3866"}],"wp:featuredmedia":[{"embeddable":true,"href":"https:\/\/vozolpuff.de\/hu\/wp-json\/wp\/v2\/media\/3870"}],"wp:attachment":[{"href":"https:\/\/vozolpuff.de\/hu\/wp-json\/wp\/v2\/media?parent=3866"}],"wp:term":[{"taxonomy":"product_brand","embeddable":true,"href":"https:\/\/vozolpuff.de\/hu\/wp-json\/wp\/v2\/product_brand?post=3866"},{"taxonomy":"product_cat","embeddable":true,"href":"https:\/\/vozolpuff.de\/hu\/wp-json\/wp\/v2\/product_cat?post=3866"},{"taxonomy":"product_tag","embeddable":true,"href":"https:\/\/vozolpuff.de\/hu\/wp-json\/wp\/v2\/product_tag?post=3866"}],"curies":[{"name":"wp","href":"https:\/\/api.w.org\/{rel}","templated":true}]}}