{"id":3902,"date":"2025-09-10T05:48:15","date_gmt":"2025-09-10T03:48:15","guid":{"rendered":"https:\/\/vozolpuff.de\/?post_type=product&#038;p=3902"},"modified":"2025-09-10T05:48:16","modified_gmt":"2025-09-10T03:48:16","slug":"randm-tornado-7000-peach-mango","status":"publish","type":"product","link":"https:\/\/vozolpuff.de\/hu\/termek\/randm-tornado-7000-peach-mango\/","title":{"rendered":"RandM Tornado 7000 Barack Mango"},"content":{"rendered":"<h2 class=\"text-xl font-bold text-text-100 mt-1 -mb-0.5\">RandM Tornado 7000 Peach Mango eldobhat\u00f3 e-cigaretta<\/h2>\n<p class=\"whitespace-normal break-words\">Utazzon el a tr\u00f3pusokra a RandM Tornado 7000 Peach Mango \u00edzzel. Ez az egzotikus duett kombin\u00e1ci\u00f3 \u00f6tv\u00f6zi az \u00e9rett \u0151szibarackok b\u00e1rsonyos \u00e9dess\u00e9g\u00e9t a mang\u00f3 intenz\u00edv tr\u00f3pusi gy\u00fcm\u00f6lcs\u00f6s \u00edz\u00e9vel, hogy egy hiteles ny\u00e1ri \u00e9lm\u00e9nyt ny\u00fajtson. Az innovat\u00edv eldobhat\u00f3 vape rendszer 7000 rendk\u00edv\u00fcli slukkot biztos\u00edt a tr\u00f3pusi paradicsomb\u00f3l, amelyet egy tart\u00f3s 850 mAh-s energiamodul t\u00e1pl\u00e1l. A t\u00e1gas 14 ml-es folyad\u00e9ktart\u00e1ly hossz\u00fa \u00e9lvezetet garant\u00e1l \u00fajrat\u00f6lt\u00e9s n\u00e9lk\u00fcl. Az intuit\u00edv inhal\u00e1ci\u00f3s aktiv\u00e1l\u00e1s feleslegess\u00e9 teszi a bonyolult kezel\u0151elemeket, m\u00edg a testreszabhat\u00f3 l\u00e9g\u00e1ram-szab\u00e1lyoz\u00e1s figyelembe veszi az egy\u00e9ni preferenci\u00e1kat.<\/p>\n<h3 class=\"text-lg font-bold text-text-100 mt-1 -mb-1.5\">M\u0171szaki specifik\u00e1ci\u00f3k<\/h3>\n<p class=\"whitespace-normal break-words\"><strong>T\u00e1pegys\u00e9g:<\/strong> 850 mAh be\u00e9p\u00edtett (\u00fajrat\u00f6lthet\u0151)<br \/>\n<strong>G\u0151z teljes\u00edtm\u00e9ny:<\/strong> \u00c1lland\u00f3 \u00e9s optim\u00e1lis teljes\u00edtm\u00e9ny<br \/>\n<strong>Tart\u00e1ly t\u00e9rfogata:<\/strong> 14 ml m\u00e1r felt\u00f6ltve<br \/>\n<strong>Nikotinopci\u00f3k:<\/strong> 0%, 2%, 3% vagy 5% \u00e1ll rendelkez\u00e9sre<br \/>\n<strong>Vonat sz\u00e1ma:<\/strong> K\u00f6r\u00fclbel\u00fcl 7000 inhal\u00e1ci\u00f3<br \/>\n<strong>L\u00e9g\u00e1raml\u00e1s-szab\u00e1lyoz\u00e1s:<\/strong> \u00c1ll\u00edthat\u00f3 \u00e1raml\u00e1si sebess\u00e9g<br \/>\n<strong>F\u00e9nyfunkci\u00f3:<\/strong> Sz\u00ednes RGB-megvil\u00e1g\u00edt\u00e1s<\/p>\n<h3 class=\"text-lg font-bold text-text-100 mt-1 -mb-1.5\">Fedezzen fel m\u00e9g t\u00f6bb FUMOT VAPE-t a vozolpuff-on<\/h3>\n<p class=\"whitespace-normal break-words\">N\u00e9zze meg a <strong><a class=\"underline\" href=\"https:\/\/vozolpuff.de\/hu\/\">Vape f\u0151kateg\u00f3ria<\/a><\/strong> Ha tov\u00e1bbi kiv\u00e1l\u00f3 term\u00e9keket szeretne tal\u00e1lni, fedezze fel a teljes <strong><a class=\"underline\" href=\"https:\/\/vozolpuff.de\/hu\/product-category\/fumot-vape\/\">FUMOT VAPE term\u00e9kcsal\u00e1d<\/a><\/strong> vagy v\u00e1lasszon a mi <strong><a class=\"underline\" href=\"https:\/\/vozolpuff.de\/hu\/product-category\/fumot-vape\/randm-tornado-7000\/\">RandM Tornado 7000 alternat\u00edv\u00e1k<\/a><\/strong>.<\/p>","protected":false},"excerpt":{"rendered":"<div>\n<div class=\"grid-cols-1 grid gap-2.5 [&amp;_&gt;_*]:min-w-0 !gap-3.5\">\n<p class=\"whitespace-normal break-words\">Erleben Sie tropisches Paradies mit der RandM Tornado 7000 Peach Mango Einweg-Vape. Die harmonische Verschmelzung samtiger Pfirsichs\u00fc\u00dfe mit intensiver Mango-Note kreiert ein authentisches Sommererlebnis. Mit kraftvollem 850mAh Akku, 14ml Liquidkapazit\u00e4t und 7000 Z\u00fcgen f\u00fcr langanhaltenden tropischen Genuss.<\/p>\n<\/div>\n<\/div>\n<div class=\"h-8\"><\/div>\n","protected":false},"featured_media":3906,"comment_status":"open","ping_status":"closed","template":"","meta":{"_acf_changed":false},"product_brand":[],"product_cat":[50],"product_tag":[],"class_list":{"0":"post-3902","1":"product","2":"type-product","3":"status-publish","4":"has-post-thumbnail","6":"product_cat-randm-tornado-7000","8":"first","9":"instock","10":"shipping-taxable","11":"purchasable","12":"product-type-variable"},"acf":[],"_links":{"self":[{"href":"https:\/\/vozolpuff.de\/hu\/wp-json\/wp\/v2\/product\/3902","targetHints":{"allow":["GET"]}}],"collection":[{"href":"https:\/\/vozolpuff.de\/hu\/wp-json\/wp\/v2\/product"}],"about":[{"href":"https:\/\/vozolpuff.de\/hu\/wp-json\/wp\/v2\/types\/product"}],"replies":[{"embeddable":true,"href":"https:\/\/vozolpuff.de\/hu\/wp-json\/wp\/v2\/comments?post=3902"}],"wp:featuredmedia":[{"embeddable":true,"href":"https:\/\/vozolpuff.de\/hu\/wp-json\/wp\/v2\/media\/3906"}],"wp:attachment":[{"href":"https:\/\/vozolpuff.de\/hu\/wp-json\/wp\/v2\/media?parent=3902"}],"wp:term":[{"taxonomy":"product_brand","embeddable":true,"href":"https:\/\/vozolpuff.de\/hu\/wp-json\/wp\/v2\/product_brand?post=3902"},{"taxonomy":"product_cat","embeddable":true,"href":"https:\/\/vozolpuff.de\/hu\/wp-json\/wp\/v2\/product_cat?post=3902"},{"taxonomy":"product_tag","embeddable":true,"href":"https:\/\/vozolpuff.de\/hu\/wp-json\/wp\/v2\/product_tag?post=3902"}],"curies":[{"name":"wp","href":"https:\/\/api.w.org\/{rel}","templated":true}]}}