{"id":3929,"date":"2025-09-10T05:55:36","date_gmt":"2025-09-10T03:55:36","guid":{"rendered":"https:\/\/vozolpuff.de\/?post_type=product&#038;p=3929"},"modified":"2025-09-10T05:55:36","modified_gmt":"2025-09-10T03:55:36","slug":"randm-tornado-7000-strawberry-watermelon-lemonade","status":"publish","type":"product","link":"https:\/\/vozolpuff.de\/hu\/termek\/randm-tornado-7000-strawberry-watermelon-lemonade\/","title":{"rendered":"RandM Tornado 7000 Eper g\u00f6r\u00f6gdinnye limon\u00e1d\u00e9"},"content":{"rendered":"<h2 class=\"text-xl font-bold text-text-100 mt-1 -mb-0.5\">RandM Tornado 7000 Eper-g\u00f6r\u00f6gdinnye-limon\u00e1d\u00e9 eldobhat\u00f3 e-cigaretta<\/h2>\n<p class=\"whitespace-normal break-words\">\u00c9lvezze a ny\u00e1ri \u00edzek kokt\u00e9lj\u00e1t a RandM Tornado 7000 Strawberry Watermelon Lemonade-val. Ez a h\u00e1romf\u00e9le gy\u00fcm\u00f6lcsb\u0151l \u00e1ll\u00f3 kompoz\u00edci\u00f3 \u00e9des eper, l\u00e9d\u00fas g\u00f6r\u00f6gdinnye \u00e9s friss\u00edt\u0151 limon\u00e1d\u00e9 t\u00f6k\u00e9letes egyens\u00faly\u00e1t teremti meg, \u00edgy egy t\u00f6k\u00e9letesen kiegyens\u00falyozott ny\u00e1ri sl\u00e1gerr\u00e9 v\u00e1lik. Az innovat\u00edv eldobhat\u00f3 vape eszk\u00f6z rendk\u00edv\u00fcli 7000 slukkot garant\u00e1l napf\u00e9nyes \u00edzzel, amelyet egy tart\u00f3s 850 mAh-s Li-ion akkumul\u00e1tor m\u0171k\u00f6dtet. A t\u00e1gas, 14 ml-es folyad\u00e9ktart\u00e1ly biztos\u00edtja, hogy a ny\u00e1ri \u00e9lvezet soha ne \u00e9rjen v\u00e9get. A k\u00f6nnyed\u00e9n haszn\u00e1lhat\u00f3 Draw-to-Vape funkci\u00f3 automatikusan aktiv\u00e1l\u00f3dik, m\u00edg az alkalmazkod\u00f3 l\u00e9g\u00e1ram-szab\u00e1lyoz\u00e1s t\u00e1mogatja az egy\u00e9ni g\u0151zpreferenci\u00e1kat.<\/p>\n<h3 class=\"text-lg font-bold text-text-100 mt-1 -mb-1.5\">Term\u00e9kle\u00edr\u00e1sok<\/h3>\n<p class=\"whitespace-normal break-words\"><strong>Akkuteknol\u00f3gia:<\/strong> 850 mAh be\u00e9p\u00edtett (\u00fajrat\u00f6lthet\u0151)<br \/>\n<strong>Teljes\u00edtm\u00e9nyszint:<\/strong> Egyenletes \u00e9s megb\u00edzhat\u00f3 teljes\u00edtm\u00e9ny<br \/>\n<strong>Folyad\u00e9ktart\u00e1ly:<\/strong> 14 ml-es, el\u0151re megt\u00f6lt\u00f6tt<br \/>\n<strong>Nikotin\u00e9rt\u00e9kek:<\/strong> 0%, 2%, 3% vagy 5% rendelhet\u0151<br \/>\n<strong>Puff-sz\u00e1m:<\/strong> K\u00f6r\u00fclbel\u00fcl 7000 g\u0151zmozdony<br \/>\n<strong>Airflow funkci\u00f3:<\/strong> \u00c1ll\u00edthat\u00f3 l\u00e9gkering\u00e9s<br \/>\n<strong>Vil\u00e1g\u00edt\u00e1si extr\u00e1k:<\/strong> T\u00f6bbsz\u00edn\u0171 RGB rendszer<\/p>\n<h3 class=\"text-lg font-bold text-text-100 mt-1 -mb-1.5\">Fedezzen fel m\u00e9g t\u00f6bb FUMOT VAPE-t a vozolpuff-on<\/h3>\n<p class=\"whitespace-normal break-words\">Keresse meg a mi <strong><a class=\"underline\" href=\"https:\/\/vozolpuff.de\/hu\/\">G\u0151z-univerzum<\/a><\/strong> tov\u00e1bbi els\u0151 oszt\u00e1ly\u00fa vaporiz\u00e1torok ut\u00e1n, ismerje meg az eg\u00e9sz <strong><a class=\"underline\" href=\"https:\/\/vozolpuff.de\/hu\/product-category\/fumot-vape\/\">FUMOT VAPE kollekci\u00f3<\/a><\/strong> Ismerje meg vagy fedezze fel t\u00f6bbet <strong><a class=\"underline\" href=\"https:\/\/vozolpuff.de\/hu\/product-category\/fumot-vape\/randm-tornado-7000\/\">RandM Tornado 7000 \u00edz\u00e9lm\u00e9ny<\/a><\/strong>.<\/p>","protected":false},"excerpt":{"rendered":"<div>\n<div class=\"grid-cols-1 grid gap-2.5 [&amp;_&gt;_*]:min-w-0 !gap-3.5\">\n<p class=\"whitespace-normal break-words\">Erleben Sie puren Sommergenuss mit der RandM Tornado 7000 Strawberry Watermelon Lemonade Einweg-Vape. Die harmonische Dreifach-Komposition aus s\u00fc\u00dfen Erdbeeren, saftiger Wassermelone und spritziger Limonade kreiert den perfekten Geschmackscocktail. Mit 850mAh Akku, 14ml Tank und 7000 sonnigen Z\u00fcgen.<\/p>\n<\/div>\n<\/div>\n<div class=\"h-8\"><\/div>\n","protected":false},"featured_media":3933,"comment_status":"open","ping_status":"closed","template":"","meta":{"_acf_changed":false},"product_brand":[],"product_cat":[50],"product_tag":[],"class_list":{"0":"post-3929","1":"product","2":"type-product","3":"status-publish","4":"has-post-thumbnail","6":"product_cat-randm-tornado-7000","8":"first","9":"instock","10":"shipping-taxable","11":"purchasable","12":"product-type-variable"},"acf":[],"_links":{"self":[{"href":"https:\/\/vozolpuff.de\/hu\/wp-json\/wp\/v2\/product\/3929","targetHints":{"allow":["GET"]}}],"collection":[{"href":"https:\/\/vozolpuff.de\/hu\/wp-json\/wp\/v2\/product"}],"about":[{"href":"https:\/\/vozolpuff.de\/hu\/wp-json\/wp\/v2\/types\/product"}],"replies":[{"embeddable":true,"href":"https:\/\/vozolpuff.de\/hu\/wp-json\/wp\/v2\/comments?post=3929"}],"wp:featuredmedia":[{"embeddable":true,"href":"https:\/\/vozolpuff.de\/hu\/wp-json\/wp\/v2\/media\/3933"}],"wp:attachment":[{"href":"https:\/\/vozolpuff.de\/hu\/wp-json\/wp\/v2\/media?parent=3929"}],"wp:term":[{"taxonomy":"product_brand","embeddable":true,"href":"https:\/\/vozolpuff.de\/hu\/wp-json\/wp\/v2\/product_brand?post=3929"},{"taxonomy":"product_cat","embeddable":true,"href":"https:\/\/vozolpuff.de\/hu\/wp-json\/wp\/v2\/product_cat?post=3929"},{"taxonomy":"product_tag","embeddable":true,"href":"https:\/\/vozolpuff.de\/hu\/wp-json\/wp\/v2\/product_tag?post=3929"}],"curies":[{"name":"wp","href":"https:\/\/api.w.org\/{rel}","templated":true}]}}