{"id":3938,"date":"2025-09-10T05:58:14","date_gmt":"2025-09-10T03:58:14","guid":{"rendered":"https:\/\/vozolpuff.de\/?post_type=product&#038;p=3938"},"modified":"2025-09-10T05:58:14","modified_gmt":"2025-09-10T03:58:14","slug":"randm-tornado-7000-cherry","status":"publish","type":"product","link":"https:\/\/vozolpuff.de\/hu\/termek\/randm-tornado-7000-cherry\/","title":{"rendered":"RandM Tornado 7000 Cherry"},"content":{"rendered":"<h2 class=\"text-xl font-bold text-text-100 mt-1 -mb-0.5\">RandM Tornado 7000 Cherry eldobhat\u00f3 e-cigaretta<\/h2>\n<p class=\"whitespace-normal break-words\">K\u00e9nyeztesse mag\u00e1t a klasszikus \u00e9dess\u00e9ggel a RandM Tornado 7000 Cherry \u00edzzel. Ez az id\u0151tlen gy\u00fcm\u00f6lcsvari\u00e1ci\u00f3 a teljesen \u00e9rett cseresznye tiszta esszenci\u00e1j\u00e1t ragadja meg, \u00e9s olyan autentikus, \u00e9des-savanyk\u00e1s \u00edzt k\u00edn\u00e1l, amely soha nem megy ki a divatb\u00f3l. A fejlett eldobhat\u00f3 rendszer ak\u00e1r 7000 slukk gy\u00fcm\u00f6lcs\u00f6s \u00e9lvezetet tesz lehet\u0151v\u00e9, melyet egy er\u0151teljes 850mAh energiat\u00e1rol\u00f3 t\u00e1mogat. A nagyvonal\u00fa 14 ml-es el\u0151ret\u00f6lt\u00f6tt tart\u00e1ly kik\u00fcsz\u00f6b\u00f6li az \u00fajrat\u00f6lt\u00e9s sz\u00fcks\u00e9gess\u00e9g\u00e9t, \u00e9s hetekig tart\u00f3 el\u00e9gedetts\u00e9get biztos\u00edt. Az intelligens inhal\u00e1ci\u00f3s aktiv\u00e1l\u00e1s minden egyes slukkn\u00e1l azonnal m\u0171k\u00f6dik, m\u00edg a modul\u00e1ris l\u00e9g\u00e1raml\u00e1s-be\u00e1ll\u00edt\u00e1s a legk\u00fcl\u00f6nf\u00e9l\u00e9bb g\u0151z\u00f6l\u00e9si st\u00edlusok sz\u00e9les v\u00e1laszt\u00e9k\u00e1t teszi lehet\u0151v\u00e9.<\/p>\n<h3 class=\"text-lg font-bold text-text-100 mt-1 -mb-1.5\">M\u0171szaki berendez\u00e9sek<\/h3>\n<p class=\"whitespace-normal break-words\"><strong>Akkumul\u00e1tor egys\u00e9g:<\/strong> 850mAh \u00e1lland\u00f3an telep\u00edtett (\u00fajrat\u00f6lthet\u0151)<br \/>\n<strong>Teljes\u00edtm\u00e9ny kimenet:<\/strong> Folyamatos \u00e9s hat\u00e9kony g\u0151ztermel\u00e9s<br \/>\n<strong>E-Juice tart\u00e1ly:<\/strong> 14ml teljesen el\u0151ret\u00f6ltve<br \/>\n<strong>Nikotintartalom opci\u00f3k:<\/strong> 0%, 2%, 3% vagy 5% v\u00e1laszthat\u00f3<br \/>\n<strong>Vontat\u00e1si mennyis\u00e9g:<\/strong> K\u00f6r\u00fclbel\u00fcl 7000 bel\u00e9gz\u00e9s eszk\u00f6z\u00f6nk\u00e9nt<br \/>\n<strong>Szell\u0151z\u00e9svez\u00e9rl\u00e9s:<\/strong> \u00c1ll\u00edthat\u00f3 l\u00e9g\u00e1raml\u00e1si sebess\u00e9g<br \/>\n<strong>Tervez\u00e9si cs\u00facspont:<\/strong> Sz\u00ednes RGB f\u00e9nyj\u00e1t\u00e9k<\/p>\n<h3 class=\"text-lg font-bold text-text-100 mt-1 -mb-1.5\">Fedezzen fel m\u00e9g t\u00f6bb FUMOT VAPE-t a vozolpuff-on<\/h3>\n<p class=\"whitespace-normal break-words\">L\u00e1togasson el a <strong><a class=\"underline\" href=\"https:\/\/vozolpuff.de\/hu\/\">Vaping k\u00f6zpont<\/a><\/strong> a pr\u00e9mium term\u00e9kek sz\u00e9lesebb v\u00e1laszt\u00e9k\u00e1\u00e9rt, fedezze fel a sokoldal\u00fa k\u00edn\u00e1lat\u00e1t a <strong><a class=\"underline\" href=\"https:\/\/vozolpuff.de\/hu\/product-category\/fumot-vape\/\">FUMOT VAPE m\u00e1rka<\/a><\/strong> vagy v\u00e1lasszon a t\u00f6bbi <strong><a class=\"underline\" href=\"https:\/\/vozolpuff.de\/hu\/product-category\/fumot-vape\/randm-tornado-7000\/\">RandM Tornado 7000 alkot\u00e1sok<\/a><\/strong>.<\/p>","protected":false},"excerpt":{"rendered":"<div>\n<div class=\"grid-cols-1 grid gap-2.5 [&amp;_&gt;_*]:min-w-0 !gap-3.5\">\n<p class=\"whitespace-normal break-words\">Genie\u00dfen Sie klassische S\u00fc\u00dfe mit der RandM Tornado 7000 Cherry Einweg-Vape. Der authentische s\u00fc\u00df-s\u00e4uerliche Kirschgeschmack vollreifer Fr\u00fcchte bietet zeitloses Dampfvergn\u00fcgen. Mit kraftvollem 850mAh Akku, gro\u00dfz\u00fcgigem 14ml Liquidtank und 7000 fruchtigen Z\u00fcgen f\u00fcr langanhaltenden Genuss mit RGB-Beleuchtung.<\/p>\n<\/div>\n<\/div>\n<div class=\"h-8\"><\/div>\n","protected":false},"featured_media":3942,"comment_status":"open","ping_status":"closed","template":"","meta":{"_acf_changed":false},"product_brand":[],"product_cat":[50],"product_tag":[],"class_list":{"0":"post-3938","1":"product","2":"type-product","3":"status-publish","4":"has-post-thumbnail","6":"product_cat-randm-tornado-7000","8":"first","9":"instock","10":"shipping-taxable","11":"purchasable","12":"product-type-variable"},"acf":[],"_links":{"self":[{"href":"https:\/\/vozolpuff.de\/hu\/wp-json\/wp\/v2\/product\/3938","targetHints":{"allow":["GET"]}}],"collection":[{"href":"https:\/\/vozolpuff.de\/hu\/wp-json\/wp\/v2\/product"}],"about":[{"href":"https:\/\/vozolpuff.de\/hu\/wp-json\/wp\/v2\/types\/product"}],"replies":[{"embeddable":true,"href":"https:\/\/vozolpuff.de\/hu\/wp-json\/wp\/v2\/comments?post=3938"}],"wp:featuredmedia":[{"embeddable":true,"href":"https:\/\/vozolpuff.de\/hu\/wp-json\/wp\/v2\/media\/3942"}],"wp:attachment":[{"href":"https:\/\/vozolpuff.de\/hu\/wp-json\/wp\/v2\/media?parent=3938"}],"wp:term":[{"taxonomy":"product_brand","embeddable":true,"href":"https:\/\/vozolpuff.de\/hu\/wp-json\/wp\/v2\/product_brand?post=3938"},{"taxonomy":"product_cat","embeddable":true,"href":"https:\/\/vozolpuff.de\/hu\/wp-json\/wp\/v2\/product_cat?post=3938"},{"taxonomy":"product_tag","embeddable":true,"href":"https:\/\/vozolpuff.de\/hu\/wp-json\/wp\/v2\/product_tag?post=3938"}],"curies":[{"name":"wp","href":"https:\/\/api.w.org\/{rel}","templated":true}]}}