{"id":3947,"date":"2025-09-10T06:00:40","date_gmt":"2025-09-10T04:00:40","guid":{"rendered":"https:\/\/vozolpuff.de\/?post_type=product&#038;p=3947"},"modified":"2025-09-10T06:00:40","modified_gmt":"2025-09-10T04:00:40","slug":"randm-tornado-7000-blue-razz-cherry","status":"publish","type":"product","link":"https:\/\/vozolpuff.de\/hu\/termek\/randm-tornado-7000-blue-razz-cherry\/","title":{"rendered":"RandM Tornado 7000 k\u00e9k Razz Cherry"},"content":{"rendered":"<h2 class=\"text-xl font-bold text-text-100 mt-1 -mb-0.5\">RandM Tornado 7000 Blue Razz Cherry eldobhat\u00f3 e-cigaretta<\/h2>\n<p class=\"whitespace-normal break-words\">Tapasztalja meg az \u00edzek izgalmas f\u00fazi\u00f3j\u00e1t a RandM Tornado 7000 Blue Razz Cherry Editionrel. Ez az innovat\u00edv kombin\u00e1ci\u00f3 a k\u00e9k m\u00e1lna intenz\u00edv \u00e9dess\u00e9g\u00e9t a klasszikus cseresznye jegyeivel \u00f6tv\u00f6zi egy ellen\u00e1llhatatlan \u00edz\u00e9lm\u00e9nyt ny\u00fajt, amely egyszerre ismer\u0151s \u00e9s meglep\u0151. Az er\u0151teljes eldobhat\u00f3 vaping rendszer leny\u0171g\u00f6z\u0151 7000 puffot k\u00edn\u00e1l ebb\u0151l az egyed\u00fcl\u00e1ll\u00f3 kever\u00e9kb\u0151l, amelyet egy robusztus 850mAh-s akkumul\u00e1tor modul t\u00e1pl\u00e1l. A terjedelmes 14 ml-es folyad\u00e9ktart\u00e1ly biztos\u00edtja a hosszan tart\u00f3, megszak\u00edt\u00e1s n\u00e9lk\u00fcli \u00e9lvezetet. A reszponz\u00edv h\u00faz\u00e1saktiv\u00e1l\u00e1s minden egyes bel\u00e9gz\u00e9skor azonnal elindul, m\u00edg a testreszabhat\u00f3 l\u00e9g\u00e1raml\u00e1si technol\u00f3gia maxim\u00e1lis kontrollt biztos\u00edt.<\/p>\n<h3 class=\"text-lg font-bold text-text-100 mt-1 -mb-1.5\">Eszk\u00f6z adatai<\/h3>\n<p class=\"whitespace-normal break-words\"><strong>Energiarendszer:<\/strong> 850mAh integr\u00e1lt (\u00fajrat\u00f6lthet\u0151)<br \/>\n<strong>G\u0151zteljes\u00edtm\u00e9ny:<\/strong> K\u00f6vetkezetes \u00e9s optimaliz\u00e1lt adagol\u00e1s<br \/>\n<strong>Foly\u00e9kony t\u00e9rfogat:<\/strong> 14ml haszn\u00e1latra k\u00e9sz<br \/>\n<strong>Nikotin kiv\u00e1laszt\u00e1sa:<\/strong> 0%, 2%, 3% vagy 5% rendelhet\u0151<br \/>\n<strong>G\u0151z\u00f6k sz\u00e1ma:<\/strong> K\u00f6r\u00fclbel\u00fcl 7000 vonat lehets\u00e9ges<br \/>\n<strong>L\u00e9g\u00e1raml\u00e1si rendszer:<\/strong> Egy\u00e9nileg szab\u00e1lyozhat\u00f3 szell\u0151z\u00e9s<br \/>\n<strong>Optikai jellemz\u0151:<\/strong> Integr\u00e1lt RGB vil\u00e1g\u00edt\u00e1s<\/p>\n<h3 class=\"text-lg font-bold text-text-100 mt-1 -mb-1.5\">Fedezzen fel m\u00e9g t\u00f6bb FUMOT VAPE-t a vozolpuff-on<\/h3>\n<p class=\"whitespace-normal break-words\">Mer\u00fclj\u00f6n el a mi <strong><a class=\"underline\" href=\"https:\/\/vozolpuff.de\/hu\/\">E-cigaretta paradicsom<\/a><\/strong> m\u00e9g t\u00f6bb kiv\u00e1l\u00f3 min\u0151s\u00e9g\u0171 lehet\u0151s\u00e9ggel, fedezze fel az innovat\u00edv <strong><a class=\"underline\" href=\"https:\/\/vozolpuff.de\/hu\/product-category\/fumot-vape\/\">FUMOT VAPE technol\u00f3gia<\/a><\/strong> vagy k\u00eds\u00e9rletezzen m\u00e1s <strong><a class=\"underline\" href=\"https:\/\/vozolpuff.de\/hu\/product-category\/fumot-vape\/randm-tornado-7000\/\">RandM Tornado 7000 kombin\u00e1ci\u00f3k<\/a><\/strong>.<\/p>","protected":false},"excerpt":{"rendered":"<div>\n<div class=\"grid-cols-1 grid gap-2.5 [&amp;_&gt;_*]:min-w-0 !gap-3.5\">\n<p class=\"whitespace-normal break-words\">Entdecken Sie die aufregende Geschmacksfusion der RandM Tornado 7000 Blue Razz Cherry Einweg-Vape. Die innovative Kombination aus intensiv s\u00fc\u00dfen blauen Himbeeren und klassischen Kirschen kreiert ein unwiderstehliches Geschmackserlebnis. Mit robustem 850mAh Akku, 14ml Tank und 7000 einzigartigen Z\u00fcgen.<\/p>\n<\/div>\n<\/div>\n<div class=\"h-8\"><\/div>\n","protected":false},"featured_media":3951,"comment_status":"open","ping_status":"closed","template":"","meta":{"_acf_changed":false},"product_brand":[],"product_cat":[50],"product_tag":[],"class_list":{"0":"post-3947","1":"product","2":"type-product","3":"status-publish","4":"has-post-thumbnail","6":"product_cat-randm-tornado-7000","8":"first","9":"instock","10":"shipping-taxable","11":"purchasable","12":"product-type-variable"},"acf":[],"_links":{"self":[{"href":"https:\/\/vozolpuff.de\/hu\/wp-json\/wp\/v2\/product\/3947","targetHints":{"allow":["GET"]}}],"collection":[{"href":"https:\/\/vozolpuff.de\/hu\/wp-json\/wp\/v2\/product"}],"about":[{"href":"https:\/\/vozolpuff.de\/hu\/wp-json\/wp\/v2\/types\/product"}],"replies":[{"embeddable":true,"href":"https:\/\/vozolpuff.de\/hu\/wp-json\/wp\/v2\/comments?post=3947"}],"wp:featuredmedia":[{"embeddable":true,"href":"https:\/\/vozolpuff.de\/hu\/wp-json\/wp\/v2\/media\/3951"}],"wp:attachment":[{"href":"https:\/\/vozolpuff.de\/hu\/wp-json\/wp\/v2\/media?parent=3947"}],"wp:term":[{"taxonomy":"product_brand","embeddable":true,"href":"https:\/\/vozolpuff.de\/hu\/wp-json\/wp\/v2\/product_brand?post=3947"},{"taxonomy":"product_cat","embeddable":true,"href":"https:\/\/vozolpuff.de\/hu\/wp-json\/wp\/v2\/product_cat?post=3947"},{"taxonomy":"product_tag","embeddable":true,"href":"https:\/\/vozolpuff.de\/hu\/wp-json\/wp\/v2\/product_tag?post=3947"}],"curies":[{"name":"wp","href":"https:\/\/api.w.org\/{rel}","templated":true}]}}