{"id":3983,"date":"2025-09-10T10:19:40","date_gmt":"2025-09-10T08:19:40","guid":{"rendered":"https:\/\/vozolpuff.de\/?post_type=product&#038;p=3983"},"modified":"2025-09-10T10:19:41","modified_gmt":"2025-09-10T08:19:41","slug":"randm-tornado-7000-blueberry-cherry-cranberry","status":"publish","type":"product","link":"https:\/\/vozolpuff.de\/hu\/termek\/randm-tornado-7000-blueberry-cherry-cranberry\/","title":{"rendered":"RandM Tornado 7000 \u00c1fonya Cherry Cranberry \u00c1fonya"},"content":{"rendered":"<h2 class=\"text-xl font-bold text-text-100 mt-1 -mb-0.5\">RandM Tornado 7000 Blueberry Cherry Cranberry \u2013 pr\u00e9mium eldobhat\u00f3 e-cigaretta<\/h2>\n<p class=\"whitespace-normal break-words\">Mer\u00fclj\u00f6n el az intenz\u00edv bogy\u00f3s gy\u00fcm\u00f6lcs\u00f6k vil\u00e1g\u00e1ban a RandM Tornado 7000 Blueberry Cherry Cranberry-vel. Ez a rendk\u00edv\u00fcli h\u00e1romf\u00e9le bogy\u00f3s gy\u00fcm\u00f6lcs kombin\u00e1ci\u00f3ja 7000 \u00edzrobban\u00e1ssal teli slukkot biztos\u00edt egy kompakt 14 ml-es kiszerel\u00e9sben. A 0%-t\u0151l 5%-ig terjed\u0151 nikotinkoncentr\u00e1ci\u00f3k minden \u00edzl\u00e9snek megfelelnek.<\/p>\n<h3 class=\"text-lg font-bold text-text-100 mt-1 -mb-1.5\">Blueberry Cherry Cranberry \u2013 bogy\u00f3s gy\u00fcm\u00f6lcs\u00f6k h\u00e1rmasa:<\/h3>\n<p class=\"whitespace-normal break-words\">Ez a kiv\u00e1l\u00f3 kever\u00e9k egyes\u00edti az \u00e9rett \u00e1fonya \u00e9dess\u00e9g\u00e9t, a cseresznye intenz\u00edv gy\u00fcm\u00f6lcs\u00f6ss\u00e9g\u00e9t \u00e9s a v\u00f6r\u00f6s\u00e1fonya enyhe fanyars\u00e1g\u00e1t egy p\u00e1ratlan \u00edz\u00e9lm\u00e9nyben. A fejlett h\u00e1l\u00f3s tekercs technol\u00f3gia kihozza ennek a komplex aromakombin\u00e1ci\u00f3nak minden \u00e1rnyalat\u00e1t.<\/p>\n<p class=\"whitespace-normal break-words\">A robusztus 850 mAh-s l\u00edtium-akkumul\u00e1tor Type-C t\u00f6lt\u00e9si funkci\u00f3val biztos\u00edtja a folyamatos teljes\u00edtm\u00e9nyt, m\u00edg a v\u00e1ltoz\u00f3 l\u00e9g\u00e1ram-szab\u00e1lyoz\u00e1s lehet\u0151v\u00e9 teszi az egy\u00e9ni be\u00e1ll\u00edt\u00e1sokat. Ez a technikai kifinomults\u00e1g minden g\u0151z\u00f6l\u00e9si \u00e9lm\u00e9nyt \u00e9lvezetess\u00e9 tesz.<\/p>\n<p class=\"whitespace-normal break-words\">Az intuit\u00edv kezel\u00e9s a sz\u00edv\u00e1s aktiv\u00e1l\u00e1s\u00e1val \u00e9s az eleg\u00e1ns kialak\u00edt\u00e1s miatt ez az e-cigaretta az els\u0151 v\u00e1laszt\u00e1s a min\u0151s\u00e9get \u00e9s \u00edzt \u00e9rt\u00e9kel\u0151 ig\u00e9nyes felhaszn\u00e1l\u00f3k sz\u00e1m\u00e1ra.<\/p>\n<h3 class=\"text-lg font-bold text-text-100 mt-1 -mb-1.5\">Term\u00e9kle\u00edr\u00e1s Blueberry Cherry Cranberry:<\/h3>\n<p class=\"whitespace-normal break-words\">\u2611 Nikotin opci\u00f3k: 0%, 2%, 3%, 5%<br \/>\n\u2611 E-liquid t\u00f6ltet mennyis\u00e9ge: 14 ml<br \/>\n\u2611 Vonatsz\u00e1m: 7000 egys\u00e9genk\u00e9nt<br \/>\n\u2611 V\u00e1ltoz\u00f3 leveg\u0151ell\u00e1t\u00e1s<br \/>\n\u2611 USB Type-C t\u00f6lt\u00e9s<br \/>\n\u2611 Be\u00e9p\u00edtett 850 mAh akkumul\u00e1tor<br \/>\n\u2611 Pr\u00e9mium h\u00e1l\u00f3s tekercsrendszer<\/p>\n<p class=\"whitespace-normal break-words\">L\u00e1togasson el a <strong><a class=\"underline\" href=\"https:\/\/vozolpuff.de\/hu\/\">Online \u00e1ruh\u00e1z f\u0151men\u00fc<\/a><\/strong> tov\u00e1bbi g\u0151zterm\u00e9kek\u00e9rt, vagy fedezze fel a n\u00e9pszer\u0171 <strong><a class=\"underline\" href=\"https:\/\/vozolpuff.de\/hu\/product-category\/fumot-vape\/\">FUMOT VAPE sorozat<\/a><\/strong>. Minden el\u00e9rhet\u0151 <strong><a class=\"underline\" href=\"https:\/\/vozolpuff.de\/hu\/product-category\/fumot-vape\/randm-tornado-7000\/\">RandM Tornado 7000 \u00edzek<\/a><\/strong> tal\u00e1lhat\u00f3k a speci\u00e1lis kateg\u00f3ri\u00e1nkban.<\/p>","protected":false},"excerpt":{"rendered":"<p class=\"whitespace-normal break-words\">A RandM Tornado 7000 Blueberry Cherry Cranberry eldobhat\u00f3 e-cigaretta \u00e1fony\u00e1t, csereszny\u00e9t \u00e9s v\u00f6r\u00f6s\u00e1fony\u00e1t kombin\u00e1l egy intenz\u00edv bogy\u00f3s gy\u00fcm\u00f6lcs\u00f6s tri\u00f3ban. 7000 slukk, 14 ml e-liquid, 850 mAh \u00fajrat\u00f6lthet\u0151 akkumul\u00e1tor Type-C t\u00f6lt\u00e9ssel. Mesh-Coil az optim\u00e1lis \u00edz\u00e9rt. 0%, 2%, 3% \u00e9s 5% nikotintartalommal kaphat\u00f3.<\/p>\n<p class=\"whitespace-normal break-words\">","protected":false},"featured_media":3987,"comment_status":"open","ping_status":"closed","template":"","meta":{"_acf_changed":false},"product_brand":[],"product_cat":[50],"product_tag":[],"class_list":{"0":"post-3983","1":"product","2":"type-product","3":"status-publish","4":"has-post-thumbnail","6":"product_cat-randm-tornado-7000","8":"first","9":"instock","10":"shipping-taxable","11":"purchasable","12":"product-type-variable"},"acf":[],"_links":{"self":[{"href":"https:\/\/vozolpuff.de\/hu\/wp-json\/wp\/v2\/product\/3983","targetHints":{"allow":["GET"]}}],"collection":[{"href":"https:\/\/vozolpuff.de\/hu\/wp-json\/wp\/v2\/product"}],"about":[{"href":"https:\/\/vozolpuff.de\/hu\/wp-json\/wp\/v2\/types\/product"}],"replies":[{"embeddable":true,"href":"https:\/\/vozolpuff.de\/hu\/wp-json\/wp\/v2\/comments?post=3983"}],"wp:featuredmedia":[{"embeddable":true,"href":"https:\/\/vozolpuff.de\/hu\/wp-json\/wp\/v2\/media\/3987"}],"wp:attachment":[{"href":"https:\/\/vozolpuff.de\/hu\/wp-json\/wp\/v2\/media?parent=3983"}],"wp:term":[{"taxonomy":"product_brand","embeddable":true,"href":"https:\/\/vozolpuff.de\/hu\/wp-json\/wp\/v2\/product_brand?post=3983"},{"taxonomy":"product_cat","embeddable":true,"href":"https:\/\/vozolpuff.de\/hu\/wp-json\/wp\/v2\/product_cat?post=3983"},{"taxonomy":"product_tag","embeddable":true,"href":"https:\/\/vozolpuff.de\/hu\/wp-json\/wp\/v2\/product_tag?post=3983"}],"curies":[{"name":"wp","href":"https:\/\/api.w.org\/{rel}","templated":true}]}}