{"id":3992,"date":"2025-09-10T10:22:18","date_gmt":"2025-09-10T08:22:18","guid":{"rendered":"https:\/\/vozolpuff.de\/?post_type=product&#038;p=3992"},"modified":"2025-09-10T10:22:18","modified_gmt":"2025-09-10T08:22:18","slug":"randm-tornado-7000-apple-berry-blast","status":"publish","type":"product","link":"https:\/\/vozolpuff.de\/hu\/termek\/randm-tornado-7000-apple-berry-blast\/","title":{"rendered":"RandM Tornado 7000 Apple Berry Blast alm\u00e1s bogy\u00f3s gy\u00fcm\u00f6lcs\u00f6k"},"content":{"rendered":"<h2 class=\"text-xl font-bold text-text-100 mt-1 -mb-0.5\">RandM Tornado 7000 Apple Berry Blast - nagy teljes\u00edtm\u00e9ny\u0171 eldobhat\u00f3 eszk\u00f6z<\/h2>\n<p class=\"whitespace-normal break-words\">Tapasztalja meg a ropog\u00f3s alma \u00e9s a vegyes bogy\u00f3s gy\u00fcm\u00f6lcs\u00f6k robban\u00e1sszer\u0171 kombin\u00e1ci\u00f3j\u00e1t a RandM Tornado 7000 Apple Berry Blast k\u00e9sz\u00fcl\u00e9kkel. Ez a nagy teljes\u00edtm\u00e9ny\u0171 eldobhat\u00f3 k\u00e9sz\u00fcl\u00e9k leny\u0171g\u00f6z\u0151 7000 sz\u00edv\u00e1st k\u00edn\u00e1l gazdag 14ml e-folyad\u00e9k kapacit\u00e1ssal \u00e9s 0%-t\u0151l 5%-ig terjed\u0151 nikotinv\u00e1ltozatokkal.<\/p>\n<h3 class=\"text-lg font-bold text-text-100 mt-1 -mb-1.5\">Apple Berry Blast gy\u00fcm\u00f6lcser\u0151:<\/h3>\n<p class=\"whitespace-normal break-words\">Az Apple Berry Blast v\u00e1ltozat a z\u00f6ld alma term\u00e9szetes frissess\u00e9g\u00e9t kombin\u00e1lja a vegyes erdei bogy\u00f3s gy\u00fcm\u00f6lcs\u00f6k robban\u00e1sszer\u0171 kever\u00e9k\u00e9vel. Ezt a dinamikus \u00edzkombin\u00e1ci\u00f3t a prec\u00edz h\u00e1l\u00f3s tekercsrendszer optim\u00e1lisan bontja ki, \u00e9s minden egyes sz\u00edv\u00e1sn\u00e1l intenz\u00edv aromakibocs\u00e1t\u00e1st biztos\u00edt.<\/p>\n<p class=\"whitespace-normal break-words\">A megb\u00edzhat\u00f3 850mAh-s akkumul\u00e1torrendszerrel \u00e9s a praktikus Type-C t\u00f6lt\u00e9si funkci\u00f3val ez a k\u00e9sz\u00fcl\u00e9k a teljes \u00e9lettartama alatt \u00e1lland\u00f3 teljes\u00edtm\u00e9nyt ny\u00fajt. A fokozatmentesen \u00e1ll\u00edthat\u00f3 l\u00e9g\u00e1raml\u00e1s-szab\u00e1lyoz\u00e1ssal teljes m\u00e9rt\u00e9kben kontroll\u00e1lhatja szem\u00e9lyes p\u00e1rologtat\u00e1si \u00e9lm\u00e9ny\u00e9t.<\/p>\n<p class=\"whitespace-normal break-words\">A felhaszn\u00e1l\u00f3bar\u00e1t h\u00faz\u00e1s-aktiv\u00e1l\u00e1s rendszer kik\u00fcsz\u00f6b\u00f6li a bonyolult m\u0171veletek sz\u00fcks\u00e9gess\u00e9g\u00e9t, \u00e9s azonnali p\u00e1ra\u00e9lvezetet tesz lehet\u0151v\u00e9. Ide\u00e1lis a gy\u00fcm\u00f6lcs\u00f6s \u00edzek szerelmeseinek, akik \u00e9rt\u00e9kelik a v\u00e1ltozatoss\u00e1got \u00e9s az intenzit\u00e1st.<\/p>\n<h3 class=\"text-lg font-bold text-text-100 mt-1 -mb-1.5\">M\u0171szaki tulajdons\u00e1gok Apple Berry Blast:<\/h3>\n<p class=\"whitespace-normal break-words\">\u2611 Nikotin er\u0151ss\u00e9gek: 0%, 2%, 3%, 5%, 5%<br \/>\n\u2611 Tart\u00e1ly t\u00e9rfogata: 14 ML<br \/>\n\u2611 Puff kapacit\u00e1s: 7000<br \/>\n\u2611 \u00c1ll\u00edthat\u00f3 l\u00e9gkering\u00e9s<br \/>\nC-t\u00edpus\u00fa t\u00f6lt\u0151csatlakoz\u00f3<br \/>\n\u2611 \u00dajrat\u00f6lthet\u0151 850 mAh akkumul\u00e1tor<br \/>\n\u2611 Kiv\u00e1l\u00f3 min\u0151s\u00e9g\u0171 h\u00e1l\u00f3s p\u00e1rologtat\u00f3 technol\u00f3gia<\/p>\n<p class=\"whitespace-normal break-words\">Fedezze fel kiterjedt <strong><a class=\"underline\" href=\"https:\/\/vozolpuff.de\/hu\/\">Term\u00e9kv\u00e1laszt\u00e9k<\/a><\/strong> vagy mer\u00fclj\u00f6n el a <strong><a class=\"underline\" href=\"https:\/\/vozolpuff.de\/hu\/product-category\/fumot-vape\/\">FUMOT VAPE term\u00e9kvil\u00e1g<\/a><\/strong>. Az eg\u00e9sz <strong><a class=\"underline\" href=\"https:\/\/vozolpuff.de\/hu\/product-category\/fumot-vape\/randm-tornado-7000\/\">RandM Tornado 7000 \u00edzv\u00e1laszt\u00e9k<\/a><\/strong> k\u00e9szen \u00e1ll a felfedez\u0151\u00fatra.<\/p>","protected":false},"excerpt":{"rendered":"<p class=\"whitespace-normal break-words\">A RandM Tornado 7000 Apple Berry Blast eldobhat\u00f3 vape a ropog\u00f3s alm\u00e1t vegyes vadbogy\u00f3kkal kombin\u00e1lja, hogy egy robban\u00e9kony gy\u00fcm\u00f6lcskever\u00e9ket hozzon l\u00e9tre. 7000 puff, 14ml e-folyad\u00e9k, 850mAh \u00fajrat\u00f6lthet\u0151 akkumul\u00e1tor Type-C t\u00f6lt\u00e9ssel. H\u00e1l\u00f3s tekercs az intenz\u00edv \u00edzek\u00e9rt. Kaphat\u00f3 0%, 2%, 3% \u00e9s 5% nikotinban.<\/p>\n<p class=\"whitespace-normal break-words\">","protected":false},"featured_media":3996,"comment_status":"open","ping_status":"closed","template":"","meta":{"_acf_changed":false},"product_brand":[],"product_cat":[50],"product_tag":[],"class_list":{"0":"post-3992","1":"product","2":"type-product","3":"status-publish","4":"has-post-thumbnail","6":"product_cat-randm-tornado-7000","8":"first","9":"instock","10":"shipping-taxable","11":"purchasable","12":"product-type-variable"},"acf":[],"_links":{"self":[{"href":"https:\/\/vozolpuff.de\/hu\/wp-json\/wp\/v2\/product\/3992","targetHints":{"allow":["GET"]}}],"collection":[{"href":"https:\/\/vozolpuff.de\/hu\/wp-json\/wp\/v2\/product"}],"about":[{"href":"https:\/\/vozolpuff.de\/hu\/wp-json\/wp\/v2\/types\/product"}],"replies":[{"embeddable":true,"href":"https:\/\/vozolpuff.de\/hu\/wp-json\/wp\/v2\/comments?post=3992"}],"wp:featuredmedia":[{"embeddable":true,"href":"https:\/\/vozolpuff.de\/hu\/wp-json\/wp\/v2\/media\/3996"}],"wp:attachment":[{"href":"https:\/\/vozolpuff.de\/hu\/wp-json\/wp\/v2\/media?parent=3992"}],"wp:term":[{"taxonomy":"product_brand","embeddable":true,"href":"https:\/\/vozolpuff.de\/hu\/wp-json\/wp\/v2\/product_brand?post=3992"},{"taxonomy":"product_cat","embeddable":true,"href":"https:\/\/vozolpuff.de\/hu\/wp-json\/wp\/v2\/product_cat?post=3992"},{"taxonomy":"product_tag","embeddable":true,"href":"https:\/\/vozolpuff.de\/hu\/wp-json\/wp\/v2\/product_tag?post=3992"}],"curies":[{"name":"wp","href":"https:\/\/api.w.org\/{rel}","templated":true}]}}