{"id":4001,"date":"2025-09-10T10:24:29","date_gmt":"2025-09-10T08:24:29","guid":{"rendered":"https:\/\/vozolpuff.de\/?post_type=product&#038;p=4001"},"modified":"2025-09-10T10:25:29","modified_gmt":"2025-09-10T08:25:29","slug":"randm-tornado-7000-cherry-cola","status":"publish","type":"product","link":"https:\/\/vozolpuff.de\/hu\/termek\/randm-tornado-7000-cherry-cola\/","title":{"rendered":"RandM Tornado 7000 Cherry Cola"},"content":{"rendered":"<h2 class=\"text-xl font-bold text-text-100 mt-1 -mb-0.5\">RandM Tornado 7000 Cherry Cola Classic eldobhat\u00f3 vape<\/h2>\n<p class=\"whitespace-normal break-words\">\u00c9lvezze a Cherry Cola nosztalgikus \u00edz\u00e9t az innovat\u00edv RandM Tornado 7000-vel. Ez az egyed\u00fcl\u00e1ll\u00f3 \u00edz az \u00e9des csereszny\u00e9t a klasszikus k\u00f3la pezsg\u0151 \u00edz\u00e9vel \u00f6tv\u00f6zi, \u00e9s 7000 slukkot k\u00edn\u00e1l egy 14 ml-es tart\u00e1lyb\u00f3l, rugalmas nikotinszintekkel 0%-t\u0151l 5%-ig.<\/p>\n<h3 class=\"text-lg font-bold text-text-100 mt-1 -mb-1.5\">Cherry Cola retro \u00e9lm\u00e9ny:<\/h3>\n<p class=\"whitespace-normal break-words\">A Cherry Cola v\u00e1ltozat a klasszikus \u00fcd\u00edt\u0151italok eml\u00e9k\u00e9t id\u00e9zi, \u00e9s az \u00e9rett cseresznye \u00e9dess\u00e9g\u00e9t a jellegzetes k\u00f3la \u00edz\u00e9vel \u00f6tv\u00f6zi. Az \u00edzek e rendk\u00edv\u00fcli kever\u00e9k\u00e9t a legmodernebb p\u00e1rologtat\u00f3 technol\u00f3gia t\u00f6k\u00e9letesen kiemeli.<\/p>\n<p class=\"whitespace-normal break-words\">A nagy teljes\u00edtm\u00e9ny\u0171 850mAh energiarendszer gyors Type-C t\u00f6lt\u00e9ssel garant\u00e1lja a megb\u00edzhat\u00f3 m\u0171k\u00f6d\u00e9st, m\u00edg a prec\u00edz l\u00e9g\u00e1raml\u00e1s-szab\u00e1lyoz\u00e1s egy\u00e9ni g\u0151z\u00f6l\u00e9si \u00e9lm\u00e9nyt tesz lehet\u0151v\u00e9. A hagyom\u00e1ny \u00e9s az innov\u00e1ci\u00f3 kombin\u00e1ci\u00f3ja teszi ezt az e-cigarett\u00e1t k\u00fcl\u00f6nlegess\u00e9.<\/p>\n<p class=\"whitespace-normal break-words\">Az azonnali haszn\u00e1latra val\u00f3 k\u00e9szs\u00e9g a h\u00faz\u00e1s aktiv\u00e1l\u00e1s\u00e1val \u00e9s a karcs\u00fa h\u00e1z kialak\u00edt\u00e1sa ide\u00e1lis t\u00e1rss\u00e1 teszi mindazok sz\u00e1m\u00e1ra, akik \u00e9rt\u00e9kelik a szokatlan \u00edzeket.<\/p>\n<h3 class=\"text-lg font-bold text-text-100 mt-1 -mb-1.5\">Cherry Cola K\u00e9sz\u00fcl\u00e9kadatok:<\/h3>\n<p class=\"whitespace-normal break-words\">\u2611 0% \/ 2% \/ 3% \/ 5% Nikotin kiv\u00e1laszt\u00e1sa<br \/>\n\u2611 14 ML folyad\u00e9kkapacit\u00e1s<br \/>\n\u2611 7000 vonatok kimenete<br \/>\n\u2611 \u00c1ll\u00edthat\u00f3 l\u00e9g\u00e1raml\u00e1s<br \/>\nUSB-C gyors t\u00f6lt\u0151port<br \/>\n850 mAh hossz\u00fa \u00e9lettartam\u00fa akkumul\u00e1tor<br \/>\n\u2611 Fejlett h\u00e1l\u00f3s tekercs technol\u00f3gia<\/p>\n<p class=\"whitespace-normal break-words\">B\u00f6ng\u00e9sszen a <strong><a class=\"underline\" href=\"https:\/\/vozolpuff.de\/hu\/\">F\u0151 katal\u00f3gus<\/a><\/strong> tov\u00e1bbi pr\u00e9mium opci\u00f3k\u00e9rt, vagy fedezze fel az exkluz\u00edv <strong><a class=\"underline\" href=\"https:\/\/vozolpuff.de\/hu\/product-category\/fumot-vape\/\">FUMOT VAPE kollekci\u00f3<\/a><\/strong>. Minden <strong><a class=\"underline\" href=\"https:\/\/vozolpuff.de\/hu\/product-category\/fumot-vape\/randm-tornado-7000\/\">RandM Tornado 7000 \u00edzek<\/a><\/strong> csak egy kattint\u00e1snyira vannak.<\/p>","protected":false},"excerpt":{"rendered":"<p class=\"whitespace-normal break-words\">A RandM Tornado 7000 Cherry Cola eldobhat\u00f3 vape az \u00e9des csereszny\u00e9t a klasszikus k\u00f3la \u00edzzel \u00f6tv\u00f6zi a nosztalgikus vaping \u00e9lm\u00e9ny\u00e9rt. 7000 puff, 14ml e-folyad\u00e9k, 850mAh \u00fajrat\u00f6lthet\u0151 akkumul\u00e1tor Type-C t\u00f6lt\u00e9ssel. H\u00e1l\u00f3s tekercs az autentikus \u00edzek\u00e9rt. Kaphat\u00f3 0%, 2%, 3% \u00e9s 5% nikotinban.<\/p>\n<p class=\"whitespace-normal break-words\">","protected":false},"featured_media":4005,"comment_status":"open","ping_status":"closed","template":"","meta":{"_acf_changed":false},"product_brand":[],"product_cat":[50],"product_tag":[],"class_list":{"0":"post-4001","1":"product","2":"type-product","3":"status-publish","4":"has-post-thumbnail","6":"product_cat-randm-tornado-7000","8":"first","9":"instock","10":"shipping-taxable","11":"purchasable","12":"product-type-variable"},"acf":[],"_links":{"self":[{"href":"https:\/\/vozolpuff.de\/hu\/wp-json\/wp\/v2\/product\/4001","targetHints":{"allow":["GET"]}}],"collection":[{"href":"https:\/\/vozolpuff.de\/hu\/wp-json\/wp\/v2\/product"}],"about":[{"href":"https:\/\/vozolpuff.de\/hu\/wp-json\/wp\/v2\/types\/product"}],"replies":[{"embeddable":true,"href":"https:\/\/vozolpuff.de\/hu\/wp-json\/wp\/v2\/comments?post=4001"}],"wp:featuredmedia":[{"embeddable":true,"href":"https:\/\/vozolpuff.de\/hu\/wp-json\/wp\/v2\/media\/4005"}],"wp:attachment":[{"href":"https:\/\/vozolpuff.de\/hu\/wp-json\/wp\/v2\/media?parent=4001"}],"wp:term":[{"taxonomy":"product_brand","embeddable":true,"href":"https:\/\/vozolpuff.de\/hu\/wp-json\/wp\/v2\/product_brand?post=4001"},{"taxonomy":"product_cat","embeddable":true,"href":"https:\/\/vozolpuff.de\/hu\/wp-json\/wp\/v2\/product_cat?post=4001"},{"taxonomy":"product_tag","embeddable":true,"href":"https:\/\/vozolpuff.de\/hu\/wp-json\/wp\/v2\/product_tag?post=4001"}],"curies":[{"name":"wp","href":"https:\/\/api.w.org\/{rel}","templated":true}]}}