{"id":4019,"date":"2025-09-10T10:30:57","date_gmt":"2025-09-10T08:30:57","guid":{"rendered":"https:\/\/vozolpuff.de\/?post_type=product&#038;p=4019"},"modified":"2025-09-10T10:30:57","modified_gmt":"2025-09-10T08:30:57","slug":"randm-tornado-7000-pink-burst","status":"publish","type":"product","link":"https:\/\/vozolpuff.de\/hu\/termek\/randm-tornado-7000-pink-burst\/","title":{"rendered":"RandM Tornado 7000 r\u00f3zsasz\u00edn burst"},"content":{"rendered":"<h2 class=\"text-xl font-bold text-text-100 mt-1 -mb-0.5\">RandM Tornado 7000 Pink Burst Fruit Explosion e-cigaretta<\/h2>\n<p class=\"whitespace-normal break-words\">Tapasztalja meg a RandM Tornado 7000 Pink Burst igazi \u00edzrobban\u00e1st. Ez a vibr\u00e1l\u00f3 gy\u00fcm\u00f6lcskever\u00e9k intenz\u00edv r\u00f3zsasz\u00edn bogy\u00f3s gy\u00fcm\u00f6lcs \u00edzeket biztos\u00edt 7000 sz\u00edv\u00e1s alatt, 14 ml t\u00e9rfogatba csomagolva, testre szabhat\u00f3 nikotinszintekkel 0%-t\u0151l 5%-ig.<\/p>\n<h3 class=\"text-lg font-bold text-text-100 mt-1 -mb-1.5\">Pink Burst Berry Symphony:<\/h3>\n<p class=\"whitespace-normal break-words\">A Pink Burst a k\u00fcl\u00f6nb\u00f6z\u0151 r\u00f3zsasz\u00edn \u00e9s piros gy\u00fcm\u00f6lcs\u00f6k szimf\u00f3ni\u00e1ja, amelyek t\u00f6k\u00e9letes harm\u00f3ni\u00e1ban egyes\u00fclnek. Az \u00edzeknek ezt az izgalmas kombin\u00e1ci\u00f3j\u00e1t a fejlett h\u00e1l\u00f3s tekercsrendszer pontosan kivonja, \u00e9s garant\u00e1lja az intenz\u00edv aromakifejl\u0151d\u00e9st.<\/p>\n<p class=\"whitespace-normal break-words\">A megb\u00edzhat\u00f3 850mAh-s akkumul\u00e1torrendszer modern Type-C t\u00f6lt\u00e9ssel egyenletes teljes\u00edtm\u00e9nyt ny\u00fajt, m\u00edg a fokozatmentesen \u00e1ll\u00edthat\u00f3 leveg\u0151ell\u00e1t\u00e1s lehet\u0151v\u00e9 teszi az egy\u00e9ni testreszab\u00e1st. Ez a technikai kifinomults\u00e1g kiv\u00e9teles vaping \u00e9lm\u00e9nyt biztos\u00edt.<\/p>\n<p class=\"whitespace-normal break-words\">A h\u00faz\u00f3 aktiv\u00e1l\u00e1ssal t\u00f6rt\u00e9n\u0151 k\u00f6nnyed kezel\u00e9s \u00e9s a vonz\u00f3 kialak\u00edt\u00e1s teszi ezt az e-cigarett\u00e1t kiemelked\u0151v\u00e9 mindazok sz\u00e1m\u00e1ra, akik \u00e9rt\u00e9kelik a vibr\u00e1l\u00f3 gy\u00fcm\u00f6lcs\u00edzeket \u00e9s az innovat\u00edv technol\u00f3gi\u00e1t.<\/p>\n<h3 class=\"text-lg font-bold text-text-100 mt-1 -mb-1.5\">Pink Burst Term\u00e9kadatok:<\/h3>\n<p class=\"whitespace-normal break-words\">\u2611 0% \/ 2% \/ 3% \/ 5% Nikotinszintek<br \/>\n14 ML t\u00f6lt\u00e9si t\u00e9rfogat<br \/>\n\u2611 7000 puff \u00e1ll\u00f3k\u00e9pess\u00e9g<br \/>\n\u2611 \u00c1ll\u00edthat\u00f3 leveg\u0151szab\u00e1lyoz\u00e1s<br \/>\nUSB Type-C t\u00f6lt\u00e9s<br \/>\n850 mAh kapacit\u00e1s\u00fa akkumul\u00e1tor<br \/>\n\u2611 High-end h\u00e1l\u00f3s tekercsrendszer<\/p>\n<p class=\"whitespace-normal break-words\">L\u00e1togasson el a <strong><a class=\"underline\" href=\"https:\/\/vozolpuff.de\/hu\/\">\u00dczleti port\u00e1l<\/a><\/strong> pr\u00e9mium term\u00e9kek\u00e9rt, vagy mer\u00fclj\u00f6n el a <strong><a class=\"underline\" href=\"https:\/\/vozolpuff.de\/hu\/product-category\/fumot-vape\/\">FUMOT VAPE \u00e9lm\u00e9nyvil\u00e1g<\/a><\/strong>. Az eg\u00e9sz <strong><a class=\"underline\" href=\"https:\/\/vozolpuff.de\/hu\/product-category\/fumot-vape\/randm-tornado-7000\/\">RandM Tornado 7000 \u00edzkollekci\u00f3<\/a><\/strong> v\u00e1rja felfedez\u00e9s\u00e9t.<\/p>","protected":false},"excerpt":{"rendered":"<p class=\"whitespace-normal break-words\">A RandM Tornado 7000 Pink Burst eldobhat\u00f3 vape a r\u00f3zsasz\u00edn \u00e9s piros bogy\u00f3s gy\u00fcm\u00f6lcs\u00f6k robban\u00e9kony kever\u00e9k\u00e9t k\u00edn\u00e1lja. 7000 puff, 14ml e-folyad\u00e9k, 850mAh \u00fajrat\u00f6lthet\u0151 akkumul\u00e1tor Type-C t\u00f6lt\u00e9ssel. H\u00e1l\u00f3s tekercs az intenz\u00edv \u00edzrobban\u00e1s\u00e9rt. Kaphat\u00f3 0%, 2%, 3% \u00e9s 5% nikotinban.<\/p>\n<p class=\"whitespace-normal break-words\">","protected":false},"featured_media":4023,"comment_status":"open","ping_status":"closed","template":"","meta":{"_acf_changed":false},"product_brand":[],"product_cat":[50],"product_tag":[],"class_list":{"0":"post-4019","1":"product","2":"type-product","3":"status-publish","4":"has-post-thumbnail","6":"product_cat-randm-tornado-7000","8":"first","9":"instock","10":"shipping-taxable","11":"purchasable","12":"product-type-variable"},"acf":[],"_links":{"self":[{"href":"https:\/\/vozolpuff.de\/hu\/wp-json\/wp\/v2\/product\/4019","targetHints":{"allow":["GET"]}}],"collection":[{"href":"https:\/\/vozolpuff.de\/hu\/wp-json\/wp\/v2\/product"}],"about":[{"href":"https:\/\/vozolpuff.de\/hu\/wp-json\/wp\/v2\/types\/product"}],"replies":[{"embeddable":true,"href":"https:\/\/vozolpuff.de\/hu\/wp-json\/wp\/v2\/comments?post=4019"}],"wp:featuredmedia":[{"embeddable":true,"href":"https:\/\/vozolpuff.de\/hu\/wp-json\/wp\/v2\/media\/4023"}],"wp:attachment":[{"href":"https:\/\/vozolpuff.de\/hu\/wp-json\/wp\/v2\/media?parent=4019"}],"wp:term":[{"taxonomy":"product_brand","embeddable":true,"href":"https:\/\/vozolpuff.de\/hu\/wp-json\/wp\/v2\/product_brand?post=4019"},{"taxonomy":"product_cat","embeddable":true,"href":"https:\/\/vozolpuff.de\/hu\/wp-json\/wp\/v2\/product_cat?post=4019"},{"taxonomy":"product_tag","embeddable":true,"href":"https:\/\/vozolpuff.de\/hu\/wp-json\/wp\/v2\/product_tag?post=4019"}],"curies":[{"name":"wp","href":"https:\/\/api.w.org\/{rel}","templated":true}]}}