{"id":4028,"date":"2025-09-10T10:33:36","date_gmt":"2025-09-10T08:33:36","guid":{"rendered":"https:\/\/vozolpuff.de\/?post_type=product&#038;p=4028"},"modified":"2025-09-10T10:33:36","modified_gmt":"2025-09-10T08:33:36","slug":"randm-tornado-7000-pacific-cooler","status":"publish","type":"product","link":"https:\/\/vozolpuff.de\/hu\/termek\/randm-tornado-7000-pacific-cooler\/","title":{"rendered":"RandM Tornado 7000 Pacific Cooler"},"content":{"rendered":"<h2 class=\"text-xl font-bold text-text-100 mt-1 -mb-0.5\">RandM Tornado 7000 Pacific Cooler Tropical eldobhat\u00f3 e-cigaretta<\/h2>\n<p class=\"whitespace-normal break-words\">Utazzon el tr\u00f3pusi t\u00e1jakra a RandM Tornado 7000 Pacific Coolerrel. Ez az egzotikus kever\u00e9k friss\u00edt\u0151 tr\u00f3pusi gy\u00fcm\u00f6lcs\u00f6ket kombin\u00e1l, \u00e9s 7000 slukknyi tiszta nyaral\u00e1si \u00e9lm\u00e9nyt ny\u00fajt egy b\u0151s\u00e9ges 14 ml-es tart\u00e1lyb\u00f3l, 0%-t\u0151l 5%-ig terjed\u0151 nikotinopci\u00f3kkal.<\/p>\n<h3 class=\"text-lg font-bold text-text-100 mt-1 -mb-1.5\">Pacific Cooler tr\u00f3pusi paradicsom:<\/h3>\n<p class=\"whitespace-normal break-words\">A Pacific Cooler gondosan \u00f6sszev\u00e1logatott egzotikus gy\u00fcm\u00f6lcs\u00f6kkel a tr\u00f3pusi \u00e9lm\u00e9nyt testes\u00edti meg. Ez a paradicsomi \u00edzkombin\u00e1ci\u00f3 a prec\u00edz Mesh Coil technol\u00f3gi\u00e1nak k\u00f6sz\u00f6nhet\u0151en optim\u00e1lisan \u00e9rv\u00e9nyes\u00fcl, \u00e9s hiteles tr\u00f3pusi hangulatot teremt.<\/p>\n<p class=\"whitespace-normal break-words\">A nagy teljes\u00edtm\u00e9ny\u0171, 850 mAh-\u00e1s akkumul\u00e1tor gyors Type-C t\u00f6lt\u00e9si funkci\u00f3val biztos\u00edtja a folyamatos rendelkez\u00e9sre \u00e1ll\u00e1st, m\u00edg a prec\u00edz l\u00e9g\u00e1ram-szab\u00e1lyoz\u00e1s szem\u00e9lyre szabott g\u0151z\u00f6l\u00e9si \u00e9lm\u00e9nyt ny\u00fajt. Ez a technikai kifinomults\u00e1g minden haszn\u00e1latot paradicsomi \u00e9lm\u00e9nny\u00e9 var\u00e1zsol.<\/p>\n<p class=\"whitespace-normal break-words\">Az instant-ready aktiv\u00e1l\u00e1s \u00e9s az eleg\u00e1ns tok teszi ezt az e-cigarett\u00e1t t\u00f6k\u00e9letes v\u00e1laszt\u00e1ss\u00e1 azok sz\u00e1m\u00e1ra, akik a tr\u00f3pusi \u00edzeket kedvelik \u00e9s a legmagasabb min\u0151s\u00e9gi elv\u00e1r\u00e1soknak megfelel\u0151 term\u00e9ket keresnek.<\/p>\n<h3 class=\"text-lg font-bold text-text-100 mt-1 -mb-1.5\">Pacific Cooler felszerelts\u00e9g:<\/h3>\n<p class=\"whitespace-normal break-words\">\u2611 Nikotinspektrum: 0%, 2%, 3%, 5%<br \/>\n\u2611 Tart\u00e1ly m\u00e9rete: 14 ML<br \/>\n\u2611 Puff-hat\u00f3t\u00e1vols\u00e1g: 7000<br \/>\n\u2611 L\u00e9g\u00e1raml\u00e1s be\u00e1ll\u00edt\u00e1sa<br \/>\nC t\u00edpus\u00fa t\u00f6lt\u0151port<br \/>\n\u2611 \u00dajrat\u00f6lthet\u0151 850 mAh egys\u00e9g<br \/>\n\u2611 Professzion\u00e1lis h\u00e1l\u00f3s p\u00e1rologtat\u00e1s<\/p>\n<p class=\"whitespace-normal break-words\">Fedezze fel \u00e1tfog\u00f3 <strong><a class=\"underline\" href=\"https:\/\/vozolpuff.de\/hu\/\">Online v\u00e1laszt\u00e9k<\/a><\/strong> vagy fedezze fel az exkluz\u00edv <strong><a class=\"underline\" href=\"https:\/\/vozolpuff.de\/hu\/product-category\/fumot-vape\/\">FUMOT VAPE term\u00e9kcsal\u00e1d<\/a><\/strong>. Minden <strong><a class=\"underline\" href=\"https:\/\/vozolpuff.de\/hu\/product-category\/fumot-vape\/randm-tornado-7000\/\">RandM Tornado 7000 \u00edzvari\u00e1ci\u00f3k<\/a><\/strong> \u00e1llnak rendelkez\u00e9s\u00e9re.<\/p>","protected":false},"excerpt":{"rendered":"<p class=\"whitespace-normal break-words\">A RandM Tornado 7000 Pacific Cooler eldobhat\u00f3 e-cigaretta egzotikus tr\u00f3pusi gy\u00fcm\u00f6lcs\u00f6kkel rep\u00edt el a paradicsomba. 7000 slukk, 14 ml e-liquid, 850 mAh \u00fajrat\u00f6lthet\u0151 akkumul\u00e1tor Type-C t\u00f6lt\u00e9ssel. Mesh-Coil az autentikus tr\u00f3pusi hangulat\u00e9rt. 0%, 2%, 3% \u00e9s 5% nikotintartalommal kaphat\u00f3.<\/p>\n<p class=\"whitespace-normal break-words\">","protected":false},"featured_media":4032,"comment_status":"open","ping_status":"closed","template":"","meta":{"_acf_changed":false},"product_brand":[],"product_cat":[50],"product_tag":[],"class_list":{"0":"post-4028","1":"product","2":"type-product","3":"status-publish","4":"has-post-thumbnail","6":"product_cat-randm-tornado-7000","8":"first","9":"instock","10":"shipping-taxable","11":"purchasable","12":"product-type-variable"},"acf":[],"_links":{"self":[{"href":"https:\/\/vozolpuff.de\/hu\/wp-json\/wp\/v2\/product\/4028","targetHints":{"allow":["GET"]}}],"collection":[{"href":"https:\/\/vozolpuff.de\/hu\/wp-json\/wp\/v2\/product"}],"about":[{"href":"https:\/\/vozolpuff.de\/hu\/wp-json\/wp\/v2\/types\/product"}],"replies":[{"embeddable":true,"href":"https:\/\/vozolpuff.de\/hu\/wp-json\/wp\/v2\/comments?post=4028"}],"wp:featuredmedia":[{"embeddable":true,"href":"https:\/\/vozolpuff.de\/hu\/wp-json\/wp\/v2\/media\/4032"}],"wp:attachment":[{"href":"https:\/\/vozolpuff.de\/hu\/wp-json\/wp\/v2\/media?parent=4028"}],"wp:term":[{"taxonomy":"product_brand","embeddable":true,"href":"https:\/\/vozolpuff.de\/hu\/wp-json\/wp\/v2\/product_brand?post=4028"},{"taxonomy":"product_cat","embeddable":true,"href":"https:\/\/vozolpuff.de\/hu\/wp-json\/wp\/v2\/product_cat?post=4028"},{"taxonomy":"product_tag","embeddable":true,"href":"https:\/\/vozolpuff.de\/hu\/wp-json\/wp\/v2\/product_tag?post=4028"}],"curies":[{"name":"wp","href":"https:\/\/api.w.org\/{rel}","templated":true}]}}