{"id":4037,"date":"2025-09-10T10:36:18","date_gmt":"2025-09-10T08:36:18","guid":{"rendered":"https:\/\/vozolpuff.de\/?post_type=product&#038;p=4037"},"modified":"2025-09-10T10:36:18","modified_gmt":"2025-09-10T08:36:18","slug":"randm-tornado-7000-ice-pop","status":"publish","type":"product","link":"https:\/\/vozolpuff.de\/hu\/termek\/randm-tornado-7000-ice-pop\/","title":{"rendered":"RandM Tornado 7000 Ice Pop"},"content":{"rendered":"<h2 class=\"text-xl font-bold text-text-100 mt-1 -mb-0.5\">RandM Tornado 7000 Ice Pop Cool friss\u00edt\u0151 Egyszer haszn\u00e1latos<\/h2>\n<p class=\"whitespace-normal break-words\">\u00c9lvezze a jeges friss\u00edt\u0151t a RandM Tornado 7000 Ice Pop k\u00e9sz\u00fcl\u00e9kkel. Ez a h\u0171s\u00edt\u0151 \u00edz az \u00e9des gy\u00fcm\u00f6lcs\u00edzeket friss\u00edt\u0151 h\u0171s\u00edt\u0151 hat\u00e1ssal \u00f6tv\u00f6zi, \u00e9s 7000 friss\u00edt\u0151 sz\u00edv\u00e1st biztos\u00edt egy 14 ml-es adagb\u00f3l, rugalmas nikotinkoncentr\u00e1ci\u00f3val 0% \u00e9s 5% k\u00f6z\u00f6tt.<\/p>\n<h3 class=\"text-lg font-bold text-text-100 mt-1 -mb-1.5\">Ice Pop J\u00e9ghideg \u00e9dess\u00e9g:<\/h3>\n<p class=\"whitespace-normal break-words\">Az Ice Pop az \u00e9des gy\u00fcm\u00f6lcs\u00f6k \u00e9s az intenz\u00edv h\u0171t\u0151hat\u00e1s t\u00f6k\u00e9letes egyens\u00faly\u00e1val a fagyasztott gy\u00fcm\u00f6lcs\u00f6s j\u00e9gkr\u00e9m autentikus \u00e9rzet\u00e9t kelti. Ezt a friss\u00edt\u0151 \u00edzkombin\u00e1ci\u00f3t a magasan fejlett h\u00e1l\u00f3s tekercsrendszer optim\u00e1lisan val\u00f3s\u00edtja meg, \u00e9s biztos\u00edtja a maxim\u00e1lis \u00edzintenzit\u00e1st.<\/p>\n<p class=\"whitespace-normal break-words\">A kipr\u00f3b\u00e1lt \u00e9s bev\u00e1lt 850mAh-s akkumul\u00e1tor rendszer praktikus Type-C t\u00f6lt\u00e9ssel garant\u00e1lja a megb\u00edzhat\u00f3 m\u0171k\u00f6d\u00e9st, m\u00edg az egyedileg \u00e1ll\u00edthat\u00f3 l\u00e9g\u00e1raml\u00e1s-szab\u00e1lyoz\u00e1s lehet\u0151v\u00e9 teszi a szem\u00e9lyes testreszab\u00e1st. Ez a technikai innov\u00e1ci\u00f3 p\u00e1ratlan h\u0171t\u00e9si \u00e9lm\u00e9nyt biztos\u00edt.<\/p>\n<p class=\"whitespace-normal break-words\">Az automatikus h\u00faz\u00e1saktiv\u00e1l\u00e1snak k\u00f6sz\u00f6nhet\u0151 azonnali haszn\u00e1latra val\u00f3 k\u00e9szenl\u00e9t \u00e9s a v\u00e9kony kialak\u00edt\u00e1s teszi ezt az e-cigarett\u00e1t ide\u00e1lis v\u00e1laszt\u00e1ss\u00e1 mindazok sz\u00e1m\u00e1ra, akik az intenz\u00edv h\u0171v\u00f6ss\u00e9g \u00e9s az \u00e9des gy\u00fcm\u00f6lcs\u00edzek t\u00f6k\u00e9letes kombin\u00e1ci\u00f3j\u00e1t szeretn\u00e9k megtapasztalni.<\/p>\n<h3 class=\"text-lg font-bold text-text-100 mt-1 -mb-1.5\">Ice Pop k\u00e9sz\u00fcl\u00e9k specifik\u00e1ci\u00f3i:<\/h3>\n<p class=\"whitespace-normal break-words\">\u2611 0% \/ 2% \/ 3% \/ 5% Nikotin t\u00e1rcs\u00e1z\u00e1s<br \/>\n\u2611 14 ML E-folyad\u00e9k t\u00e9rfogata<br \/>\n\u2611 7000 vonat kapacit\u00e1s<br \/>\n\u2611 Testreszabhat\u00f3 l\u00e9gkering\u00e9s<br \/>\nUSB-C gyorst\u00f6lt\u0151<br \/>\n850 mAh nagy kapacit\u00e1s\u00fa akkumul\u00e1tor<br \/>\n\u2611 Fejlett h\u00e1l\u00f3s technol\u00f3gia<\/p>\n<p class=\"whitespace-normal break-words\">B\u00f6ng\u00e9sszen a <strong><a class=\"underline\" href=\"https:\/\/vozolpuff.de\/hu\/\">F\u0151 webshop<\/a><\/strong> tov\u00e1bbi h\u0171t\u00e9si lehet\u0151s\u00e9gek\u00e9rt, vagy fedezze fel a sz\u00e9les k\u00f6r\u0171 <strong><a class=\"underline\" href=\"https:\/\/vozolpuff.de\/hu\/product-category\/fumot-vape\/\">FUMOT VAPE kiv\u00e1laszt\u00e1sa<\/a><\/strong>. A teljes <strong><a class=\"underline\" href=\"https:\/\/vozolpuff.de\/hu\/product-category\/fumot-vape\/randm-tornado-7000\/\">RandM Tornado 7000 \u00edzkollekci\u00f3<\/a><\/strong> az \u00d6n rendelkez\u00e9s\u00e9re \u00e1ll.<\/p>","protected":false},"excerpt":{"rendered":"<p class=\"whitespace-normal break-words\">A RandM Tornado 7000 Ice Pop eldobhat\u00f3 vape az \u00e9des gy\u00fcm\u00f6lcs\u00edzeket intenz\u00edv h\u0171t\u0151hat\u00e1ssal kombin\u00e1lja a jeges friss\u00edt\u00e9s \u00e9rdek\u00e9ben. 7000 puff, 14ml e-folyad\u00e9k, 850mAh \u00fajrat\u00f6lthet\u0151 akkumul\u00e1tor Type-C t\u00f6lt\u00e9ssel. H\u00e1l\u00f3s tekercs a maxim\u00e1lis h\u0171v\u00f6ss\u00e9g\u00e9rt. Kaphat\u00f3 0%, 2%, 3% \u00e9s 5% nikotinban.<\/p>\n<p class=\"whitespace-normal break-words\">","protected":false},"featured_media":4041,"comment_status":"open","ping_status":"closed","template":"","meta":{"_acf_changed":false},"product_brand":[],"product_cat":[50],"product_tag":[],"class_list":{"0":"post-4037","1":"product","2":"type-product","3":"status-publish","4":"has-post-thumbnail","6":"product_cat-randm-tornado-7000","8":"first","9":"instock","10":"shipping-taxable","11":"purchasable","12":"product-type-variable"},"acf":[],"_links":{"self":[{"href":"https:\/\/vozolpuff.de\/hu\/wp-json\/wp\/v2\/product\/4037","targetHints":{"allow":["GET"]}}],"collection":[{"href":"https:\/\/vozolpuff.de\/hu\/wp-json\/wp\/v2\/product"}],"about":[{"href":"https:\/\/vozolpuff.de\/hu\/wp-json\/wp\/v2\/types\/product"}],"replies":[{"embeddable":true,"href":"https:\/\/vozolpuff.de\/hu\/wp-json\/wp\/v2\/comments?post=4037"}],"wp:featuredmedia":[{"embeddable":true,"href":"https:\/\/vozolpuff.de\/hu\/wp-json\/wp\/v2\/media\/4041"}],"wp:attachment":[{"href":"https:\/\/vozolpuff.de\/hu\/wp-json\/wp\/v2\/media?parent=4037"}],"wp:term":[{"taxonomy":"product_brand","embeddable":true,"href":"https:\/\/vozolpuff.de\/hu\/wp-json\/wp\/v2\/product_brand?post=4037"},{"taxonomy":"product_cat","embeddable":true,"href":"https:\/\/vozolpuff.de\/hu\/wp-json\/wp\/v2\/product_cat?post=4037"},{"taxonomy":"product_tag","embeddable":true,"href":"https:\/\/vozolpuff.de\/hu\/wp-json\/wp\/v2\/product_tag?post=4037"}],"curies":[{"name":"wp","href":"https:\/\/api.w.org\/{rel}","templated":true}]}}