{"id":4046,"date":"2025-09-10T10:38:57","date_gmt":"2025-09-10T08:38:57","guid":{"rendered":"https:\/\/vozolpuff.de\/?post_type=product&#038;p=4046"},"modified":"2025-09-10T10:38:57","modified_gmt":"2025-09-10T08:38:57","slug":"randm-tornado-7000-bingo-crush","status":"publish","type":"product","link":"https:\/\/vozolpuff.de\/hu\/termek\/randm-tornado-7000-bingo-crush\/","title":{"rendered":"RandM Tornado 7000 Bingo Crush 7000 Bingo Crush"},"content":{"rendered":"<h2 class=\"text-xl font-bold text-text-100 mt-1 -mb-0.5\">RandM Tornado 7000 Bingo Crush \u00c9des j\u00e1t\u00e9k ihlet\u00e9s\u0171 vape<\/h2>\n<p class=\"whitespace-normal break-words\">\u00c9lvezze a j\u00e1t\u00e9kos \u00e9dess\u00e9get a RandM Tornado 7000 Bingo Crush-szal. Ez a j\u00e1t\u00e9kos \u00edzkombin\u00e1ci\u00f3 sz\u00ednes cukork\u00e1k arom\u00e1it \u00f6tv\u00f6zi, \u00e9s 7000 \u00e9lvezetes slukkot k\u00edn\u00e1l egy 14 ml-es tart\u00e1lyb\u00f3l, 0%-t\u0151l 5%-ig terjed\u0151 nikotintartalommal.<\/p>\n<h3 class=\"text-lg font-bold text-text-100 mt-1 -mb-1.5\">Bingo Crush Candy-kaland:<\/h3>\n<p class=\"whitespace-normal break-words\">A Bingo Crush egy sz\u00ednes cukork\u00e1kkal teli vil\u00e1gba rep\u00edt, izgalmas kever\u00e9kkel k\u00fcl\u00f6nb\u00f6z\u0151 cukorka\u00edzekb\u0151l. Ez a j\u00e1t\u00e9kos \u00edzkombin\u00e1ci\u00f3 az innovat\u00edv Mesh Coil technol\u00f3gi\u00e1nak k\u00f6sz\u00f6nhet\u0151en pontosan visszaadja az eredeti cukorka \u00edz\u00e9t, \u00e9s hiteles cukorka nosztalgi\u00e1t kelt.<\/p>\n<p class=\"whitespace-normal break-words\">A nagy teljes\u00edtm\u00e9ny\u0171 850 mAh-s akkumul\u00e1tor modern Type-C t\u00f6lt\u00e9si funkci\u00f3val biztos\u00edtja a folyamatos rendelkez\u00e9sre \u00e1ll\u00e1st, m\u00edg a v\u00e1ltoz\u00f3 l\u00e9g\u00e1ram-szab\u00e1lyoz\u00e1s t\u00f6k\u00e9letes szem\u00e9lyre szab\u00e1st tesz lehet\u0151v\u00e9. Ez a technikai kiv\u00e1l\u00f3s\u00e1g minden slukkot \u00e9des \u00e9lm\u00e9nny\u00e9 var\u00e1zsol.<\/p>\n<p class=\"whitespace-normal break-words\">A felhaszn\u00e1l\u00f3bar\u00e1t Draw-to-Activate funkci\u00f3 \u00e9s a vonz\u00f3 kialak\u00edt\u00e1s miatt ez az e-cigaretta t\u00f6k\u00e9letes v\u00e1laszt\u00e1s mindazok sz\u00e1m\u00e1ra, akik egyar\u00e1nt \u00e9rt\u00e9kelik az \u00e9des, j\u00e1t\u00e9kos \u00edzeket \u00e9s a modern technol\u00f3gi\u00e1t.<\/p>\n<h3 class=\"text-lg font-bold text-text-100 mt-1 -mb-1.5\">Bingo Crush term\u00e9kjellemz\u0151k:<\/h3>\n<p class=\"whitespace-normal break-words\">\u2611 Nikotin opci\u00f3k: 0%, 2%, 3%, 5%<br \/>\n\u2611 Folyad\u00e9k mennyis\u00e9ge: 14 ml<br \/>\n\u2611 Vonatsz\u00e1m: 7000 egys\u00e9genk\u00e9nt<br \/>\n\u2611 \u00c1ll\u00edthat\u00f3 l\u00e9g\u00e1raml\u00e1s<br \/>\n\u2611 C-t\u00edpus\u00fa t\u00f6lt\u00e9s<br \/>\n\u2611 Be\u00e9p\u00edtett 850 mAh akkumul\u00e1tor<br \/>\n\u2611 Pr\u00e9mium h\u00e1l\u00f3s tekercs fel\u00e9p\u00edt\u00e9s<\/p>\n<p class=\"whitespace-normal break-words\">Fedezze fel teljes k\u00edn\u00e1latunkat <strong><a class=\"underline\" href=\"https:\/\/vozolpuff.de\/hu\/\">term\u00e9kportf\u00f3li\u00f3<\/a><\/strong> vagy fedezze fel az innovat\u00edv <strong><a class=\"underline\" href=\"https:\/\/vozolpuff.de\/hu\/product-category\/fumot-vape\/\">FUMOT VAPE kateg\u00f3ria<\/a><\/strong>. Az eg\u00e9sz <strong><a class=\"underline\" href=\"https:\/\/vozolpuff.de\/hu\/product-category\/fumot-vape\/randm-tornado-7000\/\">RandM Tornado 7000 \u00edzvil\u00e1g<\/a><\/strong> v\u00e1rja felfedez\u0151 utaz\u00e1s\u00e1t.<\/p>","protected":false},"excerpt":{"rendered":"<p class=\"whitespace-normal break-words\">A RandM Tornado 7000 Bingo Crush eldobhat\u00f3 e-cigaretta j\u00e1t\u00e9kos \u00e9dess\u00e9g\u00edzekkel v\u00e1rja a sz\u00ednes cukork\u00e1s kalandokra v\u00e1gy\u00f3kat. 7000 slukk, 14 ml e-liquid, 850 mAh \u00fajrat\u00f6lthet\u0151 akkumul\u00e1tor Type-C t\u00f6lt\u00e9ssel. Mesh-Coil az autentikus \u00e9dess\u00e9g nosztalgia \u00e9rdek\u00e9ben. Kaphat\u00f3 0%, 2%, 3% \u00e9s 5% nikotintartalommal.<\/p>\n<p class=\"whitespace-normal break-words\">","protected":false},"featured_media":4049,"comment_status":"open","ping_status":"closed","template":"","meta":{"_acf_changed":false},"product_brand":[],"product_cat":[50],"product_tag":[],"class_list":{"0":"post-4046","1":"product","2":"type-product","3":"status-publish","4":"has-post-thumbnail","6":"product_cat-randm-tornado-7000","8":"first","9":"instock","10":"shipping-taxable","11":"purchasable","12":"product-type-variable"},"acf":[],"_links":{"self":[{"href":"https:\/\/vozolpuff.de\/hu\/wp-json\/wp\/v2\/product\/4046","targetHints":{"allow":["GET"]}}],"collection":[{"href":"https:\/\/vozolpuff.de\/hu\/wp-json\/wp\/v2\/product"}],"about":[{"href":"https:\/\/vozolpuff.de\/hu\/wp-json\/wp\/v2\/types\/product"}],"replies":[{"embeddable":true,"href":"https:\/\/vozolpuff.de\/hu\/wp-json\/wp\/v2\/comments?post=4046"}],"wp:featuredmedia":[{"embeddable":true,"href":"https:\/\/vozolpuff.de\/hu\/wp-json\/wp\/v2\/media\/4049"}],"wp:attachment":[{"href":"https:\/\/vozolpuff.de\/hu\/wp-json\/wp\/v2\/media?parent=4046"}],"wp:term":[{"taxonomy":"product_brand","embeddable":true,"href":"https:\/\/vozolpuff.de\/hu\/wp-json\/wp\/v2\/product_brand?post=4046"},{"taxonomy":"product_cat","embeddable":true,"href":"https:\/\/vozolpuff.de\/hu\/wp-json\/wp\/v2\/product_cat?post=4046"},{"taxonomy":"product_tag","embeddable":true,"href":"https:\/\/vozolpuff.de\/hu\/wp-json\/wp\/v2\/product_tag?post=4046"}],"curies":[{"name":"wp","href":"https:\/\/api.w.org\/{rel}","templated":true}]}}