{"id":4064,"date":"2025-09-10T10:44:05","date_gmt":"2025-09-10T08:44:05","guid":{"rendered":"https:\/\/vozolpuff.de\/?post_type=product&#038;p=4064"},"modified":"2025-09-10T10:44:05","modified_gmt":"2025-09-10T08:44:05","slug":"randm-tornado-7000-tobacco","status":"publish","type":"product","link":"https:\/\/vozolpuff.de\/hu\/termek\/randm-tornado-7000-tobacco\/","title":{"rendered":"RandM Tornado 7000 Doh\u00e1ny"},"content":{"rendered":"<h2 class=\"text-xl font-bold text-text-100 mt-1 -mb-0.5\">RandM Tornado 7000 Tobacco Klassik doh\u00e1nyos eldobhat\u00f3 e-cigaretta<\/h2>\n<p class=\"whitespace-normal break-words\">\u00c9lvezze az autentikus doh\u00e1nyz\u00e1s \u00e9lm\u00e9ny\u00e9t a RandM Tornado 7000 Tobacco-val. Ez a klasszikus doh\u00e1nyv\u00e1ltozat 7000 slukk hagyom\u00e1nyos doh\u00e1ny\u00edzt k\u00edn\u00e1l egy 14 ml-es tart\u00e1lyb\u00f3l, 0%-t\u0151l 5%-ig terjed\u0151, bev\u00e1lt nikotinkoncentr\u00e1ci\u00f3kkal.<\/p>\n<h3 class=\"text-lg font-bold text-text-100 mt-1 -mb-1.5\">Doh\u00e1ny Hagyom\u00e1nyos \u00e9lvezet:<\/h3>\n<p class=\"whitespace-normal break-words\">A Tobacco v\u00e1ltozat a legautentikusabb doh\u00e1ny \u00edzt k\u00edn\u00e1lja a legszebb form\u00e1j\u00e1ban, amelyet gondosan fejlesztettek ki a klasszikus \u00edzek kedvel\u0151inek. Ez az id\u0151t\u00e1ll\u00f3 \u00edz a prec\u00edz Mesh Coil technol\u00f3gi\u00e1nak k\u00f6sz\u00f6nhet\u0151en finom \u00e1rnyalatokkal rendelkezik, \u00e9s autentikus doh\u00e1ny\u00e9lm\u00e9nyt ny\u00fajt.<\/p>\n<p class=\"whitespace-normal break-words\">A bev\u00e1lt 850 mAh-s akkumul\u00e1tor hat\u00e9kony Type-C t\u00f6lt\u00e9si funkci\u00f3val biztos\u00edtja a tart\u00f3s megb\u00edzhat\u00f3s\u00e1got, m\u00edg a fokozatmentesen \u00e1ll\u00edthat\u00f3 l\u00e9g\u00e1ram-szab\u00e1lyoz\u00e1s lehet\u0151v\u00e9 teszi az egy\u00e9ni preferenci\u00e1khoz val\u00f3 optim\u00e1lis alkalmazkod\u00e1st. Ez a technikai kiforrotts\u00e1g t\u00f6k\u00e9letesen t\u00e1mogatja a klasszikus karaktert.<\/p>\n<p class=\"whitespace-normal break-words\">A h\u00faz\u00e1ssal t\u00f6rt\u00e9n\u0151 egyszer\u0171 kezel\u00e9s \u00e9s a diszkr\u00e9t kialak\u00edt\u00e1s miatt ez az e-cigaretta ide\u00e1lis v\u00e1laszt\u00e1s azoknak a hagyom\u00e1nytisztel\u0151knek, akik \u00e9rt\u00e9kelik a min\u0151s\u00e9get, az egyszer\u0171s\u00e9get \u00e9s az autentikus doh\u00e1ny \u00edz\u00e9t.<\/p>\n<h3 class=\"text-lg font-bold text-text-100 mt-1 -mb-1.5\">Tobacco Klassik m\u0171szaki adatok:<\/h3>\n<p class=\"whitespace-normal break-words\">\u2611 Nikotinv\u00e1laszt\u00e9k: 0%, 2%, 3%, 5%<br \/>\n\u2611 Tart\u00e1ly \u0171rtartalma: 14 ML<br \/>\n\u2611 H\u00faz\u00e1si t\u00e9rfogat: 7000\/egys\u00e9g<br \/>\n\u2611 V\u00e1ltoztathat\u00f3 l\u00e9g\u00e1raml\u00e1s-be\u00e1ll\u00edt\u00e1s<br \/>\nC t\u00edpus\u00fa t\u00f6lt\u0151csatlakoz\u00e1s<br \/>\n\u2611 \u00dajrat\u00f6lthet\u0151 850 mAh akkumul\u00e1tor<br \/>\n\u2611 Professzion\u00e1lis h\u00e1l\u00f3s tekercs technol\u00f3gia<\/p>\n<p class=\"whitespace-normal break-words\">Fedezze fel hagyom\u00e1nyos <strong><a class=\"underline\" href=\"https:\/\/vozolpuff.de\/hu\/\">Term\u00e9kv\u00e1laszt\u00e9k<\/a><\/strong> vagy fedezze fel a bev\u00e1lt <strong><a class=\"underline\" href=\"https:\/\/vozolpuff.de\/hu\/product-category\/fumot-vape\/\">FUMOT VAPE Klasszikus kollekci\u00f3<\/a><\/strong>. A teljes <strong><a class=\"underline\" href=\"https:\/\/vozolpuff.de\/hu\/product-category\/fumot-vape\/randm-tornado-7000\/\">RandM Tornado 7000 \u00edzv\u00e1laszt\u00e9k<\/a><\/strong> minden \u00edzl\u00e9snek megfelel\u0151 opci\u00f3t k\u00edn\u00e1l.<\/p>","protected":false},"excerpt":{"rendered":"<p class=\"whitespace-normal break-words\">A RandM Tornado 7000 Tobacco eldobhat\u00f3 e-cigaretta a legautentikusabb, klasszikus doh\u00e1ny \u00edzt k\u00edn\u00e1lja a legtiszt\u00e1bb form\u00e1j\u00e1ban. 7000 slukk, 14 ml e-liquid, 850 mAh \u00fajrat\u00f6lthet\u0151 akkumul\u00e1tor Type-C t\u00f6lt\u00e9ssel. Mesh-Coil a finom doh\u00e1nyarom\u00e1k\u00e9rt. 0%, 2%, 3% \u00e9s 5% nikotintartalommal kaphat\u00f3.<\/p>\n<p class=\"whitespace-normal break-words\">","protected":false},"featured_media":4068,"comment_status":"open","ping_status":"closed","template":"","meta":{"_acf_changed":false},"product_brand":[],"product_cat":[50],"product_tag":[],"class_list":{"0":"post-4064","1":"product","2":"type-product","3":"status-publish","4":"has-post-thumbnail","6":"product_cat-randm-tornado-7000","8":"first","9":"instock","10":"shipping-taxable","11":"purchasable","12":"product-type-variable"},"acf":[],"_links":{"self":[{"href":"https:\/\/vozolpuff.de\/hu\/wp-json\/wp\/v2\/product\/4064","targetHints":{"allow":["GET"]}}],"collection":[{"href":"https:\/\/vozolpuff.de\/hu\/wp-json\/wp\/v2\/product"}],"about":[{"href":"https:\/\/vozolpuff.de\/hu\/wp-json\/wp\/v2\/types\/product"}],"replies":[{"embeddable":true,"href":"https:\/\/vozolpuff.de\/hu\/wp-json\/wp\/v2\/comments?post=4064"}],"wp:featuredmedia":[{"embeddable":true,"href":"https:\/\/vozolpuff.de\/hu\/wp-json\/wp\/v2\/media\/4068"}],"wp:attachment":[{"href":"https:\/\/vozolpuff.de\/hu\/wp-json\/wp\/v2\/media?parent=4064"}],"wp:term":[{"taxonomy":"product_brand","embeddable":true,"href":"https:\/\/vozolpuff.de\/hu\/wp-json\/wp\/v2\/product_brand?post=4064"},{"taxonomy":"product_cat","embeddable":true,"href":"https:\/\/vozolpuff.de\/hu\/wp-json\/wp\/v2\/product_cat?post=4064"},{"taxonomy":"product_tag","embeddable":true,"href":"https:\/\/vozolpuff.de\/hu\/wp-json\/wp\/v2\/product_tag?post=4064"}],"curies":[{"name":"wp","href":"https:\/\/api.w.org\/{rel}","templated":true}]}}