{"id":4243,"date":"2025-09-12T04:08:00","date_gmt":"2025-09-12T02:08:00","guid":{"rendered":"https:\/\/vozolpuff.de\/?post_type=product&#038;p=4243"},"modified":"2025-09-29T12:52:47","modified_gmt":"2025-09-29T10:52:47","slug":"waspe-aiviou-60000-watermelon-ice-strawberry-kiwi-lemon-lime","status":"publish","type":"product","link":"https:\/\/vozolpuff.de\/hu\/termek\/waspe-aiviou-60000-watermelon-ice-strawberry-kiwi-lemon-lime\/","title":{"rendered":"WASPE AIVIOU 60000 G\u00f6r\u00f6gdinnye j\u00e9g\/Eper Kiwi\/Zitrom Lime"},"content":{"rendered":"<h2 class=\"text-xl font-bold text-text-100 mt-1 -mb-0.5\">WASPE AIVIOU 60000 G\u00f6r\u00f6gdinnye j\u00e9g\/Eper kiwi\/Citrom lime eldobhat\u00f3 vape<\/h2>\n<p class=\"whitespace-normal break-words\">A WASPE AIVIOU 60000, amely a Watermelon Ice, Strawberry Kiwi \u00e9s Lemon Lime \u00edzkombin\u00e1ci\u00f3val h\u00e1rom egyedi arom\u00e1s \u00e9lm\u00e9nyt k\u00edn\u00e1l egy innovat\u00edv eszk\u00f6zben. Leny\u0171g\u00f6z\u0151 60 000 sz\u00edv\u00e1s kapacit\u00e1ssal, h\u00e1rom kapcsolhat\u00f3 \u00edz m\u00f3ddal \u00e9s 0%-t\u0151l 5%-ig \u00e1ll\u00edthat\u00f3 nikotintartalommal ez a pr\u00e9mium eldobhat\u00f3 cigaretta \u00f6tv\u00f6zi a sokoldal\u00fas\u00e1got \u00e9s a kiv\u00e1l\u00f3 teljes\u00edtm\u00e9nyt. A nagym\u00e9ret\u0171 54 ml-es e-liquid tart\u00e1ly \u00e9s az intelligens LED-kijelz\u0151 z\u00f6kken\u0151mentes g\u0151z\u00e9lvezet\u00e9st biztos\u00edt.<\/p>\n<h3 class=\"text-lg font-bold text-text-100 mt-1 -mb-1.5\">H\u00e1rmas \u00edzvil\u00e1g<\/h3>\n<p class=\"whitespace-normal break-words\">Ez a forradalmian \u00faj, egyszer haszn\u00e1latos e-cigaretta lehet\u0151v\u00e9 teszi a h\u00e1rom k\u00fcl\u00f6nb\u00f6z\u0151 \u00edz k\u00f6z\u00f6tti szabad v\u00e1lt\u00e1st: friss\u00edt\u0151 g\u00f6r\u00f6gdinnye h\u0171s\u00edt\u0151 hat\u00e1ssal, tr\u00f3pusi eper-kiwi kever\u00e9k \u00e9s \u00e9l\u00e9nk\u00edt\u0151 citrus-lime frissess\u00e9g. Minden \u00edz k\u00fcl\u00f6n 0,9 \u03a9-os h\u00e1l\u00f3s tekercsekkel ker\u00fcl optim\u00e1lis kiemel\u00e9sre, \u00e9s egyedi g\u0151z\u00f6l\u00e9si \u00e9lm\u00e9nyt ny\u00fajt.<\/p>\n<p class=\"whitespace-normal break-words\">A nagy teljes\u00edtm\u00e9ny\u0171 650 mAh-s akkumul\u00e1tor Type-C gyors t\u00f6lt\u00e9si funkci\u00f3val megb\u00edzhat\u00f3 teljes\u00edtm\u00e9nyt garant\u00e1l mindh\u00e1rom \u00edz eset\u00e9ben. Az intelligens kijelz\u0151 folyamatosan t\u00e1j\u00e9koztat az akkumul\u00e1tor \u00e9lettartam\u00e1r\u00f3l \u00e9s az egyes \u00edztart\u00e1lyok t\u00f6lt\u00f6tts\u00e9gi szintj\u00e9r\u0151l.<\/p>\n<h3 class=\"text-lg font-bold text-text-100 mt-1 -mb-1.5\">Fedezzen fel t\u00f6bb WASPE VAPE-t a vozolpuff-on<\/h3>\n<p class=\"whitespace-normal break-words\">Fedezzen fel t\u00f6bb els\u0151 oszt\u00e1ly\u00fa g\u0151z\u00f6lg\u0151 term\u00e9ket a <strong><a class=\"underline\" href=\"https:\/\/vozolpuff.de\/hu\/\">E-cigaretta online bolt<\/a><\/strong>, fedezze fel a teljes <strong><a class=\"underline\" href=\"https:\/\/vozolpuff.de\/hu\/product-category\/waspe-vape\/\">WASPE VAPE kollekci\u00f3<\/a><\/strong> vagy v\u00e1lasszon a teljes <strong><a class=\"underline\" href=\"https:\/\/vozolpuff.de\/hu\/product-category\/waspe-vape\/waspe-aiviou-60000\/\">WASPE AIVIOU 60000 \u00cdzpaletta<\/a><\/strong>.<\/p>","protected":false},"excerpt":{"rendered":"<div>\n<div class=\"grid-cols-1 grid gap-2.5 [&amp;_&gt;_*]:min-w-0 !gap-3.5\">\n<p class=\"whitespace-normal break-words\">Die WASPE AIVIOU 60000 Watermelon Ice\/Strawberry Kiwi\/Lemon Lime Einweg-Vape vereint drei Premium-Aromen in einem Ger\u00e4t. 60.000 Z\u00fcge Kapazit\u00e4t, umschaltbare Modi, 54ml E-Liquid-Tank, 0-5% Nikotin und 650mAh Akku mit Type-C Ladefunktion f\u00fcr ultimativen Dampfgenuss.<\/p>\n<\/div>\n<\/div>\n<div class=\"h-8\"><\/div>\n","protected":false},"featured_media":4246,"comment_status":"open","ping_status":"closed","template":"","meta":{"_acf_changed":false},"product_brand":[],"product_cat":[53],"product_tag":[],"class_list":{"0":"post-4243","1":"product","2":"type-product","3":"status-publish","4":"has-post-thumbnail","6":"product_cat-waspe-aiviou-60000","8":"first","9":"instock","10":"shipping-taxable","11":"purchasable","12":"product-type-variable"},"acf":[],"_links":{"self":[{"href":"https:\/\/vozolpuff.de\/hu\/wp-json\/wp\/v2\/product\/4243","targetHints":{"allow":["GET"]}}],"collection":[{"href":"https:\/\/vozolpuff.de\/hu\/wp-json\/wp\/v2\/product"}],"about":[{"href":"https:\/\/vozolpuff.de\/hu\/wp-json\/wp\/v2\/types\/product"}],"replies":[{"embeddable":true,"href":"https:\/\/vozolpuff.de\/hu\/wp-json\/wp\/v2\/comments?post=4243"}],"wp:featuredmedia":[{"embeddable":true,"href":"https:\/\/vozolpuff.de\/hu\/wp-json\/wp\/v2\/media\/4246"}],"wp:attachment":[{"href":"https:\/\/vozolpuff.de\/hu\/wp-json\/wp\/v2\/media?parent=4243"}],"wp:term":[{"taxonomy":"product_brand","embeddable":true,"href":"https:\/\/vozolpuff.de\/hu\/wp-json\/wp\/v2\/product_brand?post=4243"},{"taxonomy":"product_cat","embeddable":true,"href":"https:\/\/vozolpuff.de\/hu\/wp-json\/wp\/v2\/product_cat?post=4243"},{"taxonomy":"product_tag","embeddable":true,"href":"https:\/\/vozolpuff.de\/hu\/wp-json\/wp\/v2\/product_tag?post=4243"}],"curies":[{"name":"wp","href":"https:\/\/api.w.org\/{rel}","templated":true}]}}