{"id":4252,"date":"2025-09-12T04:13:16","date_gmt":"2025-09-12T02:13:16","guid":{"rendered":"https:\/\/vozolpuff.de\/?post_type=product&#038;p=4252"},"modified":"2025-09-29T12:52:37","modified_gmt":"2025-09-29T10:52:37","slug":"waspe-aiviou-60000-strawberry-watermelon-strawberry-raspberry-candy-grape-ice","status":"publish","type":"product","link":"https:\/\/vozolpuff.de\/hu\/termek\/waspe-aiviou-60000-strawberry-watermelon-strawberry-raspberry-candy-grape-ice\/","title":{"rendered":"WASPE AIVIOU 60000 Eper g\u00f6r\u00f6gdinnye\/eper m\u00e1lna cukorka\/sz\u0151l\u0151j\u00e9g"},"content":{"rendered":"<h2 class=\"text-xl font-bold text-text-100 mt-1 -mb-0.5\">WASPE AIVIOU 60000 Eper g\u00f6r\u00f6gdinnye\/eper m\u00e1lna cukorka\/sz\u0151l\u0151 j\u00e9g eldobhat\u00f3 vape<\/h2>\n<p class=\"whitespace-normal break-words\">Tapasztalja meg a h\u00e1rom gy\u00fcm\u00f6lcs\u00f6s \u00edzvil\u00e1got a WASPE AIVIOU 60000 Eper g\u00f6r\u00f6gdinnye, eper m\u00e1lna cukorka \u00e9s sz\u0151l\u0151 j\u00e9g kombin\u00e1ci\u00f3j\u00e1val. Ez a kiv\u00e9teles eldobhat\u00f3 e-cigaretta 60 000 \u00edzes\u00edtett slukkot biztos\u00edt a fejlett h\u00e1rmas tekercses technol\u00f3gi\u00e1nak \u00e9s a rugalmas nikotinopci\u00f3knak k\u00f6sz\u00f6nhet\u0151en 0%-t\u0151l 5%-ig. A nagyvonal\u00fa 54 ml-es tart\u00e1ly \u00e9s az intuit\u00edv LED kijelz\u0151 minden egyes p\u00e1rol\u00e1st szem\u00e9lyre szabott \u00e9lvezeti \u00e9lm\u00e9nny\u00e9 var\u00e1zsol.<\/p>\n<h3 class=\"text-lg font-bold text-text-100 mt-1 -mb-1.5\">Pr\u00e9mium gy\u00fcm\u00f6lcs \u00edz tri\u00f3<\/h3>\n<p class=\"whitespace-normal break-words\">Az innovat\u00edv h\u00e1rmas \u00edztechnol\u00f3gia az \u00e9des epret l\u00e9d\u00fas g\u00f6r\u00f6gdinny\u00e9vel kombin\u00e1lva, az \u00e9des-savanyk\u00e1s eper-m\u00e1lna cukorkav\u00e1ltozatot \u00e9s a h\u0171s\u00edt\u0151 hat\u00e1s\u00fa, h\u0171s\u00edt\u0151 sz\u0151l\u0151szemeket mutatja be. Mindegyik \u00edzt t\u00f6k\u00e9letesen kivonj\u00e1k a speci\u00e1lis 0,9\u03a9-os h\u00e1l\u00f3s tekercsek, \u00e9s egyed\u00fcl\u00e1ll\u00f3 g\u0151z\u00f6l\u00e9si \u00e9lvezetet k\u00edn\u00e1lnak egy gombnyom\u00e1ssal.<\/p>\n<p class=\"whitespace-normal break-words\">A megb\u00edzhat\u00f3 650mAh l\u00edtium akkumul\u00e1tor C t\u00edpus\u00fa gyorst\u00f6lt\u00e9si technol\u00f3gi\u00e1val biztos\u00edtja a folyamatos teljes\u00edtm\u00e9nyt minden \u00edzben. Az intelligens fel\u00fcgyeleti rendszer minden egyes \u00edzes\u00edt\u0151 tart\u00e1lyhoz pontos akkumul\u00e1tor- \u00e9s folyad\u00e9kszintet mutat.<\/p>\n<h3 class=\"text-lg font-bold text-text-100 mt-1 -mb-1.5\">Fedezzen fel t\u00f6bb WASPE VAPE-t a vozolpuff-on<\/h3>\n<p class=\"whitespace-normal break-words\">L\u00e1togasson el a <strong><a class=\"underline\" href=\"https:\/\/vozolpuff.de\/hu\/\">Pr\u00e9mium Vape Shop<\/a><\/strong> tov\u00e1bbi kiv\u00e1l\u00f3 min\u0151s\u00e9g\u0171 term\u00e9kek\u00e9rt b\u00f6ng\u00e9sszen a <strong><a class=\"underline\" href=\"https:\/\/vozolpuff.de\/hu\/product-category\/waspe-vape\/\">WASPE VAPE term\u00e9kcsal\u00e1d<\/a><\/strong> vagy fedezze fel az \u00f6sszes <strong><a class=\"underline\" href=\"https:\/\/vozolpuff.de\/hu\/product-category\/waspe-vape\/waspe-aiviou-60000\/\">WASPE AIVIOU 60000 \u00edzben<\/a><\/strong>.<\/p>","protected":false},"excerpt":{"rendered":"<div>\n<div class=\"grid-cols-1 grid gap-2.5 [&amp;_&gt;_*]:min-w-0 !gap-3.5\">\n<p class=\"whitespace-normal break-words\">Die WASPE AIVIOU 60000 Strawberry Watermelon\/Strawberry Raspberry Candy\/Grape Ice Einweg-Vape bietet drei fruchtige Aromen in einem Ger\u00e4t. 60.000 Z\u00fcge, Dreifach-Coil-Technologie, 54ml Tank, 0-5% Nikotin und 650mAh Akku f\u00fcr individuellen Genuss.<\/p>\n<\/div>\n<\/div>\n<div class=\"h-8\"><\/div>\n","protected":false},"featured_media":4254,"comment_status":"open","ping_status":"closed","template":"","meta":{"_acf_changed":false},"product_brand":[],"product_cat":[53],"product_tag":[],"class_list":{"0":"post-4252","1":"product","2":"type-product","3":"status-publish","4":"has-post-thumbnail","6":"product_cat-waspe-aiviou-60000","8":"first","9":"instock","10":"shipping-taxable","11":"purchasable","12":"product-type-variable"},"acf":[],"_links":{"self":[{"href":"https:\/\/vozolpuff.de\/hu\/wp-json\/wp\/v2\/product\/4252","targetHints":{"allow":["GET"]}}],"collection":[{"href":"https:\/\/vozolpuff.de\/hu\/wp-json\/wp\/v2\/product"}],"about":[{"href":"https:\/\/vozolpuff.de\/hu\/wp-json\/wp\/v2\/types\/product"}],"replies":[{"embeddable":true,"href":"https:\/\/vozolpuff.de\/hu\/wp-json\/wp\/v2\/comments?post=4252"}],"wp:featuredmedia":[{"embeddable":true,"href":"https:\/\/vozolpuff.de\/hu\/wp-json\/wp\/v2\/media\/4254"}],"wp:attachment":[{"href":"https:\/\/vozolpuff.de\/hu\/wp-json\/wp\/v2\/media?parent=4252"}],"wp:term":[{"taxonomy":"product_brand","embeddable":true,"href":"https:\/\/vozolpuff.de\/hu\/wp-json\/wp\/v2\/product_brand?post=4252"},{"taxonomy":"product_cat","embeddable":true,"href":"https:\/\/vozolpuff.de\/hu\/wp-json\/wp\/v2\/product_cat?post=4252"},{"taxonomy":"product_tag","embeddable":true,"href":"https:\/\/vozolpuff.de\/hu\/wp-json\/wp\/v2\/product_tag?post=4252"}],"curies":[{"name":"wp","href":"https:\/\/api.w.org\/{rel}","templated":true}]}}