{"id":4260,"date":"2025-09-12T04:16:16","date_gmt":"2025-09-12T02:16:16","guid":{"rendered":"https:\/\/vozolpuff.de\/?post_type=product&#038;p=4260"},"modified":"2025-09-29T12:52:25","modified_gmt":"2025-09-29T10:52:25","slug":"waspe-aiviou-60000-blueberry-ice-black-dragon-ice-fizzy-cherry-ice","status":"publish","type":"product","link":"https:\/\/vozolpuff.de\/hu\/termek\/waspe-aiviou-60000-blueberry-ice-black-dragon-ice-fizzy-cherry-ice\/","title":{"rendered":"WASPE AIVIOU 60000 \u00c1fonya j\u00e9g\/fekete s\u00e1rk\u00e1ny j\u00e9g\/pezsg\u0151 cseresznye j\u00e9g"},"content":{"rendered":"<h2 class=\"text-xl font-bold text-text-100 mt-1 -mb-0.5\">WASPE AIVIOU 60000 Blueberry Ice\/Black Dragon Ice\/Fizzy Cherry Ice eldobhat\u00f3 vape<\/h2>\n<p class=\"whitespace-normal break-words\">A WASPE AIVIOU 60000 Blueberry Ice, Black Dragon Ice \u00e9s Fizzy Cherry Ice h\u00e1rom h\u0171s\u00edt\u0151 \u00edzt egyes\u00edt a v\u00e9gs\u0151 felfriss\u00fcl\u00e9s \u00e9rdek\u00e9ben. Ez az innovat\u00edv eldobhat\u00f3 cigaretta 60 000 slukk kapacit\u00e1ssal \u00e9s h\u00e1rom kapcsolhat\u00f3 \u00edzm\u00f3ddal maxim\u00e1lis rugalmass\u00e1got k\u00edn\u00e1l a 0% \u00e9s 5% k\u00f6z\u00f6tti nikotinkoncentr\u00e1ci\u00f3val. A nagy t\u00e9rfogat\u00fa, 54 ml-es e-folyad\u00e9k tart\u00e1ly \u00e9s az intelligens digit\u00e1lis kijelz\u0151 garant\u00e1lja a hosszan tart\u00f3 p\u00e1rologtat\u00e1si \u00e9lvezetet.<\/p>\n<h3 class=\"text-lg font-bold text-text-100 mt-1 -mb-1.5\">H\u0171v\u00f6s \u00edzrobban\u00e1s<\/h3>\n<p class=\"whitespace-normal break-words\">Ez a pr\u00e9mium eldobhat\u00f3 e-cigaretta a legmodernebb h\u00e1rmas h\u00e1l\u00f3s technol\u00f3gi\u00e1t haszn\u00e1lja a friss\u00edt\u0151 \u00edzek optim\u00e1lis kibontakoztat\u00e1sa \u00e9rdek\u00e9ben: \u00e9des \u00e1fonya h\u0171s\u00edt\u0151 hat\u00e1ssal, titokzatos Black Dragon intenz\u00edv h\u0171v\u00f6ss\u00e9ggel \u00e9s bubor\u00e9kos cseresznye bizserget\u0151 befejez\u00e9ssel. Minden egyes \u00edzt pontosan temper\u00e1lnak a k\u00fcl\u00f6n\u00e1ll\u00f3 0,9\u03a9-os tekercsek.<\/p>\n<p class=\"whitespace-normal break-words\">A C-t\u00edpus\u00fa gyorst\u00f6lt\u00e9si funkci\u00f3val ell\u00e1tott, robusztus 650mAh-s akkumul\u00e1tor mindh\u00e1rom h\u0171t\u00e9si v\u00e1ltozat megb\u00edzhat\u00f3 teljes\u00edtm\u00e9ny\u00e9t biztos\u00edtja. A LED-es fel\u00fcgyeleti rendszer val\u00f3s idej\u0171 t\u00e1j\u00e9koztat\u00e1st ny\u00fajt az akkumul\u00e1tor \u00e9lettartam\u00e1r\u00f3l \u00e9s az egyes \u00edzes\u00edt\u0151 tart\u00e1lyok folyad\u00e9kszintj\u00e9r\u0151l.<\/p>\n<h3 class=\"text-lg font-bold text-text-100 mt-1 -mb-1.5\">Fedezzen fel t\u00f6bb WASPE VAPE-t a vozolpuff-on<\/h3>\n<p class=\"whitespace-normal break-words\">Fedezzen fel t\u00f6bb pr\u00e9mium g\u0151z\u00f6lg\u0151 term\u00e9ket a <strong><a class=\"underline\" href=\"https:\/\/vozolpuff.de\/hu\/\">Eldobhat\u00f3 vape online bolt<\/a><\/strong>, fedezze fel a teljes <strong><a class=\"underline\" href=\"https:\/\/vozolpuff.de\/hu\/product-category\/waspe-vape\/\">WASPE VAPE kiv\u00e1laszt\u00e1s<\/a><\/strong> vagy b\u00f6ng\u00e9szhet az \u00f6sszes <strong><a class=\"underline\" href=\"https:\/\/vozolpuff.de\/hu\/product-category\/waspe-vape\/waspe-aiviou-60000\/\">WASPE AIVIOU 60000 \u00edzvari\u00e1nsok<\/a><\/strong>.<\/p>","protected":false},"excerpt":{"rendered":"<div>\n<div class=\"grid-cols-1 grid gap-2.5 [&amp;_&gt;_*]:min-w-0 !gap-3.5\">\n<p class=\"whitespace-normal break-words\">Die WASPE AIVIOU 60000 Blueberry Ice\/Black Dragon Ice\/Fizzy Cherry Ice Einweg-Vape vereint drei k\u00fchle Geschmackserlebnisse in einem Ger\u00e4t. 60.000 Z\u00fcge, Dreifach-Mesh-Technologie, 54ml Tank, 0-5% Nikotin und 650mAh Akku f\u00fcr ultimative Erfrischung.<\/p>\n<\/div>\n<\/div>\n<div class=\"h-8\"><\/div>\n","protected":false},"featured_media":4262,"comment_status":"open","ping_status":"closed","template":"","meta":{"_acf_changed":false},"product_brand":[],"product_cat":[53],"product_tag":[],"class_list":{"0":"post-4260","1":"product","2":"type-product","3":"status-publish","4":"has-post-thumbnail","6":"product_cat-waspe-aiviou-60000","8":"first","9":"instock","10":"shipping-taxable","11":"purchasable","12":"product-type-variable"},"acf":[],"_links":{"self":[{"href":"https:\/\/vozolpuff.de\/hu\/wp-json\/wp\/v2\/product\/4260","targetHints":{"allow":["GET"]}}],"collection":[{"href":"https:\/\/vozolpuff.de\/hu\/wp-json\/wp\/v2\/product"}],"about":[{"href":"https:\/\/vozolpuff.de\/hu\/wp-json\/wp\/v2\/types\/product"}],"replies":[{"embeddable":true,"href":"https:\/\/vozolpuff.de\/hu\/wp-json\/wp\/v2\/comments?post=4260"}],"wp:featuredmedia":[{"embeddable":true,"href":"https:\/\/vozolpuff.de\/hu\/wp-json\/wp\/v2\/media\/4262"}],"wp:attachment":[{"href":"https:\/\/vozolpuff.de\/hu\/wp-json\/wp\/v2\/media?parent=4260"}],"wp:term":[{"taxonomy":"product_brand","embeddable":true,"href":"https:\/\/vozolpuff.de\/hu\/wp-json\/wp\/v2\/product_brand?post=4260"},{"taxonomy":"product_cat","embeddable":true,"href":"https:\/\/vozolpuff.de\/hu\/wp-json\/wp\/v2\/product_cat?post=4260"},{"taxonomy":"product_tag","embeddable":true,"href":"https:\/\/vozolpuff.de\/hu\/wp-json\/wp\/v2\/product_tag?post=4260"}],"curies":[{"name":"wp","href":"https:\/\/api.w.org\/{rel}","templated":true}]}}