{"id":4268,"date":"2025-09-12T04:19:20","date_gmt":"2025-09-12T02:19:20","guid":{"rendered":"https:\/\/vozolpuff.de\/?post_type=product&#038;p=4268"},"modified":"2025-09-29T12:52:13","modified_gmt":"2025-09-29T10:52:13","slug":"waspe-aiviou-60000-strawberry-raspberry-cherry-love-666-cherry-candy-ice","status":"publish","type":"product","link":"https:\/\/vozolpuff.de\/hu\/termek\/waspe-aiviou-60000-strawberry-raspberry-cherry-love-666-cherry-candy-ice\/","title":{"rendered":"WASPE AIVIOU 60000 Eper M\u00e1lna Cseresznye\/Love 666\/Cseresznye Candy Ice"},"content":{"rendered":"<h2 class=\"text-xl font-bold text-text-100 mt-1 -mb-0.5\">WASPE AIVIOU 60000 Eper-m\u00e1lna-cseresznye\/Love 666\/Csereszny\u00e9s cukorka j\u00e9g Egyhaszn\u00e1latos e-cigaretta<\/h2>\n<p class=\"whitespace-normal break-words\">Fedezze fel a WASPE AIVIOU 60000 h\u00e1rom intenz\u00edv \u00edzkompoz\u00edci\u00f3j\u00e1t: Strawberry Raspberry Cherry, Love 666 \u00e9s Cherry Candy Ice. Ez a rendk\u00edv\u00fcli eldobhat\u00f3 e-cigaretta 60 000 \u00edzintenz\u00edv slukkot k\u00edn\u00e1l a legmodernebb h\u00e1rmas tekercs fel\u00e9p\u00edt\u00e9s\u00e9nek \u00e9s a 0%-t\u0151l 5%-ig terjed\u0151 v\u00e1ltoz\u00f3 nikotintartalomnak k\u00f6sz\u00f6nhet\u0151en. A b\u0151s\u00e9ges 54 ml-es folyad\u00e9ktart\u00e1ly \u00e9s a felhaszn\u00e1l\u00f3bar\u00e1t LED-kijelz\u0151 kompromisszumok n\u00e9lk\u00fcli, egy\u00e9ni g\u0151z\u00e9lvezet\u00e9st tesz lehet\u0151v\u00e9.<\/p>\n<h3 class=\"text-lg font-bold text-text-100 mt-1 -mb-1.5\">Intenz\u00edv aromakombin\u00e1ci\u00f3k<\/h3>\n<p class=\"whitespace-normal break-words\">A fejlett h\u00e1rom \u00edz\u0171 innov\u00e1ci\u00f3 harmonikus kever\u00e9ket k\u00edn\u00e1l eper, m\u00e1lna \u00e9s cseresznye \u00edz\u00e9b\u0151l, a titokzatos Love 666 \u00edzprofilb\u00f3l \u00e9s \u00e9des csereszny\u00e9s cukork\u00e1kb\u00f3l, h\u0171s\u00edt\u0151 ut\u00f3\u00edzzel. Minden aroma t\u00f6k\u00e9letesen kiegyens\u00falyozott az optimaliz\u00e1lt 0,9 \u03a9-os h\u00e1l\u00f3s p\u00e1rologtat\u00f3val, \u00e9s hiteles \u00edz\u00e1rnyalatokat biztos\u00edt.<\/p>\n<p class=\"whitespace-normal break-words\">650 mAh-s akkumul\u00e1tor kapacit\u00e1ssal \u00e9s Type-C gyors t\u00f6lt\u00e9ssel ez az eszk\u00f6z maxim\u00e1lis megb\u00edzhat\u00f3s\u00e1got biztos\u00edt mindh\u00e1rom \u00edzprofilhoz. Az intelligens monitoroz\u00e1s folyamatosan t\u00e1j\u00e9koztatja \u00d6nt az egyes aroma-tart\u00e1lyok \u00e1llapot\u00e1r\u00f3l.<\/p>\n<h3 class=\"text-lg font-bold text-text-100 mt-1 -mb-1.5\">Fedezzen fel t\u00f6bb WASPE VAPE-t a vozolpuff-on<\/h3>\n<p class=\"whitespace-normal break-words\">Tov\u00e1bbi exkluz\u00edv vape term\u00e9keket tal\u00e1lhat a <strong><a class=\"underline\" href=\"https:\/\/vozolpuff.de\/hu\/\">Steam Shop<\/a><\/strong>, b\u00f6ng\u00e9sszen a teljes <strong><a class=\"underline\" href=\"https:\/\/vozolpuff.de\/hu\/product-category\/waspe-vape\/\">WASPE VAPE kollekci\u00f3<\/a><\/strong> vagy v\u00e1lasszon a teljes <strong><a class=\"underline\" href=\"https:\/\/vozolpuff.de\/hu\/product-category\/waspe-vape\/waspe-aiviou-60000\/\">WASPE AIVIOU 60000 \u00cdzv\u00e1laszt\u00e9k<\/a><\/strong>.<\/p>","protected":false},"excerpt":{"rendered":"<div>\n<div class=\"grid-cols-1 grid gap-2.5 [&amp;_&gt;_*]:min-w-0 !gap-3.5\">\n<p class=\"whitespace-normal break-words\">Die WASPE AIVIOU 60000 Strawberry Raspberry Cherry\/Love 666\/Cherry Candy Ice Einweg-Vape bietet drei intensive Geschmackskompositionen. 60.000 Z\u00fcge, Dreifach-Coil-Architektur, 54ml Tank, 0-5% Nikotin und 650mAh Akku f\u00fcr authentischen Genuss.<\/p>\n<\/div>\n<\/div>\n<div class=\"h-8\"><\/div>\n","protected":false},"featured_media":4270,"comment_status":"open","ping_status":"closed","template":"","meta":{"_acf_changed":false},"product_brand":[],"product_cat":[53],"product_tag":[],"class_list":{"0":"post-4268","1":"product","2":"type-product","3":"status-publish","4":"has-post-thumbnail","6":"product_cat-waspe-aiviou-60000","8":"first","9":"instock","10":"shipping-taxable","11":"purchasable","12":"product-type-variable"},"acf":[],"_links":{"self":[{"href":"https:\/\/vozolpuff.de\/hu\/wp-json\/wp\/v2\/product\/4268","targetHints":{"allow":["GET"]}}],"collection":[{"href":"https:\/\/vozolpuff.de\/hu\/wp-json\/wp\/v2\/product"}],"about":[{"href":"https:\/\/vozolpuff.de\/hu\/wp-json\/wp\/v2\/types\/product"}],"replies":[{"embeddable":true,"href":"https:\/\/vozolpuff.de\/hu\/wp-json\/wp\/v2\/comments?post=4268"}],"wp:featuredmedia":[{"embeddable":true,"href":"https:\/\/vozolpuff.de\/hu\/wp-json\/wp\/v2\/media\/4270"}],"wp:attachment":[{"href":"https:\/\/vozolpuff.de\/hu\/wp-json\/wp\/v2\/media?parent=4268"}],"wp:term":[{"taxonomy":"product_brand","embeddable":true,"href":"https:\/\/vozolpuff.de\/hu\/wp-json\/wp\/v2\/product_brand?post=4268"},{"taxonomy":"product_cat","embeddable":true,"href":"https:\/\/vozolpuff.de\/hu\/wp-json\/wp\/v2\/product_cat?post=4268"},{"taxonomy":"product_tag","embeddable":true,"href":"https:\/\/vozolpuff.de\/hu\/wp-json\/wp\/v2\/product_tag?post=4268"}],"curies":[{"name":"wp","href":"https:\/\/api.w.org\/{rel}","templated":true}]}}