{"id":4276,"date":"2025-09-12T04:22:10","date_gmt":"2025-09-12T02:22:10","guid":{"rendered":"https:\/\/vozolpuff.de\/?post_type=product&#038;p=4276"},"modified":"2025-09-29T12:52:02","modified_gmt":"2025-09-29T10:52:02","slug":"waspe-aiviou-60000-peach-ice-pineapple-mango-peach-cranberry-lemon","status":"publish","type":"product","link":"https:\/\/vozolpuff.de\/hu\/termek\/waspe-aiviou-60000-peach-ice-pineapple-mango-peach-cranberry-lemon\/","title":{"rendered":"WASPE AIVIOU 60000 Barack j\u00e9g\/Anan\u00e1sz Mang\u00f3 Barack\/\u00e1fonya Citrom"},"content":{"rendered":"<h2 class=\"text-xl font-bold text-text-100 mt-1 -mb-0.5\">WASPE AIVIOU 60000 Barack j\u00e9g\/anan\u00e1sz mang\u00f3 barack\/\u00e1fonya citrom eldobhat\u00f3 vape<\/h2>\n<p class=\"whitespace-normal break-words\">A WASPE AIVIOU 60000 Barack j\u00e9ggel, anan\u00e1sz mang\u00f3 barackkal \u00e9s \u00e1fonya citrommal h\u00e1rom egzotikus gy\u00fcm\u00f6lcskompoz\u00edci\u00f3t kombin\u00e1l a tr\u00f3pusi g\u0151z\u00f6l\u00e9s \u00f6r\u00f6m\u00e9\u00e9rt. A leny\u0171g\u00f6z\u0151 60.000 slukk kapacit\u00e1ssal, h\u00e1rom rugalmas \u00edzm\u00f3ddal \u00e9s 0%-t\u0151l 5%-ig \u00e1ll\u00edthat\u00f3 nikotinszinttel ez a pr\u00e9mium eldobhat\u00f3 cigaretta \u00faj m\u00e9rc\u00e9t \u00e1ll\u00edt fel. A nagyvonal\u00fa 54 ml-es e-folyad\u00e9k tart\u00e1ly \u00e9s az intelligens \u00e1llapotjelz\u0151 biztos\u00edtja a folyamatos p\u00e1rologtat\u00e1si \u00e9lm\u00e9nyt.<\/p>\n<h3 class=\"text-lg font-bold text-text-100 mt-1 -mb-1.5\">Tr\u00f3pusi \u00edzek utaz\u00e1sa<\/h3>\n<p class=\"whitespace-normal break-words\">Ez az innovat\u00edv eldobhat\u00f3 e-cigaretta lehet\u0151v\u00e9 teszi, hogy z\u00f6kken\u0151mentesen v\u00e1ltson h\u00e1rom tr\u00f3pusi vil\u00e1g k\u00f6z\u00f6tt: a l\u00e9d\u00fas barack friss\u00edt\u0151 h\u0171s\u00edt\u0151 hat\u00e1s\u00e1val, az anan\u00e1sz, mang\u00f3 \u00e9s \u0151szibarack egzotikus h\u00e1rmas gy\u00fcm\u00f6lcsf\u00fazi\u00f3j\u00e1val, valamint az \u00e1fonya \u00e9s a citrom fanyar-friss kombin\u00e1ci\u00f3j\u00e1val. Minden egyes \u00edzt hitelesen reproduk\u00e1lnak a speci\u00e1lis 0,9\u03a9-os h\u00e1l\u00f3s technol\u00f3gia seg\u00edts\u00e9g\u00e9vel.<\/p>\n<p class=\"whitespace-normal break-words\">Az er\u0151teljes 650mAh-s akkumul\u00e1tor C-t\u00edpus\u00fa gyorst\u00f6lt\u00e9si funkci\u00f3val garant\u00e1lja az \u00e1lland\u00f3 teljes\u00edtm\u00e9nyt minden tr\u00f3pusi \u00edzben. A digit\u00e1lis kijelz\u0151 folyamatosan figyeli az akkumul\u00e1tor \u00e9lettartam\u00e1t \u00e9s mindh\u00e1rom \u00edztart\u00e1ly t\u00f6lt\u00f6tts\u00e9gi szintj\u00e9t.<\/p>\n<h3 class=\"text-lg font-bold text-text-100 mt-1 -mb-1.5\">Fedezzen fel t\u00f6bb WASPE VAPE-t a vozolpuff-on<\/h3>\n<p class=\"whitespace-normal break-words\">L\u00e1togasson el a <strong><a class=\"underline\" href=\"https:\/\/vozolpuff.de\/hu\/\">Vape kiskeresked\u0151<\/a><\/strong> tov\u00e1bbi pr\u00e9mium term\u00e9kek\u00e9rt, fedezze fel <strong><a class=\"underline\" href=\"https:\/\/vozolpuff.de\/hu\/product-category\/waspe-vape\/\">WASPE VAPE term\u00e9kcsal\u00e1d<\/a><\/strong> vagy fedezze fel az \u00f6sszes <strong><a class=\"underline\" href=\"https:\/\/vozolpuff.de\/hu\/product-category\/waspe-vape\/waspe-aiviou-60000\/\">WASPE AIVIOU 60000 \u00edzkombin\u00e1ci\u00f3<\/a><\/strong>.<\/p>","protected":false},"excerpt":{"rendered":"<div>\n<div class=\"grid-cols-1 grid gap-2.5 [&amp;_&gt;_*]:min-w-0 !gap-3.5\">\n<p class=\"whitespace-normal break-words\">Die WASPE AIVIOU 60000 Peach Ice\/Pineapple Mango Peach\/Cranberry Lemon Einweg-Vape kombiniert drei exotische Fruchtkompositionen. 60.000 Z\u00fcge, Mesh-Technologie, 54ml Tank, 0-5% Nikotin und 650mAh Akku f\u00fcr tropisches Dampfvergn\u00fcgen.<\/p>\n<\/div>\n<\/div>\n<div class=\"h-8\"><\/div>\n","protected":false},"featured_media":4278,"comment_status":"open","ping_status":"closed","template":"","meta":{"_acf_changed":false},"product_brand":[],"product_cat":[53],"product_tag":[],"class_list":{"0":"post-4276","1":"product","2":"type-product","3":"status-publish","4":"has-post-thumbnail","6":"product_cat-waspe-aiviou-60000","8":"first","9":"instock","10":"shipping-taxable","11":"purchasable","12":"product-type-variable"},"acf":[],"_links":{"self":[{"href":"https:\/\/vozolpuff.de\/hu\/wp-json\/wp\/v2\/product\/4276","targetHints":{"allow":["GET"]}}],"collection":[{"href":"https:\/\/vozolpuff.de\/hu\/wp-json\/wp\/v2\/product"}],"about":[{"href":"https:\/\/vozolpuff.de\/hu\/wp-json\/wp\/v2\/types\/product"}],"replies":[{"embeddable":true,"href":"https:\/\/vozolpuff.de\/hu\/wp-json\/wp\/v2\/comments?post=4276"}],"wp:featuredmedia":[{"embeddable":true,"href":"https:\/\/vozolpuff.de\/hu\/wp-json\/wp\/v2\/media\/4278"}],"wp:attachment":[{"href":"https:\/\/vozolpuff.de\/hu\/wp-json\/wp\/v2\/media?parent=4276"}],"wp:term":[{"taxonomy":"product_brand","embeddable":true,"href":"https:\/\/vozolpuff.de\/hu\/wp-json\/wp\/v2\/product_brand?post=4276"},{"taxonomy":"product_cat","embeddable":true,"href":"https:\/\/vozolpuff.de\/hu\/wp-json\/wp\/v2\/product_cat?post=4276"},{"taxonomy":"product_tag","embeddable":true,"href":"https:\/\/vozolpuff.de\/hu\/wp-json\/wp\/v2\/product_tag?post=4276"}],"curies":[{"name":"wp","href":"https:\/\/api.w.org\/{rel}","templated":true}]}}