{"id":4284,"date":"2025-09-12T04:25:07","date_gmt":"2025-09-12T02:25:07","guid":{"rendered":"https:\/\/vozolpuff.de\/?post_type=product&#038;p=4284"},"modified":"2025-09-29T12:51:51","modified_gmt":"2025-09-29T10:51:51","slug":"waspe-aiviou-60000-red-bull-ice-strawberry-mango-strawberry-watermelon-bubblegum","status":"publish","type":"product","link":"https:\/\/vozolpuff.de\/hu\/termek\/waspe-aiviou-60000-red-bull-ice-strawberry-mango-strawberry-watermelon-bubblegum\/","title":{"rendered":"WASPE AIVIOU 60000 Red Bull Ice\/Eper mang\u00f3\/Eper g\u00f6r\u00f6gdinnye r\u00e1g\u00f3gumi"},"content":{"rendered":"<h2 class=\"text-xl font-bold text-text-100 mt-1 -mb-0.5\">WASPE AIVIOU 60000 Red Bull Ice\/Eper Mango\/Eper g\u00f6r\u00f6gdinnye Bubblegum eldobhat\u00f3 vape<\/h2>\n<p class=\"whitespace-normal break-words\">Tapasztalja meg a h\u00e1rom egyed\u00fcl\u00e1ll\u00f3 \u00edz\u00e9lm\u00e9nyt a WASPE AIVIOU 60000 Red Bull Ice, Strawberry Mango \u00e9s Strawberry Watermelon Bubblegum kombin\u00e1ci\u00f3j\u00e1val. Ez a forradalmi eldobhat\u00f3 e-cigaretta 60 000 \u00edzes\u00edtett slukkot biztos\u00edt a fejlett h\u00e1rmas tekercses technol\u00f3gi\u00e1nak \u00e9s a 0%-t\u0151l 5%-ig testre szabhat\u00f3 nikotinopci\u00f3knak k\u00f6sz\u00f6nhet\u0151en. A terjedelmes 54 ml-es tart\u00e1ly \u00e9s az intuit\u00edv LED-es kezel\u0151fel\u00fclet minden egyes \u00fcl\u00e9s az \u00e9lvezet k\u00fcl\u00f6nleges pillanat\u00e1v\u00e1 teszi.<\/p>\n<h3 class=\"text-lg font-bold text-text-100 mt-1 -mb-1.5\">Energikus \u00edzkever\u00e9k<\/h3>\n<p class=\"whitespace-normal break-words\">A legmodernebb h\u00e1rmas \u00edztechnol\u00f3gia a Red Bull \u00e9l\u00e9nk\u00edt\u0151 \u00edz\u00e9t h\u0171s\u00edt\u0151 befejez\u00e9ssel, tr\u00f3pusi eper-mang\u00f3 f\u00fazi\u00f3val \u00e9s nosztalgikus r\u00e1g\u00f3gumi \u00edzzel, eperrel \u00e9s g\u00f6r\u00f6gdinny\u00e9vel. Mindegyik profilt a pontosan kalibr\u00e1lt 0,9\u03a9-os h\u00e1l\u00f3s tekercsek optim\u00e1lisan extrah\u00e1lj\u00e1k, \u00e9s \u00f6sszet\u00e9veszthetetlen g\u0151zkaraktert k\u00edn\u00e1lnak.<\/p>\n<p class=\"whitespace-normal break-words\">A megb\u00edzhat\u00f3 650mAh l\u00edtium akkumul\u00e1tor Type-C gyorst\u00f6lt\u00e9ssel biztos\u00edtja a hossz\u00fa t\u00e1v\u00fa teljes\u00edtm\u00e9nyt minden \u00edzben. Az intelligens fel\u00fcgyeleti rendszer r\u00e9szletes inform\u00e1ci\u00f3kat jelen\u00edt meg az akkumul\u00e1tor t\u00f6lt\u00f6tts\u00e9g\u00e9r\u0151l \u00e9s az egyes \u00edzes\u00edt\u0151 tart\u00e1lyok folyad\u00e9kszintj\u00e9r\u0151l.<\/p>\n<h3 class=\"text-lg font-bold text-text-100 mt-1 -mb-1.5\">Fedezzen fel t\u00f6bb WASPE VAPE-t a vozolpuff-on<\/h3>\n<p class=\"whitespace-normal break-words\">Fedezzen fel t\u00f6bb kiv\u00e1l\u00f3 min\u0151s\u00e9g\u0171 g\u0151zk\u00e9sz\u00fcl\u00e9ket a <strong><a class=\"underline\" href=\"https:\/\/vozolpuff.de\/hu\/\">E-cigaretta v\u00e1laszt\u00e9k<\/a><\/strong>b\u00f6ng\u00e9sszen a <strong><a class=\"underline\" href=\"https:\/\/vozolpuff.de\/hu\/product-category\/waspe-vape\/\">WASPE VAPE kateg\u00f3ria<\/a><\/strong> vagy v\u00e1lasszon az \u00f6sszes <strong><a class=\"underline\" href=\"https:\/\/vozolpuff.de\/hu\/product-category\/waspe-vape\/waspe-aiviou-60000\/\">WASPE AIVIOU 60000 \u00edzv\u00e1ltozatok<\/a><\/strong>.<\/p>","protected":false},"excerpt":{"rendered":"<div>\n<div class=\"grid-cols-1 grid gap-2.5 [&amp;_&gt;_*]:min-w-0 !gap-3.5\">\n<p class=\"whitespace-normal break-words\">Die WASPE AIVIOU 60000 Red Bull Ice\/Strawberry Mango\/Strawberry Watermelon Bubblegum Einweg-Vape bietet drei einzigartige Geschmackserlebnisse. 60.000 Z\u00fcge, Dreifach-Coil-Technologie, 54ml Tank, 0-5% Nikotin f\u00fcr besonderen Genuss.<\/p>\n<\/div>\n<\/div>\n<div class=\"h-8\"><\/div>\n","protected":false},"featured_media":4286,"comment_status":"open","ping_status":"closed","template":"","meta":{"_acf_changed":false},"product_brand":[],"product_cat":[53],"product_tag":[],"class_list":{"0":"post-4284","1":"product","2":"type-product","3":"status-publish","4":"has-post-thumbnail","6":"product_cat-waspe-aiviou-60000","8":"first","9":"instock","10":"shipping-taxable","11":"purchasable","12":"product-type-variable"},"acf":[],"_links":{"self":[{"href":"https:\/\/vozolpuff.de\/hu\/wp-json\/wp\/v2\/product\/4284","targetHints":{"allow":["GET"]}}],"collection":[{"href":"https:\/\/vozolpuff.de\/hu\/wp-json\/wp\/v2\/product"}],"about":[{"href":"https:\/\/vozolpuff.de\/hu\/wp-json\/wp\/v2\/types\/product"}],"replies":[{"embeddable":true,"href":"https:\/\/vozolpuff.de\/hu\/wp-json\/wp\/v2\/comments?post=4284"}],"wp:featuredmedia":[{"embeddable":true,"href":"https:\/\/vozolpuff.de\/hu\/wp-json\/wp\/v2\/media\/4286"}],"wp:attachment":[{"href":"https:\/\/vozolpuff.de\/hu\/wp-json\/wp\/v2\/media?parent=4284"}],"wp:term":[{"taxonomy":"product_brand","embeddable":true,"href":"https:\/\/vozolpuff.de\/hu\/wp-json\/wp\/v2\/product_brand?post=4284"},{"taxonomy":"product_cat","embeddable":true,"href":"https:\/\/vozolpuff.de\/hu\/wp-json\/wp\/v2\/product_cat?post=4284"},{"taxonomy":"product_tag","embeddable":true,"href":"https:\/\/vozolpuff.de\/hu\/wp-json\/wp\/v2\/product_tag?post=4284"}],"curies":[{"name":"wp","href":"https:\/\/api.w.org\/{rel}","templated":true}]}}