{"id":4292,"date":"2025-09-12T04:28:01","date_gmt":"2025-09-12T02:28:01","guid":{"rendered":"https:\/\/vozolpuff.de\/?post_type=product&#038;p=4292"},"modified":"2025-09-29T12:51:41","modified_gmt":"2025-09-29T10:51:41","slug":"waspe-aiviou-60000-mixed-berries-gummy-bear-mixed-fruit","status":"publish","type":"product","link":"https:\/\/vozolpuff.de\/hu\/termek\/waspe-aiviou-60000-mixed-berries-gummy-bear-mixed-fruit\/","title":{"rendered":"WASPE AIVIOU 60000 Vegyes bogy\u00f3s gy\u00fcm\u00f6lcs\u00f6k\/Gumimacik\/Gy\u00fcm\u00f6lcskever\u00e9k"},"content":{"rendered":"<h2 class=\"text-xl font-bold text-text-100 mt-1 -mb-0.5\">WASPE AIVIOU 60000 Vegyes bogy\u00f3k\/Gumi mack\u00f3\/kevert gy\u00fcm\u00f6lcs\u00f6k eldobhat\u00f3 vape<\/h2>\n<p class=\"whitespace-normal break-words\">A WASPE AIVIOU 60000 vegyes bogy\u00f3s gy\u00fcm\u00f6lcs\u00f6kkel, gumimacival \u00e9s vegyes gy\u00fcm\u00f6lcs\u00f6kkel h\u00e1rom k\u00fcl\u00f6nb\u00f6z\u0151 \u00edzvil\u00e1got k\u00edn\u00e1l egyetlen innovat\u00edv eszk\u00f6zben. A 60.000 slukk kapacit\u00e1ssal \u00e9s h\u00e1rom kapcsolhat\u00f3 \u00edzm\u00f3ddal ez a pr\u00e9mium eldobhat\u00f3 cigaretta a v\u00e1ltozatoss\u00e1got \u00e9s a cs\u00facsteljes\u00edtm\u00e9nyt egyes\u00edti a 0%-t\u0151l 5%-ig terjed\u0151 nikotiner\u0151ss\u00e9ggel. A nagym\u00e9ret\u0171 54 ml-es e-folyad\u00e9k tart\u00e1ly \u00e9s az intelligens digit\u00e1lis kijelz\u0151 biztos\u00edtja a folyamatos p\u00e1rologtat\u00e1si \u00e9lvezetet.<\/p>\n<h3 class=\"text-lg font-bold text-text-100 mt-1 -mb-1.5\">\u00c9des \u00edzek sokas\u00e1ga<\/h3>\n<p class=\"whitespace-normal break-words\">Ez a fejlett eldobhat\u00f3 e-cigaretta lehet\u0151v\u00e9 teszi, hogy szabadon v\u00e1ltson h\u00e1rom \u00edzletes profil k\u00f6z\u00f6tt: k\u00fcl\u00f6nb\u00f6z\u0151 fajt\u00e1j\u00fa bogy\u00f3s gy\u00fcm\u00f6lcs\u00f6k harmonikus kever\u00e9ke, autentikus gumimacis \u00edz \u00e9s \u00f6sszetett, t\u00f6bb gy\u00fcm\u00f6lcsb\u0151l \u00e1ll\u00f3 \u00f6sszet\u00e9tel. Mindegyik \u00edzt pontosan reproduk\u00e1lj\u00e1k az optimaliz\u00e1lt 0,9\u03a9-os h\u00e1l\u00f3s p\u00e1rologtat\u00f3k, \u00e9s intenz\u00edv \u00edz\u00e9lm\u00e9nyt ny\u00fajtanak.<\/p>\n<p class=\"whitespace-normal break-words\">A C t\u00edpus\u00fa gyorst\u00f6lt\u00e9si technol\u00f3gi\u00e1val ell\u00e1tott, robusztus 650mAh-s akkumul\u00e1tor mindh\u00e1rom \u00edzben megb\u00edzhat\u00f3 teljes\u00edtm\u00e9nyt biztos\u00edt. Az intelligens kijelz\u0151 val\u00f3s idej\u0171 fel\u00fcgyeletet biztos\u00edt az akkumul\u00e1tor \u00e9lettartam\u00e1r\u00f3l \u00e9s az egyes \u00edzek tart\u00e1ly\u00e1nak t\u00f6lt\u00f6tts\u00e9gi szintj\u00e9r\u0151l.<\/p>\n<h3 class=\"text-lg font-bold text-text-100 mt-1 -mb-1.5\">Fedezzen fel t\u00f6bb WASPE VAPE-t a vozolpuff-on<\/h3>\n<p class=\"whitespace-normal break-words\">Tal\u00e1ljon m\u00e9g t\u00f6bb pr\u00e9mium vapes a mi <strong><a class=\"underline\" href=\"https:\/\/vozolpuff.de\/hu\/\">Online vape shop<\/a><\/strong>, fedezze fel a teljes <strong><a class=\"underline\" href=\"https:\/\/vozolpuff.de\/hu\/product-category\/waspe-vape\/\">WASPE VAPE term\u00e9kv\u00e1laszt\u00e9k<\/a><\/strong> vagy b\u00f6ng\u00e9szhet az \u00f6sszes <strong><a class=\"underline\" href=\"https:\/\/vozolpuff.de\/hu\/product-category\/waspe-vape\/waspe-aiviou-60000\/\">WASPE AIVIOU 60000 \u00edzvari\u00e1nsok<\/a><\/strong>.<\/p>","protected":false},"excerpt":{"rendered":"<div>\n<div class=\"grid-cols-1 grid gap-2.5 [&amp;_&gt;_*]:min-w-0 !gap-3.5\">\n<p class=\"whitespace-normal break-words\">Die WASPE AIVIOU 60000 Mixed Berries\/Gummy Bear\/Mixed Fruit Einweg-Vape bietet drei vielf\u00e4ltige Geschmackswelten. 60.000 Z\u00fcge, umschaltbare Aromamodi, 54ml Tank, 0-5% Nikotin und 650mAh Akku f\u00fcr kontinuierlichen Dampfgenuss.<\/p>\n<\/div>\n<\/div>\n<div class=\"h-8\"><\/div>\n","protected":false},"featured_media":4294,"comment_status":"open","ping_status":"closed","template":"","meta":{"_acf_changed":false},"product_brand":[],"product_cat":[53],"product_tag":[],"class_list":{"0":"post-4292","1":"product","2":"type-product","3":"status-publish","4":"has-post-thumbnail","6":"product_cat-waspe-aiviou-60000","8":"first","9":"instock","10":"shipping-taxable","11":"purchasable","12":"product-type-variable"},"acf":[],"_links":{"self":[{"href":"https:\/\/vozolpuff.de\/hu\/wp-json\/wp\/v2\/product\/4292","targetHints":{"allow":["GET"]}}],"collection":[{"href":"https:\/\/vozolpuff.de\/hu\/wp-json\/wp\/v2\/product"}],"about":[{"href":"https:\/\/vozolpuff.de\/hu\/wp-json\/wp\/v2\/types\/product"}],"replies":[{"embeddable":true,"href":"https:\/\/vozolpuff.de\/hu\/wp-json\/wp\/v2\/comments?post=4292"}],"wp:featuredmedia":[{"embeddable":true,"href":"https:\/\/vozolpuff.de\/hu\/wp-json\/wp\/v2\/media\/4294"}],"wp:attachment":[{"href":"https:\/\/vozolpuff.de\/hu\/wp-json\/wp\/v2\/media?parent=4292"}],"wp:term":[{"taxonomy":"product_brand","embeddable":true,"href":"https:\/\/vozolpuff.de\/hu\/wp-json\/wp\/v2\/product_brand?post=4292"},{"taxonomy":"product_cat","embeddable":true,"href":"https:\/\/vozolpuff.de\/hu\/wp-json\/wp\/v2\/product_cat?post=4292"},{"taxonomy":"product_tag","embeddable":true,"href":"https:\/\/vozolpuff.de\/hu\/wp-json\/wp\/v2\/product_tag?post=4292"}],"curies":[{"name":"wp","href":"https:\/\/api.w.org\/{rel}","templated":true}]}}