{"id":4300,"date":"2025-09-12T04:30:52","date_gmt":"2025-09-12T02:30:52","guid":{"rendered":"https:\/\/vozolpuff.de\/?post_type=product&#038;p=4300"},"modified":"2025-09-29T12:51:31","modified_gmt":"2025-09-29T10:51:31","slug":"waspe-aiviou-60000-triple-melon-ice-rainbow-candy-blueberry-candy","status":"publish","type":"product","link":"https:\/\/vozolpuff.de\/hu\/termek\/waspe-aiviou-60000-triple-melon-ice-rainbow-candy-blueberry-candy\/","title":{"rendered":"WASPE AIVIOU 60000 Tripla dinnye j\u00e9g\/sziv\u00e1rv\u00e1ny cukorka\/\u00e1fonya cukorka"},"content":{"rendered":"<h2 class=\"text-xl font-bold text-text-100 mt-1 -mb-0.5\">WASPE AIVIOU 60000 Triple Melon Ice\/Rainbow Candy\/Blueberry Candy eldobhat\u00f3 vape<\/h2>\n<p class=\"whitespace-normal break-words\">Tapasztalja meg a WASPE AIVIOU 60000 h\u00e1rom rendk\u00edv\u00fcli \u00edzkompoz\u00edci\u00f3j\u00e1t a Triple Melon Ice, Rainbow Candy \u00e9s Blueberry Candy v\u00e1ltozatokban. Ez a leny\u0171g\u00f6z\u0151 eldobhat\u00f3 e-cigaretta 60.000 \u00edzintenz\u00edv sz\u00edv\u00e1st k\u00edn\u00e1l a leg\u00fajabb h\u00e1rmas tekercs innov\u00e1ci\u00f3nak \u00e9s a rugalmas nikotinkoncentr\u00e1ci\u00f3nak k\u00f6sz\u00f6nhet\u0151en 0%-t\u0151l 5%-ig. A nagyvonal\u00fa 54 ml-es folyad\u00e9ktart\u00e1ly \u00e9s a felhaszn\u00e1l\u00f3bar\u00e1t LED-rendszer lehet\u0151v\u00e9 teszi a szem\u00e9lyre szabott p\u00e1rol\u00e1si \u00e9lvezetet.<\/p>\n<h3 class=\"text-lg font-bold text-text-100 mt-1 -mb-1.5\">Kreat\u00edv \u00edzkombin\u00e1ci\u00f3k<\/h3>\n<p class=\"whitespace-normal break-words\">A forradalmi h\u00e1rmas \u00edztechnol\u00f3gia h\u0171s\u00edt\u0151 hat\u00e1s\u00fa, friss\u00edt\u0151 dinnye h\u00e1rmass\u00e1got, sz\u00ednes sziv\u00e1rv\u00e1nyos cukorka \u00edzt \u00e9s autentikus \u00e1fony\u00e1s cukorka \u00edzt k\u00edn\u00e1l. Mindegyik profilt t\u00f6k\u00e9letesen kiegyens\u00falyozz\u00e1k a speci\u00e1lis 0,9\u03a9-os h\u00e1l\u00f3s tekercsek, \u00e9s egyedi g\u0151zkarakterisztik\u00e1t k\u00edn\u00e1lnak.<\/p>\n<p class=\"whitespace-normal break-words\">A 650mAh kapacit\u00e1s\u00fa akkumul\u00e1torral \u00e9s Type-C gyorst\u00f6lt\u00e9ssel ez a k\u00e9sz\u00fcl\u00e9k maxim\u00e1lis megb\u00edzhat\u00f3s\u00e1got k\u00edn\u00e1l minden kreat\u00edv \u00edzl\u00e9shez. Az intelligens fel\u00fcgyeleti rendszer folyamatos t\u00e1j\u00e9koztat\u00e1st ny\u00fajt az egyes aromatart\u00e1lyok \u00e1llapot\u00e1r\u00f3l \u00e9s t\u00f6lt\u00f6tts\u00e9gi szintj\u00e9r\u0151l.<\/p>\n<h3 class=\"text-lg font-bold text-text-100 mt-1 -mb-1.5\">Fedezzen fel t\u00f6bb WASPE VAPE-t a vozolpuff-on<\/h3>\n<p class=\"whitespace-normal break-words\">L\u00e1togasson el a <strong><a class=\"underline\" href=\"https:\/\/vozolpuff.de\/hu\/\">Vape szak\u00fczlet<\/a><\/strong> tov\u00e1bbi exkluz\u00edv term\u00e9kek\u00e9rt b\u00f6ng\u00e9szhet a <strong><a class=\"underline\" href=\"https:\/\/vozolpuff.de\/hu\/product-category\/waspe-vape\/\">WASPE VAPE sorozat<\/a><\/strong> vagy fedezze fel a teljes <strong><a class=\"underline\" href=\"https:\/\/vozolpuff.de\/hu\/product-category\/waspe-vape\/waspe-aiviou-60000\/\">WASPE AIVIOU 60000 \u00edzv\u00e1laszt\u00e9k<\/a><\/strong>.<\/p>","protected":false},"excerpt":{"rendered":"<div>\n<div class=\"grid-cols-1 grid gap-2.5 [&amp;_&gt;_*]:min-w-0 !gap-3.5\">\n<p class=\"whitespace-normal break-words\">Die WASPE AIVIOU 60000 Triple Melon Ice\/Rainbow Candy\/Blueberry Candy Einweg-Vape bietet drei au\u00dfergew\u00f6hnliche Geschmackskompositionen. 60.000 Z\u00fcge, Dreifach-Coil-Innovation, 54ml Tank, 0-5% Nikotin f\u00fcr personalisierten Genuss.<\/p>\n<\/div>\n<\/div>\n<div class=\"h-8\"><\/div>\n","protected":false},"featured_media":4302,"comment_status":"open","ping_status":"closed","template":"","meta":{"_acf_changed":false},"product_brand":[],"product_cat":[53],"product_tag":[],"class_list":{"0":"post-4300","1":"product","2":"type-product","3":"status-publish","4":"has-post-thumbnail","6":"product_cat-waspe-aiviou-60000","8":"first","9":"instock","10":"shipping-taxable","11":"purchasable","12":"product-type-variable"},"acf":[],"_links":{"self":[{"href":"https:\/\/vozolpuff.de\/hu\/wp-json\/wp\/v2\/product\/4300","targetHints":{"allow":["GET"]}}],"collection":[{"href":"https:\/\/vozolpuff.de\/hu\/wp-json\/wp\/v2\/product"}],"about":[{"href":"https:\/\/vozolpuff.de\/hu\/wp-json\/wp\/v2\/types\/product"}],"replies":[{"embeddable":true,"href":"https:\/\/vozolpuff.de\/hu\/wp-json\/wp\/v2\/comments?post=4300"}],"wp:featuredmedia":[{"embeddable":true,"href":"https:\/\/vozolpuff.de\/hu\/wp-json\/wp\/v2\/media\/4302"}],"wp:attachment":[{"href":"https:\/\/vozolpuff.de\/hu\/wp-json\/wp\/v2\/media?parent=4300"}],"wp:term":[{"taxonomy":"product_brand","embeddable":true,"href":"https:\/\/vozolpuff.de\/hu\/wp-json\/wp\/v2\/product_brand?post=4300"},{"taxonomy":"product_cat","embeddable":true,"href":"https:\/\/vozolpuff.de\/hu\/wp-json\/wp\/v2\/product_cat?post=4300"},{"taxonomy":"product_tag","embeddable":true,"href":"https:\/\/vozolpuff.de\/hu\/wp-json\/wp\/v2\/product_tag?post=4300"}],"curies":[{"name":"wp","href":"https:\/\/api.w.org\/{rel}","templated":true}]}}